{"id":2110,"date":"2024-11-09T02:15:10","date_gmt":"2024-11-09T02:15:10","guid":{"rendered":"https:\/\/anmir.com.cn\/?post_type=product&#038;p=2110"},"modified":"2025-02-25T19:18:35","modified_gmt":"2025-02-26T02:18:35","slug":"pb8011","status":"publish","type":"product","link":"https:\/\/anmir.com.cn\/tr\/products\/11-high-speed-heating-blender\/pb8011\/","title":{"rendered":"PB8011"},"content":{"rendered":"<table style=\"border-collapse: collapse; width: 573.02pt;\" border=\"0\" width=\"764\" cellspacing=\"0\" cellpadding=\"0\">\n<tbody>\n<tr style=\"height: 150.00pt;\">\n<td class=\"et3\" style=\"height: 150.00pt; width: 573.00pt;\" width=\"764\" height=\"200\">\n<h6>Model NO.:PB8011<\/h6>\n<h6>120W-kar\u0131\u015ft\u0131rma 500W-Is\u0131tma 350ml 16000rpm\/dk<\/h6>\n<p>\u00b7Kullan\u0131m\u0131 rahat, \u015f\u0131k ve entegre tasar\u0131m<br \/>\n\u00b7 500W Y\u00fcksek g\u00fc\u00e7l\u00fc \u0131s\u0131tma eleman\u0131, 20 dakika i\u00e7inde bir fincan soya fasulyesi s\u00fct\u00fc haz\u0131rlay\u0131n<br \/>\n\u00b7D\u00fc\u015f\u00fck g\u00fcr\u00fclt\u00fc sonucu veren DC tipi y\u00fcksek h\u0131zl\u0131 motor<br \/>\n\u00b7Do\u011fru s\u0131cakl\u0131k kontrol\u00fcne sahip harici termo sens\u00f6r tasar\u0131m\u0131<br \/>\n\u00b7Daha iyi kar\u0131\u015ft\u0131rma sonucu i\u00e7in kaburga tasar\u0131ml\u0131 paslanmaz \u00e7elik blender<br \/>\n\u00b7 4 otomatik programl\u0131 dokunmatik panel kontrol\u00fc<br \/>\n\u00b7Daha kolay ve daha y\u00fcksek verimlilikte kar\u0131\u015ft\u0131rma i\u00e7in 4 adet b\u0131\u00e7ak tipi<br \/>\n\u00b7G\u00fcvenli \u00e7al\u0131\u015fma i\u00e7in \u00e7ift katmanl\u0131 tasar\u0131m \u00fcst kapak<br \/>\n\u00b7 Dahili gizli koruma anahtar\u0131, \u00fcr\u00fcn a\u00e7\u0131ld\u0131ktan sonra otomatik olarak kapan\u0131r<br \/>\n\u00b7Kolay saklama i\u00e7in \u00e7\u0131kar\u0131labilir g\u00fc\u00e7 kablosu<\/td>\n<\/tr>\n<\/tbody>\n<\/table>","protected":false},"excerpt":{"rendered":"<p>Model NO.:PB8011 120W-blending 500W-Heating 350ml 16000rpm\/min \u00b7Elegant and integrated design for convenient use \u00b7500W High power heating element,make a cup of soybean mik within 20min \u00b7DC type high speed motor with low noise result \u00b7External thermo sensor design with accurate temperature control \u00b7Stainless steel blender iar with rib desian,for better blending result \u00b7Touch-sensed panel control [&hellip;]<\/p>\n","protected":false},"featured_media":2103,"template":"","meta":{"_uag_custom_page_level_css":"","site-sidebar-layout":"default","site-content-layout":"","ast-site-content-layout":"default","site-content-style":"default","site-sidebar-style":"default","ast-global-header-display":"","ast-banner-title-visibility":"","ast-main-header-display":"","ast-hfb-above-header-display":"","ast-hfb-below-header-display":"","ast-hfb-mobile-header-display":"","site-post-title":"","ast-breadcrumbs-content":"","ast-featured-img":"","footer-sml-layout":"","ast-disable-related-posts":"","theme-transparent-header-meta":"default","adv-header-id-meta":"","stick-header-meta":"","header-above-stick-meta":"","header-main-stick-meta":"","header-below-stick-meta":"","astra-migrate-meta-layouts":"set","ast-page-background-enabled":"default","ast-page-background-meta":{"desktop":{"background-color":"","background-image":"","background-repeat":"repeat","background-position":"center center","background-size":"auto","background-attachment":"scroll","background-type":"","background-media":"","overlay-type":"","overlay-color":"","overlay-opacity":"","overlay-gradient":""},"tablet":{"background-color":"","background-image":"","background-repeat":"repeat","background-position":"center center","background-size":"auto","background-attachment":"scroll","background-type":"","background-media":"","overlay-type":"","overlay-color":"","overlay-opacity":"","overlay-gradient":""},"mobile":{"background-color":"","background-image":"","background-repeat":"repeat","background-position":"center center","background-size":"auto","background-attachment":"scroll","background-type":"","background-media":"","overlay-type":"","overlay-color":"","overlay-opacity":"","overlay-gradient":""}},"ast-content-background-meta":{"desktop":{"background-color":"var(--ast-global-color-5)","background-image":"","background-repeat":"repeat","background-position":"center center","background-size":"auto","background-attachment":"scroll","background-type":"","background-media":"","overlay-type":"","overlay-color":"","overlay-opacity":"","overlay-gradient":""},"tablet":{"background-color":"var(--ast-global-color-5)","background-image":"","background-repeat":"repeat","background-position":"center center","background-size":"auto","background-attachment":"scroll","background-type":"","background-media":"","overlay-type":"","overlay-color":"","overlay-opacity":"","overlay-gradient":""},"mobile":{"background-color":"var(--ast-global-color-5)","background-image":"","background-repeat":"repeat","background-position":"center center","background-size":"auto","background-attachment":"scroll","background-type":"","background-media":"","overlay-type":"","overlay-color":"","overlay-opacity":"","overlay-gradient":""}}},"product_brand":[],"product_cat":[39],"product_tag":[],"class_list":{"0":"post-2110","1":"product","2":"type-product","3":"status-publish","4":"has-post-thumbnail","6":"product_cat-11-high-speed-heating-blender","7":"desktop-align-left","8":"tablet-align-left","9":"mobile-align-left","10":"ast-product-gallery-layout-horizontal-slider","11":"ast-product-gallery-with-no-image","12":"ast-product-tabs-layout-vertical","13":"ast-qv-on-image","15":"first","16":"instock","17":"shipping-taxable","18":"product-type-simple"},"uagb_featured_image_src":{"full":["https:\/\/anmir.com.cn\/wp-content\/uploads\/2024\/11\/PB8011.jpg",800,800,false],"thumbnail":["https:\/\/anmir.com.cn\/wp-content\/uploads\/2024\/11\/PB8011-150x150.jpg",150,150,true],"medium":["https:\/\/anmir.com.cn\/wp-content\/uploads\/2024\/11\/PB8011-300x300.jpg",300,300,true],"medium_large":["https:\/\/anmir.com.cn\/wp-content\/uploads\/2024\/11\/PB8011-768x768.jpg",768,768,true],"large":["https:\/\/anmir.com.cn\/wp-content\/uploads\/2024\/11\/PB8011.jpg",800,800,false],"1536x1536":["https:\/\/anmir.com.cn\/wp-content\/uploads\/2024\/11\/PB8011.jpg",800,800,false],"2048x2048":["https:\/\/anmir.com.cn\/wp-content\/uploads\/2024\/11\/PB8011.jpg",800,800,false],"trp-custom-language-flag":["https:\/\/anmir.com.cn\/wp-content\/uploads\/2024\/11\/PB8011.jpg",12,12,false],"woocommerce_thumbnail":["https:\/\/anmir.com.cn\/wp-content\/uploads\/2024\/11\/PB8011-300x300.jpg",300,300,true],"woocommerce_single":["https:\/\/anmir.com.cn\/wp-content\/uploads\/2024\/11\/PB8011-600x600.jpg",600,600,true],"woocommerce_gallery_thumbnail":["https:\/\/anmir.com.cn\/wp-content\/uploads\/2024\/11\/PB8011-100x100.jpg",100,100,true]},"uagb_author_info":{"display_name":"daniel@anmir.com.cn","author_link":"https:\/\/anmir.com.cn\/tr\/author\/"},"uagb_comment_info":0,"uagb_excerpt":"Model NO.:PB8011 120W-blending 500W-Heating 350ml 16000rpm\/min \u00b7Elegant and integrated design for convenient use \u00b7500W High power heating element,make a cup of soybean mik within 20min \u00b7DC type high speed motor with low noise result \u00b7External thermo sensor design with accurate temperature control \u00b7Stainless steel blender iar with rib desian,for better blending result \u00b7Touch-sensed panel control&hellip;","_links":{"self":[{"href":"https:\/\/anmir.com.cn\/tr\/wp-json\/wp\/v2\/product\/2110","targetHints":{"allow":["GET"]}}],"collection":[{"href":"https:\/\/anmir.com.cn\/tr\/wp-json\/wp\/v2\/product"}],"about":[{"href":"https:\/\/anmir.com.cn\/tr\/wp-json\/wp\/v2\/types\/product"}],"wp:featuredmedia":[{"embeddable":true,"href":"https:\/\/anmir.com.cn\/tr\/wp-json\/wp\/v2\/media\/2103"}],"wp:attachment":[{"href":"https:\/\/anmir.com.cn\/tr\/wp-json\/wp\/v2\/media?parent=2110"}],"wp:term":[{"taxonomy":"product_brand","embeddable":true,"href":"https:\/\/anmir.com.cn\/tr\/wp-json\/wp\/v2\/product_brand?post=2110"},{"taxonomy":"product_cat","embeddable":true,"href":"https:\/\/anmir.com.cn\/tr\/wp-json\/wp\/v2\/product_cat?post=2110"},{"taxonomy":"product_tag","embeddable":true,"href":"https:\/\/anmir.com.cn\/tr\/wp-json\/wp\/v2\/product_tag?post=2110"}],"curies":[{"name":"wp","href":"https:\/\/api.w.org\/{rel}","templated":true}]}}