{"id":2139,"date":"2024-11-09T02:22:00","date_gmt":"2024-11-09T02:22:00","guid":{"rendered":"https:\/\/anmir.com.cn\/?post_type=product&#038;p=2139"},"modified":"2025-02-25T19:19:52","modified_gmt":"2025-02-26T02:19:52","slug":"amr937","status":"publish","type":"product","link":"https:\/\/anmir.com.cn\/tr\/products\/12-stand-blender\/amr937\/","title":{"rendered":"AMR937"},"content":{"rendered":"<table style=\"border-collapse: collapse; width: 573.02pt;\" border=\"0\" width=\"764\" cellspacing=\"0\" cellpadding=\"0\">\n<tbody>\n<tr style=\"height: 150.00pt;\">\n<td class=\"et3\" style=\"height: 150.00pt; width: 573.00pt;\" width=\"764\" height=\"200\">\n<h6>Model NO.: AMR937<\/h6>\n<h6>Teknik \u00d6zellikler: 220-240V 50\/60Hz 450W<\/h6>\n<p>\u00b7Soya s\u00fct\u00fcn\u00fc do\u011fray\u0131n.<br \/>\n\u00b7\u00c7ok fonksiyonlu: meyve s\u0131kaca\u011f\u0131, blender, \u00f6\u011f\u00fct\u00fcc\u00fc.<br \/>\n\u00b7D\u00fc\u015f\u00fck g\u00fcr\u00fclt\u00fc seviyesi 85db&#039;den azd\u0131r.<br \/>\n\u00b7Temizlemek i\u00e7in par\u00e7ay\u0131 kolayca \u00e7\u0131kar\u0131n<br \/>\n\u00b7S\/S b\u0131\u00e7ak.Paslanmaz \u00e7elik g\u00f6vde.<br \/>\n\u00b7H\u0131zlar darbe-0-1-2.<br \/>\n\u00b7Plastik kavanoz: 1,5L<br \/>\n\u00b7G\u00fcvenlik korumas\u0131.<br \/>\n\u00b7Mavi arka plan i\u00e7in LED \u0131\u015f\u0131kl\u0131.<\/p>\n<p>Y\u00dcK M\u0130KTARI:<br \/>\n20DC:1152 adet<br \/>\n40DC:2308 adet<br \/>\n40HQ:3804 adet<\/td>\n<\/tr>\n<\/tbody>\n<\/table>","protected":false},"excerpt":{"rendered":"<p>Model NO.:AMR937 Spec.:220-240V 50\/60Hz 450W \u00b7Chop soymilr. \u00b7Multi-function:juicer,blender,grinder. \u00b7Low noise level less than 85db. \u00b7Easily take out the part to clean \u00b7S\/S blade.Stailess steelhousing. \u00b7Speeds pulse-0-1-2. \u00b7Plastic jar:1.5L \u00b7Safety protection. \u00b7With LED light for blue background. LOAD QUANTITY: 20DC:1152pcs 40DC:2308pcs 40HQ:3804pcs<\/p>","protected":false},"featured_media":2119,"template":"","meta":{"_uag_custom_page_level_css":"","site-sidebar-layout":"default","site-content-layout":"","ast-site-content-layout":"default","site-content-style":"default","site-sidebar-style":"default","ast-global-header-display":"","ast-banner-title-visibility":"","ast-main-header-display":"","ast-hfb-above-header-display":"","ast-hfb-below-header-display":"","ast-hfb-mobile-header-display":"","site-post-title":"","ast-breadcrumbs-content":"","ast-featured-img":"","footer-sml-layout":"","ast-disable-related-posts":"","theme-transparent-header-meta":"default","adv-header-id-meta":"","stick-header-meta":"","header-above-stick-meta":"","header-main-stick-meta":"","header-below-stick-meta":"","astra-migrate-meta-layouts":"set","ast-page-background-enabled":"default","ast-page-background-meta":{"desktop":{"background-color":"","background-image":"","background-repeat":"repeat","background-position":"center center","background-size":"auto","background-attachment":"scroll","background-type":"","background-media":"","overlay-type":"","overlay-color":"","overlay-opacity":"","overlay-gradient":""},"tablet":{"background-color":"","background-image":"","background-repeat":"repeat","background-position":"center center","background-size":"auto","background-attachment":"scroll","background-type":"","background-media":"","overlay-type":"","overlay-color":"","overlay-opacity":"","overlay-gradient":""},"mobile":{"background-color":"","background-image":"","background-repeat":"repeat","background-position":"center center","background-size":"auto","background-attachment":"scroll","background-type":"","background-media":"","overlay-type":"","overlay-color":"","overlay-opacity":"","overlay-gradient":""}},"ast-content-background-meta":{"desktop":{"background-color":"var(--ast-global-color-5)","background-image":"","background-repeat":"repeat","background-position":"center center","background-size":"auto","background-attachment":"scroll","background-type":"","background-media":"","overlay-type":"","overlay-color":"","overlay-opacity":"","overlay-gradient":""},"tablet":{"background-color":"var(--ast-global-color-5)","background-image":"","background-repeat":"repeat","background-position":"center center","background-size":"auto","background-attachment":"scroll","background-type":"","background-media":"","overlay-type":"","overlay-color":"","overlay-opacity":"","overlay-gradient":""},"mobile":{"background-color":"var(--ast-global-color-5)","background-image":"","background-repeat":"repeat","background-position":"center center","background-size":"auto","background-attachment":"scroll","background-type":"","background-media":"","overlay-type":"","overlay-color":"","overlay-opacity":"","overlay-gradient":""}}},"product_brand":[],"product_cat":[40],"product_tag":[],"class_list":{"0":"post-2139","1":"product","2":"type-product","3":"status-publish","4":"has-post-thumbnail","6":"product_cat-12-stand-blender","7":"desktop-align-left","8":"tablet-align-left","9":"mobile-align-left","10":"ast-product-gallery-layout-horizontal-slider","11":"ast-product-gallery-with-no-image","12":"ast-product-tabs-layout-vertical","13":"ast-qv-on-image","15":"first","16":"instock","17":"shipping-taxable","18":"product-type-simple"},"uagb_featured_image_src":{"full":["https:\/\/anmir.com.cn\/wp-content\/uploads\/2024\/11\/AMR937.jpg",800,800,false],"thumbnail":["https:\/\/anmir.com.cn\/wp-content\/uploads\/2024\/11\/AMR937-150x150.jpg",150,150,true],"medium":["https:\/\/anmir.com.cn\/wp-content\/uploads\/2024\/11\/AMR937-300x300.jpg",300,300,true],"medium_large":["https:\/\/anmir.com.cn\/wp-content\/uploads\/2024\/11\/AMR937-768x768.jpg",768,768,true],"large":["https:\/\/anmir.com.cn\/wp-content\/uploads\/2024\/11\/AMR937.jpg",800,800,false],"1536x1536":["https:\/\/anmir.com.cn\/wp-content\/uploads\/2024\/11\/AMR937.jpg",800,800,false],"2048x2048":["https:\/\/anmir.com.cn\/wp-content\/uploads\/2024\/11\/AMR937.jpg",800,800,false],"trp-custom-language-flag":["https:\/\/anmir.com.cn\/wp-content\/uploads\/2024\/11\/AMR937.jpg",12,12,false],"woocommerce_thumbnail":["https:\/\/anmir.com.cn\/wp-content\/uploads\/2024\/11\/AMR937-300x300.jpg",300,300,true],"woocommerce_single":["https:\/\/anmir.com.cn\/wp-content\/uploads\/2024\/11\/AMR937-600x600.jpg",600,600,true],"woocommerce_gallery_thumbnail":["https:\/\/anmir.com.cn\/wp-content\/uploads\/2024\/11\/AMR937-100x100.jpg",100,100,true]},"uagb_author_info":{"display_name":"daniel@anmir.com.cn","author_link":"https:\/\/anmir.com.cn\/tr\/author\/"},"uagb_comment_info":0,"uagb_excerpt":"Model NO.:AMR937 Spec.:220-240V 50\/60Hz 450W \u00b7Chop soymilr. \u00b7Multi-function:juicer,blender,grinder. \u00b7Low noise level less than 85db. \u00b7Easily take out the part to clean \u00b7S\/S blade.Stailess steelhousing. \u00b7Speeds pulse-0-1-2. \u00b7Plastic jar:1.5L \u00b7Safety protection. \u00b7With LED light for blue background. LOAD QUANTITY: 20DC:1152pcs 40DC:2308pcs 40HQ:3804pcs","_links":{"self":[{"href":"https:\/\/anmir.com.cn\/tr\/wp-json\/wp\/v2\/product\/2139","targetHints":{"allow":["GET"]}}],"collection":[{"href":"https:\/\/anmir.com.cn\/tr\/wp-json\/wp\/v2\/product"}],"about":[{"href":"https:\/\/anmir.com.cn\/tr\/wp-json\/wp\/v2\/types\/product"}],"wp:featuredmedia":[{"embeddable":true,"href":"https:\/\/anmir.com.cn\/tr\/wp-json\/wp\/v2\/media\/2119"}],"wp:attachment":[{"href":"https:\/\/anmir.com.cn\/tr\/wp-json\/wp\/v2\/media?parent=2139"}],"wp:term":[{"taxonomy":"product_brand","embeddable":true,"href":"https:\/\/anmir.com.cn\/tr\/wp-json\/wp\/v2\/product_brand?post=2139"},{"taxonomy":"product_cat","embeddable":true,"href":"https:\/\/anmir.com.cn\/tr\/wp-json\/wp\/v2\/product_cat?post=2139"},{"taxonomy":"product_tag","embeddable":true,"href":"https:\/\/anmir.com.cn\/tr\/wp-json\/wp\/v2\/product_tag?post=2139"}],"curies":[{"name":"wp","href":"https:\/\/api.w.org\/{rel}","templated":true}]}}