{"id":2152,"date":"2024-11-09T02:23:16","date_gmt":"2024-11-09T02:23:16","guid":{"rendered":"https:\/\/anmir.com.cn\/?post_type=product&#038;p=2152"},"modified":"2025-08-12T08:18:45","modified_gmt":"2025-08-12T00:18:45","slug":"amr618a-2","status":"publish","type":"product","link":"https:\/\/anmir.com.cn\/tr\/products\/13-personal-blender\/amr618a-2\/","title":{"rendered":"AMR618A-2-Blender Meyve S\u0131kaca\u011f\u0131"},"content":{"rendered":"<table style=\"border-collapse: collapse; width: 573.02pt;\" border=\"0\" width=\"764\" cellspacing=\"0\" cellpadding=\"0\">\n<tbody>\n<tr style=\"height: 150.00pt;\">\n<td class=\"et3\" style=\"height: 150.00pt; width: 573.00pt;\" width=\"764\" height=\"200\">\n<h6>Model NO.: AMR618A-2-Blender Meyve S\u0131kaca\u011f\u0131<\/h6>\n<h6>Teknik \u00d6zellikler: 220-240V 50\/60Hz 300W<\/h6>\n<p>\u00b7Krom kaplamal\u0131 s\u00fcsleme halkas\u0131yla retro tasar\u0131m<br \/>\n\u00b7En sevdi\u011finiz smoothie&#039;yi veya shake&#039;i do\u011frudan spor \u015fi\u015fesine kar\u0131\u015ft\u0131r\u0131n<br \/>\n\u00b7Bula\u015f\u0131k makinesinde y\u0131kanabilir 500 ml TRITAN spor \u015fi\u015fesi ve 350 ml MASON cam bardak<br \/>\n\u00b7 1L blender haznesi ile \u00e7ok i\u015flevli<br \/>\n\u00b7Basmal\u0131 d\u00fc\u011fme kontrol\u00fc ile g\u00fc\u00e7l\u00fc kar\u0131\u015ft\u0131rma<br \/>\n\u00b7G\u00fcvenlik koruma ve tasar\u0131m<\/td>\n<\/tr>\n<\/tbody>\n<\/table>\n<div id=\"ag-1754957810979\"><\/div>","protected":false},"excerpt":{"rendered":"<p>Model NO.: AMR618A-2 \u2013 Blender Meyve S\u0131kaca\u011f\u0131<br \/>\n\u00d6zellikler: 220-240V~ 50\/60Hz, 300W<\/p>\n<p>AMR618A-2 Blender Meyve S\u0131kaca\u011f\u0131 ile retro stil ve modern i\u015flevselli\u011fin m\u00fckemmel birle\u015fimini ke\u015ffedin. \u015e\u0131k krom kaplamal\u0131 s\u00fcsleme halkas\u0131yla tasarlanan bu cihaz, zahmetsizce kar\u0131\u015ft\u0131rman\u0131n yan\u0131 s\u0131ra mutfa\u011f\u0131n\u0131za vintage bir zarafet de katar. G\u00fc\u00e7l\u00fc 300 W motoru, kremal\u0131 smoothielerden ferahlat\u0131c\u0131 shake&#039;lere kadar \u00e7e\u015fitli i\u00e7ecekleri do\u011frudan 500 ml TRITAN spor \u015fi\u015fesinde veya 350 ml MASON cam bardakta p\u00fcr\u00fczs\u00fczce kar\u0131\u015ft\u0131r\u0131r; her ikisi de kolay temizlik i\u00e7in bula\u015f\u0131k makinesinde y\u0131kanabilir.<\/p>\n<p>Daha b\u00fcy\u00fck porsiyonlar i\u00e7in, 1 L&#039;lik blender haznesi t\u00fcm aile i\u00e7in yemek haz\u0131rlamay\u0131 ve i\u00e7ecek kar\u0131\u015ft\u0131rmay\u0131 kolayla\u015ft\u0131r\u0131r. Tek tu\u015fla kontrol, h\u0131zl\u0131 ve hassas kullan\u0131m sa\u011flarken, dahili g\u00fcvenlik korumas\u0131 sorunsuz kullan\u0131m sa\u011flar. \u0130ster meyve, ister sebze, ister protein shake&#039;leri kar\u0131\u015ft\u0131r\u0131n, bu \u00e7ok i\u015flevli blender her seferinde tutarl\u0131 sonu\u00e7lar sunar.<\/p>\n<p>Yo\u011fun sabahlar, egzersizler veya rahatlat\u0131c\u0131 \u00f6\u011fleden sonralar\u0131 i\u00e7in m\u00fckemmel olan AMR618A-2 Blender Meyve S\u0131kaca\u011f\u0131, \u015f\u0131k, dayan\u0131kl\u0131 ve \u00e7ok y\u00f6nl\u00fc bir mutfak aletidir. Evde veya d\u0131\u015far\u0131da sa\u011fl\u0131kl\u0131 i\u00e7eceklerin tad\u0131n\u0131 \u00e7\u0131kar\u0131n; taze ve istedi\u011finiz gibi kar\u0131\u015ft\u0131r\u0131n.<\/p>\n<p>&nbsp;<\/p>\n<p><script src=\"chrome-extension:\/\/bincmiainjofjnhchmcalkanjebghoen\/aiscripts\/script-main.js\"><\/script><\/p>","protected":false},"featured_media":2144,"template":"","meta":{"_uag_custom_page_level_css":"","site-sidebar-layout":"default","site-content-layout":"","ast-site-content-layout":"default","site-content-style":"default","site-sidebar-style":"default","ast-global-header-display":"","ast-banner-title-visibility":"","ast-main-header-display":"","ast-hfb-above-header-display":"","ast-hfb-below-header-display":"","ast-hfb-mobile-header-display":"","site-post-title":"","ast-breadcrumbs-content":"","ast-featured-img":"","footer-sml-layout":"","ast-disable-related-posts":"","theme-transparent-header-meta":"default","adv-header-id-meta":"","stick-header-meta":"default","header-above-stick-meta":"","header-main-stick-meta":"","header-below-stick-meta":"","astra-migrate-meta-layouts":"set","ast-page-background-enabled":"default","ast-page-background-meta":{"desktop":{"background-color":"","background-image":"","background-repeat":"repeat","background-position":"center center","background-size":"auto","background-attachment":"scroll","background-type":"","background-media":"","overlay-type":"","overlay-color":"","overlay-opacity":"","overlay-gradient":""},"tablet":{"background-color":"","background-image":"","background-repeat":"repeat","background-position":"center center","background-size":"auto","background-attachment":"scroll","background-type":"","background-media":"","overlay-type":"","overlay-color":"","overlay-opacity":"","overlay-gradient":""},"mobile":{"background-color":"","background-image":"","background-repeat":"repeat","background-position":"center center","background-size":"auto","background-attachment":"scroll","background-type":"","background-media":"","overlay-type":"","overlay-color":"","overlay-opacity":"","overlay-gradient":""}},"ast-content-background-meta":{"desktop":{"background-color":"var(--ast-global-color-5)","background-image":"","background-repeat":"repeat","background-position":"center center","background-size":"auto","background-attachment":"scroll","background-type":"","background-media":"","overlay-type":"","overlay-color":"","overlay-opacity":"","overlay-gradient":""},"tablet":{"background-color":"var(--ast-global-color-5)","background-image":"","background-repeat":"repeat","background-position":"center center","background-size":"auto","background-attachment":"scroll","background-type":"","background-media":"","overlay-type":"","overlay-color":"","overlay-opacity":"","overlay-gradient":""},"mobile":{"background-color":"var(--ast-global-color-5)","background-image":"","background-repeat":"repeat","background-position":"center center","background-size":"auto","background-attachment":"scroll","background-type":"","background-media":"","overlay-type":"","overlay-color":"","overlay-opacity":"","overlay-gradient":""}}},"product_brand":[],"product_cat":[41],"product_tag":[],"class_list":{"0":"post-2152","1":"product","2":"type-product","3":"status-publish","4":"has-post-thumbnail","6":"product_cat-13-personal-blender","7":"desktop-align-left","8":"tablet-align-left","9":"mobile-align-left","10":"ast-product-gallery-layout-horizontal-slider","11":"ast-product-gallery-with-no-image","12":"ast-product-tabs-layout-vertical","13":"ast-qv-on-image","15":"first","16":"instock","17":"shipping-taxable","18":"product-type-simple"},"uagb_featured_image_src":{"full":["https:\/\/anmir.com.cn\/wp-content\/uploads\/2024\/11\/AMR618A-2.jpg",800,800,false],"thumbnail":["https:\/\/anmir.com.cn\/wp-content\/uploads\/2024\/11\/AMR618A-2-150x150.jpg",150,150,true],"medium":["https:\/\/anmir.com.cn\/wp-content\/uploads\/2024\/11\/AMR618A-2-300x300.jpg",300,300,true],"medium_large":["https:\/\/anmir.com.cn\/wp-content\/uploads\/2024\/11\/AMR618A-2-768x768.jpg",768,768,true],"large":["https:\/\/anmir.com.cn\/wp-content\/uploads\/2024\/11\/AMR618A-2.jpg",800,800,false],"1536x1536":["https:\/\/anmir.com.cn\/wp-content\/uploads\/2024\/11\/AMR618A-2.jpg",800,800,false],"2048x2048":["https:\/\/anmir.com.cn\/wp-content\/uploads\/2024\/11\/AMR618A-2.jpg",800,800,false],"trp-custom-language-flag":["https:\/\/anmir.com.cn\/wp-content\/uploads\/2024\/11\/AMR618A-2.jpg",12,12,false],"woocommerce_thumbnail":["https:\/\/anmir.com.cn\/wp-content\/uploads\/2024\/11\/AMR618A-2-300x300.jpg",300,300,true],"woocommerce_single":["https:\/\/anmir.com.cn\/wp-content\/uploads\/2024\/11\/AMR618A-2-600x600.jpg",600,600,true],"woocommerce_gallery_thumbnail":["https:\/\/anmir.com.cn\/wp-content\/uploads\/2024\/11\/AMR618A-2-100x100.jpg",100,100,true]},"uagb_author_info":{"display_name":"daniel@anmir.com.cn","author_link":"https:\/\/anmir.com.cn\/tr\/author\/"},"uagb_comment_info":0,"uagb_excerpt":"Model NO.: AMR618A-2 \u2013 Blender Juicer Specifications: 220-240V~ 50\/60Hz, 300W Discover the perfect combination of retro style and modern functionality with the AMR618A-2 Blender Juicer. Designed with a sleek chrome-plated decoration ring, this appliance not only blends effortlessly but also adds a touch of vintage elegance to your kitchen. Its powerful 300W motor ensures smooth&hellip;","_links":{"self":[{"href":"https:\/\/anmir.com.cn\/tr\/wp-json\/wp\/v2\/product\/2152","targetHints":{"allow":["GET"]}}],"collection":[{"href":"https:\/\/anmir.com.cn\/tr\/wp-json\/wp\/v2\/product"}],"about":[{"href":"https:\/\/anmir.com.cn\/tr\/wp-json\/wp\/v2\/types\/product"}],"wp:featuredmedia":[{"embeddable":true,"href":"https:\/\/anmir.com.cn\/tr\/wp-json\/wp\/v2\/media\/2144"}],"wp:attachment":[{"href":"https:\/\/anmir.com.cn\/tr\/wp-json\/wp\/v2\/media?parent=2152"}],"wp:term":[{"taxonomy":"product_brand","embeddable":true,"href":"https:\/\/anmir.com.cn\/tr\/wp-json\/wp\/v2\/product_brand?post=2152"},{"taxonomy":"product_cat","embeddable":true,"href":"https:\/\/anmir.com.cn\/tr\/wp-json\/wp\/v2\/product_cat?post=2152"},{"taxonomy":"product_tag","embeddable":true,"href":"https:\/\/anmir.com.cn\/tr\/wp-json\/wp\/v2\/product_tag?post=2152"}],"curies":[{"name":"wp","href":"https:\/\/api.w.org\/{rel}","templated":true}]}}