{"id":2203,"date":"2024-11-09T02:34:15","date_gmt":"2024-11-09T02:34:15","guid":{"rendered":"https:\/\/anmir.com.cn\/?post_type=product&#038;p=2203"},"modified":"2025-02-25T19:24:49","modified_gmt":"2025-02-26T02:24:49","slug":"km1402","status":"publish","type":"product","link":"https:\/\/anmir.com.cn\/tr\/products\/18-dough-mixer\/km1402\/","title":{"rendered":"KM1402"},"content":{"rendered":"<table style=\"border-collapse: collapse; width: 573.02pt;\" border=\"0\" width=\"764\" cellspacing=\"0\" cellpadding=\"0\">\n<tbody>\n<tr style=\"height: 150.00pt;\">\n<td class=\"et3\" style=\"height: 150.00pt; width: 573.00pt;\" width=\"764\" height=\"200\">\n<h6>Model NO.:KM1402<\/h6>\n<h6>220-240V 50\/60Hz 100W<\/h6>\n<p>\u00b7Paslanmaz \u00e7elik halka dekorasyonu ile zarif tasar\u0131m<br \/>\n\u00b73,5 L kar\u0131\u015ft\u0131rma kab\u0131 aile i\u00e7in uygun kapasite<br \/>\n\u00b7G\u00fc\u00e7l\u00fc tam bak\u0131r motor m\u00fckemmel kar\u0131\u015ft\u0131rma sonucu sa\u011flar<br \/>\n\u00b7Farkl\u0131 pi\u015firme y\u00f6ntemleri i\u00e7in otomatik tarifler veya programlar ile olu\u015fturulmu\u015ftur<br \/>\n\u00b7Otomatik programl\u0131 premium b\u00fcy\u00fck LCD kontrol paneli: hamur kar\u0131\u015ft\u0131rma, mayalanma ve zamanlay\u0131c\u0131<br \/>\n\u00b7Kaymaz kau\u00e7uk ayak tasar\u0131m\u0131, istikrarl\u0131 \u00e7al\u0131\u015fmay\u0131 garanti eder<\/td>\n<\/tr>\n<\/tbody>\n<\/table>","protected":false},"excerpt":{"rendered":"<p>Model NO.:KM1402 220-240V 50\/60Hz 100W \u00b7Elegant design with Stainless steel ring decoration \u00b73.5L mixing bowl suitable capacity for family \u00b7Powerful full copper motor ensure excellent mixing result \u00b7Built with automatic recipes or programs for different cooking \u00b7Premium large LCD control panel with automatic program:dough mixing,fermentation and timer \u00b7Non-slip rubber feet design ensure stable operation<\/p>","protected":false},"featured_media":2200,"template":"","meta":{"_uag_custom_page_level_css":"","site-sidebar-layout":"default","site-content-layout":"","ast-site-content-layout":"default","site-content-style":"default","site-sidebar-style":"default","ast-global-header-display":"","ast-banner-title-visibility":"","ast-main-header-display":"","ast-hfb-above-header-display":"","ast-hfb-below-header-display":"","ast-hfb-mobile-header-display":"","site-post-title":"","ast-breadcrumbs-content":"","ast-featured-img":"","footer-sml-layout":"","ast-disable-related-posts":"","theme-transparent-header-meta":"default","adv-header-id-meta":"","stick-header-meta":"","header-above-stick-meta":"","header-main-stick-meta":"","header-below-stick-meta":"","astra-migrate-meta-layouts":"set","ast-page-background-enabled":"default","ast-page-background-meta":{"desktop":{"background-color":"","background-image":"","background-repeat":"repeat","background-position":"center center","background-size":"auto","background-attachment":"scroll","background-type":"","background-media":"","overlay-type":"","overlay-color":"","overlay-opacity":"","overlay-gradient":""},"tablet":{"background-color":"","background-image":"","background-repeat":"repeat","background-position":"center center","background-size":"auto","background-attachment":"scroll","background-type":"","background-media":"","overlay-type":"","overlay-color":"","overlay-opacity":"","overlay-gradient":""},"mobile":{"background-color":"","background-image":"","background-repeat":"repeat","background-position":"center center","background-size":"auto","background-attachment":"scroll","background-type":"","background-media":"","overlay-type":"","overlay-color":"","overlay-opacity":"","overlay-gradient":""}},"ast-content-background-meta":{"desktop":{"background-color":"var(--ast-global-color-5)","background-image":"","background-repeat":"repeat","background-position":"center center","background-size":"auto","background-attachment":"scroll","background-type":"","background-media":"","overlay-type":"","overlay-color":"","overlay-opacity":"","overlay-gradient":""},"tablet":{"background-color":"var(--ast-global-color-5)","background-image":"","background-repeat":"repeat","background-position":"center center","background-size":"auto","background-attachment":"scroll","background-type":"","background-media":"","overlay-type":"","overlay-color":"","overlay-opacity":"","overlay-gradient":""},"mobile":{"background-color":"var(--ast-global-color-5)","background-image":"","background-repeat":"repeat","background-position":"center center","background-size":"auto","background-attachment":"scroll","background-type":"","background-media":"","overlay-type":"","overlay-color":"","overlay-opacity":"","overlay-gradient":""}}},"product_brand":[],"product_cat":[46],"product_tag":[],"class_list":{"0":"post-2203","1":"product","2":"type-product","3":"status-publish","4":"has-post-thumbnail","6":"product_cat-18-dough-mixer","7":"desktop-align-left","8":"tablet-align-left","9":"mobile-align-left","10":"ast-product-gallery-layout-horizontal-slider","11":"ast-product-gallery-with-no-image","12":"ast-product-tabs-layout-vertical","13":"ast-qv-on-image","15":"first","16":"instock","17":"shipping-taxable","18":"product-type-simple"},"uagb_featured_image_src":{"full":["https:\/\/anmir.com.cn\/wp-content\/uploads\/2024\/11\/KM1402.webp",800,800,false],"thumbnail":["https:\/\/anmir.com.cn\/wp-content\/uploads\/2024\/11\/KM1402-150x150.webp",150,150,true],"medium":["https:\/\/anmir.com.cn\/wp-content\/uploads\/2024\/11\/KM1402-300x300.webp",300,300,true],"medium_large":["https:\/\/anmir.com.cn\/wp-content\/uploads\/2024\/11\/KM1402-768x768.webp",768,768,true],"large":["https:\/\/anmir.com.cn\/wp-content\/uploads\/2024\/11\/KM1402.webp",800,800,false],"1536x1536":["https:\/\/anmir.com.cn\/wp-content\/uploads\/2024\/11\/KM1402.webp",800,800,false],"2048x2048":["https:\/\/anmir.com.cn\/wp-content\/uploads\/2024\/11\/KM1402.webp",800,800,false],"trp-custom-language-flag":["https:\/\/anmir.com.cn\/wp-content\/uploads\/2024\/11\/KM1402.webp",12,12,false],"woocommerce_thumbnail":["https:\/\/anmir.com.cn\/wp-content\/uploads\/2024\/11\/KM1402-300x300.webp",300,300,true],"woocommerce_single":["https:\/\/anmir.com.cn\/wp-content\/uploads\/2024\/11\/KM1402-600x600.webp",600,600,true],"woocommerce_gallery_thumbnail":["https:\/\/anmir.com.cn\/wp-content\/uploads\/2024\/11\/KM1402-100x100.webp",100,100,true]},"uagb_author_info":{"display_name":"daniel@anmir.com.cn","author_link":"https:\/\/anmir.com.cn\/tr\/author\/"},"uagb_comment_info":0,"uagb_excerpt":"Model NO.:KM1402 220-240V 50\/60Hz 100W \u00b7Elegant design with Stainless steel ring decoration \u00b73.5L mixing bowl suitable capacity for family \u00b7Powerful full copper motor ensure excellent mixing result \u00b7Built with automatic recipes or programs for different cooking \u00b7Premium large LCD control panel with automatic program:dough mixing,fermentation and timer \u00b7Non-slip rubber feet design ensure stable operation","_links":{"self":[{"href":"https:\/\/anmir.com.cn\/tr\/wp-json\/wp\/v2\/product\/2203","targetHints":{"allow":["GET"]}}],"collection":[{"href":"https:\/\/anmir.com.cn\/tr\/wp-json\/wp\/v2\/product"}],"about":[{"href":"https:\/\/anmir.com.cn\/tr\/wp-json\/wp\/v2\/types\/product"}],"wp:featuredmedia":[{"embeddable":true,"href":"https:\/\/anmir.com.cn\/tr\/wp-json\/wp\/v2\/media\/2200"}],"wp:attachment":[{"href":"https:\/\/anmir.com.cn\/tr\/wp-json\/wp\/v2\/media?parent=2203"}],"wp:term":[{"taxonomy":"product_brand","embeddable":true,"href":"https:\/\/anmir.com.cn\/tr\/wp-json\/wp\/v2\/product_brand?post=2203"},{"taxonomy":"product_cat","embeddable":true,"href":"https:\/\/anmir.com.cn\/tr\/wp-json\/wp\/v2\/product_cat?post=2203"},{"taxonomy":"product_tag","embeddable":true,"href":"https:\/\/anmir.com.cn\/tr\/wp-json\/wp\/v2\/product_tag?post=2203"}],"curies":[{"name":"wp","href":"https:\/\/api.w.org\/{rel}","templated":true}]}}