{"id":2241,"date":"2024-11-09T05:16:19","date_gmt":"2024-11-09T05:16:19","guid":{"rendered":"https:\/\/anmir.com.cn\/?post_type=product&#038;p=2241"},"modified":"2025-08-23T17:19:13","modified_gmt":"2025-08-23T09:19:13","slug":"kc211","status":"publish","type":"product","link":"https:\/\/anmir.com.cn\/tr\/products\/01-coffee-maker-coffee-bean-grinder\/kc211\/","title":{"rendered":"KC211-k bardaklar"},"content":{"rendered":"<table style=\"border-collapse: collapse; width: 573.02pt;\" border=\"0\" width=\"764\" cellspacing=\"0\" cellpadding=\"0\">\n<tbody>\n<tr style=\"height: 150.00pt;\">\n<td class=\"et3\" style=\"height: 150.00pt; width: 573.00pt;\" width=\"764\" height=\"200\">\n<h6>Model NO.:KC211-k bardaklar<\/h6>\n<h6>120V~60Hz 1000W<\/h6>\n<p>\u00b7 Amerikan K-Cup kaps\u00fcl\u00fc i\u00e7in uygundur (\u00e7\u0131kar\u0131labilir kaps\u00fcl kutusu, temizlemesi kolay ve bula\u015f\u0131k makinesinde y\u0131kanabilir), kaps\u00fcl\u00fc do\u011frudan de\u011fi\u015ftirmek i\u00e7in kahve tozu kutusu ile.<br \/>\n\u00b7G\u00f6r\u00fcn\u00fcr su penceresi -MAKS.- kapasite 12oz;<br \/>\n\u00b7NTC s\u0131cakl\u0131k kontrol tepki s\u00fcresi 2 saniyeden azd\u0131r, kahve s\u0131cakl\u0131\u011f\u0131 80\u2103\u00b15\u2103&#039;dir, su s\u0131cakl\u0131\u011f\u0131 \u226518\u2103 i\u00e7in uygundur.<br \/>\n\u00b7Uygun bardak y\u00fcksekli\u011fi \u2264145mm&#039;dir.<br \/>\n\u00b7U \u015feklinde al\u00fcminyum \u0131s\u0131tma kontrol\u00fc \u0131s\u0131y\u0131 kontrol eder.Kahve yaparken \u00e7\u0131kan ses 60dB&#039;den azd\u0131r.<br \/>\n\u00b7 Otomatik su eksikli\u011fi uyar\u0131s\u0131 ve anormal kuru yanma korumas\u0131 uyar\u0131s\u0131 ile. Maksimum toz miktar\u0131 20g&#039;d\u0131r.<\/td>\n<\/tr>\n<\/tbody>\n<\/table>","protected":false},"excerpt":{"rendered":"<p data-start=\"161\" data-end=\"568\">The <strong data-start=\"165\" data-end=\"194\">KC211-K Bardak Kahve Makinesi<\/strong> hem kahve severler hem de kahve tutkunlar\u0131 i\u00e7in kullan\u0131\u015fl\u0131 ve \u00e7ok y\u00f6nl\u00fc bir demleme \u00e7\u00f6z\u00fcm\u00fcd\u00fcr. <strong data-start=\"275\" data-end=\"302\">Amerikan K-Cup kaps\u00fclleri<\/strong> ve \u00e7ekilmi\u015f kahve. \u00c7\u0131kar\u0131labilir kaps\u00fcl kutusuyla tasarlanan bu \u00fcr\u00fcn, kolay temizlenir ve bula\u015f\u0131k makinesinde y\u0131kanabilir. Kahve tozu kutusu ise kaps\u00fcl olmadan do\u011frudan demleme imkan\u0131 sunar. Maksimum 340 ml kapasiteli g\u00f6r\u00fcn\u00fcr su penceresi, dolumu kolay ve pratik hale getirir.<\/p>\n<p data-start=\"570\" data-end=\"992\">H\u0131zl\u0131 tepki veren bir NTC s\u0131cakl\u0131k kontrol sistemiyle donat\u0131lan KC211, kahvenizin saniyeler i\u00e7inde 80\u00b0C \u00b15\u00b0C gibi ideal bir s\u0131cakl\u0131kta demlenmesini sa\u011flar ve 18\u00b0C&#039;nin \u00fczerindeki su s\u0131cakl\u0131klar\u0131 i\u00e7in uygundur. U \u015feklindeki al\u00fcminyum \u0131s\u0131tma eleman\u0131, kahve yapma g\u00fcr\u00fclt\u00fcs\u00fcn\u00fc 60 dB&#039;nin alt\u0131nda tutarken verimli ve e\u015fit \u0131s\u0131tma sa\u011flar. Makine, 145 mm y\u00fcksekli\u011fe kadar fincanlar\u0131 bar\u0131nd\u0131rarak farkl\u0131 fincan boyutlar\u0131 i\u00e7in esneklik sa\u011flar.<\/p>\n<p data-start=\"994\" data-end=\"1475\">Otomatik su eksikli\u011fi tespiti, kuru yanma korumas\u0131 ve maksimum 20 g kahve tozu kapasitesi gibi \u00f6zelliklerle g\u00fcvenlik ve rahatl\u0131k \u00f6n planda tutulmu\u015ftur. Kompakt, kullan\u0131c\u0131 dostu ve g\u00fcvenilir KC211-K Cups Kahve Makinesi, verimlilik, g\u00fcvenlik ve kaliteyi bir araya getirerek ev veya ofis kullan\u0131m\u0131 i\u00e7in m\u00fckemmeldir. \u0130ster K-Cups ister taze kahve tozu tercih edin, bu makine her seferinde zengin ve lezzetli bir kahve sunar ve bu da onu her zaman sahip olunmas\u0131 gereken bir \u00fcr\u00fcn haline getirir. <strong data-start=\"1451\" data-end=\"1461\">K Kupalar\u0131<\/strong> merakl\u0131s\u0131.<\/p>","protected":false},"featured_media":2242,"template":"","meta":{"_uag_custom_page_level_css":"","site-sidebar-layout":"default","site-content-layout":"","ast-site-content-layout":"default","site-content-style":"default","site-sidebar-style":"default","ast-global-header-display":"","ast-banner-title-visibility":"","ast-main-header-display":"","ast-hfb-above-header-display":"","ast-hfb-below-header-display":"","ast-hfb-mobile-header-display":"","site-post-title":"","ast-breadcrumbs-content":"","ast-featured-img":"","footer-sml-layout":"","ast-disable-related-posts":"","theme-transparent-header-meta":"default","adv-header-id-meta":"","stick-header-meta":"default","header-above-stick-meta":"","header-main-stick-meta":"","header-below-stick-meta":"","astra-migrate-meta-layouts":"set","ast-page-background-enabled":"default","ast-page-background-meta":{"desktop":{"background-color":"","background-image":"","background-repeat":"repeat","background-position":"center center","background-size":"auto","background-attachment":"scroll","background-type":"","background-media":"","overlay-type":"","overlay-color":"","overlay-opacity":"","overlay-gradient":""},"tablet":{"background-color":"","background-image":"","background-repeat":"repeat","background-position":"center center","background-size":"auto","background-attachment":"scroll","background-type":"","background-media":"","overlay-type":"","overlay-color":"","overlay-opacity":"","overlay-gradient":""},"mobile":{"background-color":"","background-image":"","background-repeat":"repeat","background-position":"center center","background-size":"auto","background-attachment":"scroll","background-type":"","background-media":"","overlay-type":"","overlay-color":"","overlay-opacity":"","overlay-gradient":""}},"ast-content-background-meta":{"desktop":{"background-color":"var(--ast-global-color-5)","background-image":"","background-repeat":"repeat","background-position":"center center","background-size":"auto","background-attachment":"scroll","background-type":"","background-media":"","overlay-type":"","overlay-color":"","overlay-opacity":"","overlay-gradient":""},"tablet":{"background-color":"var(--ast-global-color-5)","background-image":"","background-repeat":"repeat","background-position":"center center","background-size":"auto","background-attachment":"scroll","background-type":"","background-media":"","overlay-type":"","overlay-color":"","overlay-opacity":"","overlay-gradient":""},"mobile":{"background-color":"var(--ast-global-color-5)","background-image":"","background-repeat":"repeat","background-position":"center center","background-size":"auto","background-attachment":"scroll","background-type":"","background-media":"","overlay-type":"","overlay-color":"","overlay-opacity":"","overlay-gradient":""}}},"product_brand":[],"product_cat":[29],"product_tag":[166],"class_list":{"0":"post-2241","1":"product","2":"type-product","3":"status-publish","4":"has-post-thumbnail","6":"product_cat-01-coffee-maker-coffee-bean-grinder","7":"product_tag-anmir-kc211-k-cup-coffee-maker","8":"desktop-align-left","9":"tablet-align-left","10":"mobile-align-left","11":"ast-product-gallery-layout-horizontal-slider","12":"ast-product-gallery-with-no-image","13":"ast-product-tabs-layout-vertical","14":"ast-qv-on-image","16":"first","17":"instock","18":"shipping-taxable","19":"product-type-simple"},"uagb_featured_image_src":{"full":["https:\/\/anmir.com.cn\/wp-content\/uploads\/2024\/11\/KC211.webp",800,800,false],"thumbnail":["https:\/\/anmir.com.cn\/wp-content\/uploads\/2024\/11\/KC211-150x150.webp",150,150,true],"medium":["https:\/\/anmir.com.cn\/wp-content\/uploads\/2024\/11\/KC211-300x300.webp",300,300,true],"medium_large":["https:\/\/anmir.com.cn\/wp-content\/uploads\/2024\/11\/KC211-768x768.webp",768,768,true],"large":["https:\/\/anmir.com.cn\/wp-content\/uploads\/2024\/11\/KC211.webp",800,800,false],"1536x1536":["https:\/\/anmir.com.cn\/wp-content\/uploads\/2024\/11\/KC211.webp",800,800,false],"2048x2048":["https:\/\/anmir.com.cn\/wp-content\/uploads\/2024\/11\/KC211.webp",800,800,false],"trp-custom-language-flag":["https:\/\/anmir.com.cn\/wp-content\/uploads\/2024\/11\/KC211.webp",12,12,false],"woocommerce_thumbnail":["https:\/\/anmir.com.cn\/wp-content\/uploads\/2024\/11\/KC211-300x300.webp",300,300,true],"woocommerce_single":["https:\/\/anmir.com.cn\/wp-content\/uploads\/2024\/11\/KC211-600x600.webp",600,600,true],"woocommerce_gallery_thumbnail":["https:\/\/anmir.com.cn\/wp-content\/uploads\/2024\/11\/KC211-100x100.webp",100,100,true]},"uagb_author_info":{"display_name":"daniel@anmir.com.cn","author_link":"https:\/\/anmir.com.cn\/tr\/author\/"},"uagb_comment_info":0,"uagb_excerpt":"The KC211-K Cups Coffee Maker is a convenient and versatile brewing solution for coffee lovers who enjoy both American K-Cup capsules and ground coffee. Designed with a removable capsule box, it is easy to clean and dishwasher-safe, while the coffee powder box allows direct brewing without a capsule. The visible water window with a maximum&hellip;","_links":{"self":[{"href":"https:\/\/anmir.com.cn\/tr\/wp-json\/wp\/v2\/product\/2241","targetHints":{"allow":["GET"]}}],"collection":[{"href":"https:\/\/anmir.com.cn\/tr\/wp-json\/wp\/v2\/product"}],"about":[{"href":"https:\/\/anmir.com.cn\/tr\/wp-json\/wp\/v2\/types\/product"}],"wp:featuredmedia":[{"embeddable":true,"href":"https:\/\/anmir.com.cn\/tr\/wp-json\/wp\/v2\/media\/2242"}],"wp:attachment":[{"href":"https:\/\/anmir.com.cn\/tr\/wp-json\/wp\/v2\/media?parent=2241"}],"wp:term":[{"taxonomy":"product_brand","embeddable":true,"href":"https:\/\/anmir.com.cn\/tr\/wp-json\/wp\/v2\/product_brand?post=2241"},{"taxonomy":"product_cat","embeddable":true,"href":"https:\/\/anmir.com.cn\/tr\/wp-json\/wp\/v2\/product_cat?post=2241"},{"taxonomy":"product_tag","embeddable":true,"href":"https:\/\/anmir.com.cn\/tr\/wp-json\/wp\/v2\/product_tag?post=2241"}],"curies":[{"name":"wp","href":"https:\/\/api.w.org\/{rel}","templated":true}]}}