{"id":3609,"date":"2025-08-11T17:24:26","date_gmt":"2025-08-11T09:24:26","guid":{"rendered":"https:\/\/anmir.com.cn\/?post_type=product&#038;p=3609"},"modified":"2025-08-27T13:28:09","modified_gmt":"2025-08-27T05:28:09","slug":"amr618a","status":"publish","type":"product","link":"https:\/\/anmir.com.cn\/tr\/products\/13-personal-blender\/amr618a\/","title":{"rendered":"AMR618A-Blender"},"content":{"rendered":"<table style=\"border-collapse: collapse; width: 573.02pt;\" border=\"0\" width=\"764\" cellspacing=\"0\" cellpadding=\"0\">\n<tbody>\n<tr style=\"height: 150.00pt;\">\n<td class=\"et3\" style=\"height: 150.00pt; width: 573.00pt;\" width=\"764\" height=\"200\">\n<h6>Model NO.: AMR618A-Blender<\/h6>\n<h6>Teknik \u00d6zellikler: 220-240V 50\/60Hz 300W<\/h6>\n<p>\u00b7Krom kaplamal\u0131 s\u00fcsleme halkas\u0131yla retro tasar\u0131m<br \/>\n\u00b7En sevdi\u011finiz smoothie&#039;yi veya shake&#039;i do\u011frudan spor \u015fi\u015fesine kar\u0131\u015ft\u0131r\u0131n<br \/>\n\u00b7Bula\u015f\u0131k makinesinde y\u0131kanabilir 500 ml TRITAN spor \u015fi\u015fesi<br \/>\n\u00b7 1L blender haznesi ile \u00e7ok i\u015flevli<br \/>\n\u00b7Basmal\u0131 d\u00fc\u011fme kontrol\u00fc ile g\u00fc\u00e7l\u00fc kar\u0131\u015ft\u0131rma<br \/>\n\u00b7G\u00fcvenlik koruma ve tasar\u0131m<\/td>\n<\/tr>\n<\/tbody>\n<\/table>\n<div id=\"ag-1754903977504\"><\/div>","protected":false},"excerpt":{"rendered":"<p>AMR618A Blender \u2013 Retro Stil, G\u00fc\u00e7l\u00fc Performans, G\u00fcnl\u00fck Kullan\u0131m Kolayl\u0131\u011f\u0131<\/p>\n<p>AMR618A Blender, zamans\u0131z retro stilini modern kar\u0131\u015ft\u0131rma performans\u0131yla birle\u015ftirerek smoothie&#039;ler, shake&#039;ler ve daha fazlas\u0131 i\u00e7in m\u00fckemmel bir mutfak arkada\u015f\u0131 haline geliyor. Krom kaplamal\u0131 s\u00fcsleme halkas\u0131 \u015f\u0131kl\u0131k katarken, kompakt tasar\u0131m\u0131 her mutfak alan\u0131na kusursuz bir \u015fekilde uyum sa\u011fl\u0131yor.<\/p>\n<p>G\u00fc\u00e7l\u00fc 300 W motorla donat\u0131lan bu blender, her seferinde p\u00fcr\u00fczs\u00fcz ve tutarl\u0131 sonu\u00e7lar sunar. Tek tu\u015fla kontrol, basit ve sezgisel bir kullan\u0131m sunarak en sevdi\u011finiz tarifleri saniyeler i\u00e7inde kar\u0131\u015ft\u0131rman\u0131za olanak tan\u0131r. \u00dcst\u00fcn rahatl\u0131k i\u00e7in, kolay temizlik i\u00e7in bula\u015f\u0131k makinesinde y\u0131kanabilen 500 ml TRITAN spor \u015fi\u015fesinde i\u00e7eceklerinizi do\u011frudan haz\u0131rlayabilirsiniz.<\/p>\n<p>AMR618A ayr\u0131ca, daha b\u00fcy\u00fck porsiyonlar veya daha karma\u015f\u0131k tarifler i\u00e7in m\u00fckemmel olan \u00e7ok i\u015flevli 1 L&#039;lik bir blender haznesine de sahiptir. \u0130ster sabah smoothie&#039;si, ister kremal\u0131 bir milkshake yap\u0131n, ister yemek pi\u015firmek i\u00e7in taze malzemeleri kar\u0131\u015ft\u0131r\u0131n, bu \u00e7ok y\u00f6nl\u00fc cihaz her \u015feyin \u00fcstesinden gelir.<\/p>\n<p>G\u00fcvenlik koruma \u00f6zellikleriyle tasarlanan AMR618A, sorunsuz kullan\u0131m sa\u011flarken, dayan\u0131kl\u0131 yap\u0131s\u0131 uzun s\u00fcreli performans\u0131 garanti eder. Stil, rahatl\u0131k ve g\u00fcc\u00fcn birle\u015fimiyle, her modern mutfak i\u00e7in vazge\u00e7ilmez bir ara\u00e7t\u0131r.<\/p>\n<p>Anahtar Kelimeler: AMR618A, blender, retro blender, smoothie makinesi, TRITAN spor \u015fi\u015fe blender, 1L blender kavanozu, krom kaplamal\u0131 tasar\u0131m, basmal\u0131 d\u00fc\u011fmeli blender, kolay temizlenir.<\/p>","protected":false},"featured_media":3610,"template":"","meta":{"_uag_custom_page_level_css":"","site-sidebar-layout":"default","site-content-layout":"","ast-site-content-layout":"default","site-content-style":"default","site-sidebar-style":"default","ast-global-header-display":"","ast-banner-title-visibility":"","ast-main-header-display":"","ast-hfb-above-header-display":"","ast-hfb-below-header-display":"","ast-hfb-mobile-header-display":"","site-post-title":"","ast-breadcrumbs-content":"","ast-featured-img":"","footer-sml-layout":"","ast-disable-related-posts":"","theme-transparent-header-meta":"default","adv-header-id-meta":"","stick-header-meta":"default","header-above-stick-meta":"","header-main-stick-meta":"","header-below-stick-meta":"","astra-migrate-meta-layouts":"set","ast-page-background-enabled":"default","ast-page-background-meta":{"desktop":{"background-color":"","background-image":"","background-repeat":"repeat","background-position":"center center","background-size":"auto","background-attachment":"scroll","background-type":"","background-media":"","overlay-type":"","overlay-color":"","overlay-opacity":"","overlay-gradient":""},"tablet":{"background-color":"","background-image":"","background-repeat":"repeat","background-position":"center center","background-size":"auto","background-attachment":"scroll","background-type":"","background-media":"","overlay-type":"","overlay-color":"","overlay-opacity":"","overlay-gradient":""},"mobile":{"background-color":"","background-image":"","background-repeat":"repeat","background-position":"center center","background-size":"auto","background-attachment":"scroll","background-type":"","background-media":"","overlay-type":"","overlay-color":"","overlay-opacity":"","overlay-gradient":""}},"ast-content-background-meta":{"desktop":{"background-color":"var(--ast-global-color-5)","background-image":"","background-repeat":"repeat","background-position":"center center","background-size":"auto","background-attachment":"scroll","background-type":"","background-media":"","overlay-type":"","overlay-color":"","overlay-opacity":"","overlay-gradient":""},"tablet":{"background-color":"var(--ast-global-color-5)","background-image":"","background-repeat":"repeat","background-position":"center center","background-size":"auto","background-attachment":"scroll","background-type":"","background-media":"","overlay-type":"","overlay-color":"","overlay-opacity":"","overlay-gradient":""},"mobile":{"background-color":"var(--ast-global-color-5)","background-image":"","background-repeat":"repeat","background-position":"center center","background-size":"auto","background-attachment":"scroll","background-type":"","background-media":"","overlay-type":"","overlay-color":"","overlay-opacity":"","overlay-gradient":""}}},"product_brand":[],"product_cat":[41],"product_tag":[],"class_list":{"0":"post-3609","1":"product","2":"type-product","3":"status-publish","4":"has-post-thumbnail","6":"product_cat-13-personal-blender","7":"desktop-align-left","8":"tablet-align-left","9":"mobile-align-left","10":"ast-product-gallery-layout-horizontal-slider","11":"ast-product-gallery-with-no-image","12":"ast-product-tabs-layout-vertical","13":"ast-qv-on-image","15":"first","16":"instock","17":"shipping-taxable","18":"product-type-simple"},"uagb_featured_image_src":{"full":["https:\/\/anmir.com.cn\/wp-content\/uploads\/2025\/08\/AMR618A.jpg",800,800,false],"thumbnail":["https:\/\/anmir.com.cn\/wp-content\/uploads\/2025\/08\/AMR618A-150x150.jpg",150,150,true],"medium":["https:\/\/anmir.com.cn\/wp-content\/uploads\/2025\/08\/AMR618A-300x300.jpg",300,300,true],"medium_large":["https:\/\/anmir.com.cn\/wp-content\/uploads\/2025\/08\/AMR618A-768x768.jpg",768,768,true],"large":["https:\/\/anmir.com.cn\/wp-content\/uploads\/2025\/08\/AMR618A.jpg",800,800,false],"1536x1536":["https:\/\/anmir.com.cn\/wp-content\/uploads\/2025\/08\/AMR618A.jpg",800,800,false],"2048x2048":["https:\/\/anmir.com.cn\/wp-content\/uploads\/2025\/08\/AMR618A.jpg",800,800,false],"trp-custom-language-flag":["https:\/\/anmir.com.cn\/wp-content\/uploads\/2025\/08\/AMR618A-12x12.jpg",12,12,true],"woocommerce_thumbnail":["https:\/\/anmir.com.cn\/wp-content\/uploads\/2025\/08\/AMR618A-300x300.jpg",300,300,true],"woocommerce_single":["https:\/\/anmir.com.cn\/wp-content\/uploads\/2025\/08\/AMR618A-600x600.jpg",600,600,true],"woocommerce_gallery_thumbnail":["https:\/\/anmir.com.cn\/wp-content\/uploads\/2025\/08\/AMR618A-100x100.jpg",100,100,true]},"uagb_author_info":{"display_name":"daniel@anmir.com.cn","author_link":"https:\/\/anmir.com.cn\/tr\/author\/"},"uagb_comment_info":0,"uagb_excerpt":"AMR618A Blender \u2013 Retro Style, Powerful Performance, Everyday Convenience The AMR618A Blender combines timeless retro styling with modern blending performance, making it the perfect kitchen companion for smoothies, shakes, and more. Its chrome-plated decoration ring adds a touch of elegance, while the compact design ensures it fits seamlessly into any kitchen space. Equipped with a&hellip;","_links":{"self":[{"href":"https:\/\/anmir.com.cn\/tr\/wp-json\/wp\/v2\/product\/3609","targetHints":{"allow":["GET"]}}],"collection":[{"href":"https:\/\/anmir.com.cn\/tr\/wp-json\/wp\/v2\/product"}],"about":[{"href":"https:\/\/anmir.com.cn\/tr\/wp-json\/wp\/v2\/types\/product"}],"wp:featuredmedia":[{"embeddable":true,"href":"https:\/\/anmir.com.cn\/tr\/wp-json\/wp\/v2\/media\/3610"}],"wp:attachment":[{"href":"https:\/\/anmir.com.cn\/tr\/wp-json\/wp\/v2\/media?parent=3609"}],"wp:term":[{"taxonomy":"product_brand","embeddable":true,"href":"https:\/\/anmir.com.cn\/tr\/wp-json\/wp\/v2\/product_brand?post=3609"},{"taxonomy":"product_cat","embeddable":true,"href":"https:\/\/anmir.com.cn\/tr\/wp-json\/wp\/v2\/product_cat?post=3609"},{"taxonomy":"product_tag","embeddable":true,"href":"https:\/\/anmir.com.cn\/tr\/wp-json\/wp\/v2\/product_tag?post=3609"}],"curies":[{"name":"wp","href":"https:\/\/api.w.org\/{rel}","templated":true}]}}