{"id":802,"date":"2024-11-06T13:42:14","date_gmt":"2024-11-06T13:42:14","guid":{"rendered":"https:\/\/anmir.com.cn\/about\/"},"modified":"2025-03-11T21:16:42","modified_gmt":"2025-03-11T13:16:42","slug":"anmir-home-2-2-2","status":"publish","type":"page","link":"https:\/\/anmir.com.cn\/vi\/anmir-home-2-2-2\/","title":{"rendered":"Gi\u1edbi thi\u1ec7u v\u1ec1 C\u00f4ng ty TNHH Thi\u1ebft b\u1ecb \u0111i\u1ec7n c\u00f4ng nghi\u1ec7p Zhongshan Anmir"},"content":{"rendered":"<div data-elementor-type=\"wp-page\" data-elementor-id=\"802\" class=\"elementor elementor-802\" data-elementor-post-type=\"page\">\n\t\t\t\t<div class=\"elementor-element elementor-element-1849320 e-flex e-con-boxed e-con e-parent\" data-id=\"1849320\" data-element_type=\"container\" data-e-type=\"container\" data-settings=\"{&quot;background_background&quot;:&quot;classic&quot;}\">\n\t\t\t\t\t<div class=\"e-con-inner\">\n\t\t\t\t<div class=\"elementor-element elementor-element-aaf15f5 elementor-widget elementor-widget-heading\" data-id=\"aaf15f5\" data-element_type=\"widget\" data-e-type=\"widget\" data-widget_type=\"heading.default\">\n\t\t\t\t<div class=\"elementor-widget-container\">\n\t\t\t\t\t<h2 class=\"elementor-heading-title elementor-size-default\">V\u1ec1 anmir<\/h2>\t\t\t\t<\/div>\n\t\t\t\t<\/div>\n\t\t\t\t\t<\/div>\n\t\t\t\t<\/div>\n\t\t<div class=\"elementor-element elementor-element-839ac0c e-flex e-con-boxed e-con e-parent\" data-id=\"839ac0c\" data-element_type=\"container\" data-e-type=\"container\" data-settings=\"{&quot;background_background&quot;:&quot;classic&quot;}\">\n\t\t\t\t\t<div class=\"e-con-inner\">\n\t\t\t\t\t<\/div>\n\t\t\t\t<\/div>\n\t\t<div class=\"elementor-element elementor-element-93bf593 e-flex e-con-boxed e-con e-parent\" data-id=\"93bf593\" data-element_type=\"container\" data-e-type=\"container\" data-settings=\"{&quot;background_background&quot;:&quot;classic&quot;}\">\n\t\t\t\t\t<div class=\"e-con-inner\">\n\t\t\t\t<div class=\"elementor-element elementor-element-3bdfd5b elementor-widget__width-initial elementor-widget elementor-widget-heading\" data-id=\"3bdfd5b\" data-element_type=\"widget\" data-e-type=\"widget\" data-widget_type=\"heading.default\">\n\t\t\t\t<div class=\"elementor-widget-container\">\n\t\t\t\t\t<h1 class=\"elementor-heading-title elementor-size-default\">H\u01a1n 22 n\u0103m kinh nghi\u1ec7m<\/h1>\t\t\t\t<\/div>\n\t\t\t\t<\/div>\n\t\t\t\t<div class=\"elementor-element elementor-element-e61216e elementor-widget__width-initial elementor-widget elementor-widget-heading\" data-id=\"e61216e\" data-element_type=\"widget\" data-e-type=\"widget\" data-widget_type=\"heading.default\">\n\t\t\t\t<div class=\"elementor-widget-container\">\n\t\t\t\t\t<h1 class=\"elementor-heading-title elementor-size-default\">Di\u1ec7n t\u00edch \u0111\u01b0\u1ee3c bao ph\u1ee7 h\u01a1n 35K m\u00e9t vu\u00f4ng<\/h1>\t\t\t\t<\/div>\n\t\t\t\t<\/div>\n\t\t\t\t<div class=\"elementor-element elementor-element-52ff3da elementor-widget__width-initial elementor-widget elementor-widget-heading\" data-id=\"52ff3da\" data-element_type=\"widget\" data-e-type=\"widget\" data-widget_type=\"heading.default\">\n\t\t\t\t<div class=\"elementor-widget-container\">\n\t\t\t\t\t<h1 class=\"elementor-heading-title elementor-size-default\">600+ Nh\u00e2n vi\u00ean<\/h1>\t\t\t\t<\/div>\n\t\t\t\t<\/div>\n\t\t\t\t<div class=\"elementor-element elementor-element-3276fbc elementor-widget__width-initial elementor-widget elementor-widget-heading\" data-id=\"3276fbc\" data-element_type=\"widget\" data-e-type=\"widget\" data-widget_type=\"heading.default\">\n\t\t\t\t<div class=\"elementor-widget-container\">\n\t\t\t\t\t<h1 class=\"elementor-heading-title elementor-size-default\">50+ Nh\u00e2n vi\u00ean R&amp;D<\/h1>\t\t\t\t<\/div>\n\t\t\t\t<\/div>\n\t\t\t\t<div class=\"elementor-element elementor-element-6e4cd28 elementor-widget__width-initial elementor-widget elementor-widget-heading\" data-id=\"6e4cd28\" data-element_type=\"widget\" data-e-type=\"widget\" data-widget_type=\"heading.default\">\n\t\t\t\t<div class=\"elementor-widget-container\">\n\t\t\t\t\t<h1 class=\"elementor-heading-title elementor-size-default\"> Thi\u1ebft b\u1ecb t\u1ef1 \u0111\u1ed9ng h\u00f3a ti\u00ean ti\u1ebfn<\/h1>\t\t\t\t<\/div>\n\t\t\t\t<\/div>\n\t\t\t\t<div class=\"elementor-element elementor-element-208fa7d elementor-widget__width-initial elementor-widget elementor-widget-heading\" data-id=\"208fa7d\" data-element_type=\"widget\" data-e-type=\"widget\" data-widget_type=\"heading.default\">\n\t\t\t\t<div class=\"elementor-widget-container\">\n\t\t\t\t\t<p class=\"elementor-heading-title elementor-size-default\">  OEM\/ODM T\u00d9Y CH\u1ec8NH<\/p>\t\t\t\t<\/div>\n\t\t\t\t<\/div>\n\t\t\t\t<div class=\"elementor-element elementor-element-ac53bc2 elementor-widget__width-initial elementor-widget elementor-widget-heading\" data-id=\"ac53bc2\" data-element_type=\"widget\" data-e-type=\"widget\" data-widget_type=\"heading.default\">\n\t\t\t\t<div class=\"elementor-widget-container\">\n\t\t\t\t\t<h1 class=\"elementor-heading-title elementor-size-default\">X\u01b0\u1edfng kh\u00f4ng b\u1ee5i<\/h1>\t\t\t\t<\/div>\n\t\t\t\t<\/div>\n\t\t\t\t\t<\/div>\n\t\t\t\t<\/div>\n\t\t<div class=\"elementor-element elementor-element-f39b48d e-flex e-con-boxed e-con e-parent\" data-id=\"f39b48d\" data-element_type=\"container\" data-e-type=\"container\" data-settings=\"{&quot;background_background&quot;:&quot;classic&quot;}\">\n\t\t\t\t\t<div class=\"e-con-inner\">\n\t\t\t\t<div class=\"elementor-element elementor-element-187ffb6 elementor-widget elementor-widget-heading\" data-id=\"187ffb6\" data-element_type=\"widget\" data-e-type=\"widget\" data-widget_type=\"heading.default\">\n\t\t\t\t<div class=\"elementor-widget-container\">\n\t\t\t\t\t<h2 class=\"elementor-heading-title elementor-size-default\"><a href=\"https:\/\/anmir.com.cn\/vi\/\">Gi\u1edbi thi\u1ec7u v\u1ec1 C\u00f4ng ty TNHH Thi\u1ebft b\u1ecb \u0111i\u1ec7n c\u00f4ng nghi\u1ec7p Zhongshan Anmir<\/a><\/h2>\t\t\t\t<\/div>\n\t\t\t\t<\/div>\n\t\t\t\t<div class=\"elementor-element elementor-element-4912ca1 elementor-widget__width-initial elementor-widget elementor-widget-heading\" data-id=\"4912ca1\" data-element_type=\"widget\" data-e-type=\"widget\" data-widget_type=\"heading.default\">\n\t\t\t\t<div class=\"elementor-widget-container\">\n\t\t\t\t\t<h3 class=\"elementor-heading-title elementor-size-default\">Anmir, \u0111\u01b0\u1ee3c th\u00e0nh l\u1eadp v\u00e0o n\u0103m 2002, qua nhi\u1ec1u n\u0103m ti\u00ean phong l\u00e0m vi\u1ec7c ch\u0103m ch\u1ec9 v\u00e0 n\u1eafm b\u1eaft v\u1eefng ch\u1eafc xu h\u01b0\u1edbng ph\u00e1t tri\u1ec3n th\u1ecb tr\u01b0\u1eddng qu\u1ed1c t\u1ebf v\u00e0 t\u0103ng tr\u01b0\u1edfng nhanh b\u1ec1n v\u1eefng, Anmir c\u00f3 nhi\u1ec1u n\u0103m kinh nghi\u1ec7m trong s\u1ea3n ph\u1ea9m \u0111\u1ed3 d\u00f9ng nh\u00e0 b\u1ebfp, \u0111\u00e3 ph\u00e1t tri\u1ec3n th\u00e0nh m\u1ed9t doanh nghi\u1ec7p quy m\u00f4 l\u1edbn v\u00e0 hi\u1ec7n \u0111ang cung c\u1ea5p cho kh\u00e1ch h\u00e0ng thi\u1ebft k\u1ebf s\u1ea3n ph\u1ea9m t\u00edch h\u1ee3p, ph\u00e1t tri\u1ec3n khu\u00f4n m\u1eabu, \u00e9p phun v\u00e0 d\u1eadp kim lo\u1ea1i, c\u0169ng nh\u01b0 th\u1eed nghi\u1ec7m tu\u1ed5i th\u1ecd s\u1ea3n ph\u1ea9m, v.v., c\u00e1c lo\u1ea1i d\u1ecbch v\u1ee5 kh\u00e1c nhau. C\u00f4ng ty s\u1edf h\u1eefu d\u00f2ng s\u1ea3n ph\u1ea9m ch\u00ednh bao g\u1ed3m M\u00e1y xay sinh t\u1ed1 t\u1ed1c \u0111\u1ed9 cao, M\u00e1y xay sinh t\u1ed1 \u0111\u1ec3 b\u00e0n, M\u00e1y \u00e9p ch\u1eadm, M\u00e1y \u00e9p tr\u00e1i c\u00e2y ly t\u00e2m, M\u00e1y pha c\u00e0 ph\u00ea, M\u00e1y ch\u1ebf bi\u1ebfn th\u1ef1c ph\u1ea9m, M\u00e1y xo\u1eafn \u1ed1c, N\u1ed3i c\u01a1m \u0111i\u1ec7n, v.v., hi\u1ec7n \u0111ang cung c\u1ea5p c\u00e1c t\u00f2a nh\u00e0 nh\u00e0 m\u00e1y s\u1ea3n xu\u1ea5t quy m\u00f4 l\u1edbn bao ph\u1ee7 di\u1ec7n t\u00edch \u0111\u1ea5t h\u01a1n 35 ngh\u00ecn m\u00e9t vu\u00f4ng v\u00e0 h\u01a1n 600 nh\u00e2n vi\u00ean s\u1ea3n xu\u1ea5t c\u0169ng nh\u01b0 m\u1ed9t nh\u00f3m t\u00e0i n\u0103ng nghi\u00ean c\u1ee9u v\u00e0 ph\u00e1t tri\u1ec3n c\u00f4ng nghi\u1ec7p cao c\u1ea5p, \u0111\u00e3 \u0111\u1eb7t n\u1ec1n t\u1ea3ng v\u1eefng ch\u1eafc cho s\u1ef1 t\u0103ng tr\u01b0\u1edfng v\u00e0 ph\u00e1t tri\u1ec3n c\u1ee7a Thi\u1ebft b\u1ecb \u0111i\u1ec7n Anmir.<\/h3>\t\t\t\t<\/div>\n\t\t\t\t<\/div>\n\t\t\t\t\t<\/div>\n\t\t\t\t<\/div>\n\t\t<div class=\"elementor-element elementor-element-782ce43 e-flex e-con-boxed e-con e-parent\" data-id=\"782ce43\" data-element_type=\"container\" data-e-type=\"container\" data-settings=\"{&quot;background_background&quot;:&quot;classic&quot;}\">\n\t\t\t\t\t<div class=\"e-con-inner\">\n\t\t\t\t<div class=\"elementor-element elementor-element-53619bb elementor-widget elementor-widget-spacer\" data-id=\"53619bb\" data-element_type=\"widget\" data-e-type=\"widget\" data-widget_type=\"spacer.default\">\n\t\t\t\t<div class=\"elementor-widget-container\">\n\t\t\t\t\t\t\t<div class=\"elementor-spacer\">\n\t\t\t<div class=\"elementor-spacer-inner\"><\/div>\n\t\t<\/div>\n\t\t\t\t\t\t<\/div>\n\t\t\t\t<\/div>\n\t\t\t\t<div class=\"elementor-element elementor-element-7bdd9d5 elementor-widget__width-initial elementor-widget elementor-widget-heading\" data-id=\"7bdd9d5\" data-element_type=\"widget\" data-e-type=\"widget\" data-widget_type=\"heading.default\">\n\t\t\t\t<div class=\"elementor-widget-container\">\n\t\t\t\t\t<h2 class=\"elementor-heading-title elementor-size-default\">12+ d\u00e2y chuy\u1ec1n s\u1ea3n xu\u1ea5t<\/h2>\t\t\t\t<\/div>\n\t\t\t\t<\/div>\n\t\t\t\t<div class=\"elementor-element elementor-element-b66ae18 elementor-widget__width-initial elementor-widget elementor-widget-heading\" data-id=\"b66ae18\" data-element_type=\"widget\" data-e-type=\"widget\" data-widget_type=\"heading.default\">\n\t\t\t\t<div class=\"elementor-widget-container\">\n\t\t\t\t\t<h2 class=\"elementor-heading-title elementor-size-default\">70+ M\u00e1y \u00e9p phun<\/h2>\t\t\t\t<\/div>\n\t\t\t\t<\/div>\n\t\t\t\t<div class=\"elementor-element elementor-element-bb8b98a elementor-widget__width-initial elementor-widget elementor-widget-heading\" data-id=\"bb8b98a\" data-element_type=\"widget\" data-e-type=\"widget\" data-widget_type=\"heading.default\">\n\t\t\t\t<div class=\"elementor-widget-container\">\n\t\t\t\t\t<h2 class=\"elementor-heading-title elementor-size-default\">H\u01a1n 600 nh\u00e2n vi\u00ean s\u1ea3n xu\u1ea5t<\/h2>\t\t\t\t<\/div>\n\t\t\t\t<\/div>\n\t\t\t\t<div class=\"elementor-element elementor-element-7861b0e elementor-widget__width-initial elementor-widget elementor-widget-heading\" data-id=\"7861b0e\" data-element_type=\"widget\" data-e-type=\"widget\" data-widget_type=\"heading.default\">\n\t\t\t\t<div class=\"elementor-widget-container\">\n\t\t\t\t\t<h4 class=\"elementor-heading-title elementor-size-default\">C\u00f4ng ty s\u1edf h\u1eefu c\u00e1c d\u00f2ng s\u1ea3n ph\u1ea9m ch\u00ednh bao g\u1ed3m M\u00e1y xay sinh t\u1ed1 t\u1ed1c \u0111\u1ed9 cao, M\u00e1y xay sinh t\u1ed1 \u0111\u1ec3 b\u00e0n, M\u00e1y \u00e9p ch\u1eadm, M\u00e1y \u00e9p tr\u00e1i c\u00e2y ly t\u00e2m, M\u00e1y pha c\u00e0 ph\u00ea, M\u00e1y ch\u1ebf bi\u1ebfn th\u1ef1c ph\u1ea9m, M\u00e1y c\u1eaft xo\u1eafn \u1ed1c, N\u1ed3i c\u01a1m \u0111i\u1ec7n, v.v. Hi\u1ec7n nay, C\u00f4ng ty c\u00f3 nh\u00e0 m\u00e1y s\u1ea3n xu\u1ea5t quy m\u00f4 l\u1edbn v\u1edbi di\u1ec7n t\u00edch \u0111\u1ea5t h\u01a1n 35.000 m\u00e9t vu\u00f4ng v\u00e0 h\u01a1n 600 nh\u00e2n vi\u00ean s\u1ea3n xu\u1ea5t c\u0169ng nh\u01b0 m\u1ed9t nh\u00f3m t\u00e0i n\u0103ng nghi\u00ean c\u1ee9u v\u00e0 ph\u00e1t tri\u1ec3n c\u00f4ng nghi\u1ec7p cao c\u1ea5p, \u0111\u00e3 \u0111\u1eb7t n\u1ec1n t\u1ea3ng v\u1eefng ch\u1eafc cho s\u1ef1 ph\u00e1t tri\u1ec3n c\u1ee7a Anmir Electric Appliance.<\/h4>\t\t\t\t<\/div>\n\t\t\t\t<\/div>\n\t\t\t\t\t<\/div>\n\t\t\t\t<\/div>\n\t\t<div class=\"elementor-element elementor-element-882c6d8 e-flex e-con-boxed e-con e-parent\" data-id=\"882c6d8\" data-element_type=\"container\" data-e-type=\"container\" data-settings=\"{&quot;background_background&quot;:&quot;classic&quot;}\">\n\t\t\t\t\t<div class=\"e-con-inner\">\n\t\t\t\t<div class=\"elementor-element elementor-element-1142a18 elementor-widget__width-initial elementor-widget elementor-widget-heading\" data-id=\"1142a18\" data-element_type=\"widget\" data-e-type=\"widget\" data-widget_type=\"heading.default\">\n\t\t\t\t<div class=\"elementor-widget-container\">\n\t\t\t\t\t<h5 class=\"elementor-heading-title elementor-size-default\">Anmir hi\u1ec7n \u0111ang cung c\u1ea5p cho kh\u00e1ch h\u00e0ng c\u00e1c d\u1ecbch v\u1ee5 thi\u1ebft k\u1ebf s\u1ea3n ph\u1ea9m t\u00edch h\u1ee3p, ph\u00e1t tri\u1ec3n khu\u00f4n m\u1eabu, \u00e9p phun v\u00e0 d\u1eadp kim lo\u1ea1i, c\u0169ng nh\u01b0 th\u1eed nghi\u1ec7m tu\u1ed5i th\u1ecd s\u1ea3n ph\u1ea9m, v.v. c\u00f9ng nhi\u1ec1u lo\u1ea1i d\u1ecbch v\u1ee5 kh\u00e1c nhau.<\/h5>\t\t\t\t<\/div>\n\t\t\t\t<\/div>\n\t\t\t\t\t<\/div>\n\t\t\t\t<\/div>\n\t\t<div class=\"elementor-element elementor-element-941d0a9 e-flex e-con-boxed e-con e-parent\" data-id=\"941d0a9\" data-element_type=\"container\" data-e-type=\"container\" data-settings=\"{&quot;background_background&quot;:&quot;classic&quot;}\">\n\t\t\t\t\t<div class=\"e-con-inner\">\n\t\t\t\t\t<\/div>\n\t\t\t\t<\/div>\n\t\t<div class=\"elementor-element elementor-element-486edda e-con-full e-flex e-con e-parent\" data-id=\"486edda\" data-element_type=\"container\" data-e-type=\"container\" data-settings=\"{&quot;background_background&quot;:&quot;classic&quot;}\">\n\t\t\t\t<div class=\"elementor-element elementor-element-e9bf5c3 elementor-widget__width-initial elementor-widget elementor-widget-heading\" data-id=\"e9bf5c3\" data-element_type=\"widget\" data-e-type=\"widget\" data-widget_type=\"heading.default\">\n\t\t\t\t<div class=\"elementor-widget-container\">\n\t\t\t\t\t<h2 class=\"elementor-heading-title elementor-size-default\">Tri\u1ec3n l\u00e3m<\/h2>\t\t\t\t<\/div>\n\t\t\t\t<\/div>\n\t\t\t\t<div class=\"elementor-element elementor-element-f52321d elementor-widget__width-initial elementor-widget elementor-widget-heading\" data-id=\"f52321d\" data-element_type=\"widget\" data-e-type=\"widget\" data-widget_type=\"heading.default\">\n\t\t\t\t<div class=\"elementor-widget-container\">\n\t\t\t\t\t<h5 class=\"elementor-heading-title elementor-size-default\">Anmir l\u00e0 th\u01b0\u01a1ng hi\u1ec7u xu\u1ea5t kh\u1ea9u \u0111\u01b0\u1ee3c Ph\u00f2ng Th\u01b0\u01a1ng m\u1ea1i Trung Qu\u1ed1c khuy\u1ebfn ngh\u1ecb v\u1ec1 Xu\u1ea5t nh\u1eadp kh\u1ea9u M\u00e1y m\u00f3c v\u00e0 \u0110i\u1ec7n t\u1eed, v\u00e0 l\u00e0 m\u1ed9t trong nh\u1eefng doanh nghi\u1ec7p \u0111\u1ea7u ti\u00ean trong ng\u00e0nh thi\u1ebft b\u1ecb gia d\u1ee5ng c\u1ee7a Trung Qu\u1ed1c th\u00e2m nh\u1eadp th\u1ecb tr\u01b0\u1eddng qu\u1ed1c t\u1ebf.<\/h5>\t\t\t\t<\/div>\n\t\t\t\t<\/div>\n\t\t\t\t<\/div>\n\t\t<div class=\"elementor-element elementor-element-5b29a11 e-flex e-con-boxed e-con e-parent\" data-id=\"5b29a11\" data-element_type=\"container\" data-e-type=\"container\">\n\t\t\t\t\t<div class=\"e-con-inner\">\n\t\t\t\t<div class=\"elementor-element elementor-element-1e289ea elementor-widget elementor-widget-image\" data-id=\"1e289ea\" data-element_type=\"widget\" data-e-type=\"widget\" data-widget_type=\"image.default\">\n\t\t\t\t<div class=\"elementor-widget-container\">\n\t\t\t\t\t\t\t\t\t\t\t\t\t\t\t<img decoding=\"async\" width=\"300\" height=\"100\" src=\"https:\/\/anmir.com.cn\/wp-content\/uploads\/2025\/01\/logo-1.png\" class=\"attachment-large size-large wp-image-3068\" alt=\"About Zhongshan Anmir Electrical Appliance Industrial Co\" title=\"\">\t\t\t\t\t\t\t\t\t\t\t\t\t\t\t<\/div>\n\t\t\t\t<\/div>\n\t\t\t\t<div class=\"elementor-element elementor-element-b9661bd elementor-widget elementor-widget-heading\" data-id=\"b9661bd\" data-element_type=\"widget\" data-e-type=\"widget\" data-widget_type=\"heading.default\">\n\t\t\t\t<div class=\"elementor-widget-container\">\n\t\t\t\t\t<div class=\"elementor-heading-title elementor-size-default\">\n\u0110\u01b0\u1ee3c ch\u1ee9ng nh\u1eadn b\u1edfi<a href=\"http:\/\/cnca.gov.cn\" target=\"_blank\" rel=\"noopener\"> ISO9001<\/a> <a href=\"http:\/\/cnca.gov.cn\" target=\"_blank\" rel=\"noopener\">ISO14001<\/a> <a href=\"https:\/\/platform.amfori.org\/\" target=\"_blank\" rel=\"noopener\">BSCI <\/a>\n<\/div>\t\t\t\t<\/div>\n\t\t\t\t<\/div>\n\t\t\t\t\t<\/div>\n\t\t\t\t<\/div>\n\t\t\t\t<\/div>","protected":false},"excerpt":{"rendered":"<p>About anmir 22+ Years Experience 35K+ Square meters area covered 600+ Employee 50+ R&amp;D Staff Advanced Automation Equipment OEM\/ODM CUSTOMIZED Dust-free Workshop About Zhongshan Anmir Electrical Appliance Industrial Co.,Ltd Anmir,which was established in 2002,through yearsof pioneering hardwork and firmly grasped the International market development trend andsustainable rapid growth,Anmir experienced with many years in kitchen appliances [&hellip;]<\/p>\n","protected":false},"author":1,"featured_media":0,"parent":0,"menu_order":0,"comment_status":"closed","ping_status":"closed","template":"","meta":{"_uag_custom_page_level_css":"","site-sidebar-layout":"no-sidebar","site-content-layout":"page-builder","ast-site-content-layout":"full-width-container","site-content-style":"unboxed","site-sidebar-style":"unboxed","ast-global-header-display":"","ast-banner-title-visibility":"","ast-main-header-display":"","ast-hfb-above-header-display":"","ast-hfb-below-header-display":"","ast-hfb-mobile-header-display":"","site-post-title":"disabled","ast-breadcrumbs-content":"disabled","ast-featured-img":"disabled","footer-sml-layout":"","ast-disable-related-posts":"","theme-transparent-header-meta":"enabled","adv-header-id-meta":"","stick-header-meta":"","header-above-stick-meta":"","header-main-stick-meta":"","header-below-stick-meta":"","astra-migrate-meta-layouts":"set","ast-page-background-enabled":"default","ast-page-background-meta":{"desktop":{"background-color":"","background-image":"","background-repeat":"repeat","background-position":"center center","background-size":"auto","background-attachment":"scroll","background-type":"","background-media":"","overlay-type":"","overlay-color":"","overlay-opacity":"","overlay-gradient":""},"tablet":{"background-color":"","background-image":"","background-repeat":"repeat","background-position":"center center","background-size":"auto","background-attachment":"scroll","background-type":"","background-media":"","overlay-type":"","overlay-color":"","overlay-opacity":"","overlay-gradient":""},"mobile":{"background-color":"","background-image":"","background-repeat":"repeat","background-position":"center center","background-size":"auto","background-attachment":"scroll","background-type":"","background-media":"","overlay-type":"","overlay-color":"","overlay-opacity":"","overlay-gradient":""}},"ast-content-background-meta":{"desktop":{"background-color":"var(--ast-global-color-5)","background-image":"","background-repeat":"repeat","background-position":"center center","background-size":"auto","background-attachment":"scroll","background-type":"","background-media":"","overlay-type":"","overlay-color":"","overlay-opacity":"","overlay-gradient":""},"tablet":{"background-color":"var(--ast-global-color-5)","background-image":"","background-repeat":"repeat","background-position":"center center","background-size":"auto","background-attachment":"scroll","background-type":"","background-media":"","overlay-type":"","overlay-color":"","overlay-opacity":"","overlay-gradient":""},"mobile":{"background-color":"var(--ast-global-color-5)","background-image":"","background-repeat":"repeat","background-position":"center center","background-size":"auto","background-attachment":"scroll","background-type":"","background-media":"","overlay-type":"","overlay-color":"","overlay-opacity":"","overlay-gradient":""}},"footnotes":""},"class_list":["post-802","page","type-page","status-publish","hentry"],"uagb_featured_image_src":{"full":false,"thumbnail":false,"medium":false,"medium_large":false,"large":false,"1536x1536":false,"2048x2048":false,"trp-custom-language-flag":false,"woocommerce_thumbnail":false,"woocommerce_single":false,"woocommerce_gallery_thumbnail":false},"uagb_author_info":{"display_name":"daniel@anmir.com.cn","author_link":"https:\/\/anmir.com.cn\/vi\/author\/makeup5988gmail-com\/"},"uagb_comment_info":0,"uagb_excerpt":"About anmir 22+ Years Experience 35K+ Square meters area covered 600+ Employee 50+ R&amp;D Staff Advanced Automation Equipment OEM\/ODM CUSTOMIZED Dust-free Workshop About Zhongshan Anmir Electrical Appliance Industrial Co.,Ltd Anmir,which was established in 2002,through yearsof pioneering hardwork and firmly grasped the International market development trend andsustainable rapid growth,Anmir experienced with many years in kitchen appliances&hellip;","_links":{"self":[{"href":"https:\/\/anmir.com.cn\/vi\/wp-json\/wp\/v2\/pages\/802","targetHints":{"allow":["GET"]}}],"collection":[{"href":"https:\/\/anmir.com.cn\/vi\/wp-json\/wp\/v2\/pages"}],"about":[{"href":"https:\/\/anmir.com.cn\/vi\/wp-json\/wp\/v2\/types\/page"}],"author":[{"embeddable":true,"href":"https:\/\/anmir.com.cn\/vi\/wp-json\/wp\/v2\/users\/1"}],"replies":[{"embeddable":true,"href":"https:\/\/anmir.com.cn\/vi\/wp-json\/wp\/v2\/comments?post=802"}],"version-history":[{"count":0,"href":"https:\/\/anmir.com.cn\/vi\/wp-json\/wp\/v2\/pages\/802\/revisions"}],"wp:attachment":[{"href":"https:\/\/anmir.com.cn\/vi\/wp-json\/wp\/v2\/media?parent=802"}],"curies":[{"name":"wp","href":"https:\/\/api.w.org\/{rel}","templated":true}]}}