{"id":1549,"date":"2024-11-06T16:57:32","date_gmt":"2024-11-06T16:57:32","guid":{"rendered":"https:\/\/anmir.com.cn\/?post_type=product&#038;p=1549"},"modified":"2025-08-23T17:05:20","modified_gmt":"2025-08-23T09:05:20","slug":"pcm701","status":"publish","type":"product","link":"https:\/\/anmir.com.cn\/vi\/products\/01-coffee-maker-coffee-bean-grinder\/pcm701\/","title":{"rendered":"M\u00e1y pha c\u00e0 ph\u00ea PCM701"},"content":{"rendered":"<table border=\"0\" width=\"800\">\n<tbody>\n<tr>\n<td style=\"text-align: left;\" valign=\"middle\"><video controls=\"controls\" width=\"400\" height=\"100%\"><source src=\"https:\/\/anmir.com.cn\/wp-content\/uploads\/2025\/03\/PCM701%E8%8B%B1%E8%AF%AD-46m.mp4\" type=\"video\/mp4\" \/><\/video><\/td>\n<td>\n<h6>M\u00e3 s\u1ed1 model: PCM701-m\u00e1y pha c\u00e0 ph\u00ea<\/h6>\n<h6>120V~60Hz 1150W<\/h6>\n<h6>220V~50Hz 1400W<\/h6>\n<p>\u00b7M\u00e1y pha c\u00e0 ph\u00ea Cappuccino 20 Bar.<br \/>\n\u00b7M\u00e1y pha c\u00e0 ph\u00ea espresso c\u00f3 m\u00e1y \u0111\u00e1nh s\u1eefa d\u00e0nh cho gia \u0111\u00ecnh.<br \/>\n\u00b7M\u00e1y pha c\u00e0 ph\u00ea Latte 3 trong 1 c\u00f3 b\u00ecnh ch\u1ee9a s\u1eefa d\u00f9ng cho c\u00e0 ph\u00ea Espresso, Cappuccino v\u00e0 Latte.<br \/>\n\u00b7\u0110\u1ed9 d\u00e0y b\u1ecdt t\u00f9y ch\u1ec9nh.<br \/>\n\u00b7H\u1ec7 th\u1ed1ng t\u1ea1o b\u1ecdt t\u00edch h\u1ee3p h\u00fat s\u1eefa tr\u1ef1c ti\u1ebfp t\u1eeb b\u00ecnh ch\u1ee9a, tr\u1ed9n v\u1edbi h\u01a1i n\u01b0\u1edbc \u0111\u1ec3 t\u1ea1o ra l\u1edbp b\u1ecdt ho\u00e0n h\u1ea3o m\u1ecdi l\u00fac.<br \/>\n\u00b7Gi\u1ecf n\u00e9m \u0111\u01a1n v\u00e0 gi\u1ecf n\u00e9m \u0111\u00f4i.<br \/>\n\u00b7T\u1ef1 \u0111\u1ed9ng t\u1eaft.<br \/>\n\u00b7B\u00ecnh ch\u1ee9a n\u01b0\u1edbc 2,8 l\u00edt v\u00e0 b\u00ecnh ch\u1ee9a s\u1eefa 0,8 l\u00edt c\u00f3 th\u1ec3 th\u00e1o r\u1eddi.<br \/>\n\u00b7Ch\u1ee9c n\u0103ng t\u1ef1 \u0111\u1ed9ng l\u00e0m s\u1ea1ch.<br \/>\n\u00b7M\u00e0n h\u00ecnh IMD c\u1ea3m \u1ee9ng m\u1ec1m.<br \/>\n\u00b7S\u1eed d\u1ee5ng n\u1ed3i h\u01a1i \u0111\u00fac khu\u00f4n \u1ed1ng n\u01b0\u1edbc b\u1eb1ng th\u00e9p kh\u00f4ng g\u1ec9 lo\u1ea1i gia nhi\u1ec7t t\u1ee9c th\u1eddi, \u0111i\u1ec1u khi\u1ec3n h\u01a1i n\u01b0\u1edbc v\u00e0 c\u00e0 ph\u00ea b\u1eb1ng n\u1ed3i h\u01a1i \u0111\u00f4i.<br \/>\n\u00b7Sau khi h\u1ea5p, kh\u00f4ng c\u1ea7n ph\u1ea3i \u0111\u1ee3i pha c\u00e0 ph\u00ea.<br \/>\n\u00b7B\u1ea3o v\u1ec7 an to\u00e0n.<br \/>\n\u00b7Ki\u1ec3m so\u00e1t l\u01b0u l\u01b0\u1ee3ng n\u01b0\u1edbc ch\u00ednh x\u00e1c.<br \/>\n\u00b7Ki\u1ec3m so\u00e1t nhi\u1ec7t \u0111\u1ed9 NTC.<br \/>\n\u00b71400W<\/td>\n<\/tr>\n<\/tbody>\n<\/table>\n<div id=\"ag-1755933376529\"><\/div>\n<div id=\"ag-1755939844198\"><\/div>","protected":false},"excerpt":{"rendered":"<p data-start=\"171\" data-end=\"484\">C\u00e1c <strong data-start=\"175\" data-end=\"206\">M\u00e1y pha c\u00e0 ph\u00ea Anmir PCM701<\/strong> l\u00e0 c\u1ea5p \u0111\u1ed9 chuy\u00ean nghi\u1ec7p <strong data-start=\"231\" data-end=\"264\">m\u00e1y pha c\u00e0 ph\u00ea espresso v\u00e0 cappuccino<\/strong> \u0111\u01b0\u1ee3c thi\u1ebft k\u1ebf \u0111\u1ec3 mang \u0111\u1ed3 u\u1ed1ng theo phong c\u00e1ch qu\u00e1n c\u00e0 ph\u00ea v\u00e0o nh\u00e0 b\u1ea1n. C\u00f3 t\u00ednh n\u0103ng \u1ea5n t\u01b0\u1ee3ng <strong data-start=\"344\" data-end=\"367\">M\u00e1y b\u01a1m \u00dd 20 bar<\/strong>, m\u1ea1nh m\u1ebd n\u00e0y <strong data-start=\"383\" data-end=\"401\">m\u00e1y pha c\u00e0 ph\u00ea<\/strong> \u0111\u1ea3m b\u1ea3o chi\u1ebft xu\u1ea5t t\u1ed1i \u01b0u cho c\u00e0 ph\u00ea espresso \u0111\u1eadm \u0111\u00e0 v\u1edbi h\u01b0\u01a1ng th\u01a1m n\u1ed3ng n\u00e0n v\u00e0 l\u1edbp crema m\u1ecbn m\u00e0ng.<\/p>\n<p data-start=\"486\" data-end=\"870\">\u0110\u01b0\u1ee3c trang b\u1ecb m\u1ed9t <strong data-start=\"502\" data-end=\"527\">H\u1ec7 th\u1ed1ng pha ch\u1ebf 3 trong 1<\/strong>, n\u00f3 cho ph\u00e9p b\u1ea1n pha ch\u1ebf espresso, cappuccino v\u00e0 latte m\u1ed9t c\u00e1ch d\u1ec5 d\u00e0ng. <strong data-start=\"612\" data-end=\"636\">h\u1ec7 th\u1ed1ng t\u1ea1o b\u1ecdt s\u1eefa<\/strong> h\u00fat s\u1eefa tr\u1ef1c ti\u1ebfp t\u1eeb b\u00ecnh c\u00f3 th\u1ec3 th\u00e1o r\u1eddi <strong data-start=\"676\" data-end=\"694\">B\u00ecnh ch\u1ee9a s\u1eefa 0,8 l\u00edt<\/strong>, t\u1ef1 \u0111\u1ed9ng \u0111\u00e1nh b\u1ecdt v\u00e0 t\u1ea1o h\u01a1i n\u01b0\u1edbc theo s\u1edf th\u00edch c\u1ee7a b\u1ea1n. D\u00f9 b\u1ea1n th\u00edch cappuccino b\u00e9o ng\u1eady hay latte m\u1ec1m m\u1ecbn, PCM701 lu\u00f4n mang \u0111\u1ebfn k\u1ebft qu\u1ea3 \u0111\u1ed3ng \u0111\u1ec1u.<\/p>\n<p data-start=\"872\" data-end=\"1246\">C\u00e1c <strong data-start=\"876\" data-end=\"906\">B\u00ecnh ch\u1ee9a n\u01b0\u1edbc c\u00f3 th\u1ec3 th\u00e1o r\u1eddi 2,8L<\/strong> cung c\u1ea5p \u0111\u1ee7 dung t\u00edch cho nhi\u1ec1u kh\u1ea9u ph\u1ea7n \u0103n, trong khi <strong data-start=\"965\" data-end=\"1018\">h\u1ec7 th\u1ed1ng n\u1ed3i h\u01a1i \u0111\u00f4i b\u1eb1ng th\u00e9p kh\u00f4ng g\u1ec9 l\u00e0m n\u00f3ng t\u1ee9c th\u1eddi<\/strong> cho ph\u00e9p pha v\u00e0 h\u1ea5p c\u00f9ng l\u00fac\u2014kh\u00f4ng c\u1ea7n ph\u1ea3i ch\u1edd \u0111\u1ee3i. V\u1edbi <strong data-start=\"1088\" data-end=\"1115\">Ki\u1ec3m so\u00e1t nhi\u1ec7t \u0111\u1ed9 NTC<\/strong>, \u0111i\u1ec1u ch\u1ec9nh l\u01b0u l\u01b0\u1ee3ng n\u01b0\u1edbc ch\u00ednh x\u00e1c v\u00e0 nhi\u1ec1u bi\u1ec7n ph\u00e1p b\u1ea3o v\u1ec7 an to\u00e0n, \u0111i\u1ec1u n\u00e0y <strong data-start=\"1184\" data-end=\"1202\">m\u00e1y pha c\u00e0 ph\u00ea<\/strong> \u0111\u1ea3m b\u1ea3o c\u1ea3 hi\u1ec7u su\u1ea5t v\u00e0 \u0111\u1ed9 tin c\u1eady.<\/p>\n<p data-start=\"1248\" data-end=\"1559\">C\u00e1c t\u00ednh n\u0103ng th\u00e2n thi\u1ec7n v\u1edbi ng\u01b0\u1eddi d\u00f9ng bao g\u1ed3m <strong data-start=\"1281\" data-end=\"1307\">m\u00e0n h\u00ecnh IMD c\u1ea3m \u1ee9ng m\u1ec1m<\/strong>, ch\u1ee9c n\u0103ng t\u1ef1 \u0111\u1ed9ng l\u00e0m s\u1ea1ch, t\u1ef1 \u0111\u1ed9ng t\u1eaft v\u00e0 c\u1ea3 gi\u1ecf \u0111\u1ef1ng c\u00e0 ph\u00ea \u0111\u01a1n v\u00e0 \u0111\u00f4i \u0111\u1ec3 ph\u00f9 h\u1ee3p v\u1edbi s\u1edf th\u00edch c\u1ee7a b\u1ea1n. Phong c\u00e1ch, b\u1ec1n b\u1ec9 v\u00e0 \u0111a n\u0103ng, <strong data-start=\"1448\" data-end=\"1473\">M\u00e1y pha c\u00e0 ph\u00ea PCM701<\/strong> l\u00e0 s\u1ef1 l\u1ef1a ch\u1ecdn ho\u00e0n h\u1ea3o cho nh\u1eefng ng\u01b0\u1eddi \u0111am m\u00ea c\u00e0 ph\u00ea mu\u1ed1n c\u00f3 k\u1ebft qu\u1ea3 chuy\u00ean nghi\u1ec7p ngay t\u1ea1i nh\u00e0.<\/p>","protected":false},"featured_media":1550,"template":"","meta":{"_uag_custom_page_level_css":"","site-sidebar-layout":"default","site-content-layout":"","ast-site-content-layout":"default","site-content-style":"default","site-sidebar-style":"default","ast-global-header-display":"","ast-banner-title-visibility":"","ast-main-header-display":"","ast-hfb-above-header-display":"","ast-hfb-below-header-display":"","ast-hfb-mobile-header-display":"","site-post-title":"","ast-breadcrumbs-content":"","ast-featured-img":"","footer-sml-layout":"","ast-disable-related-posts":"","theme-transparent-header-meta":"default","adv-header-id-meta":"","stick-header-meta":"default","header-above-stick-meta":"","header-main-stick-meta":"","header-below-stick-meta":"","astra-migrate-meta-layouts":"set","ast-page-background-enabled":"default","ast-page-background-meta":{"desktop":{"background-color":"","background-image":"","background-repeat":"repeat","background-position":"center center","background-size":"auto","background-attachment":"scroll","background-type":"","background-media":"","overlay-type":"","overlay-color":"","overlay-opacity":"","overlay-gradient":""},"tablet":{"background-color":"","background-image":"","background-repeat":"repeat","background-position":"center center","background-size":"auto","background-attachment":"scroll","background-type":"","background-media":"","overlay-type":"","overlay-color":"","overlay-opacity":"","overlay-gradient":""},"mobile":{"background-color":"","background-image":"","background-repeat":"repeat","background-position":"center center","background-size":"auto","background-attachment":"scroll","background-type":"","background-media":"","overlay-type":"","overlay-color":"","overlay-opacity":"","overlay-gradient":""}},"ast-content-background-meta":{"desktop":{"background-color":"var(--ast-global-color-5)","background-image":"","background-repeat":"repeat","background-position":"center center","background-size":"auto","background-attachment":"scroll","background-type":"","background-media":"","overlay-type":"","overlay-color":"","overlay-opacity":"","overlay-gradient":""},"tablet":{"background-color":"var(--ast-global-color-5)","background-image":"","background-repeat":"repeat","background-position":"center center","background-size":"auto","background-attachment":"scroll","background-type":"","background-media":"","overlay-type":"","overlay-color":"","overlay-opacity":"","overlay-gradient":""},"mobile":{"background-color":"var(--ast-global-color-5)","background-image":"","background-repeat":"repeat","background-position":"center center","background-size":"auto","background-attachment":"scroll","background-type":"","background-media":"","overlay-type":"","overlay-color":"","overlay-opacity":"","overlay-gradient":""}}},"product_brand":[],"product_cat":[29],"product_tag":[185],"class_list":{"0":"post-1549","1":"product","2":"type-product","3":"status-publish","4":"has-post-thumbnail","6":"product_cat-01-coffee-maker-coffee-bean-grinder","7":"product_tag-anmir-pcm701-3-in-1-latte-machine-with-milk-tank-for-espresso","8":"desktop-align-left","9":"tablet-align-left","10":"mobile-align-left","11":"ast-product-gallery-layout-horizontal-slider","12":"ast-product-gallery-with-no-image","13":"ast-product-tabs-layout-vertical","14":"ast-qv-on-image","16":"first","17":"instock","18":"shipping-taxable","19":"product-type-simple"},"uagb_featured_image_src":{"full":["https:\/\/anmir.com.cn\/wp-content\/uploads\/2024\/11\/PCM701.jpg",800,800,false],"thumbnail":["https:\/\/anmir.com.cn\/wp-content\/uploads\/2024\/11\/PCM701-150x150.jpg",150,150,true],"medium":["https:\/\/anmir.com.cn\/wp-content\/uploads\/2024\/11\/PCM701-300x300.jpg",300,300,true],"medium_large":["https:\/\/anmir.com.cn\/wp-content\/uploads\/2024\/11\/PCM701-768x768.jpg",768,768,true],"large":["https:\/\/anmir.com.cn\/wp-content\/uploads\/2024\/11\/PCM701.jpg",800,800,false],"1536x1536":["https:\/\/anmir.com.cn\/wp-content\/uploads\/2024\/11\/PCM701.jpg",800,800,false],"2048x2048":["https:\/\/anmir.com.cn\/wp-content\/uploads\/2024\/11\/PCM701.jpg",800,800,false],"trp-custom-language-flag":["https:\/\/anmir.com.cn\/wp-content\/uploads\/2024\/11\/PCM701.jpg",12,12,false],"woocommerce_thumbnail":["https:\/\/anmir.com.cn\/wp-content\/uploads\/2024\/11\/PCM701-300x300.jpg",300,300,true],"woocommerce_single":["https:\/\/anmir.com.cn\/wp-content\/uploads\/2024\/11\/PCM701-600x600.jpg",600,600,true],"woocommerce_gallery_thumbnail":["https:\/\/anmir.com.cn\/wp-content\/uploads\/2024\/11\/PCM701-100x100.jpg",100,100,true]},"uagb_author_info":{"display_name":"daniel@anmir.com.cn","author_link":"https:\/\/anmir.com.cn\/vi\/author\/"},"uagb_comment_info":0,"uagb_excerpt":"The Anmir PCM701 Coffee Machine is a professional-grade espresso and cappuccino maker designed to bring caf\u00e9-style beverages into your home. Featuring an impressive 20-bar Italian pump, this powerful coffee machine ensures optimal extraction for rich espresso with a bold aroma and smooth crema. Equipped with a 3-in-1 brewing system, it allows you to prepare espresso,&hellip;","_links":{"self":[{"href":"https:\/\/anmir.com.cn\/vi\/wp-json\/wp\/v2\/product\/1549","targetHints":{"allow":["GET"]}}],"collection":[{"href":"https:\/\/anmir.com.cn\/vi\/wp-json\/wp\/v2\/product"}],"about":[{"href":"https:\/\/anmir.com.cn\/vi\/wp-json\/wp\/v2\/types\/product"}],"wp:featuredmedia":[{"embeddable":true,"href":"https:\/\/anmir.com.cn\/vi\/wp-json\/wp\/v2\/media\/1550"}],"wp:attachment":[{"href":"https:\/\/anmir.com.cn\/vi\/wp-json\/wp\/v2\/media?parent=1549"}],"wp:term":[{"taxonomy":"product_brand","embeddable":true,"href":"https:\/\/anmir.com.cn\/vi\/wp-json\/wp\/v2\/product_brand?post=1549"},{"taxonomy":"product_cat","embeddable":true,"href":"https:\/\/anmir.com.cn\/vi\/wp-json\/wp\/v2\/product_cat?post=1549"},{"taxonomy":"product_tag","embeddable":true,"href":"https:\/\/anmir.com.cn\/vi\/wp-json\/wp\/v2\/product_tag?post=1549"}],"curies":[{"name":"wp","href":"https:\/\/api.w.org\/{rel}","templated":true}]}}