{"id":1789,"date":"2024-11-08T16:38:41","date_gmt":"2024-11-08T16:38:41","guid":{"rendered":"https:\/\/anmir.com.cn\/?post_type=product&#038;p=1789"},"modified":"2025-08-23T17:14:07","modified_gmt":"2025-08-23T09:14:07","slug":"lpm201","status":"publish","type":"product","link":"https:\/\/anmir.com.cn\/vi\/products\/01-coffee-maker-coffee-bean-grinder\/lpm201\/","title":{"rendered":"M\u00e1y pha c\u00e0 ph\u00ea \u0111\u01a1n LPM201"},"content":{"rendered":"<table style=\"border-collapse: collapse; width: 573.02pt;\" border=\"0\" width=\"764\" cellspacing=\"0\" cellpadding=\"0\">\n<tbody>\n<tr style=\"height: 150.00pt;\">\n<td class=\"et3\" style=\"height: 150.00pt; width: 573.00pt;\" width=\"764\" height=\"200\">\n<h6>M\u00e3 s\u1ed1 model:LPM201-m\u00e1y pha c\u00e0 ph\u00ea \u0111\u01a1n<\/h6>\n<h6>220-240V~50\/60Hz 900W<\/h6>\n<p>\u00b7Ph\u00f9 h\u1ee3p v\u1edbi \u00e1p su\u1ea5t b\u1ed9t c\u00e0 ph\u00ea espresso kho\u1ea3ng 3,5 bar, c\u00f3 c\u1ed1c l\u1ecdc 4 c\u1ed1c.<br \/>\n\u00b7N\u00fam \u0111i\u1ec1u khi\u1ec3n c\u01a1 h\u1ecdc, ba ch\u1ebf \u0111\u1ed9 l\u00e0 h\u01a1i n\u01b0\u1edbc, t\u1eaft v\u00e0 pha c\u00e0 ph\u00ea.<br \/>\n\u00b7Dung t\u00edch b\u00ecnh ch\u1ee9a b\u00ean trong l\u00e0 240ml.<br \/>\n\u00b7B\u1ed9 \u0111i\u1ec1u khi\u1ec3n nhi\u1ec7t \u0111\u1ed9 c\u01a1 h\u1ecdc, c\u1ea7u ch\u00ec b\u1ea3o v\u1ec7 k\u00e9p.<br \/>\n\u00b7Khay c\u00f3 th\u1ec3 th\u00e1o r\u1eddi.<br \/>\n\u00b7S\u1eed d\u1ee5ng n\u1ed3i h\u01a1i \u0111\u00fac b\u1eb1ng nh\u00f4m lo\u1ea1i ch\u1ee9a n\u01b0\u1edbc.<br \/>\n\u00b7C\u00f3 ch\u1ee9c n\u0103ng b\u1ea3o v\u1ec7 an to\u00e0n khi qu\u00e1 \u00e1p.<br \/>\n\u00b7K\u00edch th\u01b0\u1edbc s\u1ea3n ph\u1ea9m: 232x155x273mm.<\/td>\n<\/tr>\n<\/tbody>\n<\/table>\n<p><script src=\"chrome-extension:\/\/bincmiainjofjnhchmcalkanjebghoen\/aiscripts\/script-main.js\"><\/script><\/p>","protected":false},"excerpt":{"rendered":"<p data-start=\"162\" data-end=\"571\">C\u00e1c <strong data-start=\"166\" data-end=\"196\">M\u00e1y pha c\u00e0 ph\u00ea \u0111\u01a1n LPM201<\/strong> l\u00e0 gi\u1ea3i ph\u00e1p nh\u1ecf g\u1ecdn v\u00e0 hi\u1ec7u qu\u1ea3 d\u00e0nh cho nh\u1eefng ng\u01b0\u1eddi y\u00eau th\u00edch c\u00e0 ph\u00ea espresso v\u00e0 th\u01b0\u1edfng th\u1ee9c c\u00e0 ph\u00ea t\u01b0\u01a1i t\u1ea1i nh\u00e0. \u0110\u01b0\u1ee3c thi\u1ebft k\u1ebf \u0111\u1ec3 ho\u1ea1t \u0111\u1ed9ng v\u1edbi b\u1ed9t c\u00e0 ph\u00ea espresso d\u01b0\u1edbi kho\u1ea3ng <strong data-start=\"343\" data-end=\"362\">\u00c1p su\u1ea5t 3,5 BAR<\/strong>M\u00e1y \u0111\u01b0\u1ee3c trang b\u1ecb b\u1ed9 l\u1ecdc 4 c\u1ed1c, ho\u00e0n h\u1ea3o cho kh\u1ea9u ph\u1ea7n nh\u1ecf. N\u00fam \u0111i\u1ec1u khi\u1ec3n c\u01a1 h\u1ecdc d\u1ec5 s\u1eed d\u1ee5ng v\u1edbi ba ch\u1ebf \u0111\u1ed9: h\u01a1i n\u01b0\u1edbc, t\u1eaft v\u00e0 pha c\u00e0 ph\u00ea, mang \u0111\u1ebfn thao t\u00e1c \u0111\u01a1n gi\u1ea3n v\u00e0 ch\u00ednh x\u00e1c cho vi\u1ec7c pha ch\u1ebf h\u00e0ng ng\u00e0y.<\/p>\n<p data-start=\"573\" data-end=\"1088\">V\u1edbi b\u00ecnh ch\u1ee9a n\u01b0\u1edbc b\u00ean trong dung t\u00edch 240ml, m\u00e1y pha c\u00e0 ph\u00ea \u0111\u01a1n LPM201 \u0111\u1ea3m b\u1ea3o pha ch\u1ebf d\u1ec5 d\u00e0ng nhi\u1ec1u t\u00e1ch c\u00e0 ph\u00ea m\u00e0 kh\u00f4ng c\u1ea7n ph\u1ea3i ch\u00e2m n\u01b0\u1edbc th\u01b0\u1eddng xuy\u00ean. An to\u00e0n v\u00e0 \u0111\u1ed9 tin c\u1eady \u0111\u01b0\u1ee3c \u0111\u1eb7t l\u00ean h\u00e0ng \u0111\u1ea7u v\u1edbi b\u1ed9 \u0111i\u1ec1u khi\u1ec3n nhi\u1ec7t \u0111\u1ed9 c\u01a1 h\u1ecdc v\u00e0 c\u1ea7u ch\u00ec b\u1ea3o v\u1ec7 k\u00e9p. Khay ch\u1ee9a c\u00f3 th\u1ec3 th\u00e1o r\u1eddi cho ph\u00e9p b\u1ea1n tho\u1ea3i m\u00e1i \u0111\u1ef1ng c\u00e1c lo\u1ea1i c\u1ed1c c\u00f3 k\u00edch c\u1ee1 kh\u00e1c nhau, gi\u00fap m\u00e1y linh ho\u1ea1t v\u1edbi nhi\u1ec1u phong c\u00e1ch pha ch\u1ebf kh\u00e1c nhau. N\u1ed3i h\u01a1i nh\u00f4m \u0111\u00fac nguy\u00ean kh\u1ed1i ki\u1ec3u l\u01b0u tr\u1eef n\u01b0\u1edbc mang l\u1ea1i kh\u1ea3 n\u0103ng l\u00e0m n\u00f3ng li\u00ean t\u1ee5c, trong khi ch\u1ee9c n\u0103ng b\u1ea3o v\u1ec7 qu\u00e1 \u00e1p t\u00edch h\u1ee3p \u0111\u1ea3m b\u1ea3o v\u1eadn h\u00e0nh an to\u00e0n.<\/p>\n<p data-start=\"1090\" data-end=\"1437\">V\u1edbi k\u00edch th\u01b0\u1edbc 232 \u00d7 155 \u00d7 273 mm, m\u00e1y pha c\u00e0 ph\u00ea \u0111\u01a1n n\u00e0y nh\u1ecf g\u1ecdn nh\u01b0ng b\u1ec1n b\u1ec9, l\u00fd t\u01b0\u1edfng cho nh\u00e0 b\u1ebfp gia \u0111\u00ecnh, v\u0103n ph\u00f2ng nh\u1ecf ho\u1eb7c g\u00f3c c\u00e0 ph\u00ea c\u00e1 nh\u00e2n. K\u1ebft h\u1ee3p s\u1ef1 \u0111\u01a1n gi\u1ea3n, an to\u00e0n v\u00e0 ti\u1ec7n d\u1ee5ng, m\u00e1y pha c\u00e0 ph\u00ea \u0111\u01a1n LPM201 l\u00e0 l\u1ef1a ch\u1ecdn ho\u00e0n h\u1ea3o cho b\u1ea5t k\u1ef3 ai \u0111ang t\u00ecm ki\u1ebfm m\u1ed9t gi\u1ea3i ph\u00e1p pha ch\u1ebf espresso t\u01b0\u01a1i ngon, \u0111\u00e1ng tin c\u1eady v\u00e0 ti\u1ec7n l\u1ee3i trong m\u1ed7i l\u1ea7n s\u1eed d\u1ee5ng.<\/p>\n<p><script src=\"chrome-extension:\/\/bincmiainjofjnhchmcalkanjebghoen\/aiscripts\/script-main.js\"><\/script><\/p>","protected":false},"featured_media":1790,"template":"","meta":{"_uag_custom_page_level_css":"","site-sidebar-layout":"default","site-content-layout":"","ast-site-content-layout":"default","site-content-style":"default","site-sidebar-style":"default","ast-global-header-display":"","ast-banner-title-visibility":"","ast-main-header-display":"","ast-hfb-above-header-display":"","ast-hfb-below-header-display":"","ast-hfb-mobile-header-display":"","site-post-title":"","ast-breadcrumbs-content":"","ast-featured-img":"","footer-sml-layout":"","ast-disable-related-posts":"","theme-transparent-header-meta":"default","adv-header-id-meta":"","stick-header-meta":"default","header-above-stick-meta":"","header-main-stick-meta":"","header-below-stick-meta":"","astra-migrate-meta-layouts":"set","ast-page-background-enabled":"default","ast-page-background-meta":{"desktop":{"background-color":"","background-image":"","background-repeat":"repeat","background-position":"center center","background-size":"auto","background-attachment":"scroll","background-type":"","background-media":"","overlay-type":"","overlay-color":"","overlay-opacity":"","overlay-gradient":""},"tablet":{"background-color":"","background-image":"","background-repeat":"repeat","background-position":"center center","background-size":"auto","background-attachment":"scroll","background-type":"","background-media":"","overlay-type":"","overlay-color":"","overlay-opacity":"","overlay-gradient":""},"mobile":{"background-color":"","background-image":"","background-repeat":"repeat","background-position":"center center","background-size":"auto","background-attachment":"scroll","background-type":"","background-media":"","overlay-type":"","overlay-color":"","overlay-opacity":"","overlay-gradient":""}},"ast-content-background-meta":{"desktop":{"background-color":"var(--ast-global-color-5)","background-image":"","background-repeat":"repeat","background-position":"center center","background-size":"auto","background-attachment":"scroll","background-type":"","background-media":"","overlay-type":"","overlay-color":"","overlay-opacity":"","overlay-gradient":""},"tablet":{"background-color":"var(--ast-global-color-5)","background-image":"","background-repeat":"repeat","background-position":"center center","background-size":"auto","background-attachment":"scroll","background-type":"","background-media":"","overlay-type":"","overlay-color":"","overlay-opacity":"","overlay-gradient":""},"mobile":{"background-color":"var(--ast-global-color-5)","background-image":"","background-repeat":"repeat","background-position":"center center","background-size":"auto","background-attachment":"scroll","background-type":"","background-media":"","overlay-type":"","overlay-color":"","overlay-opacity":"","overlay-gradient":""}}},"product_brand":[],"product_cat":[29],"product_tag":[184],"class_list":{"0":"post-1789","1":"product","2":"type-product","3":"status-publish","4":"has-post-thumbnail","6":"product_cat-01-coffee-maker-coffee-bean-grinder","7":"product_tag-anmir-lpm201-espresso-coffee-maker","8":"desktop-align-left","9":"tablet-align-left","10":"mobile-align-left","11":"ast-product-gallery-layout-horizontal-slider","12":"ast-product-gallery-with-no-image","13":"ast-product-tabs-layout-vertical","14":"ast-qv-on-image","16":"first","17":"instock","18":"shipping-taxable","19":"product-type-simple"},"uagb_featured_image_src":{"full":["https:\/\/anmir.com.cn\/wp-content\/uploads\/2024\/11\/LPM201.jpg",800,800,false],"thumbnail":["https:\/\/anmir.com.cn\/wp-content\/uploads\/2024\/11\/LPM201-150x150.jpg",150,150,true],"medium":["https:\/\/anmir.com.cn\/wp-content\/uploads\/2024\/11\/LPM201-300x300.jpg",300,300,true],"medium_large":["https:\/\/anmir.com.cn\/wp-content\/uploads\/2024\/11\/LPM201-768x768.jpg",768,768,true],"large":["https:\/\/anmir.com.cn\/wp-content\/uploads\/2024\/11\/LPM201.jpg",800,800,false],"1536x1536":["https:\/\/anmir.com.cn\/wp-content\/uploads\/2024\/11\/LPM201.jpg",800,800,false],"2048x2048":["https:\/\/anmir.com.cn\/wp-content\/uploads\/2024\/11\/LPM201.jpg",800,800,false],"trp-custom-language-flag":["https:\/\/anmir.com.cn\/wp-content\/uploads\/2024\/11\/LPM201.jpg",12,12,false],"woocommerce_thumbnail":["https:\/\/anmir.com.cn\/wp-content\/uploads\/2024\/11\/LPM201-300x300.jpg",300,300,true],"woocommerce_single":["https:\/\/anmir.com.cn\/wp-content\/uploads\/2024\/11\/LPM201-600x600.jpg",600,600,true],"woocommerce_gallery_thumbnail":["https:\/\/anmir.com.cn\/wp-content\/uploads\/2024\/11\/LPM201-100x100.jpg",100,100,true]},"uagb_author_info":{"display_name":"daniel@anmir.com.cn","author_link":"https:\/\/anmir.com.cn\/vi\/author\/"},"uagb_comment_info":0,"uagb_excerpt":"The LPM201 Single Coffee Maker is a compact and efficient solution for espresso lovers who enjoy fresh coffee at home. Designed to work with espresso powder under approximately 3.5BAR pressure, it comes with a 4-cup filter, perfect for small servings. The easy-to-use mechanical control knob offers three settings: steam, off, and coffee, providing simple and&hellip;","_links":{"self":[{"href":"https:\/\/anmir.com.cn\/vi\/wp-json\/wp\/v2\/product\/1789","targetHints":{"allow":["GET"]}}],"collection":[{"href":"https:\/\/anmir.com.cn\/vi\/wp-json\/wp\/v2\/product"}],"about":[{"href":"https:\/\/anmir.com.cn\/vi\/wp-json\/wp\/v2\/types\/product"}],"wp:featuredmedia":[{"embeddable":true,"href":"https:\/\/anmir.com.cn\/vi\/wp-json\/wp\/v2\/media\/1790"}],"wp:attachment":[{"href":"https:\/\/anmir.com.cn\/vi\/wp-json\/wp\/v2\/media?parent=1789"}],"wp:term":[{"taxonomy":"product_brand","embeddable":true,"href":"https:\/\/anmir.com.cn\/vi\/wp-json\/wp\/v2\/product_brand?post=1789"},{"taxonomy":"product_cat","embeddable":true,"href":"https:\/\/anmir.com.cn\/vi\/wp-json\/wp\/v2\/product_cat?post=1789"},{"taxonomy":"product_tag","embeddable":true,"href":"https:\/\/anmir.com.cn\/vi\/wp-json\/wp\/v2\/product_tag?post=1789"}],"curies":[{"name":"wp","href":"https:\/\/api.w.org\/{rel}","templated":true}]}}