{"id":1797,"date":"2024-11-08T16:40:24","date_gmt":"2024-11-08T16:40:24","guid":{"rendered":"https:\/\/anmir.com.cn\/?post_type=product&#038;p=1797"},"modified":"2025-08-23T17:21:10","modified_gmt":"2025-08-23T09:21:10","slug":"kc301","status":"publish","type":"product","link":"https:\/\/anmir.com.cn\/vi\/products\/01-coffee-maker-coffee-bean-grinder\/kc301\/","title":{"rendered":"C\u1ed1c c\u00e0 ph\u00ea KC301-k"},"content":{"rendered":"<table style=\"border-collapse: collapse; width: 573.02pt;\" border=\"0\" width=\"764\" cellspacing=\"0\" cellpadding=\"0\">\n<tbody>\n<tr style=\"height: 150.00pt;\">\n<td class=\"et3\" style=\"height: 150.00pt; width: 573.00pt;\" width=\"764\" height=\"200\">\n<h6>M\u00e3 s\u1ed1 m\u1eabu: KC301-k c\u1ed1c c\u00e0 ph\u00ea<\/h6>\n<h6>120V~60Hz 1000W<\/h6>\n<p>\u00b7Th\u00edch h\u1ee3p cho vi\u00ean n\u00e9n American K-Cup (h\u1ed9p vi\u00ean n\u00e9n c\u00f3 th\u1ec3 th\u00e1o r\u1eddi, d\u1ec5 v\u1ec7 sinh v\u00e0 s\u1eed d\u1ee5ng \u0111\u01b0\u1ee3c v\u1edbi m\u00e1y r\u1eeda ch\u00e9n), c\u00f3 h\u1ed9p \u0111\u1ef1ng b\u1ed9t c\u00e0 ph\u00ea \u0111\u1ec3 thay th\u1ebf tr\u1ef1c ti\u1ebfp vi\u00ean n\u00e9n.<br \/>\n\u00b7C\u1eeda s\u1ed5 ch\u1ee9a n\u01b0\u1edbc c\u00f3 th\u1ec3 nh\u00ecn th\u1ea5y -T\u1ed0I \u0110A- dung t\u00edch 16oz;<br \/>\n\u00b7Th\u1eddi gian ph\u1ea3n \u1ee9ng ki\u1ec3m so\u00e1t nhi\u1ec7t \u0111\u1ed9 NTC nh\u1ecf h\u01a1n 2 gi\u00e2y, nhi\u1ec7t \u0111\u1ed9 c\u00e0 ph\u00ea l\u00e0 80\u2103\u00b15\u2103,<br \/>\n\u00b7Th\u00edch h\u1ee3p v\u1edbi nhi\u1ec7t \u0111\u1ed9 n\u01b0\u1edbc \u226518\u2103. Chi\u1ec1u cao c\u1ed1c ph\u00f9 h\u1ee3p l\u00e0 \u2264210mm.<br \/>\n\u00b7B\u1ed9 ph\u1eadn ki\u1ec3m so\u00e1t nhi\u1ec7t b\u1eb1ng nh\u00f4m h\u00ecnh ch\u1eef U.<br \/>\n\u00b7\u0110\u1ed9 \u1ed3n khi pha c\u00e0 ph\u00ea nh\u1ecf h\u01a1n 60dB.<br \/>\n\u00b7T\u1ef1 \u0111\u1ed9ng ph\u00e1t hi\u1ec7n c\u1ea3nh b\u00e1o thi\u1ebfu n\u01b0\u1edbc v\u00e0 c\u1ea3nh b\u00e1o b\u1ea3o v\u1ec7 ch\u00e1y kh\u00f4 b\u1ea5t th\u01b0\u1eddng.<br \/>\n\u00b7L\u01b0\u1ee3ng b\u1ed9t t\u1ed1i \u0111a l\u00e0 35g.<\/td>\n<\/tr>\n<\/tbody>\n<\/table>\n<p>&nbsp;<\/p>\n<div id=\"ag-1755940791163\"><\/div>","protected":false},"excerpt":{"rendered":"<p data-start=\"160\" data-end=\"647\">C\u00e1c <strong data-start=\"164\" data-end=\"192\">M\u00e1y pha c\u00e0 ph\u00ea KC301-K Cup<\/strong> l\u00e0 m\u1ed9t m\u00e1y pha c\u00e0 ph\u00ea \u0111a n\u0103ng v\u00e0 ti\u1ec7n l\u1ee3i \u0111\u01b0\u1ee3c thi\u1ebft k\u1ebf d\u00e0nh cho nh\u1eefng ng\u01b0\u1eddi \u0111am m\u00ea c\u00e0 ph\u00ea th\u00edch <strong data-start=\"273\" data-end=\"300\">Vi\u00ean nang K-Cup c\u1ee7a M\u1ef9<\/strong> Ngo\u00e0i c\u00e0 ph\u00ea xay, m\u00e1y c\u00f2n c\u00f3 h\u1ed9p \u0111\u1ef1ng vi\u00ean n\u00e9n c\u00f3 th\u1ec3 th\u00e1o r\u1eddi, d\u1ec5 v\u1ec7 sinh v\u00e0 an to\u00e0n v\u1edbi m\u00e1y r\u1eeda ch\u00e9n. M\u00e1y c\u0169ng bao g\u1ed3m h\u1ed9p \u0111\u1ef1ng b\u1ed9t c\u00e0 ph\u00ea \u0111\u1ec3 pha tr\u1ef1c ti\u1ebfp m\u00e0 kh\u00f4ng c\u1ea7n vi\u00ean n\u00e9n. C\u1eeda s\u1ed5 n\u01b0\u1edbc trong su\u1ed1t v\u1edbi dung t\u00edch t\u1ed1i \u0111a 16oz (450ml) gi\u00fap vi\u1ec7c ch\u00e2m n\u01b0\u1edbc d\u1ec5 d\u00e0ng, \u0111\u1ed3ng th\u1eddi m\u00e1y c\u00f3 th\u1ec3 ch\u1ee9a \u0111\u01b0\u1ee3c c\u1ed1c cao \u0111\u1ebfn 210mm, l\u00fd t\u01b0\u1edfng cho nh\u1eefng chi\u1ebfc c\u1ed1c cao.<\/p>\n<p data-start=\"649\" data-end=\"1159\">\u0110\u01b0\u1ee3c trang b\u1ecb h\u1ec7 th\u1ed1ng ki\u1ec3m so\u00e1t nhi\u1ec7t \u0111\u1ed9 NTC ph\u1ea3n \u1ee9ng nhanh, KC301 pha c\u00e0 ph\u00ea \u1edf nhi\u1ec7t \u0111\u1ed9 l\u00fd t\u01b0\u1edfng 80\u00b0C \u00b15\u00b0C ch\u1ec9 trong v\u00e0i gi\u00e2y, ph\u00f9 h\u1ee3p v\u1edbi nhi\u1ec7t \u0111\u1ed9 n\u01b0\u1edbc tr\u00ean 18\u00b0C. Thanh gia nhi\u1ec7t b\u1eb1ng nh\u00f4m h\u00ecnh ch\u1eef U mang l\u1ea1i hi\u1ec7u qu\u1ea3 gia nhi\u1ec7t \u0111\u1ec1u v\u00e0 \u00eam \u00e1i, m\u00e1y ho\u1ea1t \u0111\u1ed9ng \u00eam \u00e1i v\u1edbi \u0111\u1ed9 \u1ed3n d\u01b0\u1edbi 60dB. M\u00e1y c\u0169ng \u0111\u01b0\u1ee3c trang b\u1ecb c\u00e1c ch\u1ee9c n\u0103ng an to\u00e0n v\u00e0 ti\u1ec7n l\u1ee3i nh\u01b0 t\u1ef1 \u0111\u1ed9ng ph\u00e1t hi\u1ec7n thi\u1ebfu n\u01b0\u1edbc, b\u1ea3o v\u1ec7 ch\u1ed1ng ch\u00e1y kh\u00f4 v\u00e0 dung t\u00edch ch\u1ee9a b\u1ed9t c\u00e0 ph\u00ea t\u1ed1i \u0111a 35g cho ph\u00e9p t\u00f9y ch\u1ec9nh ch\u1ebf \u0111\u1ed9 pha.<\/p>\n<p data-start=\"1161\" data-end=\"1517\">Nh\u1ecf g\u1ecdn, \u0111\u00e1ng tin c\u1eady v\u00e0 d\u1ec5 s\u1eed d\u1ee5ng, m\u00e1y pha c\u00e0 ph\u00ea KC301-K Cup k\u1ebft h\u1ee3p hi\u1ec7u qu\u1ea3, an to\u00e0n v\u00e0 hi\u1ec7u su\u1ea5t ch\u1ea5t l\u01b0\u1ee3ng cao. D\u00f9 b\u1ea1n th\u00edch vi\u00ean n\u00e9n K-Cup hay b\u1ed9t c\u00e0 ph\u00ea t\u01b0\u01a1i, m\u00e1y pha c\u00e0 ph\u00ea n\u00e0y lu\u00f4n mang \u0111\u1ebfn nh\u1eefng ly c\u00e0 ph\u00ea \u0111\u1eadm \u0111\u00e0, th\u01a1m ngon, tr\u1edf th\u00e0nh v\u1eadt d\u1ee5ng kh\u00f4ng th\u1ec3 thi\u1ebfu cho b\u1ea5t k\u1ef3 ai. <strong data-start=\"1438\" data-end=\"1454\">C\u00e0 ph\u00ea K Cup<\/strong> ng\u01b0\u1eddi y\u00eau. Ho\u00e0n h\u1ea3o cho gia \u0111\u00ecnh, v\u0103n ph\u00f2ng ho\u1eb7c g\u00f3c c\u00e0 ph\u00ea c\u00e1 nh\u00e2n.<\/p>","protected":false},"featured_media":1798,"template":"","meta":{"_uag_custom_page_level_css":"","site-sidebar-layout":"default","site-content-layout":"","ast-site-content-layout":"default","site-content-style":"default","site-sidebar-style":"default","ast-global-header-display":"","ast-banner-title-visibility":"","ast-main-header-display":"","ast-hfb-above-header-display":"","ast-hfb-below-header-display":"","ast-hfb-mobile-header-display":"","site-post-title":"","ast-breadcrumbs-content":"","ast-featured-img":"","footer-sml-layout":"","ast-disable-related-posts":"","theme-transparent-header-meta":"default","adv-header-id-meta":"","stick-header-meta":"default","header-above-stick-meta":"","header-main-stick-meta":"","header-below-stick-meta":"","astra-migrate-meta-layouts":"set","ast-page-background-enabled":"default","ast-page-background-meta":{"desktop":{"background-color":"","background-image":"","background-repeat":"repeat","background-position":"center center","background-size":"auto","background-attachment":"scroll","background-type":"","background-media":"","overlay-type":"","overlay-color":"","overlay-opacity":"","overlay-gradient":""},"tablet":{"background-color":"","background-image":"","background-repeat":"repeat","background-position":"center center","background-size":"auto","background-attachment":"scroll","background-type":"","background-media":"","overlay-type":"","overlay-color":"","overlay-opacity":"","overlay-gradient":""},"mobile":{"background-color":"","background-image":"","background-repeat":"repeat","background-position":"center center","background-size":"auto","background-attachment":"scroll","background-type":"","background-media":"","overlay-type":"","overlay-color":"","overlay-opacity":"","overlay-gradient":""}},"ast-content-background-meta":{"desktop":{"background-color":"var(--ast-global-color-5)","background-image":"","background-repeat":"repeat","background-position":"center center","background-size":"auto","background-attachment":"scroll","background-type":"","background-media":"","overlay-type":"","overlay-color":"","overlay-opacity":"","overlay-gradient":""},"tablet":{"background-color":"var(--ast-global-color-5)","background-image":"","background-repeat":"repeat","background-position":"center center","background-size":"auto","background-attachment":"scroll","background-type":"","background-media":"","overlay-type":"","overlay-color":"","overlay-opacity":"","overlay-gradient":""},"mobile":{"background-color":"var(--ast-global-color-5)","background-image":"","background-repeat":"repeat","background-position":"center center","background-size":"auto","background-attachment":"scroll","background-type":"","background-media":"","overlay-type":"","overlay-color":"","overlay-opacity":"","overlay-gradient":""}}},"product_brand":[],"product_cat":[29],"product_tag":[180],"class_list":{"0":"post-1797","1":"product","2":"type-product","3":"status-publish","4":"has-post-thumbnail","6":"product_cat-01-coffee-maker-coffee-bean-grinder","7":"product_tag-anmir-kc301-ice-coffee-maker","8":"desktop-align-left","9":"tablet-align-left","10":"mobile-align-left","11":"ast-product-gallery-layout-horizontal-slider","12":"ast-product-gallery-with-no-image","13":"ast-product-tabs-layout-vertical","14":"ast-qv-on-image","16":"first","17":"instock","18":"shipping-taxable","19":"product-type-simple"},"uagb_featured_image_src":{"full":["https:\/\/anmir.com.cn\/wp-content\/uploads\/2024\/11\/KC301.jpg",800,800,false],"thumbnail":["https:\/\/anmir.com.cn\/wp-content\/uploads\/2024\/11\/KC301-150x150.jpg",150,150,true],"medium":["https:\/\/anmir.com.cn\/wp-content\/uploads\/2024\/11\/KC301-300x300.jpg",300,300,true],"medium_large":["https:\/\/anmir.com.cn\/wp-content\/uploads\/2024\/11\/KC301-768x768.jpg",768,768,true],"large":["https:\/\/anmir.com.cn\/wp-content\/uploads\/2024\/11\/KC301.jpg",800,800,false],"1536x1536":["https:\/\/anmir.com.cn\/wp-content\/uploads\/2024\/11\/KC301.jpg",800,800,false],"2048x2048":["https:\/\/anmir.com.cn\/wp-content\/uploads\/2024\/11\/KC301.jpg",800,800,false],"trp-custom-language-flag":["https:\/\/anmir.com.cn\/wp-content\/uploads\/2024\/11\/KC301.jpg",12,12,false],"woocommerce_thumbnail":["https:\/\/anmir.com.cn\/wp-content\/uploads\/2024\/11\/KC301-300x300.jpg",300,300,true],"woocommerce_single":["https:\/\/anmir.com.cn\/wp-content\/uploads\/2024\/11\/KC301-600x600.jpg",600,600,true],"woocommerce_gallery_thumbnail":["https:\/\/anmir.com.cn\/wp-content\/uploads\/2024\/11\/KC301-100x100.jpg",100,100,true]},"uagb_author_info":{"display_name":"daniel@anmir.com.cn","author_link":"https:\/\/anmir.com.cn\/vi\/author\/"},"uagb_comment_info":0,"uagb_excerpt":"The KC301-K Cup Coffee Maker is a versatile and convenient machine designed for coffee enthusiasts who enjoy American K-Cup capsules as well as ground coffee. Featuring a removable capsule box that is easy to clean and dishwasher-safe, it also includes a coffee powder box for direct brewing without a capsule. The visible water window with&hellip;","_links":{"self":[{"href":"https:\/\/anmir.com.cn\/vi\/wp-json\/wp\/v2\/product\/1797","targetHints":{"allow":["GET"]}}],"collection":[{"href":"https:\/\/anmir.com.cn\/vi\/wp-json\/wp\/v2\/product"}],"about":[{"href":"https:\/\/anmir.com.cn\/vi\/wp-json\/wp\/v2\/types\/product"}],"wp:featuredmedia":[{"embeddable":true,"href":"https:\/\/anmir.com.cn\/vi\/wp-json\/wp\/v2\/media\/1798"}],"wp:attachment":[{"href":"https:\/\/anmir.com.cn\/vi\/wp-json\/wp\/v2\/media?parent=1797"}],"wp:term":[{"taxonomy":"product_brand","embeddable":true,"href":"https:\/\/anmir.com.cn\/vi\/wp-json\/wp\/v2\/product_brand?post=1797"},{"taxonomy":"product_cat","embeddable":true,"href":"https:\/\/anmir.com.cn\/vi\/wp-json\/wp\/v2\/product_cat?post=1797"},{"taxonomy":"product_tag","embeddable":true,"href":"https:\/\/anmir.com.cn\/vi\/wp-json\/wp\/v2\/product_tag?post=1797"}],"curies":[{"name":"wp","href":"https:\/\/api.w.org\/{rel}","templated":true}]}}