{"id":1801,"date":"2024-11-08T16:41:07","date_gmt":"2024-11-08T16:41:07","guid":{"rendered":"https:\/\/anmir.com.cn\/?post_type=product&#038;p=1801"},"modified":"2025-08-23T17:26:09","modified_gmt":"2025-08-23T09:26:09","slug":"kc201","status":"publish","type":"product","link":"https:\/\/anmir.com.cn\/vi\/products\/01-coffee-maker-coffee-bean-grinder\/kc201\/","title":{"rendered":"M\u00e1y l\u00e0m c\u1ed1c KC201-k"},"content":{"rendered":"<table style=\"border-collapse: collapse; width: 573.02pt;\" border=\"0\" width=\"764\" cellspacing=\"0\" cellpadding=\"0\">\n<tbody>\n<tr style=\"height: 150.00pt;\">\n<td class=\"et3\" style=\"height: 150.00pt; width: 573.00pt;\" width=\"764\" height=\"200\">\n<h6>M\u00e3 s\u1ed1 m\u1eabu: M\u00e1y l\u00e0m c\u1ed1c KC201-k<\/h6>\n<h6>120V~60Hz 1000W<\/h6>\n<p>\u00b7Th\u00edch h\u1ee3p cho vi\u00ean n\u00e9n American K-Cup (h\u1ed9p vi\u00ean n\u00e9n c\u00f3 th\u1ec3 th\u00e1o r\u1eddi, d\u1ec5 v\u1ec7 sinh v\u00e0 s\u1eed d\u1ee5ng \u0111\u01b0\u1ee3c v\u1edbi m\u00e1y r\u1eeda ch\u00e9n), c\u00f3 h\u1ed9p \u0111\u1ef1ng b\u1ed9t c\u00e0 ph\u00ea \u0111\u1ec3 thay th\u1ebf tr\u1ef1c ti\u1ebfp vi\u00ean n\u00e9n.<br \/>\n\u00b7C\u1eeda s\u1ed5 ch\u1ee9a n\u01b0\u1edbc c\u00f3 th\u1ec3 nh\u00ecn th\u1ea5y -T\u1ed0I \u0110A- dung t\u00edch 12oz;<br \/>\n\u00b7Th\u1eddi gian ph\u1ea3n \u1ee9ng ki\u1ec3m so\u00e1t nhi\u1ec7t \u0111\u1ed9 NTC nh\u1ecf h\u01a1n 2 gi\u00e2y, nhi\u1ec7t \u0111\u1ed9 c\u00e0 ph\u00ea l\u00e0 80\u2103\u00b15\u2103, ph\u00f9 h\u1ee3p v\u1edbi nhi\u1ec7t \u0111\u1ed9 n\u01b0\u1edbc \u226518\u2103.<br \/>\n\u00b7Chi\u1ec1u cao c\u1ed1c ph\u00f9 h\u1ee3p l\u00e0 \u2264145mm.<br \/>\n\u00b7B\u1ed9 ph\u1eadn ki\u1ec3m so\u00e1t nhi\u1ec7t b\u1eb1ng nh\u00f4m h\u00ecnh ch\u1eef U.<br \/>\n\u00b7\u0110\u1ed9 \u1ed3n khi pha c\u00e0 ph\u00ea nh\u1ecf h\u01a1n 60dB.<br \/>\n\u00b7T\u1ef1 \u0111\u1ed9ng ph\u00e1t hi\u1ec7n c\u1ea3nh b\u00e1o thi\u1ebfu n\u01b0\u1edbc v\u00e0 b\u1ea3o v\u1ec7 kh\u1ecfi t\u00ecnh tr\u1ea1ng ch\u00e1y kh\u00f4 b\u1ea5t th\u01b0\u1eddng. L\u01b0\u1ee3ng b\u1ed9t t\u1ed1i \u0111a l\u00e0 20g.<\/td>\n<\/tr>\n<\/tbody>\n<\/table>\n<div id=\"ag-1755941097973\"><\/div>","protected":false},"excerpt":{"rendered":"<p data-start=\"153\" data-end=\"659\">C\u00e1c <strong data-start=\"157\" data-end=\"178\">M\u00e1y l\u00e0m c\u1ed1c KC201-K<\/strong> l\u00e0 m\u1ed9t m\u00e1y pha c\u00e0 ph\u00ea nh\u1ecf g\u1ecdn v\u00e0 \u0111a n\u0103ng \u0111\u01b0\u1ee3c thi\u1ebft k\u1ebf d\u00e0nh cho nh\u1eefng ng\u01b0\u1eddi \u0111am m\u00ea c\u00e0 ph\u00ea th\u00edch <strong data-start=\"263\" data-end=\"290\">Vi\u00ean nang K-Cup c\u1ee7a M\u1ef9<\/strong> Ngo\u00e0i ra c\u00f2n c\u00f3 c\u00e0 ph\u00ea xay. M\u00e1y c\u00f3 h\u1ed9p \u0111\u1ef1ng vi\u00ean n\u00e9n c\u00f3 th\u1ec3 th\u00e1o r\u1eddi, an to\u00e0n v\u1edbi m\u00e1y r\u1eeda ch\u00e9n v\u00e0 d\u1ec5 v\u1ec7 sinh, c\u00f9ng h\u1ed9p \u0111\u1ef1ng b\u1ed9t c\u00e0 ph\u00ea \u0111\u1ec3 pha tr\u1ef1c ti\u1ebfp m\u00e0 kh\u00f4ng c\u1ea7n vi\u00ean n\u00e9n. C\u1eeda s\u1ed5 n\u01b0\u1edbc trong su\u1ed1t v\u1edbi dung t\u00edch t\u1ed1i \u0111a 300ml gi\u00fap vi\u1ec7c ch\u00e2m n\u01b0\u1edbc tr\u1edf n\u00ean \u0111\u01a1n gi\u1ea3n v\u00e0 thu\u1eadn ti\u1ec7n, \u0111\u1ed3ng th\u1eddi m\u00e1y c\u00f3 th\u1ec3 ch\u1ee9a \u0111\u01b0\u1ee3c c\u1ed1c cao \u0111\u1ebfn 145mm, l\u00fd t\u01b0\u1edfng cho c\u00e1c lo\u1ea1i c\u1ed1c t\u1eeb nh\u1ecf \u0111\u1ebfn trung b\u00ecnh.<\/p>\n<p data-start=\"661\" data-end=\"1209\">\u0110\u01b0\u1ee3c trang b\u1ecb h\u1ec7 th\u1ed1ng ki\u1ec3m so\u00e1t nhi\u1ec7t \u0111\u1ed9 NTC ph\u1ea3n \u1ee9ng nhanh, KC201 pha c\u00e0 ph\u00ea \u1edf nhi\u1ec7t \u0111\u1ed9 t\u1ed1i \u01b0u 80\u00b0C \u00b15\u00b0C ch\u1ec9 trong v\u00e0i gi\u00e2y, ph\u00f9 h\u1ee3p v\u1edbi nhi\u1ec7t \u0111\u1ed9 n\u01b0\u1edbc tr\u00ean 18\u00b0C. Thanh gia nhi\u1ec7t b\u1eb1ng nh\u00f4m h\u00ecnh ch\u1eef U \u0111\u1ea3m b\u1ea3o gia nhi\u1ec7t \u0111\u1ec1u v\u00e0 hi\u1ec7u qu\u1ea3, trong khi m\u00e1y ho\u1ea1t \u0111\u1ed9ng \u00eam \u00e1i v\u1edbi \u0111\u1ed9 \u1ed3n d\u01b0\u1edbi 60dB. An to\u00e0n v\u00e0 ti\u1ec7n l\u1ee3i \u0111\u01b0\u1ee3c \u01b0u ti\u00ean h\u00e0ng \u0111\u1ea7u v\u1edbi c\u00e1c t\u00ednh n\u0103ng nh\u01b0 t\u1ef1 \u0111\u1ed9ng ph\u00e1t hi\u1ec7n thi\u1ebfu n\u01b0\u1edbc, b\u1ea3o v\u1ec7 ch\u1ed1ng ch\u00e1y kh\u00f4 v\u00e0 dung t\u00edch ch\u1ee9a b\u1ed9t c\u00e0 ph\u00ea t\u1ed1i \u0111a 20g, cho ph\u00e9p b\u1ea1n lu\u00f4n c\u00f3 \u0111\u01b0\u1ee3c t\u00e1ch c\u00e0 ph\u00ea ch\u1ea5t l\u01b0\u1ee3ng cao, \u0111\u1ed3ng \u0111\u1ec1u.<\/p>\n<p data-start=\"1211\" data-end=\"1542\">Nh\u1ecf g\u1ecdn, \u0111\u00e1ng tin c\u1eady v\u00e0 d\u1ec5 s\u1eed d\u1ee5ng, m\u00e1y pha c\u00e0 ph\u00ea KC201-K k\u1ebft h\u1ee3p hi\u1ec7u qu\u1ea3, an to\u00e0n v\u00e0 hi\u1ec7u su\u1ea5t v\u01b0\u1ee3t tr\u1ed9i. D\u00f9 pha ch\u1ebf vi\u00ean n\u00e9n K-Cup hay b\u1ed9t c\u00e0 ph\u00ea t\u01b0\u01a1i, m\u00e1y lu\u00f4n mang \u0111\u1ebfn nh\u1eefng th\u1ee9c u\u1ed1ng \u0111\u1eadm \u0111\u00e0, th\u01a1m ngon, tr\u1edf th\u00e0nh v\u1eadt d\u1ee5ng kh\u00f4ng th\u1ec3 thi\u1ebfu cho b\u1ea5t k\u1ef3 ai. <strong data-start=\"1459\" data-end=\"1474\">M\u00e1y pha c\u00e0 ph\u00ea K Cup<\/strong> ng\u01b0\u1eddi \u0111am m\u00ea. Ho\u00e0n h\u1ea3o cho gia \u0111\u00ecnh, v\u0103n ph\u00f2ng ho\u1eb7c g\u00f3c c\u00e0 ph\u00ea c\u00e1 nh\u00e2n.<\/p>","protected":false},"featured_media":1802,"template":"","meta":{"_uag_custom_page_level_css":"","site-sidebar-layout":"default","site-content-layout":"","ast-site-content-layout":"default","site-content-style":"default","site-sidebar-style":"default","ast-global-header-display":"","ast-banner-title-visibility":"","ast-main-header-display":"","ast-hfb-above-header-display":"","ast-hfb-below-header-display":"","ast-hfb-mobile-header-display":"","site-post-title":"","ast-breadcrumbs-content":"","ast-featured-img":"","footer-sml-layout":"","ast-disable-related-posts":"","theme-transparent-header-meta":"default","adv-header-id-meta":"","stick-header-meta":"default","header-above-stick-meta":"","header-main-stick-meta":"","header-below-stick-meta":"","astra-migrate-meta-layouts":"set","ast-page-background-enabled":"default","ast-page-background-meta":{"desktop":{"background-color":"","background-image":"","background-repeat":"repeat","background-position":"center center","background-size":"auto","background-attachment":"scroll","background-type":"","background-media":"","overlay-type":"","overlay-color":"","overlay-opacity":"","overlay-gradient":""},"tablet":{"background-color":"","background-image":"","background-repeat":"repeat","background-position":"center center","background-size":"auto","background-attachment":"scroll","background-type":"","background-media":"","overlay-type":"","overlay-color":"","overlay-opacity":"","overlay-gradient":""},"mobile":{"background-color":"","background-image":"","background-repeat":"repeat","background-position":"center center","background-size":"auto","background-attachment":"scroll","background-type":"","background-media":"","overlay-type":"","overlay-color":"","overlay-opacity":"","overlay-gradient":""}},"ast-content-background-meta":{"desktop":{"background-color":"var(--ast-global-color-5)","background-image":"","background-repeat":"repeat","background-position":"center center","background-size":"auto","background-attachment":"scroll","background-type":"","background-media":"","overlay-type":"","overlay-color":"","overlay-opacity":"","overlay-gradient":""},"tablet":{"background-color":"var(--ast-global-color-5)","background-image":"","background-repeat":"repeat","background-position":"center center","background-size":"auto","background-attachment":"scroll","background-type":"","background-media":"","overlay-type":"","overlay-color":"","overlay-opacity":"","overlay-gradient":""},"mobile":{"background-color":"var(--ast-global-color-5)","background-image":"","background-repeat":"repeat","background-position":"center center","background-size":"auto","background-attachment":"scroll","background-type":"","background-media":"","overlay-type":"","overlay-color":"","overlay-opacity":"","overlay-gradient":""}}},"product_brand":[],"product_cat":[29],"product_tag":[178],"class_list":{"0":"post-1801","1":"product","2":"type-product","3":"status-publish","4":"has-post-thumbnail","6":"product_cat-01-coffee-maker-coffee-bean-grinder","7":"product_tag-anmir-kc201-k-cup-coffee-maker","8":"desktop-align-left","9":"tablet-align-left","10":"mobile-align-left","11":"ast-product-gallery-layout-horizontal-slider","12":"ast-product-gallery-with-no-image","13":"ast-product-tabs-layout-vertical","14":"ast-qv-on-image","16":"first","17":"instock","18":"shipping-taxable","19":"product-type-simple"},"uagb_featured_image_src":{"full":["https:\/\/anmir.com.cn\/wp-content\/uploads\/2024\/11\/KC201.jpg",800,800,false],"thumbnail":["https:\/\/anmir.com.cn\/wp-content\/uploads\/2024\/11\/KC201-150x150.jpg",150,150,true],"medium":["https:\/\/anmir.com.cn\/wp-content\/uploads\/2024\/11\/KC201-300x300.jpg",300,300,true],"medium_large":["https:\/\/anmir.com.cn\/wp-content\/uploads\/2024\/11\/KC201-768x768.jpg",768,768,true],"large":["https:\/\/anmir.com.cn\/wp-content\/uploads\/2024\/11\/KC201.jpg",800,800,false],"1536x1536":["https:\/\/anmir.com.cn\/wp-content\/uploads\/2024\/11\/KC201.jpg",800,800,false],"2048x2048":["https:\/\/anmir.com.cn\/wp-content\/uploads\/2024\/11\/KC201.jpg",800,800,false],"trp-custom-language-flag":["https:\/\/anmir.com.cn\/wp-content\/uploads\/2024\/11\/KC201.jpg",12,12,false],"woocommerce_thumbnail":["https:\/\/anmir.com.cn\/wp-content\/uploads\/2024\/11\/KC201-300x300.jpg",300,300,true],"woocommerce_single":["https:\/\/anmir.com.cn\/wp-content\/uploads\/2024\/11\/KC201-600x600.jpg",600,600,true],"woocommerce_gallery_thumbnail":["https:\/\/anmir.com.cn\/wp-content\/uploads\/2024\/11\/KC201-100x100.jpg",100,100,true]},"uagb_author_info":{"display_name":"daniel@anmir.com.cn","author_link":"https:\/\/anmir.com.cn\/vi\/author\/"},"uagb_comment_info":0,"uagb_excerpt":"The KC201-K Cup Maker is a compact and versatile coffee machine designed for coffee enthusiasts who enjoy American K-Cup capsules as well as ground coffee. Featuring a removable capsule box that is dishwasher-safe and easy to clean, it also comes with a coffee powder box for direct brewing without a capsule. The visible water window&hellip;","_links":{"self":[{"href":"https:\/\/anmir.com.cn\/vi\/wp-json\/wp\/v2\/product\/1801","targetHints":{"allow":["GET"]}}],"collection":[{"href":"https:\/\/anmir.com.cn\/vi\/wp-json\/wp\/v2\/product"}],"about":[{"href":"https:\/\/anmir.com.cn\/vi\/wp-json\/wp\/v2\/types\/product"}],"wp:featuredmedia":[{"embeddable":true,"href":"https:\/\/anmir.com.cn\/vi\/wp-json\/wp\/v2\/media\/1802"}],"wp:attachment":[{"href":"https:\/\/anmir.com.cn\/vi\/wp-json\/wp\/v2\/media?parent=1801"}],"wp:term":[{"taxonomy":"product_brand","embeddable":true,"href":"https:\/\/anmir.com.cn\/vi\/wp-json\/wp\/v2\/product_brand?post=1801"},{"taxonomy":"product_cat","embeddable":true,"href":"https:\/\/anmir.com.cn\/vi\/wp-json\/wp\/v2\/product_cat?post=1801"},{"taxonomy":"product_tag","embeddable":true,"href":"https:\/\/anmir.com.cn\/vi\/wp-json\/wp\/v2\/product_tag?post=1801"}],"curies":[{"name":"wp","href":"https:\/\/api.w.org\/{rel}","templated":true}]}}