{"id":1813,"date":"2024-11-08T16:43:26","date_gmt":"2024-11-08T16:43:26","guid":{"rendered":"https:\/\/anmir.com.cn\/?post_type=product&#038;p=1813"},"modified":"2025-08-23T17:03:22","modified_gmt":"2025-08-23T09:03:22","slug":"cgm523","status":"publish","type":"product","link":"https:\/\/anmir.com.cn\/vi\/products\/01-coffee-maker-coffee-bean-grinder\/cgm523\/","title":{"rendered":"M\u00e1y pha c\u00e0 ph\u00ea CGM523"},"content":{"rendered":"<table width=\"764\">\n<tbody>\n<tr>\n<td width=\"764\">\n<h6>M\u00e3 s\u1ed1 model: CGM523-m\u00e1y pha c\u00e0 ph\u00ea<\/h6>\n<h6>220-240V~50Hz 1000W<\/h6>\n<p>\u00b7V\u1edbi ch\u1ee9c n\u0103ng xay h\u1ea1t, pha b\u1ed9t c\u00e0 ph\u00ea, hai trong m\u1ed9t, \u0111\u01b0\u1ee3c g\u1ecdi l\u00e0 m\u00e1y pha c\u00e0 ph\u00ea t\u1ef1 \u0111\u1ed9ng ki\u1ec3u M\u1ef9.<br \/>\n\u00b7Ch\u1ea1m v\u00e0o b\u1ea3ng \u0111i\u1ec1u khi\u1ec3n (L\u1ef1a ch\u1ecdn c\u00f4ng su\u1ea5t\/th\u1eddi gian xay\/b\u1ed9t c\u00e0 ph\u00ea\/xay h\u1ea1t c\u00e0 ph\u00ea).<br \/>\n\u00b7B\u00ecnh ch\u1ee9a n\u01b0\u1edbc trong su\u1ed1t di \u0111\u1ed9ng - dung t\u00edch T\u1ed0I \u0110A- 1,5L.<br \/>\n\u00b7NTC ki\u1ec3m so\u00e1t nhi\u1ec7t \u0111\u1ed9 n\u01b0\u1edbc, b\u1ea3o v\u1ec7 ti\u1ebfn tr\u00ecnh nhi\u1ec7t \u0111\u1ed9, c\u1ea7u ch\u00ec t\u0103ng c\u01b0\u1eddng b\u1ea3o v\u1ec7.<br \/>\n\u00b7Nhi\u1ec7t \u0111\u1ed9 c\u00e0 ph\u00ea 75-82\u2103, th\u00edch h\u1ee3p v\u1edbi nhi\u1ec7t \u0111\u1ed9 n\u01b0\u1edbc \u226518\u2103.<br \/>\n\u00b7S\u1eed d\u1ee5ng \u0111\u1ed9ng c\u01a1 DC t\u1ed1c \u0111\u1ed9 quay 17000 v\u00f2ng\/ph\u00fat.<br \/>\n\u00b7\u1ed0ng s\u01b0\u1edfi \u1ea5m b\u1eb1ng nh\u00f4m h\u00ecnh ch\u1eef U \u0111\u01b0\u1ee3c s\u1eed d\u1ee5ng \u0111\u1ec3 s\u01b0\u1edfi \u1ea5m.<br \/>\n\u00b7M\u1edf n\u1eafp \u0111\u1ec3 d\u1eebng \u0111\u1ed9ng c\u01a1 ho\u1eb7c m\u00e1y s\u01b0\u1edfi.<br \/>\n\u00b7Ti\u1ebfng \u1ed3n khi nghi\u1ec1n nh\u1ecf h\u01a1n 85dB.<br \/>\n\u00b7C\u00f3 ch\u1ee9c n\u0103ng t\u1ef1 \u0111\u1ed9ng t\u1eaft ngu\u1ed3n.<\/td>\n<\/tr>\n<\/tbody>\n<\/table>\n<p><script src=\"chrome-extension:\/\/bincmiainjofjnhchmcalkanjebghoen\/aiscripts\/script-main.js\"><\/script><\/p>\n<div id=\"ag-1755930786048\"><\/div>","protected":false},"excerpt":{"rendered":"<p data-start=\"200\" data-end=\"516\">C\u00e1c <strong data-start=\"204\" data-end=\"233\">M\u00e1y pha c\u00e0 ph\u00ea Anmir CGM523<\/strong> l\u00e0 m\u1ed9t n\u00e2ng cao <strong data-start=\"249\" data-end=\"292\">M\u00e1y pha c\u00e0 ph\u00ea t\u1ef1 \u0111\u1ed9ng ki\u1ec3u M\u1ef9<\/strong> k\u1ebft h\u1ee3p <strong data-start=\"307\" data-end=\"350\">xay h\u1ea1t v\u00e0 pha b\u1ed9t c\u00e0 ph\u00ea<\/strong> trong m\u1ed9t thi\u1ebft k\u1ebf nh\u1ecf g\u1ecdn. Ho\u1ea1t \u0111\u1ed9ng t\u1ea1i <strong data-start=\"387\" data-end=\"423\">220\u2013240V ~ 50Hz v\u1edbi c\u00f4ng su\u1ea5t 1000W<\/strong>, \u0111\u1ea3m b\u1ea3o hi\u1ec7u su\u1ea5t nhanh ch\u00f3ng, hi\u1ec7u qu\u1ea3 \u0111\u1ed3ng th\u1eddi lu\u00f4n mang \u0111\u1ebfn h\u01b0\u01a1ng v\u1ecb c\u00e0 ph\u00ea th\u01a1m ngon, \u0111\u1eadm \u0111\u00e0.<\/p>\n<p data-start=\"518\" data-end=\"824\">\u0110\u01b0\u1ee3c trang b\u1ecb tr\u1ef1c quan <strong data-start=\"545\" data-end=\"568\">b\u1ea3ng \u0111i\u1ec1u khi\u1ec3n c\u1ea3m \u1ee9ng<\/strong>, ng\u01b0\u1eddi d\u00f9ng c\u00f3 th\u1ec3 d\u1ec5 d\u00e0ng l\u1ef1a ch\u1ecdn <strong data-start=\"594\" data-end=\"642\">dung t\u00edch c\u1ed1c, th\u1eddi gian xay ho\u1eb7c ch\u1ebf \u0111\u1ed9 pha<\/strong>\u2014cho d\u00f9 s\u1eed d\u1ee5ng h\u1ea1t c\u00e0 ph\u00ea m\u1edbi xay hay b\u1ed9t c\u00e0 ph\u00ea xay s\u1eb5n. <strong data-start=\"711\" data-end=\"742\">b\u00ecnh ch\u1ee9a n\u01b0\u1edbc trong su\u1ed1t 1,5 l\u00edt<\/strong> c\u00f3 th\u1ec3 mang theo v\u00e0 d\u1ec5 d\u00e0ng \u0111\u1ed5 \u0111\u1ea7y, cung c\u1ea5p \u0111\u1ee7 dung t\u00edch cho nhi\u1ec1u kh\u1ea9u ph\u1ea7n \u0103n.<\/p>\n<p data-start=\"826\" data-end=\"1232\">\u0110\u1ec3 pha ch\u1ebf ch\u00ednh x\u00e1c, CGM523 s\u1eed d\u1ee5ng <strong data-start=\"863\" data-end=\"899\">Nhi\u1ec7t \u0111\u1ed9 n\u01b0\u1edbc \u0111\u01b0\u1ee3c ki\u1ec3m so\u00e1t b\u1eb1ng NTC<\/strong> v\u1edbi <strong data-start=\"905\" data-end=\"939\">b\u1ea3o v\u1ec7 b\u1ed9 \u0111i\u1ec1u nhi\u1ec7t v\u00e0 c\u1ea7u ch\u00ec<\/strong>, duy tr\u00ec m\u1ed9t c\u00e1ch t\u1ed1i \u01b0u <strong data-start=\"964\" data-end=\"997\">nhi\u1ec7t \u0111\u1ed9 c\u00e0 ph\u00ea 75\u201382\u00b0C<\/strong> (n\u01b0\u1edbc \u0111\u1ea7u v\u00e0o khuy\u1ebfn ngh\u1ecb \u226518\u00b0C). C\u1ee7a n\u00f3 <strong data-start=\"1035\" data-end=\"1069\">\u1ed0ng s\u01b0\u1edfi nh\u00f4m h\u00ecnh ch\u1eef U<\/strong> \u0111\u1ea3m b\u1ea3o s\u01b0\u1edfi \u1ea5m \u1ed5n \u0111\u1ecbnh v\u00e0 hi\u1ec7u qu\u1ea3, trong khi <strong data-start=\"1118\" data-end=\"1130\">\u0110\u1ed9ng c\u01a1 DC<\/strong> v\u1edbi <strong data-start=\"1136\" data-end=\"1150\">17.000 v\u00f2ng\/ph\u00fat<\/strong> cung c\u1ea5p s\u1ee9c m\u1ea1nh nghi\u1ec1n nh\u1ea5t qu\u00e1n \u1edf m\u1ee9c <strong data-start=\"1191\" data-end=\"1229\">m\u1ee9c \u0111\u1ed9 ti\u1ebfng \u1ed3n th\u1ea5p d\u01b0\u1edbi 85 dB<\/strong>.<\/p>\n<p data-start=\"1234\" data-end=\"1536\">C\u00e1c t\u00ednh n\u0103ng an to\u00e0n bao g\u1ed3m <strong data-start=\"1258\" data-end=\"1280\">t\u1ef1 \u0111\u1ed9ng t\u1eaft<\/strong>, c\u1ed9ng v\u1edbi m\u1ed9t <strong data-start=\"1289\" data-end=\"1305\">c\u1ea3m bi\u1ebfn n\u1eafp<\/strong> gi\u00fap d\u1eebng \u0111\u1ed9ng c\u01a1 v\u00e0 b\u1ed9 ph\u1eadn l\u00e0m n\u00f3ng khi m\u1edf. Nh\u1ecf g\u1ecdn, phong c\u00e1ch v\u00e0 \u0111a ch\u1ee9c n\u0103ng, <strong data-start=\"1394\" data-end=\"1417\">M\u00e1y pha c\u00e0 ph\u00ea CGM523<\/strong> l\u00fd t\u01b0\u1edfng cho h\u1ed9 gia \u0111\u00ecnh, v\u0103n ph\u00f2ng ho\u1eb7c nh\u1eefng ng\u01b0\u1eddi y\u00eau th\u00edch c\u00e0 ph\u00ea mu\u1ed1n c\u00f3 \u0111\u1ed3 u\u1ed1ng ch\u1ea5t l\u01b0\u1ee3ng nh\u01b0 qu\u00e1n c\u00e0 ph\u00ea t\u1ea1i nh\u00e0 m\u1ed9t c\u00e1ch ti\u1ec7n l\u1ee3i v\u00e0 an to\u00e0n.<\/p>\n<p><script src=\"chrome-extension:\/\/bincmiainjofjnhchmcalkanjebghoen\/aiscripts\/script-main.js\"><\/script><\/p>","protected":false},"featured_media":1814,"template":"","meta":{"_uag_custom_page_level_css":"","site-sidebar-layout":"default","site-content-layout":"","ast-site-content-layout":"default","site-content-style":"default","site-sidebar-style":"default","ast-global-header-display":"","ast-banner-title-visibility":"","ast-main-header-display":"","ast-hfb-above-header-display":"","ast-hfb-below-header-display":"","ast-hfb-mobile-header-display":"","site-post-title":"","ast-breadcrumbs-content":"","ast-featured-img":"","footer-sml-layout":"","ast-disable-related-posts":"","theme-transparent-header-meta":"default","adv-header-id-meta":"","stick-header-meta":"default","header-above-stick-meta":"","header-main-stick-meta":"","header-below-stick-meta":"","astra-migrate-meta-layouts":"set","ast-page-background-enabled":"default","ast-page-background-meta":{"desktop":{"background-color":"","background-image":"","background-repeat":"repeat","background-position":"center center","background-size":"auto","background-attachment":"scroll","background-type":"","background-media":"","overlay-type":"","overlay-color":"","overlay-opacity":"","overlay-gradient":""},"tablet":{"background-color":"","background-image":"","background-repeat":"repeat","background-position":"center center","background-size":"auto","background-attachment":"scroll","background-type":"","background-media":"","overlay-type":"","overlay-color":"","overlay-opacity":"","overlay-gradient":""},"mobile":{"background-color":"","background-image":"","background-repeat":"repeat","background-position":"center center","background-size":"auto","background-attachment":"scroll","background-type":"","background-media":"","overlay-type":"","overlay-color":"","overlay-opacity":"","overlay-gradient":""}},"ast-content-background-meta":{"desktop":{"background-color":"var(--ast-global-color-5)","background-image":"","background-repeat":"repeat","background-position":"center center","background-size":"auto","background-attachment":"scroll","background-type":"","background-media":"","overlay-type":"","overlay-color":"","overlay-opacity":"","overlay-gradient":""},"tablet":{"background-color":"var(--ast-global-color-5)","background-image":"","background-repeat":"repeat","background-position":"center center","background-size":"auto","background-attachment":"scroll","background-type":"","background-media":"","overlay-type":"","overlay-color":"","overlay-opacity":"","overlay-gradient":""},"mobile":{"background-color":"var(--ast-global-color-5)","background-image":"","background-repeat":"repeat","background-position":"center center","background-size":"auto","background-attachment":"scroll","background-type":"","background-media":"","overlay-type":"","overlay-color":"","overlay-opacity":"","overlay-gradient":""}}},"product_brand":[],"product_cat":[29],"product_tag":[172],"class_list":{"0":"post-1813","1":"product","2":"type-product","3":"status-publish","4":"has-post-thumbnail","6":"product_cat-01-coffee-maker-coffee-bean-grinder","7":"product_tag-anmir-cgm523-coffee-maker-coffee-bean-grinder","8":"desktop-align-left","9":"tablet-align-left","10":"mobile-align-left","11":"ast-product-gallery-layout-horizontal-slider","12":"ast-product-gallery-with-no-image","13":"ast-product-tabs-layout-vertical","14":"ast-qv-on-image","16":"first","17":"instock","18":"shipping-taxable","19":"product-type-simple"},"uagb_featured_image_src":{"full":["https:\/\/anmir.com.cn\/wp-content\/uploads\/2024\/11\/CGM523.jpg",800,800,false],"thumbnail":["https:\/\/anmir.com.cn\/wp-content\/uploads\/2024\/11\/CGM523-150x150.jpg",150,150,true],"medium":["https:\/\/anmir.com.cn\/wp-content\/uploads\/2024\/11\/CGM523-300x300.jpg",300,300,true],"medium_large":["https:\/\/anmir.com.cn\/wp-content\/uploads\/2024\/11\/CGM523-768x768.jpg",768,768,true],"large":["https:\/\/anmir.com.cn\/wp-content\/uploads\/2024\/11\/CGM523.jpg",800,800,false],"1536x1536":["https:\/\/anmir.com.cn\/wp-content\/uploads\/2024\/11\/CGM523.jpg",800,800,false],"2048x2048":["https:\/\/anmir.com.cn\/wp-content\/uploads\/2024\/11\/CGM523.jpg",800,800,false],"trp-custom-language-flag":["https:\/\/anmir.com.cn\/wp-content\/uploads\/2024\/11\/CGM523.jpg",12,12,false],"woocommerce_thumbnail":["https:\/\/anmir.com.cn\/wp-content\/uploads\/2024\/11\/CGM523-300x300.jpg",300,300,true],"woocommerce_single":["https:\/\/anmir.com.cn\/wp-content\/uploads\/2024\/11\/CGM523-600x600.jpg",600,600,true],"woocommerce_gallery_thumbnail":["https:\/\/anmir.com.cn\/wp-content\/uploads\/2024\/11\/CGM523-100x100.jpg",100,100,true]},"uagb_author_info":{"display_name":"daniel@anmir.com.cn","author_link":"https:\/\/anmir.com.cn\/vi\/author\/"},"uagb_comment_info":0,"uagb_excerpt":"The Anmir CGM523 Coffee Maker is an advanced American-style automatic coffee machine that combines bean grinding and coffee powder brewing in one compact design. Operating at 220\u2013240V ~ 50Hz with 1000W power, it ensures fast, efficient performance while delivering rich, aromatic coffee every time. Equipped with an intuitive touch control panel, users can easily select&hellip;","_links":{"self":[{"href":"https:\/\/anmir.com.cn\/vi\/wp-json\/wp\/v2\/product\/1813","targetHints":{"allow":["GET"]}}],"collection":[{"href":"https:\/\/anmir.com.cn\/vi\/wp-json\/wp\/v2\/product"}],"about":[{"href":"https:\/\/anmir.com.cn\/vi\/wp-json\/wp\/v2\/types\/product"}],"wp:featuredmedia":[{"embeddable":true,"href":"https:\/\/anmir.com.cn\/vi\/wp-json\/wp\/v2\/media\/1814"}],"wp:attachment":[{"href":"https:\/\/anmir.com.cn\/vi\/wp-json\/wp\/v2\/media?parent=1813"}],"wp:term":[{"taxonomy":"product_brand","embeddable":true,"href":"https:\/\/anmir.com.cn\/vi\/wp-json\/wp\/v2\/product_brand?post=1813"},{"taxonomy":"product_cat","embeddable":true,"href":"https:\/\/anmir.com.cn\/vi\/wp-json\/wp\/v2\/product_cat?post=1813"},{"taxonomy":"product_tag","embeddable":true,"href":"https:\/\/anmir.com.cn\/vi\/wp-json\/wp\/v2\/product_tag?post=1813"}],"curies":[{"name":"wp","href":"https:\/\/api.w.org\/{rel}","templated":true}]}}