{"id":1830,"date":"2024-11-09T00:01:38","date_gmt":"2024-11-09T00:01:38","guid":{"rendered":"https:\/\/anmir.com.cn\/?post_type=product&#038;p=1830"},"modified":"2025-08-11T17:32:44","modified_gmt":"2025-08-11T09:32:44","slug":"amr8824","status":"publish","type":"product","link":"https:\/\/anmir.com.cn\/vi\/products\/02-wholeapple-slow-juicer\/amr8824\/","title":{"rendered":"M\u00e1y \u00e9p tr\u00e1i c\u00e2y Anmir AMR8824"},"content":{"rendered":"<table width=\"764\">\n<tbody>\n<tr>\n<td width=\"764\">\n<h6>M\u00e3 s\u1ed1: AMR8824-M\u00e1y \u00e9p tr\u00e1i c\u00e2y<\/h6>\n<h6>220-240V~50\/60Hz 200W<\/h6>\n<p>\u00b7Tr\u00e1i c\u00e2y nguy\u00ean qu\u1ea3, h\u01b0\u01a1ng v\u1ecb nguy\u00ean v\u1eb9n, \u0111\u1ea7u v\u00e0o ti\u1ebfp n\u01b0\u1edbc r\u1ed9ng 8cm gi\u00fap \u00e9p tr\u00e1i c\u00e2y v\u00e0 rau c\u1ee7 nguy\u00ean qu\u1ea3<br \/>\n\u00b7Lo\u1ea1i v\u00edt t\u1ed1c \u0111\u1ed9 ch\u1eadm \u0111\u1ec3 gi\u1eef dinh d\u01b0\u1ee1ng c\u1ee7a n\u01b0\u1edbc \u00e9p M\u00e0n h\u00ecnh LED, n\u00fat IMD, trang tr\u00ed b\u1eb1ng th\u00e9p kh\u00f4ng g\u1ec9<br \/>\n\u00b7\u0110\u1ed9ng c\u01a1 m\u1ea1nh m\u1ebd c\u00f4ng su\u1ea5t 200W c\u00f3 th\u1eddi gian l\u00e0m vi\u1ec7c li\u00ean t\u1ee5c d\u00e0i (10 ph\u00fat)<br \/>\n\u00b7Ch\u1ee9c n\u0103ng \u0111\u1ea3o ng\u01b0\u1ee3c \u0111\u1ec3 tr\u00e1nh b\u1ecb k\u1eb9t<br \/>\n\u00b7T\u1ed1c \u0111\u1ed9 chi\u1ebft xu\u1ea5t n\u01b0\u1edbc \u00e9p cao<br \/>\n\u00b7\u0110\u1ed9 \u1ed3n th\u1ea5p d\u01b0\u1edbi 65db, \u0111\u1ed9 rung th\u1ea5p h\u01a1n<br \/>\n\u00b7R\u00e2y l\u1ecdc S\/S c\u00f3 l\u1ed7 nh\u1ecf cho m\u1ecdi lo\u1ea1i tr\u00e1i c\u00e2y v\u00e0 rau c\u1ee7<br \/>\n\u00b7B\u1ea3o v\u1ec7 an to\u00e0n<br \/>\n\u00b7D\u1ec5 d\u00e0ng th\u00e1o r\u1eddi c\u00e1c b\u1ed9 ph\u1eadn \u0111\u1ec3 v\u1ec7 sinh<br \/>\nS\u1ed0 L\u01af\u1ee2NG T\u1ea2I: 20DC: 596 chi\u1ebfc 40DC: 1192 chi\u1ebfc 40HQ: 1447 chi\u1ebfc<\/td>\n<\/tr>\n<\/tbody>\n<\/table>\n<div id=\"ag-1754900898657\"><\/div>","protected":false},"excerpt":{"rendered":"<p>M\u00e1y \u00e9p tr\u00e1i c\u00e2y AMR8824 \u2013 Tr\u00e1i c\u00e2y nguy\u00ean qu\u1ea3, h\u01b0\u01a1ng v\u1ecb nguy\u00ean v\u1eb9n<\/p>\n<p>M\u00e1y \u00e9p tr\u00e1i c\u00e2y AMR8824 \u0111\u01b0\u1ee3c thi\u1ebft k\u1ebf \u0111\u1ec3 t\u1ea1o ra nh\u1eefng ly n\u01b0\u1edbc \u00e9p th\u01a1m ngon, b\u1ed5 d\u01b0\u1ee1ng m\u1ed9t c\u00e1ch d\u1ec5 d\u00e0ng. V\u1edbi \u0111\u1ea7u v\u00e0o ti\u1ebfp nguy\u00ean li\u1ec7u r\u1ed9ng 8cm, m\u00e1y cho ph\u00e9p b\u1ea1n \u00e9p nguy\u00ean tr\u00e1i c\u00e2y v\u00e0 rau c\u1ee7 m\u00e0 kh\u00f4ng c\u1ea7n c\u1eaft nh\u1ecf, ti\u1ebft ki\u1ec7m th\u1eddi gian m\u00e0 v\u1eabn gi\u1eef nguy\u00ean h\u01b0\u01a1ng v\u1ecb t\u1ef1 nhi\u00ean. H\u1ec7 th\u1ed1ng \u00e9p tr\u1ee5c v\u00edt t\u1ed1c \u0111\u1ed9 ch\u1eadm gi\u00fap gi\u1eef nguy\u00ean d\u01b0\u1ee1ng ch\u1ea5t, vitamin v\u00e0 enzyme trong m\u1ed7i ly, trong khi \u0111\u1ed9ng c\u01a1 c\u00f4ng su\u1ea5t l\u1edbn 200W mang \u0111\u1ebfn hi\u1ec7u su\u1ea5t m\u1ea1nh m\u1ebd v\u1edbi th\u1eddi gian ho\u1ea1t \u0111\u1ed9ng li\u00ean t\u1ee5c l\u00ean \u0111\u1ebfn 10 ph\u00fat.<\/p>\n<p>\u0110\u01b0\u1ee3c trang b\u1ecb m\u00e0n h\u00ecnh LED, n\u00fat \u0111i\u1ec1u khi\u1ec3n IMD v\u00e0 l\u1edbp v\u1ecf th\u00e9p kh\u00f4ng g\u1ec9 sang tr\u1ecdng, AMR8824 l\u00e0 s\u1ef1 k\u1ebft h\u1ee3p ho\u00e0n h\u1ea3o gi\u1eefa hi\u1ec7u su\u1ea5t v\u00e0 thi\u1ebft k\u1ebf hi\u1ec7n \u0111\u1ea1i. Ch\u1ee9c n\u0103ng \u0111\u1ea3o ng\u01b0\u1ee3c gi\u00fap ng\u0103n ng\u1eeba t\u1eafc ngh\u1ebdn, \u0111\u1ea3m b\u1ea3o ho\u1ea1t \u0111\u1ed9ng tr\u01a1n tru, trong khi l\u01b0\u1edbi l\u1ecdc b\u1eb1ng th\u00e9p kh\u00f4ng g\u1ec9 v\u1edbi c\u00e1c l\u1ed7 nh\u1ecf gi\u00fap x\u1eed l\u00fd hi\u1ec7u qu\u1ea3 m\u1ecdi lo\u1ea1i tr\u00e1i c\u00e2y v\u00e0 rau c\u1ee7, cho n\u0103ng su\u1ea5t \u00e9p cao.<\/p>\n<p>V\u1edbi \u0111\u1ed9 \u1ed3n th\u1ea5p d\u01b0\u1edbi 65dB v\u00e0 \u0111\u1ed9 rung \u0111\u01b0\u1ee3c gi\u1ea3m thi\u1ec3u, m\u00e1y mang \u0111\u1ebfn tr\u1ea3i nghi\u1ec7m \u00e9p n\u01b0\u1edbc tr\u00e1i c\u00e2y \u00eam \u00e1i. C\u00e1c t\u00ednh n\u0103ng b\u1ea3o v\u1ec7 an to\u00e0n mang l\u1ea1i s\u1ef1 an t\u00e2m, v\u00e0 t\u1ea5t c\u1ea3 c\u00e1c b\u1ed9 ph\u1eadn c\u00f3 th\u1ec3 th\u00e1o r\u1eddi \u0111\u1ec1u d\u1ec5 d\u00e0ng th\u00e1o l\u1eafp v\u00e0 v\u1ec7 sinh.<\/p>\n<p>Ho\u00e0n h\u1ea3o \u0111\u1ec3 s\u1eed d\u1ee5ng t\u1ea1i nh\u00e0, M\u00e1y \u00e9p tr\u00e1i c\u00e2y AMR8824 k\u1ebft h\u1ee3p hi\u1ec7u qu\u1ea3, \u0111\u1ed9 b\u1ec1n v\u00e0 ki\u1ec3u d\u00e1ng \u2013 gi\u00fap b\u1ea1n th\u01b0\u1edfng th\u1ee9c n\u01b0\u1edbc \u00e9p t\u01b0\u01a1i ngon, gi\u00e0u dinh d\u01b0\u1ee1ng m\u1ed7i ng\u00e0y.<\/p>\n<p>T\u1eeb kh\u00f3a: M\u00e1y \u00e9p tr\u00e1i c\u00e2y AMR8824, m\u00e1y \u00e9p ch\u1eadm, m\u00e1y \u00e9p tr\u00e1i c\u00e2y nguy\u00ean qu\u1ea3, \u0111\u1ea7u v\u00e0o c\u1ea5p li\u1ec7u 8cm, l\u01b0\u1edbi l\u1ecdc b\u1eb1ng th\u00e9p kh\u00f4ng g\u1ec9, kh\u00f4ng ch\u1ee9a BPA, n\u0103ng su\u1ea5t n\u01b0\u1edbc \u00e9p cao, ti\u1ebfng \u1ed3n th\u1ea5p, d\u1ec5 v\u1ec7 sinh.<\/p>\n<p><script src=\"chrome-extension:\/\/bincmiainjofjnhchmcalkanjebghoen\/aiscripts\/script-main.js\"><\/script><\/p>","protected":false},"featured_media":1831,"template":"","meta":{"_uag_custom_page_level_css":"","site-sidebar-layout":"default","site-content-layout":"","ast-site-content-layout":"default","site-content-style":"default","site-sidebar-style":"default","ast-global-header-display":"","ast-banner-title-visibility":"","ast-main-header-display":"","ast-hfb-above-header-display":"","ast-hfb-below-header-display":"","ast-hfb-mobile-header-display":"","site-post-title":"","ast-breadcrumbs-content":"","ast-featured-img":"","footer-sml-layout":"","ast-disable-related-posts":"","theme-transparent-header-meta":"default","adv-header-id-meta":"","stick-header-meta":"default","header-above-stick-meta":"","header-main-stick-meta":"","header-below-stick-meta":"","astra-migrate-meta-layouts":"set","ast-page-background-enabled":"default","ast-page-background-meta":{"desktop":{"background-color":"","background-image":"","background-repeat":"repeat","background-position":"center center","background-size":"auto","background-attachment":"scroll","background-type":"","background-media":"","overlay-type":"","overlay-color":"","overlay-opacity":"","overlay-gradient":""},"tablet":{"background-color":"","background-image":"","background-repeat":"repeat","background-position":"center center","background-size":"auto","background-attachment":"scroll","background-type":"","background-media":"","overlay-type":"","overlay-color":"","overlay-opacity":"","overlay-gradient":""},"mobile":{"background-color":"","background-image":"","background-repeat":"repeat","background-position":"center center","background-size":"auto","background-attachment":"scroll","background-type":"","background-media":"","overlay-type":"","overlay-color":"","overlay-opacity":"","overlay-gradient":""}},"ast-content-background-meta":{"desktop":{"background-color":"var(--ast-global-color-5)","background-image":"","background-repeat":"repeat","background-position":"center center","background-size":"auto","background-attachment":"scroll","background-type":"","background-media":"","overlay-type":"","overlay-color":"","overlay-opacity":"","overlay-gradient":""},"tablet":{"background-color":"var(--ast-global-color-5)","background-image":"","background-repeat":"repeat","background-position":"center center","background-size":"auto","background-attachment":"scroll","background-type":"","background-media":"","overlay-type":"","overlay-color":"","overlay-opacity":"","overlay-gradient":""},"mobile":{"background-color":"var(--ast-global-color-5)","background-image":"","background-repeat":"repeat","background-position":"center center","background-size":"auto","background-attachment":"scroll","background-type":"","background-media":"","overlay-type":"","overlay-color":"","overlay-opacity":"","overlay-gradient":""}}},"product_brand":[],"product_cat":[30],"product_tag":[],"class_list":{"0":"post-1830","1":"product","2":"type-product","3":"status-publish","4":"has-post-thumbnail","6":"product_cat-02-wholeapple-slow-juicer","7":"desktop-align-left","8":"tablet-align-left","9":"mobile-align-left","10":"ast-product-gallery-layout-horizontal-slider","11":"ast-product-gallery-with-no-image","12":"ast-product-tabs-layout-vertical","13":"ast-qv-on-image","15":"first","16":"instock","17":"shipping-taxable","18":"product-type-simple"},"uagb_featured_image_src":{"full":["https:\/\/anmir.com.cn\/wp-content\/uploads\/2024\/11\/AMR8824.jpg",800,800,false],"thumbnail":["https:\/\/anmir.com.cn\/wp-content\/uploads\/2024\/11\/AMR8824-150x150.jpg",150,150,true],"medium":["https:\/\/anmir.com.cn\/wp-content\/uploads\/2024\/11\/AMR8824-300x300.jpg",300,300,true],"medium_large":["https:\/\/anmir.com.cn\/wp-content\/uploads\/2024\/11\/AMR8824-768x768.jpg",768,768,true],"large":["https:\/\/anmir.com.cn\/wp-content\/uploads\/2024\/11\/AMR8824.jpg",800,800,false],"1536x1536":["https:\/\/anmir.com.cn\/wp-content\/uploads\/2024\/11\/AMR8824.jpg",800,800,false],"2048x2048":["https:\/\/anmir.com.cn\/wp-content\/uploads\/2024\/11\/AMR8824.jpg",800,800,false],"trp-custom-language-flag":["https:\/\/anmir.com.cn\/wp-content\/uploads\/2024\/11\/AMR8824.jpg",12,12,false],"woocommerce_thumbnail":["https:\/\/anmir.com.cn\/wp-content\/uploads\/2024\/11\/AMR8824-300x300.jpg",300,300,true],"woocommerce_single":["https:\/\/anmir.com.cn\/wp-content\/uploads\/2024\/11\/AMR8824-600x600.jpg",600,600,true],"woocommerce_gallery_thumbnail":["https:\/\/anmir.com.cn\/wp-content\/uploads\/2024\/11\/AMR8824-100x100.jpg",100,100,true]},"uagb_author_info":{"display_name":"daniel@anmir.com.cn","author_link":"https:\/\/anmir.com.cn\/vi\/author\/"},"uagb_comment_info":0,"uagb_excerpt":"AMR8824 Press Juicer \u2013 Whole Fruit, Whole Taste The AMR8824 Press Juicer is designed to make healthy, delicious juice effortlessly. Featuring an extra-wide 8cm feeding inlet, it allows you to juice whole fruits and vegetables without pre-cutting, saving time while keeping the natural taste intact. The slow-speed screw juicing system preserves the nutrients, vitamins, and&hellip;","_links":{"self":[{"href":"https:\/\/anmir.com.cn\/vi\/wp-json\/wp\/v2\/product\/1830","targetHints":{"allow":["GET"]}}],"collection":[{"href":"https:\/\/anmir.com.cn\/vi\/wp-json\/wp\/v2\/product"}],"about":[{"href":"https:\/\/anmir.com.cn\/vi\/wp-json\/wp\/v2\/types\/product"}],"wp:featuredmedia":[{"embeddable":true,"href":"https:\/\/anmir.com.cn\/vi\/wp-json\/wp\/v2\/media\/1831"}],"wp:attachment":[{"href":"https:\/\/anmir.com.cn\/vi\/wp-json\/wp\/v2\/media?parent=1830"}],"wp:term":[{"taxonomy":"product_brand","embeddable":true,"href":"https:\/\/anmir.com.cn\/vi\/wp-json\/wp\/v2\/product_brand?post=1830"},{"taxonomy":"product_cat","embeddable":true,"href":"https:\/\/anmir.com.cn\/vi\/wp-json\/wp\/v2\/product_cat?post=1830"},{"taxonomy":"product_tag","embeddable":true,"href":"https:\/\/anmir.com.cn\/vi\/wp-json\/wp\/v2\/product_tag?post=1830"}],"curies":[{"name":"wp","href":"https:\/\/api.w.org\/{rel}","templated":true}]}}