{"id":1840,"date":"2024-11-09T00:04:09","date_gmt":"2024-11-09T00:04:09","guid":{"rendered":"https:\/\/anmir.com.cn\/?post_type=product&#038;p=1840"},"modified":"2025-02-25T18:46:54","modified_gmt":"2025-02-26T01:46:54","slug":"js8301","status":"publish","type":"product","link":"https:\/\/anmir.com.cn\/vi\/products\/02-wholeapple-slow-juicer\/js8301\/","title":{"rendered":"JS8301"},"content":{"rendered":"<table style=\"border-collapse: collapse; width: 573.02pt;\" border=\"0\" width=\"764\" cellspacing=\"0\" cellpadding=\"0\">\n<tbody>\n<tr style=\"height: 150.00pt;\">\n<td class=\"et3\" style=\"height: 150.00pt; width: 573.00pt;\" width=\"764\" height=\"200\">\n<h6>M\u00e3 s\u1ed1: JS8301<\/h6>\n<h6>220-240V~50\/60Hz 100W<\/h6>\n<p><img fetchpriority=\"high\" decoding=\"async\" class=\"alignnone size-medium wp-image-3252\" src=\"https:\/\/anmir.com.cn\/wp-content\/uploads\/2025\/02\/JS8301\u8c61\u7259\u767d-300x300.jpg\" alt=\"\" width=\"300\" height=\"300\" title=\"\" srcset=\"https:\/\/anmir.com.cn\/wp-content\/uploads\/2025\/02\/JS8301\u8c61\u7259\u767d-300x300.jpg 300w, https:\/\/anmir.com.cn\/wp-content\/uploads\/2025\/02\/JS8301\u8c61\u7259\u767d-150x150.jpg 150w, https:\/\/anmir.com.cn\/wp-content\/uploads\/2025\/02\/JS8301\u8c61\u7259\u767d-768x768.jpg 768w, https:\/\/anmir.com.cn\/wp-content\/uploads\/2025\/02\/JS8301\u8c61\u7259\u767d-600x600.jpg 600w, https:\/\/anmir.com.cn\/wp-content\/uploads\/2025\/02\/JS8301\u8c61\u7259\u767d-100x100.jpg 100w, https:\/\/anmir.com.cn\/wp-content\/uploads\/2025\/02\/JS8301\u8c61\u7259\u767d.jpg 800w\" sizes=\"(max-width: 300px) 100vw, 300px\" \/><img decoding=\"async\" class=\"alignnone size-medium wp-image-1841\" src=\"https:\/\/anmir.com.cn\/wp-content\/uploads\/2024\/11\/JS8301-300x300.jpg\" alt=\"Anmir JS8301 WholeApple Slow Juicer\" width=\"300\" height=\"300\" title=\"\" srcset=\"https:\/\/anmir.com.cn\/wp-content\/uploads\/2024\/11\/JS8301-300x300.jpg 300w, https:\/\/anmir.com.cn\/wp-content\/uploads\/2024\/11\/JS8301-150x150.jpg 150w, https:\/\/anmir.com.cn\/wp-content\/uploads\/2024\/11\/JS8301-768x768.jpg 768w, https:\/\/anmir.com.cn\/wp-content\/uploads\/2024\/11\/JS8301-600x600.jpg 600w, https:\/\/anmir.com.cn\/wp-content\/uploads\/2024\/11\/JS8301-100x100.jpg 100w, https:\/\/anmir.com.cn\/wp-content\/uploads\/2024\/11\/JS8301.jpg 800w\" sizes=\"(max-width: 300px) 100vw, 300px\" \/><\/p>\n<p>\u00b7B\u1eb1ng s\u00e1ng ch\u1ebf ri\u00eang cho h\u1ec7 th\u1ed1ng \u00e9p tr\u1ee5c v\u00edt<br \/>\n\u00b7T\u1ed1c \u0111\u1ed9, 40-60 v\u00f2ng\/ph\u00fat<br \/>\n\u00b7\u0110\u1ed9ng c\u01a1 DC 100W c\u00f3 th\u1eddi gian ho\u1ea1t \u0111\u1ed9ng li\u00ean t\u1ee5c l\u00e2u d\u00e0i<br \/>\n\u00b7T\u1ed1c \u0111\u1ed9: Ti\u1ebfn-t\u1eaft-l\u00f9i<br \/>\n\u00b7T\u1ed1c \u0111\u1ed9 chi\u1ebft xu\u1ea5t n\u01b0\u1edbc \u00e9p cao<br \/>\n\u00b7\u0110\u1ed9 \u1ed3n th\u1ea5p d\u01b0\u1edbi 65db, \u0111\u1ed9 rung th\u1ea5p h\u01a1n<br \/>\n\u00b7L\u1ecdc SUS<br \/>\n\u00b7V\u1edbi hai c\u1ed1c, c\u1ed1c \u0111\u1ef1ng n\u01b0\u1edbc \u00e9p: 600ml, c\u1ed1c \u0111\u1ef1ng b\u00e3: 900ml, t\u00edch h\u1ee3p s\u1eb5n h\u1ed9p \u0111\u1ef1ng b\u00e3<br \/>\n\u00b7B\u1ea3o v\u1ec7 an to\u00e0n khi qu\u00e1 nhi\u1ec7t<br \/>\n\u00b7D\u1ec5 d\u00e0ng th\u00e1o r\u1eddi c\u00e1c b\u1ed9 ph\u1eadn \u0111\u1ec3 v\u1ec7 sinh<br \/>\n\u00b7C\u1ea7n g\u1ea1t c\u00f4ng t\u1eafc \u0111\u00fac khu\u00f4n \u0111\u1ec3 ki\u1ec3m so\u00e1t t\u00ednh n\u0103ng ch\u1ed1ng nh\u1ecf gi\u1ecdt<br \/>\n\u00b7\u0110\u01b0\u1eddng k\u00ednh m\u00e1ng n\u1ea1p 13CM<br \/>\n\u00b7 Chi\u1ec1u d\u00e0i d\u00e2y ngu\u1ed3n kh\u00f4ng bao g\u1ed3m thi\u1ebft b\u1ecb: 1,0M<\/td>\n<\/tr>\n<\/tbody>\n<\/table>","protected":false},"excerpt":{"rendered":"<p>Model NO.:JS8301 220-240V~50\/60Hz 100W \u00b7Own patent for screw juicing system \u00b7Speed,40-60rpm\/Min \u00b7100W DC motor that has long continious working time \u00b7Speeds:Forward-off-reverse \u00b7High juice extracting rate \u00b7Low noise level less than 65db,lower vibration \u00b7SUS strainer \u00b7With two cups,Juice cup:600ml Pulp cup:900ml,Build in pulp contianer \u00b7Safety protection of overheating \u00b7Easily take out the parts to clean \u00b7Die [&hellip;]<\/p>\n","protected":false},"featured_media":1841,"template":"","meta":{"_uag_custom_page_level_css":"","site-sidebar-layout":"default","site-content-layout":"","ast-site-content-layout":"default","site-content-style":"default","site-sidebar-style":"default","ast-global-header-display":"","ast-banner-title-visibility":"","ast-main-header-display":"","ast-hfb-above-header-display":"","ast-hfb-below-header-display":"","ast-hfb-mobile-header-display":"","site-post-title":"","ast-breadcrumbs-content":"","ast-featured-img":"","footer-sml-layout":"","ast-disable-related-posts":"","theme-transparent-header-meta":"default","adv-header-id-meta":"","stick-header-meta":"default","header-above-stick-meta":"","header-main-stick-meta":"","header-below-stick-meta":"","astra-migrate-meta-layouts":"set","ast-page-background-enabled":"default","ast-page-background-meta":{"desktop":{"background-color":"","background-image":"","background-repeat":"repeat","background-position":"center center","background-size":"auto","background-attachment":"scroll","background-type":"","background-media":"","overlay-type":"","overlay-color":"","overlay-opacity":"","overlay-gradient":""},"tablet":{"background-color":"","background-image":"","background-repeat":"repeat","background-position":"center center","background-size":"auto","background-attachment":"scroll","background-type":"","background-media":"","overlay-type":"","overlay-color":"","overlay-opacity":"","overlay-gradient":""},"mobile":{"background-color":"","background-image":"","background-repeat":"repeat","background-position":"center center","background-size":"auto","background-attachment":"scroll","background-type":"","background-media":"","overlay-type":"","overlay-color":"","overlay-opacity":"","overlay-gradient":""}},"ast-content-background-meta":{"desktop":{"background-color":"var(--ast-global-color-5)","background-image":"","background-repeat":"repeat","background-position":"center center","background-size":"auto","background-attachment":"scroll","background-type":"","background-media":"","overlay-type":"","overlay-color":"","overlay-opacity":"","overlay-gradient":""},"tablet":{"background-color":"var(--ast-global-color-5)","background-image":"","background-repeat":"repeat","background-position":"center center","background-size":"auto","background-attachment":"scroll","background-type":"","background-media":"","overlay-type":"","overlay-color":"","overlay-opacity":"","overlay-gradient":""},"mobile":{"background-color":"var(--ast-global-color-5)","background-image":"","background-repeat":"repeat","background-position":"center center","background-size":"auto","background-attachment":"scroll","background-type":"","background-media":"","overlay-type":"","overlay-color":"","overlay-opacity":"","overlay-gradient":""}}},"product_brand":[],"product_cat":[30],"product_tag":[],"class_list":{"0":"post-1840","1":"product","2":"type-product","3":"status-publish","4":"has-post-thumbnail","6":"product_cat-02-wholeapple-slow-juicer","7":"desktop-align-left","8":"tablet-align-left","9":"mobile-align-left","10":"ast-product-gallery-layout-horizontal-slider","11":"ast-product-gallery-with-no-image","12":"ast-product-tabs-layout-vertical","13":"ast-qv-on-image","15":"first","16":"instock","17":"shipping-taxable","18":"product-type-simple"},"uagb_featured_image_src":{"full":["https:\/\/anmir.com.cn\/wp-content\/uploads\/2024\/11\/JS8301.jpg",800,800,false],"thumbnail":["https:\/\/anmir.com.cn\/wp-content\/uploads\/2024\/11\/JS8301-150x150.jpg",150,150,true],"medium":["https:\/\/anmir.com.cn\/wp-content\/uploads\/2024\/11\/JS8301-300x300.jpg",300,300,true],"medium_large":["https:\/\/anmir.com.cn\/wp-content\/uploads\/2024\/11\/JS8301-768x768.jpg",768,768,true],"large":["https:\/\/anmir.com.cn\/wp-content\/uploads\/2024\/11\/JS8301.jpg",800,800,false],"1536x1536":["https:\/\/anmir.com.cn\/wp-content\/uploads\/2024\/11\/JS8301.jpg",800,800,false],"2048x2048":["https:\/\/anmir.com.cn\/wp-content\/uploads\/2024\/11\/JS8301.jpg",800,800,false],"trp-custom-language-flag":["https:\/\/anmir.com.cn\/wp-content\/uploads\/2024\/11\/JS8301.jpg",12,12,false],"woocommerce_thumbnail":["https:\/\/anmir.com.cn\/wp-content\/uploads\/2024\/11\/JS8301-300x300.jpg",300,300,true],"woocommerce_single":["https:\/\/anmir.com.cn\/wp-content\/uploads\/2024\/11\/JS8301-600x600.jpg",600,600,true],"woocommerce_gallery_thumbnail":["https:\/\/anmir.com.cn\/wp-content\/uploads\/2024\/11\/JS8301-100x100.jpg",100,100,true]},"uagb_author_info":{"display_name":"daniel@anmir.com.cn","author_link":"https:\/\/anmir.com.cn\/vi\/author\/"},"uagb_comment_info":0,"uagb_excerpt":"Model NO.:JS8301 220-240V~50\/60Hz 100W \u00b7Own patent for screw juicing system \u00b7Speed,40-60rpm\/Min \u00b7100W DC motor that has long continious working time \u00b7Speeds:Forward-off-reverse \u00b7High juice extracting rate \u00b7Low noise level less than 65db,lower vibration \u00b7SUS strainer \u00b7With two cups,Juice cup:600ml Pulp cup:900ml,Build in pulp contianer \u00b7Safety protection of overheating \u00b7Easily take out the parts to clean \u00b7Die&hellip;","_links":{"self":[{"href":"https:\/\/anmir.com.cn\/vi\/wp-json\/wp\/v2\/product\/1840","targetHints":{"allow":["GET"]}}],"collection":[{"href":"https:\/\/anmir.com.cn\/vi\/wp-json\/wp\/v2\/product"}],"about":[{"href":"https:\/\/anmir.com.cn\/vi\/wp-json\/wp\/v2\/types\/product"}],"wp:featuredmedia":[{"embeddable":true,"href":"https:\/\/anmir.com.cn\/vi\/wp-json\/wp\/v2\/media\/1841"}],"wp:attachment":[{"href":"https:\/\/anmir.com.cn\/vi\/wp-json\/wp\/v2\/media?parent=1840"}],"wp:term":[{"taxonomy":"product_brand","embeddable":true,"href":"https:\/\/anmir.com.cn\/vi\/wp-json\/wp\/v2\/product_brand?post=1840"},{"taxonomy":"product_cat","embeddable":true,"href":"https:\/\/anmir.com.cn\/vi\/wp-json\/wp\/v2\/product_cat?post=1840"},{"taxonomy":"product_tag","embeddable":true,"href":"https:\/\/anmir.com.cn\/vi\/wp-json\/wp\/v2\/product_tag?post=1840"}],"curies":[{"name":"wp","href":"https:\/\/api.w.org\/{rel}","templated":true}]}}