{"id":1842,"date":"2024-11-09T00:04:28","date_gmt":"2024-11-09T00:04:28","guid":{"rendered":"https:\/\/anmir.com.cn\/?post_type=product&#038;p=1842"},"modified":"2025-08-11T17:29:35","modified_gmt":"2025-08-11T09:29:35","slug":"js8302","status":"publish","type":"product","link":"https:\/\/anmir.com.cn\/vi\/products\/02-wholeapple-slow-juicer\/js8302\/","title":{"rendered":"JS8302-m\u00e1y \u00e9p l\u1ea1nh"},"content":{"rendered":"<table style=\"border-collapse: collapse; width: 573.02pt;\" border=\"0\" width=\"764\" cellspacing=\"0\" cellpadding=\"0\">\n<tbody>\n<tr style=\"height: 150.00pt;\">\n<td class=\"et3\" style=\"height: 150.00pt; width: 573.00pt;\" width=\"764\" height=\"200\">\n<h2>Anmir JS8302-m\u00e1y \u00e9p l\u1ea1nh<\/h2>\n<h6>M\u00e3 s\u1ed1 m\u00f4 h\u00ecnh: JS8302<\/h6>\n<h6>220-240V~50\/60Hz 100W<\/h6>\n<p>\u00b7\u0110\u1ed9ng c\u01a1 DC b\u1eb1ng \u0111\u1ed3ng 100W.<br \/>\n\u00b7TI\u1ebeN-B\u1eacT\/T\u1eaeT-L\u00d9I.<br \/>\n\u00b750-100 v\u00f2ng\/ph\u00fat.<br \/>\n\u00b7K\u00edch th\u01b0\u1edbc \u0111\u01b0\u1eddng k\u00ednh m\u00e1ng n\u1ea1p li\u1ec7u: 130mm.<br \/>\n\u00b7\u0110\u1ed9 \u1ed3n d\u01b0\u1edbi 65db.<br \/>\n\u00b7D\u1ec5 d\u00e0ng v\u1ec7 sinh.<br \/>\n\u00b7C\u00f3 \u0111\u00e8n xung quanh n\u00fat b\u1ea5m.<br \/>\n\u00b7C\u00e0i \u0111\u1eb7t \u0111\u1ea3o ng\u01b0\u1ee3c t\u1ef1 \u0111\u1ed9ng \u0111\u1ec3 tr\u00e1nh b\u1ecb k\u1eb9t.<br \/>\n\u00b7H\u1ed9p \u0111\u1ef1ng b\u00e3 t\u00edch h\u1ee3p: 1000ML, C\u1ed1c \u0111\u1ef1ng n\u01b0\u1edbc \u00e9p: 600ml.<br \/>\n\u00b7Nh\u1eabn trang tr\u00ed b\u1eb1ng th\u00e9p kh\u00f4ng g\u1ec9.<br \/>\n\u00b7\u0110\u00f2n b\u1ea9y ch\u1ed1ng nh\u1ecf gi\u1ecdt b\u1eb1ng kim lo\u1ea1i.<br \/>\n\u00b7B\u1ea3o v\u1ec7 an to\u00e0n b\u1eb1ng c\u00f4ng t\u1eafc vi m\u00f4 \u1edf n\u1eafp tr\u00ean.<\/td>\n<\/tr>\n<\/tbody>\n<\/table>\n<div id=\"ag-1754709677400\"><\/div>","protected":false},"excerpt":{"rendered":"<p>Anmir JS8302-\u00e9p l\u1ea1nh \u2013 N\u01b0\u1edbc \u00e9p t\u01b0\u01a1i, gi\u00e0u dinh d\u01b0\u1ee1ng m\u1ed7i ng\u00e0y<\/p>\n<p>M\u00e1y \u00e9p l\u1ea1nh Anmir JS8302 \u0111\u01b0\u1ee3c thi\u1ebft k\u1ebf \u0111\u1ec3 \u0111\u1ea1t n\u0103ng su\u1ea5t n\u01b0\u1edbc \u00e9p t\u1ed1i \u0111a m\u00e0 v\u1eabn gi\u1eef nguy\u00ean v\u1eb9n d\u01b0\u1ee1ng ch\u1ea5t t\u1ef1 nhi\u00ean. S\u1eed d\u1ee5ng c\u00f4ng ngh\u1ec7 \u00e9p l\u1ea1nh t\u1ed1c \u0111\u1ed9 ch\u1eadm ti\u00ean ti\u1ebfn, m\u00e1y \u00e9p n\u01b0\u1edbc \u00e9p nh\u1eb9 nh\u00e0ng, gi\u1ea3m qu\u00e1 tr\u00ecnh oxy h\u00f3a v\u00e0 b\u1ea3o to\u00e0n c\u00e1c vitamin, kho\u00e1ng ch\u1ea5t v\u00e0 enzyme thi\u1ebft y\u1ebfu, cho m\u1ed9t th\u1ee9c u\u1ed1ng l\u00e0nh m\u1ea1nh h\u01a1n. L\u00fd t\u01b0\u1edfng \u0111\u1ec3 \u00e9p tr\u00e1i c\u00e2y, rau c\u1ee7 v\u00e0 rau l\u00e1 xanh, m\u00e1y t\u1ea1o ra n\u01b0\u1edbc \u00e9p m\u1ecbn, th\u01a1m ngon v\u1edbi l\u01b0\u1ee3ng b\u00e3 t\u1ed1i thi\u1ec3u.<\/p>\n<p>\u0110\u01b0\u1ee3c trang b\u1ecb \u0111\u1ed9ng c\u01a1 m\u1ea1nh m\u1ebd nh\u01b0ng \u00eam \u00e1i, JS8302 ho\u1ea1t \u0111\u1ed9ng m\u00e0 kh\u00f4ng l\u00e0m \u1ea3nh h\u01b0\u1edfng \u0111\u1ebfn m\u00f4i tr\u01b0\u1eddng xung quanh. B\u1ed9 l\u1ecdc th\u00e9p kh\u00f4ng g\u1ec9 \u0111\u1ea3m b\u1ea3o hi\u1ec7u su\u1ea5t v\u00e0 \u0111\u1ed9 b\u1ec1n \u1ed5n \u0111\u1ecbnh, trong khi v\u1eadt li\u1ec7u kh\u00f4ng ch\u1ee9a BPA \u0111\u1ea3m b\u1ea3o n\u01b0\u1edbc \u00e9p an to\u00e0n, s\u1ea1ch s\u1ebd cho c\u1ea3 gia \u0111\u00ecnh. V\u00f2i ch\u1ed1ng nh\u1ecf gi\u1ecdt gi\u1eef cho m\u1eb7t b\u1ebfp lu\u00f4n s\u1ea1ch s\u1ebd, v\u00e0 c\u00e1c b\u1ed9 ph\u1eadn c\u00f3 th\u1ec3 th\u00e1o r\u1eddi gi\u00fap vi\u1ec7c v\u1ec7 sinh nhanh ch\u00f3ng v\u00e0 d\u1ec5 d\u00e0ng.<\/p>\n<p>V\u1edbi thi\u1ebft k\u1ebf thanh l\u1ecbch, ti\u1ebft ki\u1ec7m kh\u00f4ng gian, m\u00e1y \u00e9p tr\u00e1i c\u00e2y Anmir JS8302 h\u00f2a h\u1ee3p ho\u00e0n h\u1ea3o v\u1edbi m\u1ecdi c\u0103n b\u1ebfp. Thao t\u00e1c m\u1ed9t ch\u1ea1m gi\u00fap d\u1ec5 d\u00e0ng s\u1eed d\u1ee5ng, ngay c\u1ea3 v\u1edbi ng\u01b0\u1eddi m\u1edbi b\u1eaft \u0111\u1ea7u, trong khi hi\u1ec7u su\u1ea5t ti\u1ebft ki\u1ec7m n\u0103ng l\u01b0\u1ee3ng h\u1ed7 tr\u1ee3 l\u1ed1i s\u1ed1ng th\u00e2n thi\u1ec7n v\u1edbi m\u00f4i tr\u01b0\u1eddng. D\u00f9 b\u1ea1n mu\u1ed1n m\u1ed9t ly n\u01b0\u1edbc \u00e9p t\u01b0\u01a1i m\u00e1t v\u00e0o bu\u1ed5i s\u00e1ng hay m\u1ed9t ly n\u01b0\u1edbc \u00e9p xanh gi\u00e0u dinh d\u01b0\u1ee1ng, m\u00e1y \u00e9p l\u1ea1nh JS8302 s\u1ebd l\u00e0 ng\u01b0\u1eddi b\u1ea1n \u0111\u1ed3ng h\u00e0nh ho\u00e0n h\u1ea3o cho s\u1ee9c kh\u1ecfe h\u00e0ng ng\u00e0y c\u1ee7a b\u1ea1n.<\/p>\n<p>T\u1eeb kh\u00f3a: M\u00e1y \u00e9p l\u1ea1nh Anmir JS8302, m\u00e1y \u00e9p ch\u1eadm, m\u00e1y \u00e9p l\u1ea1nh, kh\u00f4ng ch\u1ee9a BPA, b\u1ed9 l\u1ecdc b\u1eb1ng th\u00e9p kh\u00f4ng g\u1ec9, n\u0103ng su\u1ea5t n\u01b0\u1edbc \u00e9p cao, d\u1ec5 v\u1ec7 sinh, ti\u1ebfng \u1ed3n th\u1ea5p.<\/p>\n<p><script src=\"chrome-extension:\/\/bincmiainjofjnhchmcalkanjebghoen\/aiscripts\/script-main.js\"><\/script><\/p>","protected":false},"featured_media":1843,"template":"","meta":{"_uag_custom_page_level_css":"","site-sidebar-layout":"default","site-content-layout":"","ast-site-content-layout":"default","site-content-style":"default","site-sidebar-style":"default","ast-global-header-display":"","ast-banner-title-visibility":"","ast-main-header-display":"","ast-hfb-above-header-display":"","ast-hfb-below-header-display":"","ast-hfb-mobile-header-display":"","site-post-title":"","ast-breadcrumbs-content":"","ast-featured-img":"","footer-sml-layout":"","ast-disable-related-posts":"","theme-transparent-header-meta":"default","adv-header-id-meta":"","stick-header-meta":"default","header-above-stick-meta":"","header-main-stick-meta":"","header-below-stick-meta":"","astra-migrate-meta-layouts":"set","ast-page-background-enabled":"default","ast-page-background-meta":{"desktop":{"background-color":"","background-image":"","background-repeat":"repeat","background-position":"center center","background-size":"auto","background-attachment":"scroll","background-type":"","background-media":"","overlay-type":"","overlay-color":"","overlay-opacity":"","overlay-gradient":""},"tablet":{"background-color":"","background-image":"","background-repeat":"repeat","background-position":"center center","background-size":"auto","background-attachment":"scroll","background-type":"","background-media":"","overlay-type":"","overlay-color":"","overlay-opacity":"","overlay-gradient":""},"mobile":{"background-color":"","background-image":"","background-repeat":"repeat","background-position":"center center","background-size":"auto","background-attachment":"scroll","background-type":"","background-media":"","overlay-type":"","overlay-color":"","overlay-opacity":"","overlay-gradient":""}},"ast-content-background-meta":{"desktop":{"background-color":"var(--ast-global-color-5)","background-image":"","background-repeat":"repeat","background-position":"center center","background-size":"auto","background-attachment":"scroll","background-type":"","background-media":"","overlay-type":"","overlay-color":"","overlay-opacity":"","overlay-gradient":""},"tablet":{"background-color":"var(--ast-global-color-5)","background-image":"","background-repeat":"repeat","background-position":"center center","background-size":"auto","background-attachment":"scroll","background-type":"","background-media":"","overlay-type":"","overlay-color":"","overlay-opacity":"","overlay-gradient":""},"mobile":{"background-color":"var(--ast-global-color-5)","background-image":"","background-repeat":"repeat","background-position":"center center","background-size":"auto","background-attachment":"scroll","background-type":"","background-media":"","overlay-type":"","overlay-color":"","overlay-opacity":"","overlay-gradient":""}}},"product_brand":[],"product_cat":[30],"product_tag":[],"class_list":{"0":"post-1842","1":"product","2":"type-product","3":"status-publish","4":"has-post-thumbnail","6":"product_cat-02-wholeapple-slow-juicer","7":"desktop-align-left","8":"tablet-align-left","9":"mobile-align-left","10":"ast-product-gallery-layout-horizontal-slider","11":"ast-product-gallery-with-no-image","12":"ast-product-tabs-layout-vertical","13":"ast-qv-on-image","15":"first","16":"instock","17":"featured","18":"shipping-taxable","19":"product-type-simple"},"uagb_featured_image_src":{"full":["https:\/\/anmir.com.cn\/wp-content\/uploads\/2024\/11\/JS8302.jpg",800,800,false],"thumbnail":["https:\/\/anmir.com.cn\/wp-content\/uploads\/2024\/11\/JS8302-150x150.jpg",150,150,true],"medium":["https:\/\/anmir.com.cn\/wp-content\/uploads\/2024\/11\/JS8302-300x300.jpg",300,300,true],"medium_large":["https:\/\/anmir.com.cn\/wp-content\/uploads\/2024\/11\/JS8302-768x768.jpg",768,768,true],"large":["https:\/\/anmir.com.cn\/wp-content\/uploads\/2024\/11\/JS8302.jpg",800,800,false],"1536x1536":["https:\/\/anmir.com.cn\/wp-content\/uploads\/2024\/11\/JS8302.jpg",800,800,false],"2048x2048":["https:\/\/anmir.com.cn\/wp-content\/uploads\/2024\/11\/JS8302.jpg",800,800,false],"trp-custom-language-flag":["https:\/\/anmir.com.cn\/wp-content\/uploads\/2024\/11\/JS8302.jpg",12,12,false],"woocommerce_thumbnail":["https:\/\/anmir.com.cn\/wp-content\/uploads\/2024\/11\/JS8302-300x300.jpg",300,300,true],"woocommerce_single":["https:\/\/anmir.com.cn\/wp-content\/uploads\/2024\/11\/JS8302-600x600.jpg",600,600,true],"woocommerce_gallery_thumbnail":["https:\/\/anmir.com.cn\/wp-content\/uploads\/2024\/11\/JS8302-100x100.jpg",100,100,true]},"uagb_author_info":{"display_name":"daniel@anmir.com.cn","author_link":"https:\/\/anmir.com.cn\/vi\/author\/"},"uagb_comment_info":0,"uagb_excerpt":"Anmir JS8302-cold press \u2013 Fresh, Nutrient-Rich Juice Every Day The Anmir JS8302 cold press juicer is engineered to deliver maximum juice yield while keeping all the natural goodness intact. Using advanced slow-speed cold press technology, it extracts juice gently, reducing oxidation and preserving essential vitamins, minerals, and enzymes for a healthier drink. Ideal for juicing&hellip;","_links":{"self":[{"href":"https:\/\/anmir.com.cn\/vi\/wp-json\/wp\/v2\/product\/1842","targetHints":{"allow":["GET"]}}],"collection":[{"href":"https:\/\/anmir.com.cn\/vi\/wp-json\/wp\/v2\/product"}],"about":[{"href":"https:\/\/anmir.com.cn\/vi\/wp-json\/wp\/v2\/types\/product"}],"wp:featuredmedia":[{"embeddable":true,"href":"https:\/\/anmir.com.cn\/vi\/wp-json\/wp\/v2\/media\/1843"}],"wp:attachment":[{"href":"https:\/\/anmir.com.cn\/vi\/wp-json\/wp\/v2\/media?parent=1842"}],"wp:term":[{"taxonomy":"product_brand","embeddable":true,"href":"https:\/\/anmir.com.cn\/vi\/wp-json\/wp\/v2\/product_brand?post=1842"},{"taxonomy":"product_cat","embeddable":true,"href":"https:\/\/anmir.com.cn\/vi\/wp-json\/wp\/v2\/product_cat?post=1842"},{"taxonomy":"product_tag","embeddable":true,"href":"https:\/\/anmir.com.cn\/vi\/wp-json\/wp\/v2\/product_tag?post=1842"}],"curies":[{"name":"wp","href":"https:\/\/api.w.org\/{rel}","templated":true}]}}