{"id":1846,"date":"2024-11-09T00:05:02","date_gmt":"2024-11-09T00:05:02","guid":{"rendered":"https:\/\/anmir.com.cn\/?post_type=product&#038;p=1846"},"modified":"2025-08-09T11:21:00","modified_gmt":"2025-08-09T03:21:00","slug":"js8305","status":"publish","type":"product","link":"https:\/\/anmir.com.cn\/vi\/products\/02-wholeapple-slow-juicer\/js8305\/","title":{"rendered":"M\u00e1y \u00e9p ch\u1eadm JS8305"},"content":{"rendered":"<table style=\"border-collapse: collapse; width: 573.02pt;\" border=\"0\" width=\"764\" cellspacing=\"0\" cellpadding=\"0\">\n<tbody>\n<tr style=\"height: 150.00pt;\">\n<td class=\"et3\" style=\"height: 150.00pt; width: 573.00pt;\" width=\"764\" height=\"200\">\n<h6>M\u00e3 s\u1ed1 s\u1ea3n ph\u1ea9m: JS8305 - m\u00e1y \u00e9p ch\u1eadm<\/h6>\n<h6>220-240V~50\/60Hz 100W<\/h6>\n<p>\u00b7\u0110\u1ed9ng c\u01a1 DC \u0111\u1ed3ng 100W<br \/>\n\u00b7TI\u1ebeN-B\u1eacT\/T\u1eaeT-L\u00d9I<br \/>\n\u00b750-100 v\u00f2ng\/ph\u00fat<br \/>\n\u00b7K\u00edch th\u01b0\u1edbc \u0111\u01b0\u1eddng k\u00ednh m\u00e1ng n\u1ea1p: 130mm<br \/>\n\u00b7\u0110\u1ed9 \u1ed3n d\u01b0\u1edbi 65db<br \/>\n\u00b7D\u1ec5 d\u00e0ng v\u1ec7 sinh<br \/>\n\u00b7C\u00f3 \u0111\u00e8n xung quanh n\u00fat<br \/>\n\u00b7T\u1ef1 \u0111\u1ed9ng \u0111\u1ea3o ng\u01b0\u1ee3c \u0111\u1ec3 tr\u00e1nh b\u1ecb k\u1eb9t<br \/>\n\u00b7H\u1ed9p \u0111\u1ef1ng b\u00e3 t\u00edch h\u1ee3p: 1000ML, C\u1ed1c \u0111\u1ef1ng n\u01b0\u1edbc \u00e9p: 600ml<br \/>\n\u00b7Nh\u1eabn trang tr\u00ed SS<br \/>\n\u00b7C\u1ea7n g\u1ea1t ch\u1ed1ng nh\u1ecf gi\u1ecdt b\u1eb1ng kim lo\u1ea1i<br \/>\n\u00b7B\u1ea3o v\u1ec7 an to\u00e0n v\u1edbi c\u00f4ng t\u1eafc vi m\u00f4 tr\u00ean n\u1eafp tr\u00ean<\/td>\n<\/tr>\n<\/tbody>\n<\/table>\n<p><script src=\"chrome-extension:\/\/bincmiainjofjnhchmcalkanjebghoen\/aiscripts\/script-main.js\"><\/script><\/p>\n<div id=\"ag-1754709092029\"><\/div>","protected":false},"excerpt":{"rendered":"<p data-start=\"105\" data-end=\"172\"><strong data-start=\"105\" data-end=\"170\">M\u00e1y \u00e9p ch\u1eadm JS8305 \u2013 C\u00f4ng ngh\u1ec7 \u00e9p l\u1ea1nh cho cu\u1ed9c s\u1ed1ng kh\u1ecfe m\u1ea1nh<\/strong><\/p>\n<p data-start=\"174\" data-end=\"609\">M\u00e1y \u00e9p ch\u1eadm JS8305 \u0111\u01b0\u1ee3c thi\u1ebft k\u1ebf v\u1edbi c\u00f4ng ngh\u1ec7 \u00e9p l\u1ea1nh t\u1ed1c \u0111\u1ed9 th\u1ea5p ti\u00ean ti\u1ebfn gi\u00fap \u00e9p n\u01b0\u1edbc \u00e9p hi\u1ec7u qu\u1ea3 h\u01a1n, \u0111\u1ed3ng th\u1eddi gi\u1eef l\u1ea1i c\u00e1c vitamin, kho\u00e1ng ch\u1ea5t v\u00e0 enzyme thi\u1ebft y\u1ebfu. Ho\u1ea1t \u0111\u1ed9ng \u1edf t\u1ed1c \u0111\u1ed9 nh\u1eb9 nh\u00e0ng, m\u00e1y gi\u1ea3m thi\u1ec3u qu\u00e1 tr\u00ecnh oxy h\u00f3a v\u00e0 t\u00edch t\u1ee5 nhi\u1ec7t, \u0111\u1ea3m b\u1ea3o m\u1ed7i ly n\u01b0\u1edbc \u00e9p \u0111\u1ec1u gi\u00e0u h\u01b0\u01a1ng v\u1ecb v\u00e0 d\u01b0\u1ee1ng ch\u1ea5t. Ho\u00e0n h\u1ea3o cho nhi\u1ec1u lo\u1ea1i nguy\u00ean li\u1ec7u, m\u00e1y c\u00f3 th\u1ec3 \u00e9p tr\u00e1i c\u00e2y, rau c\u1ee7 v\u00e0 rau l\u00e1 xanh m\u1ed9t c\u00e1ch d\u1ec5 d\u00e0ng, cho ra n\u01b0\u1edbc \u00e9p m\u1ecbn, kh\u00f4ng b\u1ecb b\u00e3.<\/p>\n<p data-start=\"611\" data-end=\"978\">\u0110\u01b0\u1ee3c trang b\u1ecb \u0111\u1ed9ng c\u01a1 m\u1ea1nh m\u1ebd nh\u01b0ng \u00eam \u00e1i, JS8305 mang \u0111\u1ebfn tr\u1ea3i nghi\u1ec7m \u00e9p n\u01b0\u1edbc tho\u1ea3i m\u00e1i m\u00e0 kh\u00f4ng l\u00e0m \u1ea3nh h\u01b0\u1edfng \u0111\u1ebfn m\u00f4i tr\u01b0\u1eddng xung quanh. B\u1ed9 l\u1ecdc b\u1eb1ng th\u00e9p kh\u00f4ng g\u1ec9 \u0111\u1ea3m b\u1ea3o \u0111\u1ed9 b\u1ec1n v\u00e0 hi\u1ec7u su\u1ea5t \u1ed5n \u0111\u1ecbnh, trong khi c\u00e1c th\u00e0nh ph\u1ea7n kh\u00f4ng ch\u1ee9a BPA \u0111\u1ea3m b\u1ea3o n\u01b0\u1edbc \u00e9p an to\u00e0n, t\u1ed1t cho s\u1ee9c kh\u1ecfe m\u1ed7i l\u1ea7n \u00e9p. V\u00f2i ch\u1ed1ng nh\u1ecf gi\u1ecdt gi\u00fap ng\u0103n ng\u1eeba t\u00ecnh tr\u1ea1ng b\u1ea9n, v\u00e0 c\u00e1c b\u1ed9 ph\u1eadn c\u00f3 th\u1ec3 th\u00e1o r\u1eddi gi\u00fap vi\u1ec7c v\u1ec7 sinh nhanh ch\u00f3ng v\u00e0 \u0111\u01a1n gi\u1ea3n.<\/p>\n<p data-start=\"980\" data-end=\"1330\">V\u1edbi thi\u1ebft k\u1ebf nh\u1ecf g\u1ecdn, hi\u1ec7n \u0111\u1ea1i, m\u00e1y \u00e9p ch\u1eadm n\u00e0y ph\u00f9 h\u1ee3p ho\u00e0n h\u1ea3o v\u1edbi m\u1ecdi kh\u00f4ng gian b\u1ebfp v\u00e0 d\u1ec5 d\u00e0ng c\u1ea5t gi\u1eef. Thao t\u00e1c m\u1ed9t ch\u1ea1m gi\u00fap ng\u01b0\u1eddi d\u00f9ng d\u1ec5 d\u00e0ng s\u1eed d\u1ee5ng, t\u1eeb ng\u01b0\u1eddi m\u1edbi b\u1eaft \u0111\u1ea7u \u0111\u1ebfn ng\u01b0\u1eddi \u0111\u00e3 c\u00f3 kinh nghi\u1ec7m \u00e9p tr\u00e1i c\u00e2y. Ti\u1ebft ki\u1ec7m n\u0103ng l\u01b0\u1ee3ng v\u00e0 \u00edt ti\u1ebfng \u1ed3n, m\u00e1y \u00e9p ch\u1eadm JS8305 l\u00e0 l\u1ef1a ch\u1ecdn ho\u00e0n h\u1ea3o cho b\u1ea5t k\u1ef3 ai \u0111ang t\u00ecm ki\u1ebfm m\u1ed9t l\u1ed1i s\u1ed1ng l\u00e0nh m\u1ea1nh h\u01a1n th\u00f4ng qua n\u01b0\u1edbc \u00e9p t\u01b0\u01a1i ngon t\u1ef1 l\u00e0m.<\/p>\n<p data-start=\"1332\" data-end=\"1471\"><strong data-start=\"1332\" data-end=\"1345\">T\u1eeb kh\u00f3a:<\/strong> M\u00e1y \u00e9p ch\u1eadm, m\u00e1y \u00e9p l\u1ea1nh, JS8305, kh\u00f4ng ch\u1ee9a BPA, b\u1ed9 l\u1ecdc b\u1eb1ng th\u00e9p kh\u00f4ng g\u1ec9, v\u00f2i ch\u1ed1ng nh\u1ecf gi\u1ecdt, d\u1ec5 v\u1ec7 sinh, n\u0103ng su\u1ea5t n\u01b0\u1edbc \u00e9p cao.<\/p>","protected":false},"featured_media":3311,"template":"","meta":{"_uag_custom_page_level_css":"","site-sidebar-layout":"default","site-content-layout":"","ast-site-content-layout":"default","site-content-style":"default","site-sidebar-style":"default","ast-global-header-display":"","ast-banner-title-visibility":"","ast-main-header-display":"","ast-hfb-above-header-display":"","ast-hfb-below-header-display":"","ast-hfb-mobile-header-display":"","site-post-title":"","ast-breadcrumbs-content":"","ast-featured-img":"","footer-sml-layout":"","ast-disable-related-posts":"","theme-transparent-header-meta":"default","adv-header-id-meta":"","stick-header-meta":"default","header-above-stick-meta":"","header-main-stick-meta":"","header-below-stick-meta":"","astra-migrate-meta-layouts":"set","ast-page-background-enabled":"default","ast-page-background-meta":{"desktop":{"background-color":"","background-image":"","background-repeat":"repeat","background-position":"center center","background-size":"auto","background-attachment":"scroll","background-type":"","background-media":"","overlay-type":"","overlay-color":"","overlay-opacity":"","overlay-gradient":""},"tablet":{"background-color":"","background-image":"","background-repeat":"repeat","background-position":"center center","background-size":"auto","background-attachment":"scroll","background-type":"","background-media":"","overlay-type":"","overlay-color":"","overlay-opacity":"","overlay-gradient":""},"mobile":{"background-color":"","background-image":"","background-repeat":"repeat","background-position":"center center","background-size":"auto","background-attachment":"scroll","background-type":"","background-media":"","overlay-type":"","overlay-color":"","overlay-opacity":"","overlay-gradient":""}},"ast-content-background-meta":{"desktop":{"background-color":"var(--ast-global-color-5)","background-image":"","background-repeat":"repeat","background-position":"center center","background-size":"auto","background-attachment":"scroll","background-type":"","background-media":"","overlay-type":"","overlay-color":"","overlay-opacity":"","overlay-gradient":""},"tablet":{"background-color":"var(--ast-global-color-5)","background-image":"","background-repeat":"repeat","background-position":"center center","background-size":"auto","background-attachment":"scroll","background-type":"","background-media":"","overlay-type":"","overlay-color":"","overlay-opacity":"","overlay-gradient":""},"mobile":{"background-color":"var(--ast-global-color-5)","background-image":"","background-repeat":"repeat","background-position":"center center","background-size":"auto","background-attachment":"scroll","background-type":"","background-media":"","overlay-type":"","overlay-color":"","overlay-opacity":"","overlay-gradient":""}}},"product_brand":[],"product_cat":[30],"product_tag":[],"class_list":{"0":"post-1846","1":"product","2":"type-product","3":"status-publish","4":"has-post-thumbnail","6":"product_cat-02-wholeapple-slow-juicer","7":"desktop-align-left","8":"tablet-align-left","9":"mobile-align-left","10":"ast-product-gallery-layout-horizontal-slider","11":"ast-product-gallery-with-no-image","12":"ast-product-tabs-layout-vertical","13":"ast-qv-on-image","15":"first","16":"instock","17":"shipping-taxable","18":"product-type-simple"},"uagb_featured_image_src":{"full":["https:\/\/anmir.com.cn\/wp-content\/uploads\/2024\/11\/JS8305-1.jpg",800,800,false],"thumbnail":["https:\/\/anmir.com.cn\/wp-content\/uploads\/2024\/11\/JS8305-1-150x150.jpg",150,150,true],"medium":["https:\/\/anmir.com.cn\/wp-content\/uploads\/2024\/11\/JS8305-1-300x300.jpg",300,300,true],"medium_large":["https:\/\/anmir.com.cn\/wp-content\/uploads\/2024\/11\/JS8305-1-768x768.jpg",768,768,true],"large":["https:\/\/anmir.com.cn\/wp-content\/uploads\/2024\/11\/JS8305-1.jpg",800,800,false],"1536x1536":["https:\/\/anmir.com.cn\/wp-content\/uploads\/2024\/11\/JS8305-1.jpg",800,800,false],"2048x2048":["https:\/\/anmir.com.cn\/wp-content\/uploads\/2024\/11\/JS8305-1.jpg",800,800,false],"trp-custom-language-flag":["https:\/\/anmir.com.cn\/wp-content\/uploads\/2024\/11\/JS8305-1-12x12.jpg",12,12,true],"woocommerce_thumbnail":["https:\/\/anmir.com.cn\/wp-content\/uploads\/2024\/11\/JS8305-1-300x300.jpg",300,300,true],"woocommerce_single":["https:\/\/anmir.com.cn\/wp-content\/uploads\/2024\/11\/JS8305-1-600x600.jpg",600,600,true],"woocommerce_gallery_thumbnail":["https:\/\/anmir.com.cn\/wp-content\/uploads\/2024\/11\/JS8305-1-100x100.jpg",100,100,true]},"uagb_author_info":{"display_name":"daniel@anmir.com.cn","author_link":"https:\/\/anmir.com.cn\/vi\/author\/"},"uagb_comment_info":0,"uagb_excerpt":"JS8305 Slow Juicer \u2013 Cold Press Technology for Healthy Living The JS8305 slow juicer is designed with advanced low-speed cold press technology to extract juice more efficiently while preserving essential vitamins, minerals, and enzymes. Operating at a gentle speed, it minimizes oxidation and heat buildup, ensuring every glass is rich in flavor and nutrients. Perfect&hellip;","_links":{"self":[{"href":"https:\/\/anmir.com.cn\/vi\/wp-json\/wp\/v2\/product\/1846","targetHints":{"allow":["GET"]}}],"collection":[{"href":"https:\/\/anmir.com.cn\/vi\/wp-json\/wp\/v2\/product"}],"about":[{"href":"https:\/\/anmir.com.cn\/vi\/wp-json\/wp\/v2\/types\/product"}],"wp:featuredmedia":[{"embeddable":true,"href":"https:\/\/anmir.com.cn\/vi\/wp-json\/wp\/v2\/media\/3311"}],"wp:attachment":[{"href":"https:\/\/anmir.com.cn\/vi\/wp-json\/wp\/v2\/media?parent=1846"}],"wp:term":[{"taxonomy":"product_brand","embeddable":true,"href":"https:\/\/anmir.com.cn\/vi\/wp-json\/wp\/v2\/product_brand?post=1846"},{"taxonomy":"product_cat","embeddable":true,"href":"https:\/\/anmir.com.cn\/vi\/wp-json\/wp\/v2\/product_cat?post=1846"},{"taxonomy":"product_tag","embeddable":true,"href":"https:\/\/anmir.com.cn\/vi\/wp-json\/wp\/v2\/product_tag?post=1846"}],"curies":[{"name":"wp","href":"https:\/\/api.w.org\/{rel}","templated":true}]}}