{"id":1850,"date":"2024-11-09T00:08:27","date_gmt":"2024-11-09T00:08:27","guid":{"rendered":"https:\/\/anmir.com.cn\/?post_type=product&#038;p=1850"},"modified":"2025-08-12T08:21:06","modified_gmt":"2025-08-12T00:21:06","slug":"amr8801","status":"publish","type":"product","link":"https:\/\/anmir.com.cn\/vi\/products\/03-normal-slow-juicer\/amr8801\/","title":{"rendered":"M\u00e1y \u00e9p tr\u00e1i c\u00e2y AMR8801"},"content":{"rendered":"<table width=\"764\">\n<tbody>\n<tr>\n<td width=\"764\">\n<h6>Model NO.:AMR8801-M\u00e1y \u00e9p tr\u00e1i c\u00e2y nghi\u1ec1n<\/h6>\n<h6>220-240V~50\/60Hz 120W<\/h6>\n<p>\u00b7Lo\u1ea1i tr\u1ee5c v\u00edt t\u1ed1c \u0111\u1ed9 ch\u1eadm \u0111\u1ec3 gi\u1eef nguy\u00ean ch\u1ea5t dinh d\u01b0\u1ee1ng c\u1ee7a n\u01b0\u1edbc \u00e9p<br \/>\n\u00b7Gi\u1ea3m qu\u00e1 tr\u00ecnh oxy h\u00f3a, v\u1edbi th\u1eed nghi\u1ec7m ho\u00e0n h\u1ea3o v\u00e0 t\u01b0\u01a1i m\u1edbi<br \/>\n\u00b7\u0110\u1ed9ng c\u01a1 DC c\u00f3 th\u1eddi gian l\u00e0m vi\u1ec7c li\u00ean t\u1ee5c d\u00e0i (10 ph\u00fat)<br \/>\n\u00b7Ch\u1ee9c n\u0103ng \u0111\u1ea3o ng\u01b0\u1ee3c \u0111\u1ec3 tr\u00e1nh b\u1ecb k\u1eb9t<br \/>\n\u00b7T\u1ed1c \u0111\u1ed9 chi\u1ebft xu\u1ea5t n\u01b0\u1edbc \u00e9p cao<br \/>\n\u00b7\u0110\u1ed9 \u1ed3n th\u1ea5p d\u01b0\u1edbi 65db, \u0111\u1ed9 rung th\u1ea5p h\u01a1n<br \/>\n\u00b7R\u00e2y l\u1ecdc S\/S c\u00f3 l\u1ed7 nh\u1ecf cho m\u1ecdi lo\u1ea1i tr\u00e1i c\u00e2y &amp; rau c\u1ee7\u1ed0ng ti\u1ebfp li\u1ec7u l\u1edbn, c\u00f3 hai c\u1ed1c<br \/>\n\u00b7B\u1ea3o v\u1ec7 an to\u00e0n<br \/>\n\u00b7D\u1ec5 d\u00e0ng th\u00e1o r\u1eddi c\u00e1c b\u1ed9 ph\u1eadn \u0111\u1ec3 v\u1ec7 sinh<br \/>\nS\u1ed0 L\u01af\u1ee2NG T\u1ea2I: 20DC: 700 chi\u1ebfc 40DC: 1400 chi\u1ebfc 40HQ: 1700 chi\u1ebfc<\/td>\n<\/tr>\n<\/tbody>\n<\/table>\n<div id=\"ag-1754957981590\"><\/div>","protected":false},"excerpt":{"rendered":"<p data-start=\"200\" data-end=\"290\"><strong data-start=\"200\" data-end=\"243\">Model NO.: AMR8801 \u2013 M\u00e1y \u00e9p tr\u00e1i c\u00e2y nghi\u1ec1n<\/strong><br data-start=\"243\" data-end=\"246\" \/><strong data-start=\"246\" data-end=\"264\">Th\u00f4ng s\u1ed1 k\u1ef9 thu\u1eadt:<\/strong> 220\u2013240V~ 50\/60Hz, 120W<\/p>\n<p data-start=\"292\" data-end=\"646\">M\u00e1y \u00e9p tr\u00e1i c\u00e2y AMR8801 \u0111\u01b0\u1ee3c thi\u1ebft k\u1ebf d\u00e0nh cho nh\u1eefng ng\u01b0\u1eddi d\u00f9ng quan t\u00e2m \u0111\u1ebfn s\u1ee9c kh\u1ecfe, mu\u1ed1n th\u01b0\u1edfng th\u1ee9c n\u01b0\u1edbc \u00e9p nguy\u00ean ch\u1ea5t nh\u1ea5t v\u1edbi h\u00e0m l\u01b0\u1ee3ng dinh d\u01b0\u1ee1ng t\u1ed1i \u0111a. S\u1eed d\u1ee5ng <strong data-start=\"429\" data-end=\"459\">c\u01a1 ch\u1ebf v\u00edt t\u1ed1c \u0111\u1ed9 ch\u1eadm<\/strong>, n\u00f3 nh\u1eb9 nh\u00e0ng \u00e9p tr\u00e1i c\u00e2y v\u00e0 rau qu\u1ea3 \u0111\u1ec3 gi\u1eef l\u1ea1i vitamin, kho\u00e1ng ch\u1ea5t v\u00e0 h\u01b0\u01a1ng v\u1ecb t\u1ef1 nhi\u00ean. T\u1ed1c \u0111\u1ed9 chi\u1ebft xu\u1ea5t th\u1ea5p <strong data-start=\"579\" data-end=\"600\">gi\u1ea3m qu\u00e1 tr\u00ecnh oxy h\u00f3a<\/strong>, \u0111\u1ea3m b\u1ea3o h\u01b0\u01a1ng v\u1ecb t\u01b0\u01a1i ngon, \u0111\u1eadm \u0111\u00e0 trong m\u1ed7i t\u00e1ch c\u00e0 ph\u00ea.<\/p>\n<p data-start=\"648\" data-end=\"956\">\u0110\u01b0\u1ee3c cung c\u1ea5p b\u1edfi m\u1ed9t <strong data-start=\"669\" data-end=\"681\">\u0110\u1ed9ng c\u01a1 DC<\/strong>, m\u00e1y \u00e9p tr\u00e1i c\u00e2y n\u00e0y cung c\u1ea5p <strong data-start=\"702\" data-end=\"746\">th\u1eddi gian l\u00e0m vi\u1ec7c li\u00ean t\u1ee5c l\u00ean \u0111\u1ebfn 10 ph\u00fat<\/strong> v\u00e0 c\u00f3 m\u1ed9t <strong data-start=\"762\" data-end=\"782\">ch\u1ee9c n\u0103ng \u0111\u1ea3o ng\u01b0\u1ee3c<\/strong> \u0111\u1ec3 ng\u0103n ng\u1eeba t\u1eafc ngh\u1ebdn. <strong data-start=\"808\" data-end=\"828\">n\u0103ng su\u1ea5t n\u01b0\u1edbc \u00e9p cao<\/strong> \u0111\u1ea3m b\u1ea3o b\u1ea1n t\u1eadn d\u1ee5ng t\u1ed1i \u0111a s\u1ea3n ph\u1ea9m c\u1ee7a m\u00ecnh, trong khi <strong data-start=\"885\" data-end=\"915\">m\u1ee9c \u0111\u1ed9 ti\u1ebfng \u1ed3n th\u1ea5p d\u01b0\u1edbi 65dB<\/strong> gi\u1eef cho ho\u1ea1t \u0111\u1ed9ng y\u00ean t\u0129nh v\u00e0 tho\u1ea3i m\u00e1i.<\/p>\n<p data-start=\"958\" data-end=\"1357\">\u0110\u01b0\u1ee3c trang b\u1ecb m\u1ed9t <strong data-start=\"974\" data-end=\"1002\">b\u1ed9 l\u1ecdc b\u1eb1ng th\u00e9p kh\u00f4ng g\u1ec9<\/strong> V\u1edbi c\u00e1c l\u1ed7 nh\u1ecf, AMR8801 ph\u00f9 h\u1ee3p v\u1edbi m\u1ecdi lo\u1ea1i tr\u00e1i c\u00e2y v\u00e0 rau qu\u1ea3. <strong data-start=\"1088\" data-end=\"1110\">\u1ed1ng n\u1ea1p th\u1ee9c \u0103n l\u1edbn<\/strong> gi\u00fap vi\u1ec7c chu\u1ea9n b\u1ecb d\u1ec5 d\u00e0ng h\u01a1n v\u00e0 hai c\u1ed1c \u0111i k\u00e8m cho ph\u00e9p b\u1ea1n thu th\u1eadp n\u01b0\u1edbc \u00e9p v\u00e0 b\u00e3 ri\u00eang bi\u1ec7t. V\u1edbi <strong data-start=\"1207\" data-end=\"1228\">b\u1ea3o v\u1ec7 an to\u00e0n<\/strong>, \u0111\u1ed9 rung th\u1ea5p v\u00e0 <strong data-start=\"1249\" data-end=\"1283\">c\u00e1c b\u1ed9 ph\u1eadn c\u00f3 th\u1ec3 th\u00e1o r\u1eddi d\u1ec5 v\u1ec7 sinh<\/strong>M\u00e1y \u00e9p tr\u00e1i c\u00e2y n\u00e0y v\u1eeba an to\u00e0n v\u1eeba ti\u1ec7n l\u1ee3i\u2014ho\u00e0n h\u1ea3o \u0111\u1ec3 s\u1eed d\u1ee5ng h\u00e0ng ng\u00e0y t\u1ea1i nh\u00e0.<\/p>\n<p data-start=\"1359\" data-end=\"1438\">Th\u01b0\u1edfng th\u1ee9c n\u01b0\u1edbc \u00e9p t\u01b0\u01a1i ngon h\u01a1n, t\u1ed1t cho s\u1ee9c kh\u1ecfe h\u01a1n m\u1ed7i ng\u00e0y v\u1edbi M\u00e1y \u00e9p tr\u00e1i c\u00e2y AMR8801.<\/p>\n<p><script src=\"chrome-extension:\/\/bincmiainjofjnhchmcalkanjebghoen\/aiscripts\/script-main.js\"><\/script><\/p>","protected":false},"featured_media":1851,"template":"","meta":{"_uag_custom_page_level_css":"","site-sidebar-layout":"default","site-content-layout":"","ast-site-content-layout":"default","site-content-style":"default","site-sidebar-style":"default","ast-global-header-display":"","ast-banner-title-visibility":"","ast-main-header-display":"","ast-hfb-above-header-display":"","ast-hfb-below-header-display":"","ast-hfb-mobile-header-display":"","site-post-title":"","ast-breadcrumbs-content":"","ast-featured-img":"","footer-sml-layout":"","ast-disable-related-posts":"","theme-transparent-header-meta":"default","adv-header-id-meta":"","stick-header-meta":"default","header-above-stick-meta":"","header-main-stick-meta":"","header-below-stick-meta":"","astra-migrate-meta-layouts":"set","ast-page-background-enabled":"default","ast-page-background-meta":{"desktop":{"background-color":"","background-image":"","background-repeat":"repeat","background-position":"center center","background-size":"auto","background-attachment":"scroll","background-type":"","background-media":"","overlay-type":"","overlay-color":"","overlay-opacity":"","overlay-gradient":""},"tablet":{"background-color":"","background-image":"","background-repeat":"repeat","background-position":"center center","background-size":"auto","background-attachment":"scroll","background-type":"","background-media":"","overlay-type":"","overlay-color":"","overlay-opacity":"","overlay-gradient":""},"mobile":{"background-color":"","background-image":"","background-repeat":"repeat","background-position":"center center","background-size":"auto","background-attachment":"scroll","background-type":"","background-media":"","overlay-type":"","overlay-color":"","overlay-opacity":"","overlay-gradient":""}},"ast-content-background-meta":{"desktop":{"background-color":"var(--ast-global-color-5)","background-image":"","background-repeat":"repeat","background-position":"center center","background-size":"auto","background-attachment":"scroll","background-type":"","background-media":"","overlay-type":"","overlay-color":"","overlay-opacity":"","overlay-gradient":""},"tablet":{"background-color":"var(--ast-global-color-5)","background-image":"","background-repeat":"repeat","background-position":"center center","background-size":"auto","background-attachment":"scroll","background-type":"","background-media":"","overlay-type":"","overlay-color":"","overlay-opacity":"","overlay-gradient":""},"mobile":{"background-color":"var(--ast-global-color-5)","background-image":"","background-repeat":"repeat","background-position":"center center","background-size":"auto","background-attachment":"scroll","background-type":"","background-media":"","overlay-type":"","overlay-color":"","overlay-opacity":"","overlay-gradient":""}}},"product_brand":[],"product_cat":[31],"product_tag":[],"class_list":{"0":"post-1850","1":"product","2":"type-product","3":"status-publish","4":"has-post-thumbnail","6":"product_cat-03-normal-slow-juicer","7":"desktop-align-left","8":"tablet-align-left","9":"mobile-align-left","10":"ast-product-gallery-layout-horizontal-slider","11":"ast-product-gallery-with-no-image","12":"ast-product-tabs-layout-vertical","13":"ast-qv-on-image","15":"first","16":"instock","17":"shipping-taxable","18":"product-type-simple"},"uagb_featured_image_src":{"full":["https:\/\/anmir.com.cn\/wp-content\/uploads\/2024\/11\/AMR8801.jpg",800,800,false],"thumbnail":["https:\/\/anmir.com.cn\/wp-content\/uploads\/2024\/11\/AMR8801-150x150.jpg",150,150,true],"medium":["https:\/\/anmir.com.cn\/wp-content\/uploads\/2024\/11\/AMR8801-300x300.jpg",300,300,true],"medium_large":["https:\/\/anmir.com.cn\/wp-content\/uploads\/2024\/11\/AMR8801-768x768.jpg",768,768,true],"large":["https:\/\/anmir.com.cn\/wp-content\/uploads\/2024\/11\/AMR8801.jpg",800,800,false],"1536x1536":["https:\/\/anmir.com.cn\/wp-content\/uploads\/2024\/11\/AMR8801.jpg",800,800,false],"2048x2048":["https:\/\/anmir.com.cn\/wp-content\/uploads\/2024\/11\/AMR8801.jpg",800,800,false],"trp-custom-language-flag":["https:\/\/anmir.com.cn\/wp-content\/uploads\/2024\/11\/AMR8801.jpg",12,12,false],"woocommerce_thumbnail":["https:\/\/anmir.com.cn\/wp-content\/uploads\/2024\/11\/AMR8801-300x300.jpg",300,300,true],"woocommerce_single":["https:\/\/anmir.com.cn\/wp-content\/uploads\/2024\/11\/AMR8801-600x600.jpg",600,600,true],"woocommerce_gallery_thumbnail":["https:\/\/anmir.com.cn\/wp-content\/uploads\/2024\/11\/AMR8801-100x100.jpg",100,100,true]},"uagb_author_info":{"display_name":"daniel@anmir.com.cn","author_link":"https:\/\/anmir.com.cn\/vi\/author\/"},"uagb_comment_info":0,"uagb_excerpt":"Model NO.: AMR8801 \u2013 Masticating JuicerSpecification: 220\u2013240V~ 50\/60Hz, 120W The AMR8801 Masticating Juicer is designed for health-conscious users who want to enjoy the purest juice with maximum nutrition. Using a slow-speed screw mechanism, it gently squeezes fruits and vegetables to preserve vitamins, minerals, and natural flavor. Its low-speed extraction reduces oxidation, ensuring a fresh, rich&hellip;","_links":{"self":[{"href":"https:\/\/anmir.com.cn\/vi\/wp-json\/wp\/v2\/product\/1850","targetHints":{"allow":["GET"]}}],"collection":[{"href":"https:\/\/anmir.com.cn\/vi\/wp-json\/wp\/v2\/product"}],"about":[{"href":"https:\/\/anmir.com.cn\/vi\/wp-json\/wp\/v2\/types\/product"}],"wp:featuredmedia":[{"embeddable":true,"href":"https:\/\/anmir.com.cn\/vi\/wp-json\/wp\/v2\/media\/1851"}],"wp:attachment":[{"href":"https:\/\/anmir.com.cn\/vi\/wp-json\/wp\/v2\/media?parent=1850"}],"wp:term":[{"taxonomy":"product_brand","embeddable":true,"href":"https:\/\/anmir.com.cn\/vi\/wp-json\/wp\/v2\/product_brand?post=1850"},{"taxonomy":"product_cat","embeddable":true,"href":"https:\/\/anmir.com.cn\/vi\/wp-json\/wp\/v2\/product_cat?post=1850"},{"taxonomy":"product_tag","embeddable":true,"href":"https:\/\/anmir.com.cn\/vi\/wp-json\/wp\/v2\/product_tag?post=1850"}],"curies":[{"name":"wp","href":"https:\/\/api.w.org\/{rel}","templated":true}]}}