{"id":1852,"date":"2024-11-09T00:08:43","date_gmt":"2024-11-09T00:08:43","guid":{"rendered":"https:\/\/anmir.com.cn\/?post_type=product&#038;p=1852"},"modified":"2025-02-25T18:50:12","modified_gmt":"2025-02-26T01:50:12","slug":"amr8802","status":"publish","type":"product","link":"https:\/\/anmir.com.cn\/vi\/products\/03-normal-slow-juicer\/amr8802\/","title":{"rendered":"AMR8802"},"content":{"rendered":"<table width=\"764\">\n<tbody>\n<tr>\n<td width=\"764\">\n<h6>M\u00e3 s\u1ed1: AMR8802<\/h6>\n<h6>220-240V~50\/60Hz 120W<\/h6>\n<p>\u00b7Lo\u1ea1i tr\u1ee5c v\u00edt t\u1ed1c \u0111\u1ed9 ch\u1eadm \u0111\u1ec3 gi\u1eef nguy\u00ean ch\u1ea5t dinh d\u01b0\u1ee1ng c\u1ee7a n\u01b0\u1edbc \u00e9p<br \/>\n\u00b7Gi\u1ea3m qu\u00e1 tr\u00ecnh oxy h\u00f3a, v\u1edbi th\u1eed nghi\u1ec7m ho\u00e0n h\u1ea3o v\u00e0 t\u01b0\u01a1i m\u1edbi<br \/>\n\u00b7\u0110\u1ed9ng c\u01a1 DC c\u00f3 th\u1eddi gian l\u00e0m vi\u1ec7c li\u00ean t\u1ee5c d\u00e0i (10 ph\u00fat)<br \/>\n\u00b7Ch\u1ee9c n\u0103ng \u0111\u1ea3o ng\u01b0\u1ee3c \u0111\u1ec3 tr\u00e1nh b\u1ecb k\u1eb9t<br \/>\n\u00b7T\u1ed1c \u0111\u1ed9 chi\u1ebft xu\u1ea5t n\u01b0\u1edbc \u00e9p cao<br \/>\n\u00b7\u0110\u1ed9 \u1ed3n th\u1ea5p d\u01b0\u1edbi 65db, \u0111\u1ed9 rung th\u1ea5p h\u01a1n<br \/>\n\u00b7R\u00e2y l\u1ecdc S\/S c\u00f3 l\u1ed7 nh\u1ecf cho m\u1ecdi lo\u1ea1i tr\u00e1i c\u00e2y v\u00e0 rau c\u1ee7<br \/>\n\u00b7\u1ed0ng ti\u1ebfp th\u1ee9c \u0103n l\u1edbn, c\u00f3 hai c\u1ed1c<br \/>\n\u00b7B\u1ea3o v\u1ec7 an to\u00e0n<br \/>\n\u00b7D\u1ec5 d\u00e0ng th\u00e1o r\u1eddi c\u00e1c b\u1ed9 ph\u1eadn \u0111\u1ec3 v\u1ec7 sinh<br \/>\nS\u1ed0 L\u01af\u1ee2NG T\u1ea2I: 20DC: 658 chi\u1ebfc 40DC: 1316 chi\u1ebfc 40HQ: 1600 chi\u1ebfc<\/td>\n<\/tr>\n<\/tbody>\n<\/table>","protected":false},"excerpt":{"rendered":"<p>Model NO.:AMR8802 220-240V~50\/60Hz 120W \u00b7Slow speed screw type to keep nutrition of the juice \u00b7Reduce the oxidation,with perfect test and fresh \u00b7DC motor that has long continious working time(10mins) \u00b7Reverse function to avoid stuck \u00b7High juice extracting rate \u00b7Low noise level less than 65db,lower vibration \u00b7S\/S strainer with small holes for all kind of fruit [&hellip;]<\/p>\n","protected":false},"featured_media":1853,"template":"","meta":{"_uag_custom_page_level_css":"","site-sidebar-layout":"default","site-content-layout":"","ast-site-content-layout":"default","site-content-style":"default","site-sidebar-style":"default","ast-global-header-display":"","ast-banner-title-visibility":"","ast-main-header-display":"","ast-hfb-above-header-display":"","ast-hfb-below-header-display":"","ast-hfb-mobile-header-display":"","site-post-title":"","ast-breadcrumbs-content":"","ast-featured-img":"","footer-sml-layout":"","ast-disable-related-posts":"","theme-transparent-header-meta":"default","adv-header-id-meta":"","stick-header-meta":"","header-above-stick-meta":"","header-main-stick-meta":"","header-below-stick-meta":"","astra-migrate-meta-layouts":"set","ast-page-background-enabled":"default","ast-page-background-meta":{"desktop":{"background-color":"","background-image":"","background-repeat":"repeat","background-position":"center center","background-size":"auto","background-attachment":"scroll","background-type":"","background-media":"","overlay-type":"","overlay-color":"","overlay-opacity":"","overlay-gradient":""},"tablet":{"background-color":"","background-image":"","background-repeat":"repeat","background-position":"center center","background-size":"auto","background-attachment":"scroll","background-type":"","background-media":"","overlay-type":"","overlay-color":"","overlay-opacity":"","overlay-gradient":""},"mobile":{"background-color":"","background-image":"","background-repeat":"repeat","background-position":"center center","background-size":"auto","background-attachment":"scroll","background-type":"","background-media":"","overlay-type":"","overlay-color":"","overlay-opacity":"","overlay-gradient":""}},"ast-content-background-meta":{"desktop":{"background-color":"var(--ast-global-color-5)","background-image":"","background-repeat":"repeat","background-position":"center center","background-size":"auto","background-attachment":"scroll","background-type":"","background-media":"","overlay-type":"","overlay-color":"","overlay-opacity":"","overlay-gradient":""},"tablet":{"background-color":"var(--ast-global-color-5)","background-image":"","background-repeat":"repeat","background-position":"center center","background-size":"auto","background-attachment":"scroll","background-type":"","background-media":"","overlay-type":"","overlay-color":"","overlay-opacity":"","overlay-gradient":""},"mobile":{"background-color":"var(--ast-global-color-5)","background-image":"","background-repeat":"repeat","background-position":"center center","background-size":"auto","background-attachment":"scroll","background-type":"","background-media":"","overlay-type":"","overlay-color":"","overlay-opacity":"","overlay-gradient":""}}},"product_brand":[],"product_cat":[31],"product_tag":[],"class_list":{"0":"post-1852","1":"product","2":"type-product","3":"status-publish","4":"has-post-thumbnail","6":"product_cat-03-normal-slow-juicer","7":"desktop-align-left","8":"tablet-align-left","9":"mobile-align-left","10":"ast-product-gallery-layout-horizontal-slider","11":"ast-product-gallery-with-no-image","12":"ast-product-tabs-layout-vertical","13":"ast-qv-on-image","15":"first","16":"instock","17":"shipping-taxable","18":"product-type-simple"},"uagb_featured_image_src":{"full":["https:\/\/anmir.com.cn\/wp-content\/uploads\/2024\/11\/AMR8802.jpg",800,800,false],"thumbnail":["https:\/\/anmir.com.cn\/wp-content\/uploads\/2024\/11\/AMR8802-150x150.jpg",150,150,true],"medium":["https:\/\/anmir.com.cn\/wp-content\/uploads\/2024\/11\/AMR8802-300x300.jpg",300,300,true],"medium_large":["https:\/\/anmir.com.cn\/wp-content\/uploads\/2024\/11\/AMR8802-768x768.jpg",768,768,true],"large":["https:\/\/anmir.com.cn\/wp-content\/uploads\/2024\/11\/AMR8802.jpg",800,800,false],"1536x1536":["https:\/\/anmir.com.cn\/wp-content\/uploads\/2024\/11\/AMR8802.jpg",800,800,false],"2048x2048":["https:\/\/anmir.com.cn\/wp-content\/uploads\/2024\/11\/AMR8802.jpg",800,800,false],"trp-custom-language-flag":["https:\/\/anmir.com.cn\/wp-content\/uploads\/2024\/11\/AMR8802.jpg",12,12,false],"woocommerce_thumbnail":["https:\/\/anmir.com.cn\/wp-content\/uploads\/2024\/11\/AMR8802-300x300.jpg",300,300,true],"woocommerce_single":["https:\/\/anmir.com.cn\/wp-content\/uploads\/2024\/11\/AMR8802-600x600.jpg",600,600,true],"woocommerce_gallery_thumbnail":["https:\/\/anmir.com.cn\/wp-content\/uploads\/2024\/11\/AMR8802-100x100.jpg",100,100,true]},"uagb_author_info":{"display_name":"daniel@anmir.com.cn","author_link":"https:\/\/anmir.com.cn\/vi\/author\/"},"uagb_comment_info":0,"uagb_excerpt":"Model NO.:AMR8802 220-240V~50\/60Hz 120W \u00b7Slow speed screw type to keep nutrition of the juice \u00b7Reduce the oxidation,with perfect test and fresh \u00b7DC motor that has long continious working time(10mins) \u00b7Reverse function to avoid stuck \u00b7High juice extracting rate \u00b7Low noise level less than 65db,lower vibration \u00b7S\/S strainer with small holes for all kind of fruit&hellip;","_links":{"self":[{"href":"https:\/\/anmir.com.cn\/vi\/wp-json\/wp\/v2\/product\/1852","targetHints":{"allow":["GET"]}}],"collection":[{"href":"https:\/\/anmir.com.cn\/vi\/wp-json\/wp\/v2\/product"}],"about":[{"href":"https:\/\/anmir.com.cn\/vi\/wp-json\/wp\/v2\/types\/product"}],"wp:featuredmedia":[{"embeddable":true,"href":"https:\/\/anmir.com.cn\/vi\/wp-json\/wp\/v2\/media\/1853"}],"wp:attachment":[{"href":"https:\/\/anmir.com.cn\/vi\/wp-json\/wp\/v2\/media?parent=1852"}],"wp:term":[{"taxonomy":"product_brand","embeddable":true,"href":"https:\/\/anmir.com.cn\/vi\/wp-json\/wp\/v2\/product_brand?post=1852"},{"taxonomy":"product_cat","embeddable":true,"href":"https:\/\/anmir.com.cn\/vi\/wp-json\/wp\/v2\/product_cat?post=1852"},{"taxonomy":"product_tag","embeddable":true,"href":"https:\/\/anmir.com.cn\/vi\/wp-json\/wp\/v2\/product_tag?post=1852"}],"curies":[{"name":"wp","href":"https:\/\/api.w.org\/{rel}","templated":true}]}}