{"id":1858,"date":"2024-11-09T00:13:52","date_gmt":"2024-11-09T00:13:52","guid":{"rendered":"https:\/\/anmir.com.cn\/?post_type=product&#038;p=1858"},"modified":"2025-08-11T17:16:27","modified_gmt":"2025-08-11T09:16:27","slug":"js3102","status":"publish","type":"product","link":"https:\/\/anmir.com.cn\/vi\/products\/04-largefeeding-horizontal-slow-juicer\/js3102\/","title":{"rendered":"M\u00e1y \u00e9p ch\u1eadm JS3102"},"content":{"rendered":"<table style=\"border-collapse: collapse; width: 573.02pt;\" border=\"0\" width=\"764\" cellspacing=\"0\" cellpadding=\"0\">\n<tbody>\n<tr style=\"height: 150.00pt;\">\n<td class=\"et3\" style=\"height: 150.00pt; width: 573.00pt;\" width=\"764\" height=\"200\">\n<h6>M\u00e3 s\u1ed1: JS3102 - M\u00e1y \u00e9p ch\u1eadm<\/h6>\n<h6>220-240V 50\/60Hz 200W<\/h6>\n<p>\u00b7Thi\u1ebft k\u1ebf thanh l\u1ecbch v\u00e0 nh\u1ecf g\u1ecdn<br \/>\n\u00b7Ph\u1ee5 ki\u1ec7n c\u00f3 th\u1ec3 th\u00e1o r\u1eddi \u0111\u1ec3 v\u1ec7 sinh d\u1ec5 d\u00e0ng<br \/>\n\u00b7Chi\u1ebft xu\u1ea5t n\u01b0\u1edbc \u00e9p ch\u1eadm v\u1edbi h\u01b0\u01a1ng v\u1ecb th\u01a1m ngon h\u01a1n v\u00e0 c\u1ea3m gi\u00e1c t\u01b0\u01a1i m\u00e1t<br \/>\n\u00b7T\u1ed1c \u0111\u1ed9 l\u00e0m vi\u1ec7c 80-115\/RPM (KB: 10 ph\u00fat)<br \/>\n\u00b7Thi\u1ebft k\u1ebf \u0111\u1ed9ng c\u01a1 lo\u1ea1i DC c\u00f3 \u0111\u1ed9 \u1ed3n th\u1ea5p, d\u01b0\u1edbi 65db<br \/>\n\u00b7Thi\u1ebft k\u1ebf n\u00fat nh\u1ea5n c\u00f3 ch\u1ee9c n\u0103ng \u0111\u1ea3o ng\u01b0\u1ee3c \u0111\u1ec3 tr\u00e1nh th\u1ee9c \u0103n b\u1ecb k\u1eb9t<br \/>\n\u00b7B\u1eb1ng s\u00e1ng ch\u1ebf m\u1edbi Thi\u1ebft k\u1ebf mi\u1ec7ng n\u1ea1p l\u1edbn 75mm cho to\u00e0n b\u1ed9 qu\u1ea3 t\u00e1o<br \/>\n\u00b7T\u1ed1c \u0111\u1ed9 chi\u1ebft xu\u1ea5t n\u01b0\u1edbc \u00e9p cao<\/td>\n<\/tr>\n<\/tbody>\n<\/table>\n<div id=\"ag-1754903661804\"><\/div>","protected":false},"excerpt":{"rendered":"<p data-start=\"114\" data-end=\"177\"><strong data-start=\"114\" data-end=\"175\">M\u00e1y \u00e9p ch\u1eadm JS3102 \u2013 Nh\u1ecf g\u1ecdn, \u00eam \u00e1i v\u00e0 hi\u1ec7u su\u1ea5t cao<\/strong><\/p>\n<p data-start=\"179\" data-end=\"553\">M\u00e1y \u00e9p ch\u1eadm JS3102 \u0111\u01b0\u1ee3c thi\u1ebft k\u1ebf d\u00e0nh cho nh\u1eefng ng\u01b0\u1eddi y\u00eau th\u00edch n\u01b0\u1edbc \u00e9p t\u01b0\u01a1i ngon, gi\u00e0u dinh d\u01b0\u1ee1ng v\u00e0 m\u1ed9t thi\u1ebft b\u1ecb th\u1eddi trang, ti\u1ebft ki\u1ec7m kh\u00f4ng gian. V\u1edbi thi\u1ebft k\u1ebf thanh l\u1ecbch v\u00e0 nh\u1ecf g\u1ecdn, m\u00e1y ho\u00e0n to\u00e0n ph\u00f9 h\u1ee3p v\u1edbi m\u1ecdi c\u0103n b\u1ebfp, \u0111\u1ed3ng th\u1eddi mang l\u1ea1i hi\u1ec7u su\u1ea5t v\u01b0\u1ee3t tr\u1ed9i. \u0110\u01b0\u1ee3c trang b\u1ecb \u0111\u1ed9ng c\u01a1 DC 200W, m\u00e1y ho\u1ea1t \u0111\u1ed9ng v\u1edbi \u0111\u1ed9 \u1ed3n th\u1ea5p d\u01b0\u1edbi 65dB, l\u00fd t\u01b0\u1edfng cho nh\u1eefng bu\u1ed5i s\u00e1ng s\u1edbm ho\u1eb7c m\u00f4i tr\u01b0\u1eddng y\u00ean t\u0129nh.<\/p>\n<p data-start=\"555\" data-end=\"850\">H\u1ec7 th\u1ed1ng \u00e9p ch\u1eadm ho\u1ea1t \u0111\u1ed9ng \u1edf t\u1ed1c \u0111\u1ed9 80\u2013115 v\u00f2ng\/ph\u00fat, gi\u1eef nguy\u00ean h\u01b0\u01a1ng v\u1ecb t\u1ef1 nhi\u00ean, vitamin v\u00e0 kho\u00e1ng ch\u1ea5t trong n\u01b0\u1edbc \u00e9p, \u0111\u1ed3ng th\u1eddi gi\u1ea3m thi\u1ec3u qu\u00e1 tr\u00ecnh oxy h\u00f3a. Mi\u1ec7ng n\u1ea1p n\u01b0\u1edbc \u00e9p l\u1edbn 75mm c\u1ea3i ti\u1ebfn cho ph\u00e9p b\u1ea1n \u00e9p c\u1ea3 qu\u1ea3 t\u00e1o v\u00e0 c\u00e1c lo\u1ea1i tr\u00e1i c\u00e2y l\u1edbn kh\u00e1c v\u1edbi th\u1eddi gian chu\u1ea9n b\u1ecb t\u1ed1i thi\u1ec3u, ti\u1ebft ki\u1ec7m th\u1eddi gian v\u00e0 c\u00f4ng s\u1ee9c.<\/p>\n<p data-start=\"852\" data-end=\"1113\">\u0110\u01b0\u1ee3c trang b\u1ecb n\u00fat \u0111i\u1ec1u khi\u1ec3n nh\u1ea5n v\u00e0 ch\u1ee9c n\u0103ng \u0111\u1ea3o ng\u01b0\u1ee3c, JS3102 ng\u0103n ng\u1eeba t\u1eafc ngh\u1ebdn v\u00e0 \u0111\u1ea3m b\u1ea3o ho\u1ea1t \u0111\u1ed9ng tr\u01a1n tru. C\u00e1c ph\u1ee5 ki\u1ec7n c\u00f3 th\u1ec3 th\u00e1o r\u1eddi gi\u00fap vi\u1ec7c v\u1ec7 sinh nhanh ch\u00f3ng v\u00e0 d\u1ec5 d\u00e0ng, trong khi t\u1ed1c \u0111\u1ed9 \u00e9p n\u01b0\u1edbc cao \u0111\u1ea3m b\u1ea3o b\u1ea1n t\u1eadn d\u1ee5ng t\u1ed1i \u0111a t\u1eebng nguy\u00ean li\u1ec7u.<\/p>\n<p data-start=\"1115\" data-end=\"1294\">Ho\u00e0n h\u1ea3o cho vi\u1ec7c s\u1eed d\u1ee5ng h\u00e0ng ng\u00e0y, JS3102 k\u1ebft h\u1ee3p thi\u1ebft k\u1ebf hi\u1ec7n \u0111\u1ea1i, hi\u1ec7u su\u1ea5t hi\u1ec7u qu\u1ea3 v\u00e0 c\u00e1c t\u00ednh n\u0103ng th\u00e2n thi\u1ec7n v\u1edbi ng\u01b0\u1eddi d\u00f9ng\u2014mang \u0111\u1ebfn cho b\u1ea1n tr\u1ea3i nghi\u1ec7m n\u01b0\u1edbc \u00e9p t\u01b0\u01a1i ngon h\u01a1n, ngon h\u01a1n m\u1ed7i ng\u00e0y.<\/p>\n<p data-start=\"1296\" data-end=\"1459\"><strong data-start=\"1296\" data-end=\"1309\">T\u1eeb kh\u00f3a:<\/strong> M\u00e1y \u00e9p ch\u1eadm JS3102, m\u00e1y \u00e9p nh\u1ecf g\u1ecdn, m\u00e1ng n\u1ea1p l\u1edbn 75mm, m\u00e1y \u00e9p \u00edt ti\u1ebfng \u1ed3n, m\u00e1y \u00e9p \u0111\u1ed9ng c\u01a1 DC, n\u0103ng su\u1ea5t n\u01b0\u1edbc \u00e9p cao, ch\u1ee9c n\u0103ng \u0111\u1ea3o ng\u01b0\u1ee3c, d\u1ec5 v\u1ec7 sinh.<\/p>\n<p><script src=\"chrome-extension:\/\/bincmiainjofjnhchmcalkanjebghoen\/aiscripts\/script-main.js\"><\/script><\/p>","protected":false},"featured_media":1859,"template":"","meta":{"_uag_custom_page_level_css":"","site-sidebar-layout":"default","site-content-layout":"","ast-site-content-layout":"default","site-content-style":"default","site-sidebar-style":"default","ast-global-header-display":"","ast-banner-title-visibility":"","ast-main-header-display":"","ast-hfb-above-header-display":"","ast-hfb-below-header-display":"","ast-hfb-mobile-header-display":"","site-post-title":"","ast-breadcrumbs-content":"","ast-featured-img":"","footer-sml-layout":"","ast-disable-related-posts":"","theme-transparent-header-meta":"default","adv-header-id-meta":"","stick-header-meta":"default","header-above-stick-meta":"","header-main-stick-meta":"","header-below-stick-meta":"","astra-migrate-meta-layouts":"set","ast-page-background-enabled":"default","ast-page-background-meta":{"desktop":{"background-color":"","background-image":"","background-repeat":"repeat","background-position":"center center","background-size":"auto","background-attachment":"scroll","background-type":"","background-media":"","overlay-type":"","overlay-color":"","overlay-opacity":"","overlay-gradient":""},"tablet":{"background-color":"","background-image":"","background-repeat":"repeat","background-position":"center center","background-size":"auto","background-attachment":"scroll","background-type":"","background-media":"","overlay-type":"","overlay-color":"","overlay-opacity":"","overlay-gradient":""},"mobile":{"background-color":"","background-image":"","background-repeat":"repeat","background-position":"center center","background-size":"auto","background-attachment":"scroll","background-type":"","background-media":"","overlay-type":"","overlay-color":"","overlay-opacity":"","overlay-gradient":""}},"ast-content-background-meta":{"desktop":{"background-color":"var(--ast-global-color-5)","background-image":"","background-repeat":"repeat","background-position":"center center","background-size":"auto","background-attachment":"scroll","background-type":"","background-media":"","overlay-type":"","overlay-color":"","overlay-opacity":"","overlay-gradient":""},"tablet":{"background-color":"var(--ast-global-color-5)","background-image":"","background-repeat":"repeat","background-position":"center center","background-size":"auto","background-attachment":"scroll","background-type":"","background-media":"","overlay-type":"","overlay-color":"","overlay-opacity":"","overlay-gradient":""},"mobile":{"background-color":"var(--ast-global-color-5)","background-image":"","background-repeat":"repeat","background-position":"center center","background-size":"auto","background-attachment":"scroll","background-type":"","background-media":"","overlay-type":"","overlay-color":"","overlay-opacity":"","overlay-gradient":""}}},"product_brand":[],"product_cat":[32],"product_tag":[],"class_list":{"0":"post-1858","1":"product","2":"type-product","3":"status-publish","4":"has-post-thumbnail","6":"product_cat-04-largefeeding-horizontal-slow-juicer","7":"desktop-align-left","8":"tablet-align-left","9":"mobile-align-left","10":"ast-product-gallery-layout-horizontal-slider","11":"ast-product-gallery-with-no-image","12":"ast-product-tabs-layout-vertical","13":"ast-qv-on-image","15":"first","16":"instock","17":"shipping-taxable","18":"product-type-simple"},"uagb_featured_image_src":{"full":["https:\/\/anmir.com.cn\/wp-content\/uploads\/2024\/11\/JS3102.jpg",800,800,false],"thumbnail":["https:\/\/anmir.com.cn\/wp-content\/uploads\/2024\/11\/JS3102-150x150.jpg",150,150,true],"medium":["https:\/\/anmir.com.cn\/wp-content\/uploads\/2024\/11\/JS3102-300x300.jpg",300,300,true],"medium_large":["https:\/\/anmir.com.cn\/wp-content\/uploads\/2024\/11\/JS3102-768x768.jpg",768,768,true],"large":["https:\/\/anmir.com.cn\/wp-content\/uploads\/2024\/11\/JS3102.jpg",800,800,false],"1536x1536":["https:\/\/anmir.com.cn\/wp-content\/uploads\/2024\/11\/JS3102.jpg",800,800,false],"2048x2048":["https:\/\/anmir.com.cn\/wp-content\/uploads\/2024\/11\/JS3102.jpg",800,800,false],"trp-custom-language-flag":["https:\/\/anmir.com.cn\/wp-content\/uploads\/2024\/11\/JS3102.jpg",12,12,false],"woocommerce_thumbnail":["https:\/\/anmir.com.cn\/wp-content\/uploads\/2024\/11\/JS3102-300x300.jpg",300,300,true],"woocommerce_single":["https:\/\/anmir.com.cn\/wp-content\/uploads\/2024\/11\/JS3102-600x600.jpg",600,600,true],"woocommerce_gallery_thumbnail":["https:\/\/anmir.com.cn\/wp-content\/uploads\/2024\/11\/JS3102-100x100.jpg",100,100,true]},"uagb_author_info":{"display_name":"daniel@anmir.com.cn","author_link":"https:\/\/anmir.com.cn\/vi\/author\/"},"uagb_comment_info":0,"uagb_excerpt":"JS3102 Slow Juicer \u2013 Compact, Quiet, and High-Performance The JS3102 Slow Juicer is designed for those who value fresh, nutrient-rich juice and a stylish, space-saving appliance. With its elegant and compact design, it fits perfectly into any kitchen while delivering exceptional performance. Powered by a 200W DC motor, it operates at a low noise level&hellip;","_links":{"self":[{"href":"https:\/\/anmir.com.cn\/vi\/wp-json\/wp\/v2\/product\/1858","targetHints":{"allow":["GET"]}}],"collection":[{"href":"https:\/\/anmir.com.cn\/vi\/wp-json\/wp\/v2\/product"}],"about":[{"href":"https:\/\/anmir.com.cn\/vi\/wp-json\/wp\/v2\/types\/product"}],"wp:featuredmedia":[{"embeddable":true,"href":"https:\/\/anmir.com.cn\/vi\/wp-json\/wp\/v2\/media\/1859"}],"wp:attachment":[{"href":"https:\/\/anmir.com.cn\/vi\/wp-json\/wp\/v2\/media?parent=1858"}],"wp:term":[{"taxonomy":"product_brand","embeddable":true,"href":"https:\/\/anmir.com.cn\/vi\/wp-json\/wp\/v2\/product_brand?post=1858"},{"taxonomy":"product_cat","embeddable":true,"href":"https:\/\/anmir.com.cn\/vi\/wp-json\/wp\/v2\/product_cat?post=1858"},{"taxonomy":"product_tag","embeddable":true,"href":"https:\/\/anmir.com.cn\/vi\/wp-json\/wp\/v2\/product_tag?post=1858"}],"curies":[{"name":"wp","href":"https:\/\/api.w.org\/{rel}","templated":true}]}}