{"id":1882,"date":"2024-11-09T00:18:03","date_gmt":"2024-11-09T00:18:03","guid":{"rendered":"https:\/\/anmir.com.cn\/?post_type=product&#038;p=1882"},"modified":"2025-02-25T18:55:19","modified_gmt":"2025-02-26T01:55:19","slug":"js9301","status":"publish","type":"product","link":"https:\/\/anmir.com.cn\/vi\/products\/04-largefeeding-horizontal-slow-juicer\/js9301\/","title":{"rendered":"JS9301"},"content":{"rendered":"<table style=\"border-collapse: collapse; width: 573.02pt;\" border=\"0\" width=\"764\" cellspacing=\"0\" cellpadding=\"0\">\n<tbody>\n<tr style=\"height: 150.00pt;\">\n<td class=\"et3\" style=\"height: 150.00pt; width: 573.00pt;\" width=\"764\" height=\"200\">\n<h6>M\u00e3 s\u1ed1: JS9301<\/h6>\n<h6>220-240V~50\/60Hz 150W<\/h6>\n<p>\u00b7\u0110\u1ed9ng c\u01a1 DC b\u1eb1ng \u0111\u1ed3ng 150W.<br \/>\n\u00b7B\u1ea3ng \u0111i\u1ec1u khi\u1ec3n c\u1ea3m \u1ee9ng m\u1ec1m m\u1ea1i nhi\u1ec1u m\u00e0u s\u1eafc.<br \/>\n\u00b7Th\u1ef1c \u0111\u01a1n t\u1ef1 \u0111\u1ed9ng g\u1ed3m tr\u00e1i c\u00e2y m\u1ec1m\/tr\u00e1i c\u00e2y c\u1ee9ng\/tr\u00e1i c\u00e2y tr\u1ed9n\/kem tr\u00e1i c\u00e2y.<br \/>\n\u00b750-100 v\u00f2ng\/ph\u00fat.<br \/>\n\u00b7M\u00e1ng n\u1ea1p li\u1ec7u k\u00edch th\u01b0\u1edbc l\u1edbn: 110x80mm.<br \/>\n\u00b7\u0110\u1ed9 \u1ed3n d\u01b0\u1edbi 65db.<br \/>\n\u00b7D\u1ec5 d\u00e0ng v\u1ec7 sinh.<br \/>\n\u00b7C\u00f3 \u0111\u00e8n xung quanh n\u00fat b\u1ea5m.<br \/>\n\u00b7C\u00e0i \u0111\u1eb7t \u0111\u1ea3o ng\u01b0\u1ee3c t\u1ef1 \u0111\u1ed9ng \u0111\u1ec3 tr\u00e1nh b\u1ecb k\u1eb9t.<br \/>\n\u00b7H\u1ed9p \u0111\u1ef1ng b\u00e3 t\u00edch h\u1ee3p: 1000ML, C\u1ed1c \u0111\u1ef1ng n\u01b0\u1edbc \u00e9p: 500ml.<br \/>\n\u00b7Nh\u1eabn trang tr\u00ed b\u1eb1ng th\u00e9p kh\u00f4ng g\u1ec9.<br \/>\n\u00b7\u0110\u00f2n b\u1ea9y ch\u1ed1ng nh\u1ecf gi\u1ecdt b\u1eb1ng kim lo\u1ea1i.<br \/>\n\u00b7B\u1ea3o v\u1ec7 an to\u00e0n b\u1eb1ng c\u00f4ng t\u1eafc vi m\u00f4 \u1edf n\u1eafp tr\u00ean.<\/td>\n<\/tr>\n<\/tbody>\n<\/table>","protected":false},"excerpt":{"rendered":"<p>Model NO.:JS9301 220-240V~50\/60Hz 150W \u00b7150W copper DC motor. \u00b7Colorful soft touch control board. \u00b7Auto menu of soft fruit \/hard fruit\/Mixing fruit \/lce cream. \u00b750-100RPM. \u00b7Big size feeding chute:110x80mm. \u00b7Noise less than 65db. \u00b7Easy to clean. \u00b7With light around button. \u00b7Auto reverse set to avoid stuck. \u00b7Built-in Pulp container:1000ML , Juice cup:500ml. \u00b7SS decoration ring. \u00b7Metal [&hellip;]<\/p>\n","protected":false},"featured_media":1883,"template":"","meta":{"_uag_custom_page_level_css":"","site-sidebar-layout":"default","site-content-layout":"","ast-site-content-layout":"default","site-content-style":"default","site-sidebar-style":"default","ast-global-header-display":"","ast-banner-title-visibility":"","ast-main-header-display":"","ast-hfb-above-header-display":"","ast-hfb-below-header-display":"","ast-hfb-mobile-header-display":"","site-post-title":"","ast-breadcrumbs-content":"","ast-featured-img":"","footer-sml-layout":"","ast-disable-related-posts":"","theme-transparent-header-meta":"default","adv-header-id-meta":"","stick-header-meta":"default","header-above-stick-meta":"","header-main-stick-meta":"","header-below-stick-meta":"","astra-migrate-meta-layouts":"set","ast-page-background-enabled":"default","ast-page-background-meta":{"desktop":{"background-color":"","background-image":"","background-repeat":"repeat","background-position":"center center","background-size":"auto","background-attachment":"scroll","background-type":"","background-media":"","overlay-type":"","overlay-color":"","overlay-opacity":"","overlay-gradient":""},"tablet":{"background-color":"","background-image":"","background-repeat":"repeat","background-position":"center center","background-size":"auto","background-attachment":"scroll","background-type":"","background-media":"","overlay-type":"","overlay-color":"","overlay-opacity":"","overlay-gradient":""},"mobile":{"background-color":"","background-image":"","background-repeat":"repeat","background-position":"center center","background-size":"auto","background-attachment":"scroll","background-type":"","background-media":"","overlay-type":"","overlay-color":"","overlay-opacity":"","overlay-gradient":""}},"ast-content-background-meta":{"desktop":{"background-color":"var(--ast-global-color-5)","background-image":"","background-repeat":"repeat","background-position":"center center","background-size":"auto","background-attachment":"scroll","background-type":"","background-media":"","overlay-type":"","overlay-color":"","overlay-opacity":"","overlay-gradient":""},"tablet":{"background-color":"var(--ast-global-color-5)","background-image":"","background-repeat":"repeat","background-position":"center center","background-size":"auto","background-attachment":"scroll","background-type":"","background-media":"","overlay-type":"","overlay-color":"","overlay-opacity":"","overlay-gradient":""},"mobile":{"background-color":"var(--ast-global-color-5)","background-image":"","background-repeat":"repeat","background-position":"center center","background-size":"auto","background-attachment":"scroll","background-type":"","background-media":"","overlay-type":"","overlay-color":"","overlay-opacity":"","overlay-gradient":""}}},"product_brand":[],"product_cat":[32],"product_tag":[],"class_list":{"0":"post-1882","1":"product","2":"type-product","3":"status-publish","4":"has-post-thumbnail","6":"product_cat-04-largefeeding-horizontal-slow-juicer","7":"desktop-align-left","8":"tablet-align-left","9":"mobile-align-left","10":"ast-product-gallery-layout-horizontal-slider","11":"ast-product-gallery-with-no-image","12":"ast-product-tabs-layout-vertical","13":"ast-qv-on-image","15":"first","16":"instock","17":"shipping-taxable","18":"product-type-simple"},"uagb_featured_image_src":{"full":["https:\/\/anmir.com.cn\/wp-content\/uploads\/2024\/11\/JS9301.jpg",800,800,false],"thumbnail":["https:\/\/anmir.com.cn\/wp-content\/uploads\/2024\/11\/JS9301-150x150.jpg",150,150,true],"medium":["https:\/\/anmir.com.cn\/wp-content\/uploads\/2024\/11\/JS9301-300x300.jpg",300,300,true],"medium_large":["https:\/\/anmir.com.cn\/wp-content\/uploads\/2024\/11\/JS9301-768x768.jpg",768,768,true],"large":["https:\/\/anmir.com.cn\/wp-content\/uploads\/2024\/11\/JS9301.jpg",800,800,false],"1536x1536":["https:\/\/anmir.com.cn\/wp-content\/uploads\/2024\/11\/JS9301.jpg",800,800,false],"2048x2048":["https:\/\/anmir.com.cn\/wp-content\/uploads\/2024\/11\/JS9301.jpg",800,800,false],"trp-custom-language-flag":["https:\/\/anmir.com.cn\/wp-content\/uploads\/2024\/11\/JS9301.jpg",12,12,false],"woocommerce_thumbnail":["https:\/\/anmir.com.cn\/wp-content\/uploads\/2024\/11\/JS9301-300x300.jpg",300,300,true],"woocommerce_single":["https:\/\/anmir.com.cn\/wp-content\/uploads\/2024\/11\/JS9301-600x600.jpg",600,600,true],"woocommerce_gallery_thumbnail":["https:\/\/anmir.com.cn\/wp-content\/uploads\/2024\/11\/JS9301-100x100.jpg",100,100,true]},"uagb_author_info":{"display_name":"daniel@anmir.com.cn","author_link":"https:\/\/anmir.com.cn\/vi\/author\/"},"uagb_comment_info":0,"uagb_excerpt":"Model NO.:JS9301 220-240V~50\/60Hz 150W \u00b7150W copper DC motor. \u00b7Colorful soft touch control board. \u00b7Auto menu of soft fruit \/hard fruit\/Mixing fruit \/lce cream. \u00b750-100RPM. \u00b7Big size feeding chute:110x80mm. \u00b7Noise less than 65db. \u00b7Easy to clean. \u00b7With light around button. \u00b7Auto reverse set to avoid stuck. \u00b7Built-in Pulp container:1000ML , Juice cup:500ml. \u00b7SS decoration ring. \u00b7Metal&hellip;","_links":{"self":[{"href":"https:\/\/anmir.com.cn\/vi\/wp-json\/wp\/v2\/product\/1882","targetHints":{"allow":["GET"]}}],"collection":[{"href":"https:\/\/anmir.com.cn\/vi\/wp-json\/wp\/v2\/product"}],"about":[{"href":"https:\/\/anmir.com.cn\/vi\/wp-json\/wp\/v2\/types\/product"}],"wp:featuredmedia":[{"embeddable":true,"href":"https:\/\/anmir.com.cn\/vi\/wp-json\/wp\/v2\/media\/1883"}],"wp:attachment":[{"href":"https:\/\/anmir.com.cn\/vi\/wp-json\/wp\/v2\/media?parent=1882"}],"wp:term":[{"taxonomy":"product_brand","embeddable":true,"href":"https:\/\/anmir.com.cn\/vi\/wp-json\/wp\/v2\/product_brand?post=1882"},{"taxonomy":"product_cat","embeddable":true,"href":"https:\/\/anmir.com.cn\/vi\/wp-json\/wp\/v2\/product_cat?post=1882"},{"taxonomy":"product_tag","embeddable":true,"href":"https:\/\/anmir.com.cn\/vi\/wp-json\/wp\/v2\/product_tag?post=1882"}],"curies":[{"name":"wp","href":"https:\/\/api.w.org\/{rel}","templated":true}]}}