{"id":1906,"date":"2024-11-09T00:42:15","date_gmt":"2024-11-09T00:42:15","guid":{"rendered":"https:\/\/anmir.com.cn\/?post_type=product&#038;p=1906"},"modified":"2025-03-13T13:24:35","modified_gmt":"2025-03-13T05:24:35","slug":"amr519","status":"publish","type":"product","link":"https:\/\/anmir.com.cn\/vi\/products\/06-horizontal-slow-juicer\/amr519\/","title":{"rendered":"M\u00e1y \u00e9p ch\u1eadm ngang Anmir AMR519 \u2013 Tr\u1ea3i nghi\u1ec7m \u00e9p n\u01b0\u1edbc tr\u00e1i c\u00e2y m\u1ea1nh m\u1ebd, hi\u1ec7u qu\u1ea3 v\u00e0 ch\u1ea5t l\u01b0\u1ee3ng cao c\u1ea5p"},"content":{"rendered":"<table style=\"border-collapse: collapse; width: 573.02pt;\" border=\"0\" width=\"764\" cellspacing=\"0\" cellpadding=\"0\">\n<tbody>\n<tr style=\"height: 150.00pt;\">\n<td class=\"et3\" style=\"height: 150.00pt; width: 573.00pt;\" width=\"764\" height=\"200\">\n<h6>M\u00e1y \u00e9p ch\u1eadm ngang Anmir AMR519<\/h6>\n<h6>M\u00e3 s\u1ed1: AMR519<\/h6>\n<h6>220-240V~50\/60Hz 150W<\/h6>\n<p>\u00b7M\u00e1y \u00e9p ch\u1eadm<br \/>\n\u00b7Th\u1eddi gian l\u00e0m vi\u1ec7c li\u00ean t\u1ee5c d\u00e0i (KB: 10 ph\u00fat)<br \/>\n\u00b7Lo\u1ea1i v\u00edt t\u1ed1c \u0111\u1ed9 ch\u1eadm<br \/>\n\u00b7V\u00f2ng\/ph\u00fat: 90-110\/ph\u00fat<br \/>\n\u00b7Gi\u1eef nguy\u00ean ch\u1ea5t dinh d\u01b0\u1ee1ng c\u1ee7a n\u01b0\u1edbc \u00e9p, gi\u1ea3m qu\u00e1 tr\u00ecnh oxy h\u00f3a<br \/>\n\u00b7\u0110\u1ed9 \u1ed3n th\u1ea5p d\u01b0\u1edbi 65db, y\u00ean t\u0129nh v\u00e0 an to\u00e0n<br \/>\n\u00b7Ch\u1ee9c n\u0103ng \u0111\u1ea3o ng\u01b0\u1ee3c \u0111\u1ec3 tr\u00e1nh b\u1ecb k\u1eb9t<br \/>\n\u00b7T\u1ed1c \u0111\u1ed9 chi\u1ebft xu\u1ea5t n\u01b0\u1edbc \u00e9p cao<br \/>\n\u00b7R\u00e2y l\u1ecdc S\/S c\u00f3 l\u1ed7 nh\u1ecf \u0111\u1ec3 \u0111\u1ef1ng tr\u00e1i c\u00e2y v\u00e0 rau c\u1ee7<br \/>\n\u00b7\u1ed0ng n\u1ea1p l\u1edbn<br \/>\n\u00b7D\u1ec5 d\u00e0ng v\u1ec7 sinh<br \/>\n\u00b7B\u1ea3o v\u1ec7 an to\u00e0n<\/p>\n<p>S\u1ed0 L\u01af\u1ee2NG T\u1ea2I:<br \/>\n\u00b720DC: 1100 chi\u1ebfc<br \/>\n\u00b740DC: 2200 chi\u1ebfc<br \/>\n\u00b740HQ: 2400 chi\u1ebfc<\/p>\n<p>&nbsp;<\/p>\n<p>Anmir l\u00e0 nh\u00e0 s\u1ea3n xu\u1ea5t h\u00e0ng \u0111\u1ea7u c\u00e1c thi\u1ebft b\u1ecb nh\u00e0 b\u1ebfp ch\u1ea5t l\u01b0\u1ee3ng cao t\u1ea1i Trung Qu\u1ed1c,<\/p>\n<p>chuy\u00ean v\u1ec1 m\u00e1y \u00e9p ch\u1eadm, m\u00e1y \u00e9p l\u1ea1nh, m\u00e1y xay sinh t\u1ed1, m\u00e1y pha c\u00e0 ph\u00ea v\u00e0 c\u00e1c thi\u1ebft b\u1ecb ch\u1ebf bi\u1ebfn th\u1ef1c ph\u1ea9m kh\u00e1c.<\/p>\n<p>V\u1edbi h\u01a1n 20 n\u0103m kinh nghi\u1ec7m, ch\u00fang t\u00f4i cam k\u1ebft \u0111\u1ed5i m\u1edbi, hi\u1ec7u qu\u1ea3 v\u00e0 cung c\u1ea5p c\u00e1c s\u1ea3n ph\u1ea9m h\u00e0ng \u0111\u1ea7u \u0111\u1ec3 \u0111\u00e1p \u1ee9ng nhu c\u1ea7u c\u1ee7a ng\u01b0\u1eddi ti\u00eau d\u00f9ng tr\u00ean to\u00e0n th\u1ebf gi\u1edbi.<\/td>\n<\/tr>\n<\/tbody>\n<\/table>","protected":false},"excerpt":{"rendered":"<p>Anmir AMR519 Horizontal Slow Juicer Model NO.:AMR519 220-240V~50\/60Hz 150W \u00b7Slow juicer \u00b7Long continious working time(KB:10mins) \u00b7Slow speed screw type \u00b7RPM:90-110\/Min \u00b7Keep the nutrition of the juice,reduce the oxidation \u00b7Low noise level less than 65db,Quiet and safety \u00b7Reverse function to avoid stuck \u00b7High juice extracting rate \u00b7S\/S strainer with small holes for the fruit &amp;vegetable \u00b7Large [&hellip;]<\/p>\n","protected":false},"featured_media":1907,"template":"","meta":{"_uag_custom_page_level_css":"","site-sidebar-layout":"default","site-content-layout":"","ast-site-content-layout":"default","site-content-style":"default","site-sidebar-style":"default","ast-global-header-display":"","ast-banner-title-visibility":"","ast-main-header-display":"","ast-hfb-above-header-display":"","ast-hfb-below-header-display":"","ast-hfb-mobile-header-display":"","site-post-title":"","ast-breadcrumbs-content":"","ast-featured-img":"","footer-sml-layout":"","ast-disable-related-posts":"","theme-transparent-header-meta":"default","adv-header-id-meta":"","stick-header-meta":"","header-above-stick-meta":"","header-main-stick-meta":"","header-below-stick-meta":"","astra-migrate-meta-layouts":"set","ast-page-background-enabled":"default","ast-page-background-meta":{"desktop":{"background-color":"","background-image":"","background-repeat":"repeat","background-position":"center center","background-size":"auto","background-attachment":"scroll","background-type":"","background-media":"","overlay-type":"","overlay-color":"","overlay-opacity":"","overlay-gradient":""},"tablet":{"background-color":"","background-image":"","background-repeat":"repeat","background-position":"center center","background-size":"auto","background-attachment":"scroll","background-type":"","background-media":"","overlay-type":"","overlay-color":"","overlay-opacity":"","overlay-gradient":""},"mobile":{"background-color":"","background-image":"","background-repeat":"repeat","background-position":"center center","background-size":"auto","background-attachment":"scroll","background-type":"","background-media":"","overlay-type":"","overlay-color":"","overlay-opacity":"","overlay-gradient":""}},"ast-content-background-meta":{"desktop":{"background-color":"var(--ast-global-color-5)","background-image":"","background-repeat":"repeat","background-position":"center center","background-size":"auto","background-attachment":"scroll","background-type":"","background-media":"","overlay-type":"","overlay-color":"","overlay-opacity":"","overlay-gradient":""},"tablet":{"background-color":"var(--ast-global-color-5)","background-image":"","background-repeat":"repeat","background-position":"center center","background-size":"auto","background-attachment":"scroll","background-type":"","background-media":"","overlay-type":"","overlay-color":"","overlay-opacity":"","overlay-gradient":""},"mobile":{"background-color":"var(--ast-global-color-5)","background-image":"","background-repeat":"repeat","background-position":"center center","background-size":"auto","background-attachment":"scroll","background-type":"","background-media":"","overlay-type":"","overlay-color":"","overlay-opacity":"","overlay-gradient":""}}},"product_brand":[],"product_cat":[34],"product_tag":[],"class_list":{"0":"post-1906","1":"product","2":"type-product","3":"status-publish","4":"has-post-thumbnail","6":"product_cat-06-horizontal-slow-juicer","7":"desktop-align-left","8":"tablet-align-left","9":"mobile-align-left","10":"ast-product-gallery-layout-horizontal-slider","11":"ast-product-gallery-with-no-image","12":"ast-product-tabs-layout-vertical","13":"ast-qv-on-image","15":"first","16":"instock","17":"shipping-taxable","18":"product-type-simple"},"uagb_featured_image_src":{"full":["https:\/\/anmir.com.cn\/wp-content\/uploads\/2024\/11\/AMR519.jpg",800,800,false],"thumbnail":["https:\/\/anmir.com.cn\/wp-content\/uploads\/2024\/11\/AMR519-150x150.jpg",150,150,true],"medium":["https:\/\/anmir.com.cn\/wp-content\/uploads\/2024\/11\/AMR519-300x300.jpg",300,300,true],"medium_large":["https:\/\/anmir.com.cn\/wp-content\/uploads\/2024\/11\/AMR519-768x768.jpg",768,768,true],"large":["https:\/\/anmir.com.cn\/wp-content\/uploads\/2024\/11\/AMR519.jpg",800,800,false],"1536x1536":["https:\/\/anmir.com.cn\/wp-content\/uploads\/2024\/11\/AMR519.jpg",800,800,false],"2048x2048":["https:\/\/anmir.com.cn\/wp-content\/uploads\/2024\/11\/AMR519.jpg",800,800,false],"trp-custom-language-flag":["https:\/\/anmir.com.cn\/wp-content\/uploads\/2024\/11\/AMR519.jpg",12,12,false],"woocommerce_thumbnail":["https:\/\/anmir.com.cn\/wp-content\/uploads\/2024\/11\/AMR519-300x300.jpg",300,300,true],"woocommerce_single":["https:\/\/anmir.com.cn\/wp-content\/uploads\/2024\/11\/AMR519-600x600.jpg",600,600,true],"woocommerce_gallery_thumbnail":["https:\/\/anmir.com.cn\/wp-content\/uploads\/2024\/11\/AMR519-100x100.jpg",100,100,true]},"uagb_author_info":{"display_name":"daniel@anmir.com.cn","author_link":"https:\/\/anmir.com.cn\/vi\/author\/"},"uagb_comment_info":0,"uagb_excerpt":"Anmir AMR519 Horizontal Slow Juicer Model NO.:AMR519 220-240V~50\/60Hz 150W \u00b7Slow juicer \u00b7Long continious working time(KB:10mins) \u00b7Slow speed screw type \u00b7RPM:90-110\/Min \u00b7Keep the nutrition of the juice,reduce the oxidation \u00b7Low noise level less than 65db,Quiet and safety \u00b7Reverse function to avoid stuck \u00b7High juice extracting rate \u00b7S\/S strainer with small holes for the fruit &amp;vegetable \u00b7Large&hellip;","_links":{"self":[{"href":"https:\/\/anmir.com.cn\/vi\/wp-json\/wp\/v2\/product\/1906","targetHints":{"allow":["GET"]}}],"collection":[{"href":"https:\/\/anmir.com.cn\/vi\/wp-json\/wp\/v2\/product"}],"about":[{"href":"https:\/\/anmir.com.cn\/vi\/wp-json\/wp\/v2\/types\/product"}],"wp:featuredmedia":[{"embeddable":true,"href":"https:\/\/anmir.com.cn\/vi\/wp-json\/wp\/v2\/media\/1907"}],"wp:attachment":[{"href":"https:\/\/anmir.com.cn\/vi\/wp-json\/wp\/v2\/media?parent=1906"}],"wp:term":[{"taxonomy":"product_brand","embeddable":true,"href":"https:\/\/anmir.com.cn\/vi\/wp-json\/wp\/v2\/product_brand?post=1906"},{"taxonomy":"product_cat","embeddable":true,"href":"https:\/\/anmir.com.cn\/vi\/wp-json\/wp\/v2\/product_cat?post=1906"},{"taxonomy":"product_tag","embeddable":true,"href":"https:\/\/anmir.com.cn\/vi\/wp-json\/wp\/v2\/product_tag?post=1906"}],"curies":[{"name":"wp","href":"https:\/\/api.w.org\/{rel}","templated":true}]}}