{"id":1932,"date":"2024-11-09T00:50:30","date_gmt":"2024-11-09T00:50:30","guid":{"rendered":"https:\/\/anmir.com.cn\/?post_type=product&#038;p=1932"},"modified":"2025-03-13T11:28:58","modified_gmt":"2025-03-13T03:28:58","slug":"js3005","status":"publish","type":"product","link":"https:\/\/anmir.com.cn\/vi\/products\/06-horizontal-slow-juicer\/js3005\/","title":{"rendered":"M\u00e1y \u00e9p ch\u1eadm ngang Anmir JS3005 \u2013 Tr\u1ea3i nghi\u1ec7m \u00e9p n\u01b0\u1edbc tr\u00e1i c\u00e2y m\u1ea1nh m\u1ebd, hi\u1ec7u qu\u1ea3 v\u00e0 ch\u1ea5t l\u01b0\u1ee3ng cao c\u1ea5p"},"content":{"rendered":"<table style=\"border-collapse: collapse; width: 573.02pt;\" border=\"0\" width=\"764\" cellspacing=\"0\" cellpadding=\"0\">\n<tbody>\n<tr style=\"height: 150.00pt;\">\n<td class=\"et3\" style=\"height: 150.00pt; width: 573.00pt;\" width=\"764\" height=\"200\">\n<h6>M\u00e1y \u00e9p ch\u1eadm ngang Anmir JS3005<\/h6>\n<h6>M\u00e3 s\u1ed1: JS3005<\/h6>\n<h6>220-240V~50\/60Hz 150W<\/h6>\n<p>\u00b7Thi\u1ebft k\u1ebf thanh l\u1ecbch v\u00e0 nh\u1ecf g\u1ecdn<br \/>\n\u00b7Ph\u1ee5 ki\u1ec7n c\u00f3 th\u1ec3 th\u00e1o r\u1eddi \u0111\u1ec3 v\u1ec7 sinh d\u1ec5 d\u00e0ng<br \/>\n\u00b7Chi\u1ebft xu\u1ea5t n\u01b0\u1edbc \u00e9p ch\u1eadm v\u1edbi h\u01b0\u01a1ng v\u1ecb th\u01a1m ngon h\u01a1n v\u00e0 c\u1ea3m gi\u00e1c t\u01b0\u01a1i m\u00e1t<br \/>\n\u00b7T\u1ed1c \u0111\u1ed9 l\u00e0m vi\u1ec7c 80-115\/RPM (KB: 10 ph\u00fat)<br \/>\n\u00b7Thi\u1ebft k\u1ebf \u0111\u1ed9ng c\u01a1 lo\u1ea1i DC c\u00f3 \u0111\u1ed9 \u1ed3n th\u1ea5p, d\u01b0\u1edbi 65db<br \/>\n\u00b7Thi\u1ebft k\u1ebf n\u00fam xoay l\u1edbn v\u1edbi ch\u1ee9c n\u0103ng \u0111\u1ea3o ng\u01b0\u1ee3c \u0111\u1ec3 tr\u00e1nh th\u1ee9c \u0103n b\u1ecb k\u1eb9t<br \/>\n\u00b7V\u1edbi \u1ed1ng ti\u1ebfp li\u1ec7u 44mm v\u00e0 2 c\u1ed1c<br \/>\n\u00b7T\u1ed1c \u0111\u1ed9 chi\u1ebft xu\u1ea5t n\u01b0\u1edbc \u00e9p cao<\/p>\n<p>&nbsp;<\/p>\n<p>Anmir l\u00e0 nh\u00e0 s\u1ea3n xu\u1ea5t h\u00e0ng \u0111\u1ea7u c\u00e1c thi\u1ebft b\u1ecb nh\u00e0 b\u1ebfp ch\u1ea5t l\u01b0\u1ee3ng cao t\u1ea1i Trung Qu\u1ed1c,<\/p>\n<p>chuy\u00ean v\u1ec1 m\u00e1y \u00e9p ch\u1eadm, m\u00e1y \u00e9p l\u1ea1nh, m\u00e1y xay sinh t\u1ed1, m\u00e1y pha c\u00e0 ph\u00ea v\u00e0 c\u00e1c thi\u1ebft b\u1ecb ch\u1ebf bi\u1ebfn th\u1ef1c ph\u1ea9m kh\u00e1c.<\/p>\n<p>V\u1edbi h\u01a1n 20 n\u0103m kinh nghi\u1ec7m, ch\u00fang t\u00f4i cam k\u1ebft \u0111\u1ed5i m\u1edbi, hi\u1ec7u qu\u1ea3 v\u00e0 cung c\u1ea5p c\u00e1c s\u1ea3n ph\u1ea9m h\u00e0ng \u0111\u1ea7u \u0111\u1ec3 \u0111\u00e1p \u1ee9ng nhu c\u1ea7u c\u1ee7a ng\u01b0\u1eddi ti\u00eau d\u00f9ng tr\u00ean to\u00e0n th\u1ebf gi\u1edbi.<\/td>\n<\/tr>\n<\/tbody>\n<\/table>","protected":false},"excerpt":{"rendered":"<p>Anmir JS3005 Horizontal Slow Juicer Model NO.:JS3005 220-240V~50\/60Hz 150W \u00b7Elegant and compact design \u00b7Detachable accessories for easy cleaning \u00b7Slow juice extraction with better taste and fresh feeling \u00b7Working speed with 80-115\/RPM(KB:10mins) \u00b7Low noise design of DC type motor,less than 65db \u00b7Big Knob design with Reverse function to avoid food jammed \u00b7With 44mm feeding tube and [&hellip;]<\/p>\n","protected":false},"featured_media":1933,"template":"","meta":{"_uag_custom_page_level_css":"","site-sidebar-layout":"default","site-content-layout":"","ast-site-content-layout":"default","site-content-style":"default","site-sidebar-style":"default","ast-global-header-display":"","ast-banner-title-visibility":"","ast-main-header-display":"","ast-hfb-above-header-display":"","ast-hfb-below-header-display":"","ast-hfb-mobile-header-display":"","site-post-title":"","ast-breadcrumbs-content":"","ast-featured-img":"","footer-sml-layout":"","ast-disable-related-posts":"","theme-transparent-header-meta":"default","adv-header-id-meta":"","stick-header-meta":"","header-above-stick-meta":"","header-main-stick-meta":"","header-below-stick-meta":"","astra-migrate-meta-layouts":"set","ast-page-background-enabled":"default","ast-page-background-meta":{"desktop":{"background-color":"","background-image":"","background-repeat":"repeat","background-position":"center center","background-size":"auto","background-attachment":"scroll","background-type":"","background-media":"","overlay-type":"","overlay-color":"","overlay-opacity":"","overlay-gradient":""},"tablet":{"background-color":"","background-image":"","background-repeat":"repeat","background-position":"center center","background-size":"auto","background-attachment":"scroll","background-type":"","background-media":"","overlay-type":"","overlay-color":"","overlay-opacity":"","overlay-gradient":""},"mobile":{"background-color":"","background-image":"","background-repeat":"repeat","background-position":"center center","background-size":"auto","background-attachment":"scroll","background-type":"","background-media":"","overlay-type":"","overlay-color":"","overlay-opacity":"","overlay-gradient":""}},"ast-content-background-meta":{"desktop":{"background-color":"var(--ast-global-color-5)","background-image":"","background-repeat":"repeat","background-position":"center center","background-size":"auto","background-attachment":"scroll","background-type":"","background-media":"","overlay-type":"","overlay-color":"","overlay-opacity":"","overlay-gradient":""},"tablet":{"background-color":"var(--ast-global-color-5)","background-image":"","background-repeat":"repeat","background-position":"center center","background-size":"auto","background-attachment":"scroll","background-type":"","background-media":"","overlay-type":"","overlay-color":"","overlay-opacity":"","overlay-gradient":""},"mobile":{"background-color":"var(--ast-global-color-5)","background-image":"","background-repeat":"repeat","background-position":"center center","background-size":"auto","background-attachment":"scroll","background-type":"","background-media":"","overlay-type":"","overlay-color":"","overlay-opacity":"","overlay-gradient":""}}},"product_brand":[],"product_cat":[34],"product_tag":[],"class_list":{"0":"post-1932","1":"product","2":"type-product","3":"status-publish","4":"has-post-thumbnail","6":"product_cat-06-horizontal-slow-juicer","7":"desktop-align-left","8":"tablet-align-left","9":"mobile-align-left","10":"ast-product-gallery-layout-horizontal-slider","11":"ast-product-gallery-with-no-image","12":"ast-product-tabs-layout-vertical","13":"ast-qv-on-image","15":"first","16":"instock","17":"shipping-taxable","18":"product-type-simple"},"uagb_featured_image_src":{"full":["https:\/\/anmir.com.cn\/wp-content\/uploads\/2024\/11\/JS3005.jpg",800,800,false],"thumbnail":["https:\/\/anmir.com.cn\/wp-content\/uploads\/2024\/11\/JS3005-150x150.jpg",150,150,true],"medium":["https:\/\/anmir.com.cn\/wp-content\/uploads\/2024\/11\/JS3005-300x300.jpg",300,300,true],"medium_large":["https:\/\/anmir.com.cn\/wp-content\/uploads\/2024\/11\/JS3005-768x768.jpg",768,768,true],"large":["https:\/\/anmir.com.cn\/wp-content\/uploads\/2024\/11\/JS3005.jpg",800,800,false],"1536x1536":["https:\/\/anmir.com.cn\/wp-content\/uploads\/2024\/11\/JS3005.jpg",800,800,false],"2048x2048":["https:\/\/anmir.com.cn\/wp-content\/uploads\/2024\/11\/JS3005.jpg",800,800,false],"trp-custom-language-flag":["https:\/\/anmir.com.cn\/wp-content\/uploads\/2024\/11\/JS3005.jpg",12,12,false],"woocommerce_thumbnail":["https:\/\/anmir.com.cn\/wp-content\/uploads\/2024\/11\/JS3005-300x300.jpg",300,300,true],"woocommerce_single":["https:\/\/anmir.com.cn\/wp-content\/uploads\/2024\/11\/JS3005-600x600.jpg",600,600,true],"woocommerce_gallery_thumbnail":["https:\/\/anmir.com.cn\/wp-content\/uploads\/2024\/11\/JS3005-100x100.jpg",100,100,true]},"uagb_author_info":{"display_name":"daniel@anmir.com.cn","author_link":"https:\/\/anmir.com.cn\/vi\/author\/"},"uagb_comment_info":0,"uagb_excerpt":"Anmir JS3005 Horizontal Slow Juicer Model NO.:JS3005 220-240V~50\/60Hz 150W \u00b7Elegant and compact design \u00b7Detachable accessories for easy cleaning \u00b7Slow juice extraction with better taste and fresh feeling \u00b7Working speed with 80-115\/RPM(KB:10mins) \u00b7Low noise design of DC type motor,less than 65db \u00b7Big Knob design with Reverse function to avoid food jammed \u00b7With 44mm feeding tube and&hellip;","_links":{"self":[{"href":"https:\/\/anmir.com.cn\/vi\/wp-json\/wp\/v2\/product\/1932","targetHints":{"allow":["GET"]}}],"collection":[{"href":"https:\/\/anmir.com.cn\/vi\/wp-json\/wp\/v2\/product"}],"about":[{"href":"https:\/\/anmir.com.cn\/vi\/wp-json\/wp\/v2\/types\/product"}],"wp:featuredmedia":[{"embeddable":true,"href":"https:\/\/anmir.com.cn\/vi\/wp-json\/wp\/v2\/media\/1933"}],"wp:attachment":[{"href":"https:\/\/anmir.com.cn\/vi\/wp-json\/wp\/v2\/media?parent=1932"}],"wp:term":[{"taxonomy":"product_brand","embeddable":true,"href":"https:\/\/anmir.com.cn\/vi\/wp-json\/wp\/v2\/product_brand?post=1932"},{"taxonomy":"product_cat","embeddable":true,"href":"https:\/\/anmir.com.cn\/vi\/wp-json\/wp\/v2\/product_cat?post=1932"},{"taxonomy":"product_tag","embeddable":true,"href":"https:\/\/anmir.com.cn\/vi\/wp-json\/wp\/v2\/product_tag?post=1932"}],"curies":[{"name":"wp","href":"https:\/\/api.w.org\/{rel}","templated":true}]}}