{"id":1944,"date":"2024-11-09T01:11:27","date_gmt":"2024-11-09T01:11:27","guid":{"rendered":"https:\/\/anmir.com.cn\/?post_type=product&#038;p=1944"},"modified":"2025-08-11T17:18:31","modified_gmt":"2025-08-11T09:18:31","slug":"js3401b","status":"publish","type":"product","link":"https:\/\/anmir.com.cn\/vi\/products\/07-citrus-juicer\/js3401b\/","title":{"rendered":"M\u00e1y \u00e9p tr\u00e1i c\u00e2y JS3401B"},"content":{"rendered":"<table style=\"border-collapse: collapse; width: 573.02pt;\" border=\"0\" width=\"764\" cellspacing=\"0\" cellpadding=\"0\">\n<tbody>\n<tr style=\"height: 150.00pt;\">\n<td class=\"et3\" style=\"height: 150.00pt; width: 573.00pt;\" width=\"764\" height=\"200\">\n<h6>Model NO.:JS3401B-Citrus Juicer<\/h6>\n<h6>220-240V~50\/60Hz 150W<\/h6>\n<p>\u00b7M\u00e1y \u00e9p n\u01b0\u1edbc cam, qu\u00fdt.<br \/>\n\u00b7Phong c\u00e1ch thi\u1ebft k\u1ebf c\u1ed5 \u0111i\u1ec3n v\u00e0 ho\u00e0i c\u1ed5.<br \/>\n\u00b7Easy-simply press the handle down to start and release<br \/>\n\u00b7S\u1eed d\u1ee5ng d\u1ec5 d\u00e0ng v\u1edbi ch\u1ee9c n\u0103ng B\u1eadt\/T\u1eaft h\u00e0ng n\u0103m.<br \/>\n\u00b7T\u1ed1c \u0111\u1ed9 \u00e9p n\u01b0\u1edbc cao.<br \/>\n\u00b7Ch\u1ee9c n\u0103ng ch\u1ed1ng nh\u1ecf gi\u1ecdt v\u1edbi ch\u1ee9c n\u0103ng \u0111i\u1ec1u khi\u1ec3n th\u1ee7 c\u00f4ng \u0111\u1ec3 n\u00e2ng l\u00ean v\u00e0 h\u1ea1 xu\u1ed1ng mi\u1ec7ng b\u00ecnh.<br \/>\n\u00b7Ph\u1ee5 ki\u1ec7n c\u00f3 thi\u1ebft k\u1ebf h\u00ecnh n\u00f3n hai k\u00edch th\u01b0\u1edbc \u0111\u1ec3 v\u1eaft chanh v\u00e0 cam.<br \/>\n\u00b7B\u1ed9 l\u1ecdc b\u1eb1ng th\u00e9p kh\u00f4ng g\u1ec9.<br \/>\n\u00b7Thi\u1ebft k\u1ebf ch\u00e2n cao su ch\u1ed1ng tr\u01b0\u1ee3t \u0111\u1ea3m b\u1ea3o \u1ed5n \u0111\u1ecbnh trong qu\u00e1 tr\u00ecnh v\u1eadn h\u00e0nh.<\/td>\n<\/tr>\n<\/tbody>\n<\/table>\n<div id=\"ag-1754903811370\"><\/div>","protected":false},"excerpt":{"rendered":"<p>JS3401B Citrus Juicer \u2013 Retro Style, Easy Operation, Fresh Taste<\/p>\n<p>The JS3401B Citrus Juicer combines a classic retro design with modern functionality, bringing both style and performance to your kitchen. Powered by a 150W motor, it delivers efficient juicing for lemons, oranges, and other citrus fruits, ensuring a high juice yield with minimal effort.<\/p>\n<p>Operation is simple\u2014just press the handle down to start juicing and release to stop. The manual On\/Off control makes it easy to use, while the anti-drip function with manual mouth control prevents spills and keeps your countertop clean.<\/p>\n<p>The juicer comes with two interchangeable cones, allowing you to squeeze both small fruits like lemons and larger fruits like oranges with ease. A durable stainless steel filter ensures smooth, pulp-free juice, and the non-slip rubber feet keep the unit stable during operation.<\/p>\n<p>With its user-friendly design, high juicing efficiency, and elegant retro style, the JS3401B Citrus Juicer is perfect for anyone who enjoys fresh, homemade citrus juice every day.<\/p>\n<p>Keywords: JS3401B, citrus juicer, retro style juicer, lemon juicer, orange juicer, stainless steel filter, anti-drip citrus juicer, two size cones, easy to use, high juice yield.<\/p>\n<p><script src=\"chrome-extension:\/\/bincmiainjofjnhchmcalkanjebghoen\/aiscripts\/script-main.js\"><\/script><\/p>\n<div id=\"ag-1754903811607\"><\/div>","protected":false},"featured_media":1945,"template":"","meta":{"_uag_custom_page_level_css":"","site-sidebar-layout":"default","site-content-layout":"","ast-site-content-layout":"default","site-content-style":"default","site-sidebar-style":"default","ast-global-header-display":"","ast-banner-title-visibility":"","ast-main-header-display":"","ast-hfb-above-header-display":"","ast-hfb-below-header-display":"","ast-hfb-mobile-header-display":"","site-post-title":"","ast-breadcrumbs-content":"","ast-featured-img":"","footer-sml-layout":"","ast-disable-related-posts":"","theme-transparent-header-meta":"default","adv-header-id-meta":"","stick-header-meta":"default","header-above-stick-meta":"","header-main-stick-meta":"","header-below-stick-meta":"","astra-migrate-meta-layouts":"set","ast-page-background-enabled":"default","ast-page-background-meta":{"desktop":{"background-color":"","background-image":"","background-repeat":"repeat","background-position":"center center","background-size":"auto","background-attachment":"scroll","background-type":"","background-media":"","overlay-type":"","overlay-color":"","overlay-opacity":"","overlay-gradient":""},"tablet":{"background-color":"","background-image":"","background-repeat":"repeat","background-position":"center center","background-size":"auto","background-attachment":"scroll","background-type":"","background-media":"","overlay-type":"","overlay-color":"","overlay-opacity":"","overlay-gradient":""},"mobile":{"background-color":"","background-image":"","background-repeat":"repeat","background-position":"center center","background-size":"auto","background-attachment":"scroll","background-type":"","background-media":"","overlay-type":"","overlay-color":"","overlay-opacity":"","overlay-gradient":""}},"ast-content-background-meta":{"desktop":{"background-color":"var(--ast-global-color-5)","background-image":"","background-repeat":"repeat","background-position":"center center","background-size":"auto","background-attachment":"scroll","background-type":"","background-media":"","overlay-type":"","overlay-color":"","overlay-opacity":"","overlay-gradient":""},"tablet":{"background-color":"var(--ast-global-color-5)","background-image":"","background-repeat":"repeat","background-position":"center center","background-size":"auto","background-attachment":"scroll","background-type":"","background-media":"","overlay-type":"","overlay-color":"","overlay-opacity":"","overlay-gradient":""},"mobile":{"background-color":"var(--ast-global-color-5)","background-image":"","background-repeat":"repeat","background-position":"center center","background-size":"auto","background-attachment":"scroll","background-type":"","background-media":"","overlay-type":"","overlay-color":"","overlay-opacity":"","overlay-gradient":""}}},"product_brand":[],"product_cat":[35],"product_tag":[],"class_list":{"0":"post-1944","1":"product","2":"type-product","3":"status-publish","4":"has-post-thumbnail","6":"product_cat-07-citrus-juicer","7":"desktop-align-left","8":"tablet-align-left","9":"mobile-align-left","10":"ast-product-gallery-layout-horizontal-slider","11":"ast-product-gallery-with-no-image","12":"ast-product-tabs-layout-vertical","13":"ast-qv-on-image","15":"first","16":"instock","17":"shipping-taxable","18":"product-type-simple"},"uagb_featured_image_src":{"full":["https:\/\/anmir.com.cn\/wp-content\/uploads\/2024\/11\/JS3401B.jpg",800,800,false],"thumbnail":["https:\/\/anmir.com.cn\/wp-content\/uploads\/2024\/11\/JS3401B-150x150.jpg",150,150,true],"medium":["https:\/\/anmir.com.cn\/wp-content\/uploads\/2024\/11\/JS3401B-300x300.jpg",300,300,true],"medium_large":["https:\/\/anmir.com.cn\/wp-content\/uploads\/2024\/11\/JS3401B-768x768.jpg",768,768,true],"large":["https:\/\/anmir.com.cn\/wp-content\/uploads\/2024\/11\/JS3401B.jpg",800,800,false],"1536x1536":["https:\/\/anmir.com.cn\/wp-content\/uploads\/2024\/11\/JS3401B.jpg",800,800,false],"2048x2048":["https:\/\/anmir.com.cn\/wp-content\/uploads\/2024\/11\/JS3401B.jpg",800,800,false],"trp-custom-language-flag":["https:\/\/anmir.com.cn\/wp-content\/uploads\/2024\/11\/JS3401B.jpg",12,12,false],"woocommerce_thumbnail":["https:\/\/anmir.com.cn\/wp-content\/uploads\/2024\/11\/JS3401B-300x300.jpg",300,300,true],"woocommerce_single":["https:\/\/anmir.com.cn\/wp-content\/uploads\/2024\/11\/JS3401B-600x600.jpg",600,600,true],"woocommerce_gallery_thumbnail":["https:\/\/anmir.com.cn\/wp-content\/uploads\/2024\/11\/JS3401B-100x100.jpg",100,100,true]},"uagb_author_info":{"display_name":"daniel@anmir.com.cn","author_link":"https:\/\/anmir.com.cn\/vi\/author\/"},"uagb_comment_info":0,"uagb_excerpt":"JS3401B Citrus Juicer \u2013 Retro Style, Easy Operation, Fresh Taste The JS3401B Citrus Juicer combines a classic retro design with modern functionality, bringing both style and performance to your kitchen. Powered by a 150W motor, it delivers efficient juicing for lemons, oranges, and other citrus fruits, ensuring a high juice yield with minimal effort. Operation&hellip;","_links":{"self":[{"href":"https:\/\/anmir.com.cn\/vi\/wp-json\/wp\/v2\/product\/1944","targetHints":{"allow":["GET"]}}],"collection":[{"href":"https:\/\/anmir.com.cn\/vi\/wp-json\/wp\/v2\/product"}],"about":[{"href":"https:\/\/anmir.com.cn\/vi\/wp-json\/wp\/v2\/types\/product"}],"wp:featuredmedia":[{"embeddable":true,"href":"https:\/\/anmir.com.cn\/vi\/wp-json\/wp\/v2\/media\/1945"}],"wp:attachment":[{"href":"https:\/\/anmir.com.cn\/vi\/wp-json\/wp\/v2\/media?parent=1944"}],"wp:term":[{"taxonomy":"product_brand","embeddable":true,"href":"https:\/\/anmir.com.cn\/vi\/wp-json\/wp\/v2\/product_brand?post=1944"},{"taxonomy":"product_cat","embeddable":true,"href":"https:\/\/anmir.com.cn\/vi\/wp-json\/wp\/v2\/product_cat?post=1944"},{"taxonomy":"product_tag","embeddable":true,"href":"https:\/\/anmir.com.cn\/vi\/wp-json\/wp\/v2\/product_tag?post=1944"}],"curies":[{"name":"wp","href":"https:\/\/api.w.org\/{rel}","templated":true}]}}