{"id":1946,"date":"2024-11-09T01:12:03","date_gmt":"2024-11-09T01:12:03","guid":{"rendered":"https:\/\/anmir.com.cn\/?post_type=product&#038;p=1946"},"modified":"2025-02-25T19:00:24","modified_gmt":"2025-02-26T02:00:24","slug":"js3402","status":"publish","type":"product","link":"https:\/\/anmir.com.cn\/vi\/products\/07-citrus-juicer\/js3402\/","title":{"rendered":"JS3402"},"content":{"rendered":"<table style=\"border-collapse: collapse; width: 573.02pt;\" border=\"0\" width=\"764\" cellspacing=\"0\" cellpadding=\"0\">\n<tbody>\n<tr style=\"height: 150.00pt;\">\n<td class=\"et3\" style=\"height: 150.00pt; width: 573.00pt;\" width=\"764\" height=\"200\">\n<h6>M\u00e3 s\u1ed1: JS3402<\/h6>\n<h6>220-240V~50\/60Hz 150W<\/h6>\n<p>\u00b7Thi\u1ebft k\u1ebf thanh l\u1ecbch v\u00e0 nh\u1ecf g\u1ecdn.<br \/>\n\u00b7 Tay c\u1ea7m \u00e9p khu\u00f4n d\u1ec5 d\u00e0ng v\u1edbi b\u00e1ng c\u1ea7m m\u1ec1m - d\u1eebng l\u1ea1i v\u00e0 gi\u1ea3m \u00e1p l\u1ef1c l\u00ean tay.<br \/>\n\u00b7D\u1ec5 d\u00e0ng-ch\u1ec9 c\u1ea7n \u1ea5n tay c\u1ea7m xu\u1ed1ng \u0111\u1ec3 kh\u1edfi \u0111\u1ed9ng v\u00e0 th\u1ea3 ra.<br \/>\n\u00b7S\u1eed d\u1ee5ng d\u1ec5 d\u00e0ng v\u1edbi ch\u1ee9c n\u0103ng \u0111i\u1ec1u khi\u1ec3n B\u1eadt\/T\u1eaft h\u00e0ng n\u0103m<br \/>\n\u00b7T\u1ed1c \u0111\u1ed9 \u00e9p n\u01b0\u1edbc cao.<br \/>\n\u00b7Ch\u1ee9c n\u0103ng ch\u1ed1ng nh\u1ecf gi\u1ecdt v\u1edbi ch\u1ee9c n\u0103ng \u0111i\u1ec1u khi\u1ec3n th\u1ee7 c\u00f4ng \u0111\u1ec3 n\u00e2ng l\u00ean v\u00e0 h\u1ea1 xu\u1ed1ng.<br \/>\n\u00b7Ph\u1ee5 ki\u1ec7n c\u00f3 thi\u1ebft k\u1ebf h\u00ecnh n\u00f3n hai k\u00edch th\u01b0\u1edbc \u0111\u1ec3 v\u1eaft chanh v\u00e0 cam.<br \/>\n\u00b7B\u1ed9 l\u1ecdc b\u1eb1ng th\u00e9p kh\u00f4ng g\u1ec9.<br \/>\n\u00b7Thi\u1ebft k\u1ebf ch\u00e2n cao su ch\u1ed1ng tr\u01b0\u1ee3t \u0111\u1ea3m b\u1ea3o \u1ed5n \u0111\u1ecbnh trong qu\u00e1 tr\u00ecnh v\u1eadn h\u00e0nh<\/td>\n<\/tr>\n<\/tbody>\n<\/table>","protected":false},"excerpt":{"rendered":"<p>Model NO.:JS3402 220-240V~50\/60Hz 150W \u00b7Elegant and compact design. \u00b7Easy press Die-case handle press with soft grip -stop and reducing pressure on the hand. \u00b7Easy-simply press the handle down to start and release. \u00b7Easy usage with annual control On\/Off \u00b7High juicing rate. \u00b7Anti-Drip function with manual control to lift up and down. \u00b7Accessories with Two Size [&hellip;]<\/p>\n","protected":false},"featured_media":1947,"template":"","meta":{"_uag_custom_page_level_css":"","site-sidebar-layout":"default","site-content-layout":"","ast-site-content-layout":"default","site-content-style":"default","site-sidebar-style":"default","ast-global-header-display":"","ast-banner-title-visibility":"","ast-main-header-display":"","ast-hfb-above-header-display":"","ast-hfb-below-header-display":"","ast-hfb-mobile-header-display":"","site-post-title":"","ast-breadcrumbs-content":"","ast-featured-img":"","footer-sml-layout":"","ast-disable-related-posts":"","theme-transparent-header-meta":"default","adv-header-id-meta":"","stick-header-meta":"","header-above-stick-meta":"","header-main-stick-meta":"","header-below-stick-meta":"","astra-migrate-meta-layouts":"set","ast-page-background-enabled":"default","ast-page-background-meta":{"desktop":{"background-color":"","background-image":"","background-repeat":"repeat","background-position":"center center","background-size":"auto","background-attachment":"scroll","background-type":"","background-media":"","overlay-type":"","overlay-color":"","overlay-opacity":"","overlay-gradient":""},"tablet":{"background-color":"","background-image":"","background-repeat":"repeat","background-position":"center center","background-size":"auto","background-attachment":"scroll","background-type":"","background-media":"","overlay-type":"","overlay-color":"","overlay-opacity":"","overlay-gradient":""},"mobile":{"background-color":"","background-image":"","background-repeat":"repeat","background-position":"center center","background-size":"auto","background-attachment":"scroll","background-type":"","background-media":"","overlay-type":"","overlay-color":"","overlay-opacity":"","overlay-gradient":""}},"ast-content-background-meta":{"desktop":{"background-color":"var(--ast-global-color-5)","background-image":"","background-repeat":"repeat","background-position":"center center","background-size":"auto","background-attachment":"scroll","background-type":"","background-media":"","overlay-type":"","overlay-color":"","overlay-opacity":"","overlay-gradient":""},"tablet":{"background-color":"var(--ast-global-color-5)","background-image":"","background-repeat":"repeat","background-position":"center center","background-size":"auto","background-attachment":"scroll","background-type":"","background-media":"","overlay-type":"","overlay-color":"","overlay-opacity":"","overlay-gradient":""},"mobile":{"background-color":"var(--ast-global-color-5)","background-image":"","background-repeat":"repeat","background-position":"center center","background-size":"auto","background-attachment":"scroll","background-type":"","background-media":"","overlay-type":"","overlay-color":"","overlay-opacity":"","overlay-gradient":""}}},"product_brand":[],"product_cat":[35],"product_tag":[],"class_list":{"0":"post-1946","1":"product","2":"type-product","3":"status-publish","4":"has-post-thumbnail","6":"product_cat-07-citrus-juicer","7":"desktop-align-left","8":"tablet-align-left","9":"mobile-align-left","10":"ast-product-gallery-layout-horizontal-slider","11":"ast-product-gallery-with-no-image","12":"ast-product-tabs-layout-vertical","13":"ast-qv-on-image","15":"first","16":"instock","17":"shipping-taxable","18":"product-type-simple"},"uagb_featured_image_src":{"full":["https:\/\/anmir.com.cn\/wp-content\/uploads\/2024\/11\/JS3402.jpg",800,800,false],"thumbnail":["https:\/\/anmir.com.cn\/wp-content\/uploads\/2024\/11\/JS3402-150x150.jpg",150,150,true],"medium":["https:\/\/anmir.com.cn\/wp-content\/uploads\/2024\/11\/JS3402-300x300.jpg",300,300,true],"medium_large":["https:\/\/anmir.com.cn\/wp-content\/uploads\/2024\/11\/JS3402-768x768.jpg",768,768,true],"large":["https:\/\/anmir.com.cn\/wp-content\/uploads\/2024\/11\/JS3402.jpg",800,800,false],"1536x1536":["https:\/\/anmir.com.cn\/wp-content\/uploads\/2024\/11\/JS3402.jpg",800,800,false],"2048x2048":["https:\/\/anmir.com.cn\/wp-content\/uploads\/2024\/11\/JS3402.jpg",800,800,false],"trp-custom-language-flag":["https:\/\/anmir.com.cn\/wp-content\/uploads\/2024\/11\/JS3402.jpg",12,12,false],"woocommerce_thumbnail":["https:\/\/anmir.com.cn\/wp-content\/uploads\/2024\/11\/JS3402-300x300.jpg",300,300,true],"woocommerce_single":["https:\/\/anmir.com.cn\/wp-content\/uploads\/2024\/11\/JS3402-600x600.jpg",600,600,true],"woocommerce_gallery_thumbnail":["https:\/\/anmir.com.cn\/wp-content\/uploads\/2024\/11\/JS3402-100x100.jpg",100,100,true]},"uagb_author_info":{"display_name":"daniel@anmir.com.cn","author_link":"https:\/\/anmir.com.cn\/vi\/author\/"},"uagb_comment_info":0,"uagb_excerpt":"Model NO.:JS3402 220-240V~50\/60Hz 150W \u00b7Elegant and compact design. \u00b7Easy press Die-case handle press with soft grip -stop and reducing pressure on the hand. \u00b7Easy-simply press the handle down to start and release. \u00b7Easy usage with annual control On\/Off \u00b7High juicing rate. \u00b7Anti-Drip function with manual control to lift up and down. \u00b7Accessories with Two Size&hellip;","_links":{"self":[{"href":"https:\/\/anmir.com.cn\/vi\/wp-json\/wp\/v2\/product\/1946","targetHints":{"allow":["GET"]}}],"collection":[{"href":"https:\/\/anmir.com.cn\/vi\/wp-json\/wp\/v2\/product"}],"about":[{"href":"https:\/\/anmir.com.cn\/vi\/wp-json\/wp\/v2\/types\/product"}],"wp:featuredmedia":[{"embeddable":true,"href":"https:\/\/anmir.com.cn\/vi\/wp-json\/wp\/v2\/media\/1947"}],"wp:attachment":[{"href":"https:\/\/anmir.com.cn\/vi\/wp-json\/wp\/v2\/media?parent=1946"}],"wp:term":[{"taxonomy":"product_brand","embeddable":true,"href":"https:\/\/anmir.com.cn\/vi\/wp-json\/wp\/v2\/product_brand?post=1946"},{"taxonomy":"product_cat","embeddable":true,"href":"https:\/\/anmir.com.cn\/vi\/wp-json\/wp\/v2\/product_cat?post=1946"},{"taxonomy":"product_tag","embeddable":true,"href":"https:\/\/anmir.com.cn\/vi\/wp-json\/wp\/v2\/product_tag?post=1946"}],"curies":[{"name":"wp","href":"https:\/\/api.w.org\/{rel}","templated":true}]}}