{"id":1954,"date":"2024-11-09T01:15:20","date_gmt":"2024-11-09T01:15:20","guid":{"rendered":"https:\/\/anmir.com.cn\/?post_type=product&#038;p=1954"},"modified":"2024-11-09T05:58:55","modified_gmt":"2024-11-09T05:58:55","slug":"amr503","status":"publish","type":"product","link":"https:\/\/anmir.com.cn\/vi\/products\/08-juice-extractor\/amr503\/","title":{"rendered":"AMR503"},"content":{"rendered":"<table style=\"border-collapse: collapse; width: 573.02pt;\" border=\"0\" width=\"764\" cellspacing=\"0\" cellpadding=\"0\">\n<tbody>\n<tr style=\"height: 150.00pt;\">\n<td class=\"et3\" style=\"height: 150.00pt; width: 573.00pt;\" width=\"764\" height=\"200\">\n<h6>M\u00e3 s\u1ed1: AMR503<\/h6>\n<h6>220-240V~50\/60Hz 500W<\/h6>\n<p>\u00b7\u0110\u1ed9ng c\u01a1 m\u1ea1nh m\u1ebd: 500W v\u1edbi d\u00e2y \u0111\u1ed9ng c\u01a1 b\u1eb1ng \u0111\u1ed3ng.<br \/>\n\u00b7Trang tr\u00ed S\/S.<br \/>\n\u00b7\u1ed0ng c\u1ea5p li\u1ec7u l\u1edbn: \u0111\u01b0\u1eddng k\u00ednh 75mm<br \/>\n\u00b7B\u00ecnh \u0111\u1ef1ng b\u00e3: 1450ml.<br \/>\n\u00b7B\u00ecnh \u0111\u1ef1ng n\u01b0\u1edbc \u00e9p: 800ml<br \/>\n\u00b73 m\u1ee9c t\u1ed1c \u0111\u1ed9: P-0-1-2-3<br \/>\n\u00b7Kh\u00f3a b\u1eb1ng c\u00f4ng t\u1eafc an to\u00e0n.<br \/>\n\u00b7B\u1ed9 l\u1ecdc S\/S.<br \/>\n\u00b7C\u00f3 th\u1ec3 th\u00e1o r\u1eddi, d\u1ec5 d\u00e0ng v\u00e0 nhanh ch\u00f3ng v\u1ec7 sinh.<br \/>\n\u00b7\u0110\u1ed9 \u1ed5n \u0111\u1ecbnh cao.<\/p>\n<p>S\u1ed0 L\u01af\u1ee2NG T\u1ea2I:<br \/>\n\u00b720DC:824 chi\u1ebfc<br \/>\n\u00b740DC: 1764 chi\u1ebfc<br \/>\n\u00b740HQ: 2000 chi\u1ebfc<\/td>\n<\/tr>\n<\/tbody>\n<\/table>","protected":false},"excerpt":{"rendered":"<p>Model NO.:AMR503 220-240V~50\/60Hz 500W \u00b7Powerful motor:500W with copper motor wire. \u00b7S\/S decoration. \u00b7Big feed tube:75mm diameter \u00b7Pulp jar:1450ml. \u00b7Juice jar:800ml \u00b73 speed level:P-0-1-2-3 \u00b7Lock with safety switch. \u00b7S\/S filter. \u00b7Dismantable,easy and fast to clean. \u00b7High stabiity. LOAD QUANTITY: \u00b720DC:824pcs \u00b740DC:1764pcs \u00b740HQ:2000pcs<\/p>","protected":false},"featured_media":1955,"template":"","meta":{"_uag_custom_page_level_css":"","site-sidebar-layout":"default","site-content-layout":"","ast-site-content-layout":"default","site-content-style":"default","site-sidebar-style":"default","ast-global-header-display":"","ast-banner-title-visibility":"","ast-main-header-display":"","ast-hfb-above-header-display":"","ast-hfb-below-header-display":"","ast-hfb-mobile-header-display":"","site-post-title":"","ast-breadcrumbs-content":"","ast-featured-img":"","footer-sml-layout":"","ast-disable-related-posts":"","theme-transparent-header-meta":"default","adv-header-id-meta":"","stick-header-meta":"","header-above-stick-meta":"","header-main-stick-meta":"","header-below-stick-meta":"","astra-migrate-meta-layouts":"set","ast-page-background-enabled":"default","ast-page-background-meta":{"desktop":{"background-color":"","background-image":"","background-repeat":"repeat","background-position":"center center","background-size":"auto","background-attachment":"scroll","background-type":"","background-media":"","overlay-type":"","overlay-color":"","overlay-opacity":"","overlay-gradient":""},"tablet":{"background-color":"","background-image":"","background-repeat":"repeat","background-position":"center center","background-size":"auto","background-attachment":"scroll","background-type":"","background-media":"","overlay-type":"","overlay-color":"","overlay-opacity":"","overlay-gradient":""},"mobile":{"background-color":"","background-image":"","background-repeat":"repeat","background-position":"center center","background-size":"auto","background-attachment":"scroll","background-type":"","background-media":"","overlay-type":"","overlay-color":"","overlay-opacity":"","overlay-gradient":""}},"ast-content-background-meta":{"desktop":{"background-color":"var(--ast-global-color-5)","background-image":"","background-repeat":"repeat","background-position":"center center","background-size":"auto","background-attachment":"scroll","background-type":"","background-media":"","overlay-type":"","overlay-color":"","overlay-opacity":"","overlay-gradient":""},"tablet":{"background-color":"var(--ast-global-color-5)","background-image":"","background-repeat":"repeat","background-position":"center center","background-size":"auto","background-attachment":"scroll","background-type":"","background-media":"","overlay-type":"","overlay-color":"","overlay-opacity":"","overlay-gradient":""},"mobile":{"background-color":"var(--ast-global-color-5)","background-image":"","background-repeat":"repeat","background-position":"center center","background-size":"auto","background-attachment":"scroll","background-type":"","background-media":"","overlay-type":"","overlay-color":"","overlay-opacity":"","overlay-gradient":""}}},"product_brand":[],"product_cat":[36],"product_tag":[],"class_list":{"0":"post-1954","1":"product","2":"type-product","3":"status-publish","4":"has-post-thumbnail","6":"product_cat-08-juice-extractor","7":"desktop-align-left","8":"tablet-align-left","9":"mobile-align-left","10":"ast-product-gallery-layout-horizontal-slider","11":"ast-product-gallery-with-no-image","12":"ast-product-tabs-layout-vertical","13":"ast-qv-on-image","15":"first","16":"instock","17":"shipping-taxable","18":"product-type-simple"},"uagb_featured_image_src":{"full":["https:\/\/anmir.com.cn\/wp-content\/uploads\/2024\/11\/AMR503.jpg",800,800,false],"thumbnail":["https:\/\/anmir.com.cn\/wp-content\/uploads\/2024\/11\/AMR503-150x150.jpg",150,150,true],"medium":["https:\/\/anmir.com.cn\/wp-content\/uploads\/2024\/11\/AMR503-300x300.jpg",300,300,true],"medium_large":["https:\/\/anmir.com.cn\/wp-content\/uploads\/2024\/11\/AMR503-768x768.jpg",768,768,true],"large":["https:\/\/anmir.com.cn\/wp-content\/uploads\/2024\/11\/AMR503.jpg",800,800,false],"1536x1536":["https:\/\/anmir.com.cn\/wp-content\/uploads\/2024\/11\/AMR503.jpg",800,800,false],"2048x2048":["https:\/\/anmir.com.cn\/wp-content\/uploads\/2024\/11\/AMR503.jpg",800,800,false],"trp-custom-language-flag":["https:\/\/anmir.com.cn\/wp-content\/uploads\/2024\/11\/AMR503.jpg",12,12,false],"woocommerce_thumbnail":["https:\/\/anmir.com.cn\/wp-content\/uploads\/2024\/11\/AMR503-300x300.jpg",300,300,true],"woocommerce_single":["https:\/\/anmir.com.cn\/wp-content\/uploads\/2024\/11\/AMR503-600x600.jpg",600,600,true],"woocommerce_gallery_thumbnail":["https:\/\/anmir.com.cn\/wp-content\/uploads\/2024\/11\/AMR503-100x100.jpg",100,100,true]},"uagb_author_info":{"display_name":"daniel@anmir.com.cn","author_link":"https:\/\/anmir.com.cn\/vi\/author\/"},"uagb_comment_info":0,"uagb_excerpt":"Model NO.:AMR503 220-240V~50\/60Hz 500W \u00b7Powerful motor:500W with copper motor wire. \u00b7S\/S decoration. \u00b7Big feed tube:75mm diameter \u00b7Pulp jar:1450ml. \u00b7Juice jar:800ml \u00b73 speed level:P-0-1-2-3 \u00b7Lock with safety switch. \u00b7S\/S filter. \u00b7Dismantable,easy and fast to clean. \u00b7High stabiity. LOAD QUANTITY: \u00b720DC:824pcs \u00b740DC:1764pcs \u00b740HQ:2000pcs","_links":{"self":[{"href":"https:\/\/anmir.com.cn\/vi\/wp-json\/wp\/v2\/product\/1954","targetHints":{"allow":["GET"]}}],"collection":[{"href":"https:\/\/anmir.com.cn\/vi\/wp-json\/wp\/v2\/product"}],"about":[{"href":"https:\/\/anmir.com.cn\/vi\/wp-json\/wp\/v2\/types\/product"}],"wp:featuredmedia":[{"embeddable":true,"href":"https:\/\/anmir.com.cn\/vi\/wp-json\/wp\/v2\/media\/1955"}],"wp:attachment":[{"href":"https:\/\/anmir.com.cn\/vi\/wp-json\/wp\/v2\/media?parent=1954"}],"wp:term":[{"taxonomy":"product_brand","embeddable":true,"href":"https:\/\/anmir.com.cn\/vi\/wp-json\/wp\/v2\/product_brand?post=1954"},{"taxonomy":"product_cat","embeddable":true,"href":"https:\/\/anmir.com.cn\/vi\/wp-json\/wp\/v2\/product_cat?post=1954"},{"taxonomy":"product_tag","embeddable":true,"href":"https:\/\/anmir.com.cn\/vi\/wp-json\/wp\/v2\/product_tag?post=1954"}],"curies":[{"name":"wp","href":"https:\/\/api.w.org\/{rel}","templated":true}]}}