{"id":1968,"date":"2024-11-09T01:20:02","date_gmt":"2024-11-09T01:20:02","guid":{"rendered":"https:\/\/anmir.com.cn\/?post_type=product&#038;p=1968"},"modified":"2025-08-11T16:50:17","modified_gmt":"2025-08-11T08:50:17","slug":"amr516","status":"publish","type":"product","link":"https:\/\/anmir.com.cn\/vi\/products\/08-juice-extractor\/amr516\/","title":{"rendered":"M\u00e1y \u00e9p tr\u00e1i c\u00e2y AMR516"},"content":{"rendered":"<table style=\"border-collapse: collapse; width: 573.02pt;\" border=\"0\" width=\"764\" cellspacing=\"0\" cellpadding=\"0\">\n<tbody>\n<tr style=\"height: 150.00pt;\">\n<td class=\"et3\" style=\"height: 150.00pt; width: 573.00pt;\" width=\"764\" height=\"200\">\n<h6>M\u00e3 s\u1ed1: AMR516 - M\u00e1y \u00e9p tr\u00e1i c\u00e2y<\/h6>\n<h6>220-240V~50\/60Hz 400W<\/h6>\n<p>\u00b7\u0110\u1ed9ng c\u01a1 b\u1eb1ng \u0111\u1ed3ng.<br \/>\n\u00b7\u0110\u1ed9 \u1ed3n th\u1ea5p d\u01b0\u1edbi 85db.<br \/>\n\u00b7T\u1ed1c \u0111\u1ed9: xung-0-1-2.<br \/>\n\u00b7\u1ed0ng d\u1eabn th\u1ee9c \u0103n l\u1edbn.<br \/>\n\u00b7B\u1ed9 l\u1ecdc S\/S.<br \/>\n\u00b7C\u1ed1c \u0111\u1ef1ng n\u01b0\u1edbc \u00e9p l\u1edbn: 800ml.<br \/>\n\u00b7D\u1ec5 d\u00e0ng th\u00e1o r\u1eddi c\u00e1c b\u1ed9 ph\u1eadn \u0111\u1ec3 v\u1ec7 sinh.<br \/>\n\u00b7Trang tr\u00ed S\/S.<\/p>\n<p>S\u1ed0 L\u01af\u1ee2NG T\u1ea2I:<br \/>\n\u00b720DC: 1100 chi\u1ebfc<br \/>\n\u00b740DC: 2304 chi\u1ebfc<br \/>\n\u00b740HQ: 2700 chi\u1ebfc<\/td>\n<\/tr>\n<\/tbody>\n<\/table>\n<div id=\"ag-1754902076700\"><\/div>","protected":false},"excerpt":{"rendered":"<p>M\u00e1y \u00e9p tr\u00e1i c\u00e2y AMR516 \u2013 N\u01b0\u1edbc \u00e9p t\u01b0\u01a1i ngon d\u1ec5 d\u00e0ng<\/p>\n<p>M\u00e1y \u00e9p tr\u00e1i c\u00e2y AMR516 k\u1ebft h\u1ee3p s\u1ee9c m\u1ea1nh, hi\u1ec7u qu\u1ea3 v\u00e0 s\u1ef1 ti\u1ec7n l\u1ee3i \u0111\u1ec3 mang \u0111\u1ebfn cho b\u1ea1n n\u01b0\u1edbc \u00e9p t\u01b0\u01a1i ngon, b\u1ed5 d\u01b0\u1ee1ng ch\u1ec9 trong v\u00e0i ph\u00fat. \u0110\u01b0\u1ee3c trang b\u1ecb \u0111\u1ed9ng c\u01a1 \u0111\u1ed3ng 400W \u0111\u00e1ng tin c\u1eady, m\u00e1y mang l\u1ea1i hi\u1ec7u su\u1ea5t m\u1ea1nh m\u1ebd v\u00e0 \u1ed5n \u0111\u1ecbnh, \u0111\u1ed3ng th\u1eddi gi\u1eef \u0111\u1ed9 \u1ed3n d\u01b0\u1edbi 85dB, mang \u0111\u1ebfn tr\u1ea3i nghi\u1ec7m \u00e9p n\u01b0\u1edbc d\u1ec5 ch\u1ecbu h\u01a1n. V\u1edbi nhi\u1ec1u c\u00e0i \u0111\u1eb7t t\u1ed1c \u0111\u1ed9 (Pulse\u20130\u20131\u20132), b\u1ea1n c\u00f3 th\u1ec3 \u0111i\u1ec1u ch\u1ec9nh c\u00f4ng su\u1ea5t cho c\u1ea3 tr\u00e1i c\u00e2y v\u00e0 rau c\u1ee7 m\u1ec1m v\u00e0 c\u1ee9ng, \u0111\u1ea3m b\u1ea3o n\u01b0\u1edbc \u00e9p \u0111\u01b0\u1ee3c \u00e9p t\u1ed1i \u01b0u.<\/p>\n<p>\u1ed0ng ti\u1ebfp n\u01b0\u1edbc l\u1edbn gi\u00fap r\u00fat ng\u1eafn th\u1eddi gian ch\u1ebf bi\u1ebfn b\u1eb1ng c\u00e1ch \u00e9p \u0111\u01b0\u1ee3c nhi\u1ec1u lo\u1ea1i tr\u00e1i c\u00e2y v\u00e0 rau c\u1ee7 qu\u1ea3 h\u01a1n m\u00e0 kh\u00f4ng c\u1ea7n c\u1eaft nh\u1ecf. L\u01b0\u1edbi l\u1ecdc b\u1eb1ng th\u00e9p kh\u00f4ng g\u1ec9 ch\u1ea5t l\u01b0\u1ee3ng cao \u0111\u1ea3m b\u1ea3o n\u01b0\u1edbc \u00e9p m\u1ecbn, kh\u00f4ng b\u1ecb b\u00e3, trong khi c\u1ed1c \u0111\u1ef1ng n\u01b0\u1edbc \u00e9p 800ml \u0111i k\u00e8m cung c\u1ea5p dung t\u00edch l\u1edbn cho c\u1ea3 gia \u0111\u00ecnh.<\/p>\n<p>AMR516 \u0111\u01b0\u1ee3c thi\u1ebft k\u1ebf \u0111\u1ec3 d\u1ec5 d\u00e0ng v\u1ec7 sinh, v\u1edbi c\u00e1c b\u1ed9 ph\u1eadn c\u00f3 th\u1ec3 th\u00e1o r\u1eddi v\u00e0 r\u1eeda s\u1ea1ch nhanh ch\u00f3ng. L\u1edbp v\u1ecf th\u00e9p kh\u00f4ng g\u1ec9 sang tr\u1ecdng mang \u0111\u1ebfn v\u1ebb ngo\u00e0i hi\u1ec7n \u0111\u1ea1i, ph\u00f9 h\u1ee3p v\u1edbi m\u1ecdi c\u0103n b\u1ebfp.<\/p>\n<p>M\u00e1y \u00e9p tr\u00e1i c\u00e2y AMR516 ho\u00e0n h\u1ea3o cho nhu c\u1ea7u s\u1eed d\u1ee5ng h\u00e0ng ng\u00e0y, mang l\u1ea1i hi\u1ec7u su\u1ea5t cao, \u0111\u1ed9 b\u1ec1n v\u00e0 d\u1ec5 v\u1eadn h\u00e0nh\u2014l\u00e0 l\u1ef1a ch\u1ecdn tuy\u1ec7t v\u1eddi cho b\u1ea5t k\u1ef3 ai coi tr\u1ecdng l\u1ed1i s\u1ed1ng l\u00e0nh m\u1ea1nh v\u00e0 n\u01b0\u1edbc \u00e9p t\u01b0\u01a1i ngon t\u1ef1 l\u00e0m.<\/p>\n<p>T\u1eeb kh\u00f3a: AMR516, m\u00e1y \u00e9p tr\u00e1i c\u00e2y, m\u00e1y \u00e9p tr\u00e1i c\u00e2y \u0111\u1ed9ng c\u01a1 \u0111\u1ed3ng, \u1ed1ng ti\u1ebfp nguy\u00ean li\u1ec7u l\u1edbn, l\u01b0\u1edbi l\u1ecdc b\u1eb1ng th\u00e9p kh\u00f4ng g\u1ec9, c\u1ed1c \u0111\u1ef1ng n\u01b0\u1edbc \u00e9p 800ml, m\u00e1y \u00e9p tr\u00e1i c\u00e2y \u00edt ti\u1ebfng \u1ed3n, d\u1ec5 v\u1ec7 sinh, m\u00e1y \u00e9p nhi\u1ec1u t\u1ed1c \u0111\u1ed9.<\/p>","protected":false},"featured_media":1969,"template":"","meta":{"_uag_custom_page_level_css":"","site-sidebar-layout":"default","site-content-layout":"","ast-site-content-layout":"default","site-content-style":"default","site-sidebar-style":"default","ast-global-header-display":"","ast-banner-title-visibility":"","ast-main-header-display":"","ast-hfb-above-header-display":"","ast-hfb-below-header-display":"","ast-hfb-mobile-header-display":"","site-post-title":"","ast-breadcrumbs-content":"","ast-featured-img":"","footer-sml-layout":"","ast-disable-related-posts":"","theme-transparent-header-meta":"default","adv-header-id-meta":"","stick-header-meta":"default","header-above-stick-meta":"","header-main-stick-meta":"","header-below-stick-meta":"","astra-migrate-meta-layouts":"set","ast-page-background-enabled":"default","ast-page-background-meta":{"desktop":{"background-color":"","background-image":"","background-repeat":"repeat","background-position":"center center","background-size":"auto","background-attachment":"scroll","background-type":"","background-media":"","overlay-type":"","overlay-color":"","overlay-opacity":"","overlay-gradient":""},"tablet":{"background-color":"","background-image":"","background-repeat":"repeat","background-position":"center center","background-size":"auto","background-attachment":"scroll","background-type":"","background-media":"","overlay-type":"","overlay-color":"","overlay-opacity":"","overlay-gradient":""},"mobile":{"background-color":"","background-image":"","background-repeat":"repeat","background-position":"center center","background-size":"auto","background-attachment":"scroll","background-type":"","background-media":"","overlay-type":"","overlay-color":"","overlay-opacity":"","overlay-gradient":""}},"ast-content-background-meta":{"desktop":{"background-color":"var(--ast-global-color-5)","background-image":"","background-repeat":"repeat","background-position":"center center","background-size":"auto","background-attachment":"scroll","background-type":"","background-media":"","overlay-type":"","overlay-color":"","overlay-opacity":"","overlay-gradient":""},"tablet":{"background-color":"var(--ast-global-color-5)","background-image":"","background-repeat":"repeat","background-position":"center center","background-size":"auto","background-attachment":"scroll","background-type":"","background-media":"","overlay-type":"","overlay-color":"","overlay-opacity":"","overlay-gradient":""},"mobile":{"background-color":"var(--ast-global-color-5)","background-image":"","background-repeat":"repeat","background-position":"center center","background-size":"auto","background-attachment":"scroll","background-type":"","background-media":"","overlay-type":"","overlay-color":"","overlay-opacity":"","overlay-gradient":""}}},"product_brand":[],"product_cat":[36],"product_tag":[],"class_list":{"0":"post-1968","1":"product","2":"type-product","3":"status-publish","4":"has-post-thumbnail","6":"product_cat-08-juice-extractor","7":"desktop-align-left","8":"tablet-align-left","9":"mobile-align-left","10":"ast-product-gallery-layout-horizontal-slider","11":"ast-product-gallery-with-no-image","12":"ast-product-tabs-layout-vertical","13":"ast-qv-on-image","15":"first","16":"instock","17":"shipping-taxable","18":"product-type-simple"},"uagb_featured_image_src":{"full":["https:\/\/anmir.com.cn\/wp-content\/uploads\/2024\/11\/AMR516.jpg",800,800,false],"thumbnail":["https:\/\/anmir.com.cn\/wp-content\/uploads\/2024\/11\/AMR516-150x150.jpg",150,150,true],"medium":["https:\/\/anmir.com.cn\/wp-content\/uploads\/2024\/11\/AMR516-300x300.jpg",300,300,true],"medium_large":["https:\/\/anmir.com.cn\/wp-content\/uploads\/2024\/11\/AMR516-768x768.jpg",768,768,true],"large":["https:\/\/anmir.com.cn\/wp-content\/uploads\/2024\/11\/AMR516.jpg",800,800,false],"1536x1536":["https:\/\/anmir.com.cn\/wp-content\/uploads\/2024\/11\/AMR516.jpg",800,800,false],"2048x2048":["https:\/\/anmir.com.cn\/wp-content\/uploads\/2024\/11\/AMR516.jpg",800,800,false],"trp-custom-language-flag":["https:\/\/anmir.com.cn\/wp-content\/uploads\/2024\/11\/AMR516.jpg",12,12,false],"woocommerce_thumbnail":["https:\/\/anmir.com.cn\/wp-content\/uploads\/2024\/11\/AMR516-300x300.jpg",300,300,true],"woocommerce_single":["https:\/\/anmir.com.cn\/wp-content\/uploads\/2024\/11\/AMR516-600x600.jpg",600,600,true],"woocommerce_gallery_thumbnail":["https:\/\/anmir.com.cn\/wp-content\/uploads\/2024\/11\/AMR516-100x100.jpg",100,100,true]},"uagb_author_info":{"display_name":"daniel@anmir.com.cn","author_link":"https:\/\/anmir.com.cn\/vi\/author\/"},"uagb_comment_info":0,"uagb_excerpt":"AMR516 Juicer Machine \u2013 Fresh Juice Made Easy The AMR516 Juicer Machine combines power, efficiency, and convenience to bring you fresh, nutritious juice in minutes. Powered by a reliable 400W copper motor, it delivers strong and consistent performance while keeping noise levels below 85dB for a more pleasant juicing experience. With multiple speed settings (Pulse\u20130\u20131\u20132),&hellip;","_links":{"self":[{"href":"https:\/\/anmir.com.cn\/vi\/wp-json\/wp\/v2\/product\/1968","targetHints":{"allow":["GET"]}}],"collection":[{"href":"https:\/\/anmir.com.cn\/vi\/wp-json\/wp\/v2\/product"}],"about":[{"href":"https:\/\/anmir.com.cn\/vi\/wp-json\/wp\/v2\/types\/product"}],"wp:featuredmedia":[{"embeddable":true,"href":"https:\/\/anmir.com.cn\/vi\/wp-json\/wp\/v2\/media\/1969"}],"wp:attachment":[{"href":"https:\/\/anmir.com.cn\/vi\/wp-json\/wp\/v2\/media?parent=1968"}],"wp:term":[{"taxonomy":"product_brand","embeddable":true,"href":"https:\/\/anmir.com.cn\/vi\/wp-json\/wp\/v2\/product_brand?post=1968"},{"taxonomy":"product_cat","embeddable":true,"href":"https:\/\/anmir.com.cn\/vi\/wp-json\/wp\/v2\/product_cat?post=1968"},{"taxonomy":"product_tag","embeddable":true,"href":"https:\/\/anmir.com.cn\/vi\/wp-json\/wp\/v2\/product_tag?post=1968"}],"curies":[{"name":"wp","href":"https:\/\/api.w.org\/{rel}","templated":true}]}}