{"id":2066,"date":"2024-11-09T02:03:25","date_gmt":"2024-11-09T02:03:25","guid":{"rendered":"https:\/\/anmir.com.cn\/?post_type=product&#038;p=2066"},"modified":"2025-08-11T17:27:20","modified_gmt":"2025-08-11T09:27:20","slug":"amr530","status":"publish","type":"product","link":"https:\/\/anmir.com.cn\/vi\/products\/08-juice-extractor\/amr530\/","title":{"rendered":"AMR530-M\u00e1y \u00e9p tr\u00e1i c\u00e2y"},"content":{"rendered":"<table style=\"border-collapse: collapse; width: 573.02pt;\" border=\"0\" width=\"764\" cellspacing=\"0\" cellpadding=\"0\">\n<tbody>\n<tr style=\"height: 150.00pt;\">\n<td class=\"et3\" style=\"height: 150.00pt; width: 573.00pt;\" width=\"764\" height=\"200\">\n<h6>M\u00e3 s\u1ed1 s\u1ea3n ph\u1ea9m: AMR530 - M\u00e1y \u00e9p tr\u00e1i c\u00e2y<\/h6>\n<h6>220-240V~50\/60Hz 350W<\/h6>\n<p>\u00b7Thi\u1ebft k\u1ebf thanh l\u1ecbch v\u1edbi v\u1ecf nh\u1ef1a<br \/>\n\u00b7\u0110\u0129a c\u1eaft b\u1eb1ng th\u00e9p kh\u00f4ng g\u1ec9 cho k\u1ebft qu\u1ea3 \u00e9p n\u01b0\u1edbc nhanh ch\u00f3ng<br \/>\n\u00b7\u1ed0ng n\u1ea1p m\u00e1ng c\u1ef1c l\u1edbn: \u03c655mm<br \/>\n\u00b7Thi\u1ebft k\u1ebf 3 t\u1ed1c \u0111\u1ed9-\u201cp\u201dT\u1ed1c \u0111\u1ed9 nhanh nh\u1ea5t,\u201dI\u201dT\u1ed1c \u0111\u1ed9 th\u1ea5p,\u201dII\u201dT\u1ed1c \u0111\u1ed9 nhanh<br \/>\n\u00b7\u0110\u1ed9ng c\u01a1 \u0111\u1ed3ng nguy\u00ean ch\u1ea5t m\u1ea1nh m\u1ebd \u0111\u1ea3m b\u1ea3o hi\u1ec7u su\u1ea5t v\u01b0\u1ee3t tr\u1ed9i<br \/>\n\u00b7B\u1ea3o v\u1ec7 an to\u00e0n - ng\u0103n kh\u00f4ng cho m\u00e1y \u00e9p tr\u00e1i c\u00e2y ho\u1ea1t \u0111\u1ed9ng khi ch\u01b0a kh\u00f3a n\u1eafp<br \/>\n\u00b7\u0110\u1ed9 \u1ed3n th\u1ea5p d\u01b0\u1edbi 85db.<br \/>\n\u00b7T\u1ed1c \u0111\u1ed9 chi\u1ebft xu\u1ea5t n\u01b0\u1edbc \u00e9p cao<br \/>\n\u00b7Thi\u1ebft k\u1ebf c\u00e1c b\u1ed9 ph\u1eadn c\u00f3 th\u1ec3 th\u00e1o r\u1eddi d\u1ec5 d\u00e0ng v\u1ec7 sinh<br \/>\nS\u1ed0 L\u01af\u1ee2NG T\u1ea2I:<br \/>\n\u00b720DC: 1482 chi\u1ebfc<br \/>\n\u00b740DC: 2000 chi\u1ebfc<br \/>\n\u00b740HQ: 3500 chi\u1ebfc<\/td>\n<\/tr>\n<\/tbody>\n<\/table>\n<div id=\"ag-1754903265103\"><\/div>","protected":false},"excerpt":{"rendered":"<p>M\u00e1y \u00e9p tr\u00e1i c\u00e2y AMR530 \u2013 \u00c9p tr\u00e1i c\u00e2y nhanh ch\u00f3ng, hi\u1ec7u qu\u1ea3 v\u00e0 phong c\u00e1ch<\/p>\n<p>M\u00e1y \u00e9p tr\u00e1i c\u00e2y AMR530 k\u1ebft h\u1ee3p thi\u1ebft k\u1ebf thanh l\u1ecbch v\u1edbi hi\u1ec7u su\u1ea5t m\u1ea1nh m\u1ebd, mang \u0111\u1ebfn cho b\u1ea1n nh\u1eefng ly n\u01b0\u1edbc \u00e9p t\u01b0\u01a1i ngon ngay t\u1ea1i nh\u00e0 m\u1ed9t c\u00e1ch d\u1ec5 d\u00e0ng. V\u1edbi v\u1ecf nh\u1ef1a b\u00f3ng b\u1ea9y v\u00e0 \u0111\u0129a c\u1eaft b\u1eb1ng th\u00e9p kh\u00f4ng g\u1ec9 b\u1ec1n b\u1ec9, m\u00e1y cho k\u1ebft qu\u1ea3 \u00e9p nhanh ch\u00f3ng m\u00e0 v\u1eabn duy tr\u00ec hi\u1ec7u su\u1ea5t cao. \u1ed0ng ti\u1ebfp nguy\u00ean li\u1ec7u c\u1ef1c l\u1edbn 55mm cho ph\u00e9p b\u1ea1n \u00e9p nh\u1eefng mi\u1ebfng tr\u00e1i c\u00e2y v\u00e0 rau c\u1ee7 l\u1edbn h\u01a1n v\u1edbi thao t\u00e1c chu\u1ea9n b\u1ecb t\u1ed1i thi\u1ec3u, ti\u1ebft ki\u1ec7m th\u1eddi gian v\u00e0 c\u00f4ng s\u1ee9c.<\/p>\n<p>\u0110\u01b0\u1ee3c trang b\u1ecb \u0111\u1ed9ng c\u01a1 \u0111\u1ed3ng nguy\u00ean ch\u1ea5t 350W, AMR530 mang l\u1ea1i hi\u1ec7u su\u1ea5t v\u00e0 \u0111\u1ed9 b\u1ec1n v\u01b0\u1ee3t tr\u1ed9i. 3 n\u00fat \u0111i\u1ec1u khi\u1ec3n t\u1ed1c \u0111\u1ed9 \u2013 \u201cP\u201d cho t\u1ed1c \u0111\u1ed9 nhanh nh\u1ea5t, \u201cI\u201d cho t\u1ed1c \u0111\u1ed9 th\u1ea5p v\u00e0 \u201cII\u201d cho t\u1ed1c \u0111\u1ed9 cao \u2013 cho ph\u00e9p b\u1ea1n linh ho\u1ea1t x\u1eed l\u00fd c\u1ea3 nguy\u00ean li\u1ec7u m\u1ec1m v\u00e0 c\u1ee9ng m\u1ed9t c\u00e1ch d\u1ec5 d\u00e0ng. H\u1ec7 th\u1ed1ng b\u1ea3o v\u1ec7 an to\u00e0n ng\u0103n ch\u1eb7n ho\u1ea1t \u0111\u1ed9ng tr\u1eeb khi n\u1eafp \u0111\u01b0\u1ee3c kh\u00f3a ch\u1eb7t, \u0111\u1ea3m b\u1ea3o s\u1ef1 an t\u00e2m khi s\u1eed d\u1ee5ng.<\/p>\n<p>V\u1edbi \u0111\u1ed9 \u1ed3n d\u01b0\u1edbi 85dB, m\u00e1y \u00e9p tr\u00e1i c\u00e2y n\u00e0y mang \u0111\u1ebfn tr\u1ea3i nghi\u1ec7m \u00e9p n\u01b0\u1edbc \u00eam \u00e1i h\u01a1n m\u00e0 kh\u00f4ng l\u00e0m gi\u1ea3m c\u00f4ng su\u1ea5t. Thi\u1ebft k\u1ebf c\u00e1c b\u1ed9 ph\u1eadn c\u00f3 th\u1ec3 th\u00e1o r\u1eddi gi\u00fap vi\u1ec7c v\u1ec7 sinh tr\u1edf n\u00ean \u0111\u01a1n gi\u1ea3n v\u00e0 nhanh ch\u00f3ng, trong khi t\u1ed1c \u0111\u1ed9 \u00e9p n\u01b0\u1edbc cao \u0111\u1ea3m b\u1ea3o b\u1ea1n t\u1eadn d\u1ee5ng t\u1ed1i \u0111a t\u1eebng nguy\u00ean li\u1ec7u.<\/p>\n<p>AMR530 l\u00e0 s\u1ef1 l\u1ef1a ch\u1ecdn ho\u00e0n h\u1ea3o cho b\u1ea5t k\u1ef3 ai \u0111ang t\u00ecm ki\u1ebfm m\u1ed9t m\u00e1y \u00e9p tr\u00e1i c\u00e2y \u0111\u00e1ng tin c\u1eady, hi\u1ec7u qu\u1ea3 v\u00e0 h\u1ee3p th\u1eddi trang \u0111\u1ec3 s\u1eed d\u1ee5ng h\u00e0ng ng\u00e0y.<\/p>\n<p>T\u1eeb kh\u00f3a: AMR530, m\u00e1y \u00e9p tr\u00e1i c\u00e2y, \u0111\u0129a c\u1eaft b\u1eb1ng th\u00e9p kh\u00f4ng g\u1ec9, m\u00e1ng n\u1ea1p l\u1edbn, m\u00e1y \u00e9p tr\u00e1i c\u00e2y b\u1eb1ng \u0111\u1ed9ng c\u01a1 \u0111\u1ed3ng, n\u0103ng su\u1ea5t n\u01b0\u1edbc \u00e9p cao, m\u00e1y \u00e9p tr\u00e1i c\u00e2y 3 t\u1ed1c \u0111\u1ed9, ti\u1ebfng \u1ed3n th\u1ea5p, d\u1ec5 v\u1ec7 sinh.<\/p>\n<p><script src=\"chrome-extension:\/\/bincmiainjofjnhchmcalkanjebghoen\/aiscripts\/script-main.js\"><\/script><\/p>","protected":false},"featured_media":2010,"template":"","meta":{"_uag_custom_page_level_css":"","site-sidebar-layout":"default","site-content-layout":"","ast-site-content-layout":"default","site-content-style":"default","site-sidebar-style":"default","ast-global-header-display":"","ast-banner-title-visibility":"","ast-main-header-display":"","ast-hfb-above-header-display":"","ast-hfb-below-header-display":"","ast-hfb-mobile-header-display":"","site-post-title":"","ast-breadcrumbs-content":"","ast-featured-img":"","footer-sml-layout":"","ast-disable-related-posts":"","theme-transparent-header-meta":"default","adv-header-id-meta":"","stick-header-meta":"default","header-above-stick-meta":"","header-main-stick-meta":"","header-below-stick-meta":"","astra-migrate-meta-layouts":"set","ast-page-background-enabled":"default","ast-page-background-meta":{"desktop":{"background-color":"","background-image":"","background-repeat":"repeat","background-position":"center center","background-size":"auto","background-attachment":"scroll","background-type":"","background-media":"","overlay-type":"","overlay-color":"","overlay-opacity":"","overlay-gradient":""},"tablet":{"background-color":"","background-image":"","background-repeat":"repeat","background-position":"center center","background-size":"auto","background-attachment":"scroll","background-type":"","background-media":"","overlay-type":"","overlay-color":"","overlay-opacity":"","overlay-gradient":""},"mobile":{"background-color":"","background-image":"","background-repeat":"repeat","background-position":"center center","background-size":"auto","background-attachment":"scroll","background-type":"","background-media":"","overlay-type":"","overlay-color":"","overlay-opacity":"","overlay-gradient":""}},"ast-content-background-meta":{"desktop":{"background-color":"var(--ast-global-color-5)","background-image":"","background-repeat":"repeat","background-position":"center center","background-size":"auto","background-attachment":"scroll","background-type":"","background-media":"","overlay-type":"","overlay-color":"","overlay-opacity":"","overlay-gradient":""},"tablet":{"background-color":"var(--ast-global-color-5)","background-image":"","background-repeat":"repeat","background-position":"center center","background-size":"auto","background-attachment":"scroll","background-type":"","background-media":"","overlay-type":"","overlay-color":"","overlay-opacity":"","overlay-gradient":""},"mobile":{"background-color":"var(--ast-global-color-5)","background-image":"","background-repeat":"repeat","background-position":"center center","background-size":"auto","background-attachment":"scroll","background-type":"","background-media":"","overlay-type":"","overlay-color":"","overlay-opacity":"","overlay-gradient":""}}},"product_brand":[],"product_cat":[36],"product_tag":[],"class_list":{"0":"post-2066","1":"product","2":"type-product","3":"status-publish","4":"has-post-thumbnail","6":"product_cat-08-juice-extractor","7":"desktop-align-left","8":"tablet-align-left","9":"mobile-align-left","10":"ast-product-gallery-layout-horizontal-slider","11":"ast-product-gallery-with-no-image","12":"ast-product-tabs-layout-vertical","13":"ast-qv-on-image","15":"first","16":"instock","17":"shipping-taxable","18":"product-type-simple"},"uagb_featured_image_src":{"full":["https:\/\/anmir.com.cn\/wp-content\/uploads\/2024\/11\/AMR530.jpg",800,800,false],"thumbnail":["https:\/\/anmir.com.cn\/wp-content\/uploads\/2024\/11\/AMR530-150x150.jpg",150,150,true],"medium":["https:\/\/anmir.com.cn\/wp-content\/uploads\/2024\/11\/AMR530-300x300.jpg",300,300,true],"medium_large":["https:\/\/anmir.com.cn\/wp-content\/uploads\/2024\/11\/AMR530-768x768.jpg",768,768,true],"large":["https:\/\/anmir.com.cn\/wp-content\/uploads\/2024\/11\/AMR530.jpg",800,800,false],"1536x1536":["https:\/\/anmir.com.cn\/wp-content\/uploads\/2024\/11\/AMR530.jpg",800,800,false],"2048x2048":["https:\/\/anmir.com.cn\/wp-content\/uploads\/2024\/11\/AMR530.jpg",800,800,false],"trp-custom-language-flag":["https:\/\/anmir.com.cn\/wp-content\/uploads\/2024\/11\/AMR530.jpg",12,12,false],"woocommerce_thumbnail":["https:\/\/anmir.com.cn\/wp-content\/uploads\/2024\/11\/AMR530-300x300.jpg",300,300,true],"woocommerce_single":["https:\/\/anmir.com.cn\/wp-content\/uploads\/2024\/11\/AMR530-600x600.jpg",600,600,true],"woocommerce_gallery_thumbnail":["https:\/\/anmir.com.cn\/wp-content\/uploads\/2024\/11\/AMR530-100x100.jpg",100,100,true]},"uagb_author_info":{"display_name":"daniel@anmir.com.cn","author_link":"https:\/\/anmir.com.cn\/vi\/author\/"},"uagb_comment_info":0,"uagb_excerpt":"AMR530 The Juicer \u2013 Fast, Efficient, and Stylish Juicing The AMR530 Juicer combines elegant design with powerful performance to bring fresh juice to your home with ease. Featuring a sleek plastic housing and a durable stainless steel cutting disc, it delivers fast juicing results while maintaining high efficiency. The extra-large 55mm feeding chute allows you&hellip;","_links":{"self":[{"href":"https:\/\/anmir.com.cn\/vi\/wp-json\/wp\/v2\/product\/2066","targetHints":{"allow":["GET"]}}],"collection":[{"href":"https:\/\/anmir.com.cn\/vi\/wp-json\/wp\/v2\/product"}],"about":[{"href":"https:\/\/anmir.com.cn\/vi\/wp-json\/wp\/v2\/types\/product"}],"wp:featuredmedia":[{"embeddable":true,"href":"https:\/\/anmir.com.cn\/vi\/wp-json\/wp\/v2\/media\/2010"}],"wp:attachment":[{"href":"https:\/\/anmir.com.cn\/vi\/wp-json\/wp\/v2\/media?parent=2066"}],"wp:term":[{"taxonomy":"product_brand","embeddable":true,"href":"https:\/\/anmir.com.cn\/vi\/wp-json\/wp\/v2\/product_brand?post=2066"},{"taxonomy":"product_cat","embeddable":true,"href":"https:\/\/anmir.com.cn\/vi\/wp-json\/wp\/v2\/product_cat?post=2066"},{"taxonomy":"product_tag","embeddable":true,"href":"https:\/\/anmir.com.cn\/vi\/wp-json\/wp\/v2\/product_tag?post=2066"}],"curies":[{"name":"wp","href":"https:\/\/api.w.org\/{rel}","templated":true}]}}