{"id":2068,"date":"2024-11-09T02:04:05","date_gmt":"2024-11-09T02:04:05","guid":{"rendered":"https:\/\/anmir.com.cn\/?post_type=product&#038;p=2068"},"modified":"2025-01-01T23:29:10","modified_gmt":"2025-01-02T06:29:10","slug":"amr539","status":"publish","type":"product","link":"https:\/\/anmir.com.cn\/vi\/products\/08-juice-extractor\/amr539\/","title":{"rendered":"AMR539"},"content":{"rendered":"<table style=\"border-collapse: collapse; width: 573.02pt;\" border=\"0\" width=\"764\" cellspacing=\"0\" cellpadding=\"0\">\n<tbody>\n<tr style=\"height: 150.00pt;\">\n<td class=\"et3\" style=\"height: 150.00pt; width: 573.00pt;\" width=\"764\" height=\"200\">\n<h6>M\u00e3 s\u1ed1: AMR539<\/h6>\n<h6>220-240V~50\/60Hz 800W<\/h6>\n<p>\u00b7Thi\u1ebft k\u1ebf m\u1edbi v\u1edbi v\u1ebb ngo\u00e0i b\u1eb1ng th\u00e9p kh\u00f4ng g\u1ec9.<br \/>\n\u00b7\u0110\u0129a c\u1eaft b\u1eb1ng th\u00e9p kh\u00f4ng g\u1ec9 cho k\u1ebft qu\u1ea3 \u00e9p n\u01b0\u1edbc nhanh ch\u00f3ng<br \/>\n\u00b7\u1ed0ng n\u1ea1p m\u00e1ng c\u1ef1c l\u1edbn: \u03c675mm<br \/>\n\u00b7Thi\u1ebft k\u1ebf 3 t\u1ed1c \u0111\u1ed9 -\u201cp\u201dT\u1ed1c \u0111\u1ed9 nhanh nh\u1ea5t,\u201dI\u201dT\u1ed1c \u0111\u1ed9 th\u1ea5p,\u201dII\u201dT\u1ed1c \u0111\u1ed9 nhanh<br \/>\n\u00b7\u0110\u1ed9ng c\u01a1 \u0111\u1ed3ng nguy\u00ean ch\u1ea5t m\u1ea1nh m\u1ebd \u0111\u1ea3m b\u1ea3o hi\u1ec7u su\u1ea5t v\u01b0\u1ee3t tr\u1ed9i<br \/>\n\u00b7B\u1ea3o v\u1ec7 an to\u00e0n - ng\u0103n kh\u00f4ng cho m\u00e1y \u00e9p tr\u00e1i c\u00e2y ho\u1ea1t \u0111\u1ed9ng khi ch\u01b0a kh\u00f3a n\u1eafp<br \/>\n\u00b7\u0110\u1ed9 \u1ed3n th\u1ea5p d\u01b0\u1edbi 85db.<br \/>\n\u00b7T\u1ed1c \u0111\u1ed9 chi\u1ebft xu\u1ea5t n\u01b0\u1edbc \u00e9p cao<br \/>\n\u00b7Thi\u1ebft k\u1ebf c\u00e1c b\u1ed9 ph\u1eadn c\u00f3 th\u1ec3 th\u00e1o r\u1eddi d\u1ec5 d\u00e0ng v\u1ec7 sinh<\/td>\n<\/tr>\n<\/tbody>\n<\/table>","protected":false},"excerpt":{"rendered":"<p>Model NO.:AMR539 220-240V~50\/60Hz 800W \u00b7New design with stainless steel appearance. \u00b7Stainless steel cutting disc for fast juicing results \u00b7Extra-Large chute-feeding tube:\u03c675mm \u00b73 speed design -&#8220;p&#8221;To the fastest speed,&#8221;I&#8221;Low speed,&#8221;II&#8221;Fast speed \u00b7Powerful full copper motor ensure superior performance \u00b7Safety protection -prevent the juicer from operating without thecoverlocked into place \u00b7Low noise less than 85db. \u00b7High juice [&hellip;]<\/p>\n","protected":false},"featured_media":2012,"template":"","meta":{"_uag_custom_page_level_css":"","site-sidebar-layout":"default","site-content-layout":"","ast-site-content-layout":"default","site-content-style":"default","site-sidebar-style":"default","ast-global-header-display":"","ast-banner-title-visibility":"","ast-main-header-display":"","ast-hfb-above-header-display":"","ast-hfb-below-header-display":"","ast-hfb-mobile-header-display":"","site-post-title":"","ast-breadcrumbs-content":"","ast-featured-img":"","footer-sml-layout":"","ast-disable-related-posts":"","theme-transparent-header-meta":"default","adv-header-id-meta":"","stick-header-meta":"","header-above-stick-meta":"","header-main-stick-meta":"","header-below-stick-meta":"","astra-migrate-meta-layouts":"set","ast-page-background-enabled":"default","ast-page-background-meta":{"desktop":{"background-color":"","background-image":"","background-repeat":"repeat","background-position":"center center","background-size":"auto","background-attachment":"scroll","background-type":"","background-media":"","overlay-type":"","overlay-color":"","overlay-opacity":"","overlay-gradient":""},"tablet":{"background-color":"","background-image":"","background-repeat":"repeat","background-position":"center center","background-size":"auto","background-attachment":"scroll","background-type":"","background-media":"","overlay-type":"","overlay-color":"","overlay-opacity":"","overlay-gradient":""},"mobile":{"background-color":"","background-image":"","background-repeat":"repeat","background-position":"center center","background-size":"auto","background-attachment":"scroll","background-type":"","background-media":"","overlay-type":"","overlay-color":"","overlay-opacity":"","overlay-gradient":""}},"ast-content-background-meta":{"desktop":{"background-color":"var(--ast-global-color-5)","background-image":"","background-repeat":"repeat","background-position":"center center","background-size":"auto","background-attachment":"scroll","background-type":"","background-media":"","overlay-type":"","overlay-color":"","overlay-opacity":"","overlay-gradient":""},"tablet":{"background-color":"var(--ast-global-color-5)","background-image":"","background-repeat":"repeat","background-position":"center center","background-size":"auto","background-attachment":"scroll","background-type":"","background-media":"","overlay-type":"","overlay-color":"","overlay-opacity":"","overlay-gradient":""},"mobile":{"background-color":"var(--ast-global-color-5)","background-image":"","background-repeat":"repeat","background-position":"center center","background-size":"auto","background-attachment":"scroll","background-type":"","background-media":"","overlay-type":"","overlay-color":"","overlay-opacity":"","overlay-gradient":""}}},"product_brand":[],"product_cat":[36],"product_tag":[],"class_list":{"0":"post-2068","1":"product","2":"type-product","3":"status-publish","4":"has-post-thumbnail","6":"product_cat-08-juice-extractor","7":"desktop-align-left","8":"tablet-align-left","9":"mobile-align-left","10":"ast-product-gallery-layout-horizontal-slider","11":"ast-product-gallery-with-no-image","12":"ast-product-tabs-layout-vertical","13":"ast-qv-on-image","15":"first","16":"instock","17":"shipping-taxable","18":"product-type-simple"},"uagb_featured_image_src":{"full":["https:\/\/anmir.com.cn\/wp-content\/uploads\/2024\/11\/AMR539.jpg",800,800,false],"thumbnail":["https:\/\/anmir.com.cn\/wp-content\/uploads\/2024\/11\/AMR539-150x150.jpg",150,150,true],"medium":["https:\/\/anmir.com.cn\/wp-content\/uploads\/2024\/11\/AMR539-300x300.jpg",300,300,true],"medium_large":["https:\/\/anmir.com.cn\/wp-content\/uploads\/2024\/11\/AMR539-768x768.jpg",768,768,true],"large":["https:\/\/anmir.com.cn\/wp-content\/uploads\/2024\/11\/AMR539.jpg",800,800,false],"1536x1536":["https:\/\/anmir.com.cn\/wp-content\/uploads\/2024\/11\/AMR539.jpg",800,800,false],"2048x2048":["https:\/\/anmir.com.cn\/wp-content\/uploads\/2024\/11\/AMR539.jpg",800,800,false],"trp-custom-language-flag":["https:\/\/anmir.com.cn\/wp-content\/uploads\/2024\/11\/AMR539.jpg",12,12,false],"woocommerce_thumbnail":["https:\/\/anmir.com.cn\/wp-content\/uploads\/2024\/11\/AMR539-300x300.jpg",300,300,true],"woocommerce_single":["https:\/\/anmir.com.cn\/wp-content\/uploads\/2024\/11\/AMR539-600x600.jpg",600,600,true],"woocommerce_gallery_thumbnail":["https:\/\/anmir.com.cn\/wp-content\/uploads\/2024\/11\/AMR539-100x100.jpg",100,100,true]},"uagb_author_info":{"display_name":"daniel@anmir.com.cn","author_link":"https:\/\/anmir.com.cn\/vi\/author\/"},"uagb_comment_info":0,"uagb_excerpt":"Model NO.:AMR539 220-240V~50\/60Hz 800W \u00b7New design with stainless steel appearance. \u00b7Stainless steel cutting disc for fast juicing results \u00b7Extra-Large chute-feeding tube:\u03c675mm \u00b73 speed design -&#8220;p&#8221;To the fastest speed,&#8221;I&#8221;Low speed,&#8221;II&#8221;Fast speed \u00b7Powerful full copper motor ensure superior performance \u00b7Safety protection -prevent the juicer from operating without thecoverlocked into place \u00b7Low noise less than 85db. \u00b7High juice&hellip;","_links":{"self":[{"href":"https:\/\/anmir.com.cn\/vi\/wp-json\/wp\/v2\/product\/2068","targetHints":{"allow":["GET"]}}],"collection":[{"href":"https:\/\/anmir.com.cn\/vi\/wp-json\/wp\/v2\/product"}],"about":[{"href":"https:\/\/anmir.com.cn\/vi\/wp-json\/wp\/v2\/types\/product"}],"wp:featuredmedia":[{"embeddable":true,"href":"https:\/\/anmir.com.cn\/vi\/wp-json\/wp\/v2\/media\/2012"}],"wp:attachment":[{"href":"https:\/\/anmir.com.cn\/vi\/wp-json\/wp\/v2\/media?parent=2068"}],"wp:term":[{"taxonomy":"product_brand","embeddable":true,"href":"https:\/\/anmir.com.cn\/vi\/wp-json\/wp\/v2\/product_brand?post=2068"},{"taxonomy":"product_cat","embeddable":true,"href":"https:\/\/anmir.com.cn\/vi\/wp-json\/wp\/v2\/product_cat?post=2068"},{"taxonomy":"product_tag","embeddable":true,"href":"https:\/\/anmir.com.cn\/vi\/wp-json\/wp\/v2\/product_tag?post=2068"}],"curies":[{"name":"wp","href":"https:\/\/api.w.org\/{rel}","templated":true}]}}