{"id":2117,"date":"2024-11-09T02:17:48","date_gmt":"2024-11-09T02:17:48","guid":{"rendered":"https:\/\/anmir.com.cn\/?post_type=product&#038;p=2117"},"modified":"2025-02-25T19:18:28","modified_gmt":"2025-02-26T02:18:28","slug":"pb8022","status":"publish","type":"product","link":"https:\/\/anmir.com.cn\/vi\/products\/11-high-speed-heating-blender\/pb8022\/","title":{"rendered":"PB8022"},"content":{"rendered":"<table style=\"border-collapse: collapse; width: 573.02pt;\" border=\"0\" width=\"764\" cellspacing=\"0\" cellpadding=\"0\">\n<tbody>\n<tr style=\"height: 150.00pt;\">\n<td class=\"et3\" style=\"height: 150.00pt; width: 573.00pt;\" width=\"764\" height=\"200\">\n<h6>M\u00e3 s\u1ed1: PB8022<\/h6>\n<h6>120W-pha tr\u1ed9n 500W-L\u00e0m n\u00f3ng 600ml 15500\/RPM<\/h6>\n<p>\u00b7Thi\u1ebft k\u1ebf thanh l\u1ecbch v\u00e0 t\u00edch h\u1ee3p \u0111\u1ec3 s\u1eed d\u1ee5ng thu\u1eadn ti\u1ec7n<br \/>\n\u00b7B\u1ed9 ph\u1eadn l\u00e0m n\u00f3ng c\u00f4ng su\u1ea5t cao 500W, pha m\u1ed9t c\u1ed1c s\u1eefa \u0111\u1eadu n\u00e0nh trong v\u00f2ng 20 ph\u00fat<br \/>\n\u00b7\u0110\u1ed9ng c\u01a1 t\u1ed1c \u0111\u1ed9 cao lo\u1ea1i DC v\u1edbi k\u1ebft qu\u1ea3 ti\u1ebfng \u1ed3n th\u1ea5p<br \/>\n\u00b7Thi\u1ebft k\u1ebf c\u1ea3m bi\u1ebfn nhi\u1ec7t \u0111\u1ed9 b\u00ean ngo\u00e0i v\u1edbi kh\u1ea3 n\u0103ng ki\u1ec3m so\u00e1t nhi\u1ec7t \u0111\u1ed9 ch\u00ednh x\u00e1c<br \/>\n\u00b7B\u1ea3ng \u0111i\u1ec1u khi\u1ec3n c\u1ea3m \u1ee9ng v\u1edbi 3 ch\u01b0\u01a1ng tr\u00ecnh t\u1ef1 \u0111\u1ed9ng<br \/>\n\u00b7C\u1ed1i xay b\u1eb1ng th\u00e9p kh\u00f4ng g\u1ec9 v\u1edbi thi\u1ebft k\u1ebf d\u1ea1ng g\u00e2n, cho k\u1ebft qu\u1ea3 xay t\u1ed1t h\u01a1n<br \/>\n\u00b7L\u01b0\u1ee1i dao 4 chi\u1ebfc gi\u00fap tr\u1ed9n d\u1ec5 d\u00e0ng v\u00e0 hi\u1ec7u qu\u1ea3 h\u01a1n<br \/>\n\u00b7Thi\u1ebft k\u1ebf n\u1eafp tr\u00ean hai l\u1edbp \u0111\u1ea3m b\u1ea3o v\u1eadn h\u00e0nh an to\u00e0n<br \/>\n\u00b7C\u00f4ng t\u1eafc b\u1ea3o v\u1ec7 \u1ea9n t\u00edch h\u1ee3p, s\u1ea3n ph\u1ea9m t\u1ef1 \u0111\u1ed9ng t\u1eaft sau khi m\u1edf<br \/>\n\u00b7D\u00e2y ngu\u1ed3n c\u00f3 th\u1ec3 th\u00e1o r\u1eddi \u0111\u1ec3 d\u1ec5 d\u00e0ng c\u1ea5t gi\u1eef<\/td>\n<\/tr>\n<\/tbody>\n<\/table>","protected":false},"excerpt":{"rendered":"<p>Model NO.:PB8022 120W-blending 500W-Heating 600ml 15500\/RPM \u00b7Elegant and integrated design for convenient use \u00b7500W High power heating element,make a cup of soybean mik within 20min \u00b7DCtype high speed motor with low noise result \u00b7External thermo sensor design with accurate temperature control \u00b7Touch-sensed panel control with 3 automatic programs \u00b7Stainless steel blenderjar with rib design,for better [&hellip;]<\/p>\n","protected":false},"featured_media":2097,"template":"","meta":{"_uag_custom_page_level_css":"","site-sidebar-layout":"default","site-content-layout":"","ast-site-content-layout":"default","site-content-style":"default","site-sidebar-style":"default","ast-global-header-display":"","ast-banner-title-visibility":"","ast-main-header-display":"","ast-hfb-above-header-display":"","ast-hfb-below-header-display":"","ast-hfb-mobile-header-display":"","site-post-title":"","ast-breadcrumbs-content":"","ast-featured-img":"","footer-sml-layout":"","ast-disable-related-posts":"","theme-transparent-header-meta":"default","adv-header-id-meta":"","stick-header-meta":"","header-above-stick-meta":"","header-main-stick-meta":"","header-below-stick-meta":"","astra-migrate-meta-layouts":"set","ast-page-background-enabled":"default","ast-page-background-meta":{"desktop":{"background-color":"","background-image":"","background-repeat":"repeat","background-position":"center center","background-size":"auto","background-attachment":"scroll","background-type":"","background-media":"","overlay-type":"","overlay-color":"","overlay-opacity":"","overlay-gradient":""},"tablet":{"background-color":"","background-image":"","background-repeat":"repeat","background-position":"center center","background-size":"auto","background-attachment":"scroll","background-type":"","background-media":"","overlay-type":"","overlay-color":"","overlay-opacity":"","overlay-gradient":""},"mobile":{"background-color":"","background-image":"","background-repeat":"repeat","background-position":"center center","background-size":"auto","background-attachment":"scroll","background-type":"","background-media":"","overlay-type":"","overlay-color":"","overlay-opacity":"","overlay-gradient":""}},"ast-content-background-meta":{"desktop":{"background-color":"var(--ast-global-color-5)","background-image":"","background-repeat":"repeat","background-position":"center center","background-size":"auto","background-attachment":"scroll","background-type":"","background-media":"","overlay-type":"","overlay-color":"","overlay-opacity":"","overlay-gradient":""},"tablet":{"background-color":"var(--ast-global-color-5)","background-image":"","background-repeat":"repeat","background-position":"center center","background-size":"auto","background-attachment":"scroll","background-type":"","background-media":"","overlay-type":"","overlay-color":"","overlay-opacity":"","overlay-gradient":""},"mobile":{"background-color":"var(--ast-global-color-5)","background-image":"","background-repeat":"repeat","background-position":"center center","background-size":"auto","background-attachment":"scroll","background-type":"","background-media":"","overlay-type":"","overlay-color":"","overlay-opacity":"","overlay-gradient":""}}},"product_brand":[],"product_cat":[39],"product_tag":[],"class_list":{"0":"post-2117","1":"product","2":"type-product","3":"status-publish","4":"has-post-thumbnail","6":"product_cat-11-high-speed-heating-blender","7":"desktop-align-left","8":"tablet-align-left","9":"mobile-align-left","10":"ast-product-gallery-layout-horizontal-slider","11":"ast-product-gallery-with-no-image","12":"ast-product-tabs-layout-vertical","13":"ast-qv-on-image","15":"first","16":"instock","17":"shipping-taxable","18":"product-type-simple"},"uagb_featured_image_src":{"full":["https:\/\/anmir.com.cn\/wp-content\/uploads\/2024\/11\/PB8022.jpg",800,800,false],"thumbnail":["https:\/\/anmir.com.cn\/wp-content\/uploads\/2024\/11\/PB8022-150x150.jpg",150,150,true],"medium":["https:\/\/anmir.com.cn\/wp-content\/uploads\/2024\/11\/PB8022-300x300.jpg",300,300,true],"medium_large":["https:\/\/anmir.com.cn\/wp-content\/uploads\/2024\/11\/PB8022-768x768.jpg",768,768,true],"large":["https:\/\/anmir.com.cn\/wp-content\/uploads\/2024\/11\/PB8022.jpg",800,800,false],"1536x1536":["https:\/\/anmir.com.cn\/wp-content\/uploads\/2024\/11\/PB8022.jpg",800,800,false],"2048x2048":["https:\/\/anmir.com.cn\/wp-content\/uploads\/2024\/11\/PB8022.jpg",800,800,false],"trp-custom-language-flag":["https:\/\/anmir.com.cn\/wp-content\/uploads\/2024\/11\/PB8022.jpg",12,12,false],"woocommerce_thumbnail":["https:\/\/anmir.com.cn\/wp-content\/uploads\/2024\/11\/PB8022-300x300.jpg",300,300,true],"woocommerce_single":["https:\/\/anmir.com.cn\/wp-content\/uploads\/2024\/11\/PB8022-600x600.jpg",600,600,true],"woocommerce_gallery_thumbnail":["https:\/\/anmir.com.cn\/wp-content\/uploads\/2024\/11\/PB8022-100x100.jpg",100,100,true]},"uagb_author_info":{"display_name":"daniel@anmir.com.cn","author_link":"https:\/\/anmir.com.cn\/vi\/author\/"},"uagb_comment_info":0,"uagb_excerpt":"Model NO.:PB8022 120W-blending 500W-Heating 600ml 15500\/RPM \u00b7Elegant and integrated design for convenient use \u00b7500W High power heating element,make a cup of soybean mik within 20min \u00b7DCtype high speed motor with low noise result \u00b7External thermo sensor design with accurate temperature control \u00b7Touch-sensed panel control with 3 automatic programs \u00b7Stainless steel blenderjar with rib design,for better&hellip;","_links":{"self":[{"href":"https:\/\/anmir.com.cn\/vi\/wp-json\/wp\/v2\/product\/2117","targetHints":{"allow":["GET"]}}],"collection":[{"href":"https:\/\/anmir.com.cn\/vi\/wp-json\/wp\/v2\/product"}],"about":[{"href":"https:\/\/anmir.com.cn\/vi\/wp-json\/wp\/v2\/types\/product"}],"wp:featuredmedia":[{"embeddable":true,"href":"https:\/\/anmir.com.cn\/vi\/wp-json\/wp\/v2\/media\/2097"}],"wp:attachment":[{"href":"https:\/\/anmir.com.cn\/vi\/wp-json\/wp\/v2\/media?parent=2117"}],"wp:term":[{"taxonomy":"product_brand","embeddable":true,"href":"https:\/\/anmir.com.cn\/vi\/wp-json\/wp\/v2\/product_brand?post=2117"},{"taxonomy":"product_cat","embeddable":true,"href":"https:\/\/anmir.com.cn\/vi\/wp-json\/wp\/v2\/product_cat?post=2117"},{"taxonomy":"product_tag","embeddable":true,"href":"https:\/\/anmir.com.cn\/vi\/wp-json\/wp\/v2\/product_tag?post=2117"}],"curies":[{"name":"wp","href":"https:\/\/api.w.org\/{rel}","templated":true}]}}