{"id":2152,"date":"2024-11-09T02:23:16","date_gmt":"2024-11-09T02:23:16","guid":{"rendered":"https:\/\/anmir.com.cn\/?post_type=product&#038;p=2152"},"modified":"2025-08-12T08:18:45","modified_gmt":"2025-08-12T00:18:45","slug":"amr618a-2","status":"publish","type":"product","link":"https:\/\/anmir.com.cn\/vi\/products\/13-personal-blender\/amr618a-2\/","title":{"rendered":"M\u00e1y xay sinh t\u1ed1 AMR618A-2"},"content":{"rendered":"<table style=\"border-collapse: collapse; width: 573.02pt;\" border=\"0\" width=\"764\" cellspacing=\"0\" cellpadding=\"0\">\n<tbody>\n<tr style=\"height: 150.00pt;\">\n<td class=\"et3\" style=\"height: 150.00pt; width: 573.00pt;\" width=\"764\" height=\"200\">\n<h6>M\u00e3 s\u1ed1 s\u1ea3n ph\u1ea9m: AMR618A-2-M\u00e1y xay sinh t\u1ed1 \u00e9p tr\u00e1i c\u00e2y<\/h6>\n<h6>Th\u00f4ng s\u1ed1 k\u1ef9 thu\u1eadt: 220-240V 50\/60Hz 300W<\/h6>\n<p>\u00b7Thi\u1ebft k\u1ebf c\u1ed5 \u0111i\u1ec3n v\u1edbi v\u00f2ng trang tr\u00ed m\u1ea1 cr\u00f4m<br \/>\n\u00b7Tr\u1ed9n sinh t\u1ed1 y\u00eau th\u00edch c\u1ee7a b\u1ea1n ho\u1eb7c l\u1eafc tr\u1ef1c ti\u1ebfp trong b\u00ecnh th\u1ec3 thao<br \/>\n\u00b7B\u00ecnh \u0111\u1ef1ng n\u01b0\u1edbc th\u1ec3 thao TRITAN 500ml c\u00f3 th\u1ec3 r\u1eeda b\u1eb1ng m\u00e1y r\u1eeda ch\u00e9n v\u00e0 c\u1ed1c th\u1ee7y tinh MASON 350ml<br \/>\n\u00b7\u0110a ch\u1ee9c n\u0103ng v\u1edbi c\u1ed1i xay sinh t\u1ed1 1L<br \/>\n\u00b7 Tr\u1ed9n m\u1ea1nh m\u1ebd v\u1edbi n\u00fat \u0111i\u1ec1u khi\u1ec3n Nh\u1ea5n<br \/>\n\u00b7B\u1ea3o v\u1ec7 v\u00e0 thi\u1ebft k\u1ebf an to\u00e0n<\/td>\n<\/tr>\n<\/tbody>\n<\/table>\n<div id=\"ag-1754957810979\"><\/div>","protected":false},"excerpt":{"rendered":"<p>M\u00e3 s\u1ed1 s\u1ea3n ph\u1ea9m: AMR618A-2 \u2013 M\u00e1y xay sinh t\u1ed1 \u00e9p tr\u00e1i c\u00e2y<br \/>\nTh\u00f4ng s\u1ed1 k\u1ef9 thu\u1eadt: 220-240V~ 50\/60Hz, 300W<\/p>\n<p>Kh\u00e1m ph\u00e1 s\u1ef1 k\u1ebft h\u1ee3p ho\u00e0n h\u1ea3o gi\u1eefa phong c\u00e1ch c\u1ed5 \u0111i\u1ec3n v\u00e0 ch\u1ee9c n\u0103ng hi\u1ec7n \u0111\u1ea1i v\u1edbi m\u00e1y xay sinh t\u1ed1 AMR618A-2. \u0110\u01b0\u1ee3c thi\u1ebft k\u1ebf v\u1edbi v\u00f2ng trang tr\u00ed m\u1ea1 cr\u00f4m b\u00f3ng b\u1ea9y, thi\u1ebft b\u1ecb n\u00e0y kh\u00f4ng ch\u1ec9 xay nhuy\u1ec5n d\u1ec5 d\u00e0ng m\u00e0 c\u00f2n mang \u0111\u1ebfn n\u00e9t thanh l\u1ecbch c\u1ed5 \u0111i\u1ec3n cho c\u0103n b\u1ebfp c\u1ee7a b\u1ea1n. \u0110\u1ed9ng c\u01a1 300W m\u1ea1nh m\u1ebd \u0111\u1ea3m b\u1ea3o xay nhuy\u1ec5n m\u1ecbn nhi\u1ec1u lo\u1ea1i \u0111\u1ed3 u\u1ed1ng, t\u1eeb sinh t\u1ed1 kem b\u00e9o ng\u1eady \u0111\u1ebfn s\u1eefa l\u1eafc s\u1ea3ng kho\u00e1i, tr\u1ef1c ti\u1ebfp trong b\u00ecnh th\u1ec3 thao TRITAN 500ml ho\u1eb7c c\u1ed1c th\u1ee7y tinh MASON 350ml \u0111i k\u00e8m \u2014 c\u1ea3 hai \u0111\u1ec1u an to\u00e0n v\u1edbi m\u00e1y r\u1eeda ch\u00e9n \u0111\u1ec3 d\u1ec5 d\u00e0ng v\u1ec7 sinh.<\/p>\n<p>V\u1edbi nh\u1eefng kh\u1ea9u ph\u1ea7n \u0103n l\u1edbn h\u01a1n, c\u1ed1i xay sinh t\u1ed1 1L gi\u00fap vi\u1ec7c chu\u1ea9n b\u1ecb b\u1eefa \u0103n v\u00e0 pha ch\u1ebf \u0111\u1ed3 u\u1ed1ng tr\u1edf n\u00ean thu\u1eadn ti\u1ec7n cho c\u1ea3 gia \u0111\u00ecnh. N\u00fat \u0111i\u1ec1u khi\u1ec3n nh\u1ea5n cho thao t\u00e1c nhanh ch\u00f3ng, ch\u00ednh x\u00e1c, trong khi ch\u1ee9c n\u0103ng b\u1ea3o v\u1ec7 an to\u00e0n t\u00edch h\u1ee3p \u0111\u1ea3m b\u1ea3o s\u1eed d\u1ee5ng an to\u00e0n. D\u00f9 b\u1ea1n xay tr\u00e1i c\u00e2y, rau c\u1ee7 hay sinh t\u1ed1 protein, m\u00e1y xay sinh t\u1ed1 \u0111a n\u0103ng n\u00e0y lu\u00f4n mang \u0111\u1ebfn k\u1ebft qu\u1ea3 \u0111\u1ed3ng \u0111\u1ec1u.<\/p>\n<p>Ho\u00e0n h\u1ea3o cho nh\u1eefng bu\u1ed5i s\u00e1ng b\u1eadn r\u1ed9n, bu\u1ed5i t\u1eadp luy\u1ec7n hay bu\u1ed5i chi\u1ec1u th\u01b0 gi\u00e3n, M\u00e1y xay sinh t\u1ed1 \u00e9p tr\u00e1i c\u00e2y AMR618A-2 l\u00e0 m\u1ed9t thi\u1ebft b\u1ecb nh\u00e0 b\u1ebfp th\u1eddi trang, b\u1ec1n b\u1ec9 v\u00e0 \u0111a n\u0103ng. Th\u01b0\u1edfng th\u1ee9c \u0111\u1ed3 u\u1ed1ng b\u1ed5 d\u01b0\u1ee1ng t\u1ea1i nh\u00e0 ho\u1eb7c khi di chuy\u1ec3n \u2014 xay t\u01b0\u01a1i theo c\u00e1ch c\u1ee7a b\u1ea1n.<\/p>\n<p>&nbsp;<\/p>\n<p><script src=\"chrome-extension:\/\/bincmiainjofjnhchmcalkanjebghoen\/aiscripts\/script-main.js\"><\/script><\/p>","protected":false},"featured_media":2144,"template":"","meta":{"_uag_custom_page_level_css":"","site-sidebar-layout":"default","site-content-layout":"","ast-site-content-layout":"default","site-content-style":"default","site-sidebar-style":"default","ast-global-header-display":"","ast-banner-title-visibility":"","ast-main-header-display":"","ast-hfb-above-header-display":"","ast-hfb-below-header-display":"","ast-hfb-mobile-header-display":"","site-post-title":"","ast-breadcrumbs-content":"","ast-featured-img":"","footer-sml-layout":"","ast-disable-related-posts":"","theme-transparent-header-meta":"default","adv-header-id-meta":"","stick-header-meta":"default","header-above-stick-meta":"","header-main-stick-meta":"","header-below-stick-meta":"","astra-migrate-meta-layouts":"set","ast-page-background-enabled":"default","ast-page-background-meta":{"desktop":{"background-color":"","background-image":"","background-repeat":"repeat","background-position":"center center","background-size":"auto","background-attachment":"scroll","background-type":"","background-media":"","overlay-type":"","overlay-color":"","overlay-opacity":"","overlay-gradient":""},"tablet":{"background-color":"","background-image":"","background-repeat":"repeat","background-position":"center center","background-size":"auto","background-attachment":"scroll","background-type":"","background-media":"","overlay-type":"","overlay-color":"","overlay-opacity":"","overlay-gradient":""},"mobile":{"background-color":"","background-image":"","background-repeat":"repeat","background-position":"center center","background-size":"auto","background-attachment":"scroll","background-type":"","background-media":"","overlay-type":"","overlay-color":"","overlay-opacity":"","overlay-gradient":""}},"ast-content-background-meta":{"desktop":{"background-color":"var(--ast-global-color-5)","background-image":"","background-repeat":"repeat","background-position":"center center","background-size":"auto","background-attachment":"scroll","background-type":"","background-media":"","overlay-type":"","overlay-color":"","overlay-opacity":"","overlay-gradient":""},"tablet":{"background-color":"var(--ast-global-color-5)","background-image":"","background-repeat":"repeat","background-position":"center center","background-size":"auto","background-attachment":"scroll","background-type":"","background-media":"","overlay-type":"","overlay-color":"","overlay-opacity":"","overlay-gradient":""},"mobile":{"background-color":"var(--ast-global-color-5)","background-image":"","background-repeat":"repeat","background-position":"center center","background-size":"auto","background-attachment":"scroll","background-type":"","background-media":"","overlay-type":"","overlay-color":"","overlay-opacity":"","overlay-gradient":""}}},"product_brand":[],"product_cat":[41],"product_tag":[],"class_list":{"0":"post-2152","1":"product","2":"type-product","3":"status-publish","4":"has-post-thumbnail","6":"product_cat-13-personal-blender","7":"desktop-align-left","8":"tablet-align-left","9":"mobile-align-left","10":"ast-product-gallery-layout-horizontal-slider","11":"ast-product-gallery-with-no-image","12":"ast-product-tabs-layout-vertical","13":"ast-qv-on-image","15":"first","16":"instock","17":"shipping-taxable","18":"product-type-simple"},"uagb_featured_image_src":{"full":["https:\/\/anmir.com.cn\/wp-content\/uploads\/2024\/11\/AMR618A-2.jpg",800,800,false],"thumbnail":["https:\/\/anmir.com.cn\/wp-content\/uploads\/2024\/11\/AMR618A-2-150x150.jpg",150,150,true],"medium":["https:\/\/anmir.com.cn\/wp-content\/uploads\/2024\/11\/AMR618A-2-300x300.jpg",300,300,true],"medium_large":["https:\/\/anmir.com.cn\/wp-content\/uploads\/2024\/11\/AMR618A-2-768x768.jpg",768,768,true],"large":["https:\/\/anmir.com.cn\/wp-content\/uploads\/2024\/11\/AMR618A-2.jpg",800,800,false],"1536x1536":["https:\/\/anmir.com.cn\/wp-content\/uploads\/2024\/11\/AMR618A-2.jpg",800,800,false],"2048x2048":["https:\/\/anmir.com.cn\/wp-content\/uploads\/2024\/11\/AMR618A-2.jpg",800,800,false],"trp-custom-language-flag":["https:\/\/anmir.com.cn\/wp-content\/uploads\/2024\/11\/AMR618A-2.jpg",12,12,false],"woocommerce_thumbnail":["https:\/\/anmir.com.cn\/wp-content\/uploads\/2024\/11\/AMR618A-2-300x300.jpg",300,300,true],"woocommerce_single":["https:\/\/anmir.com.cn\/wp-content\/uploads\/2024\/11\/AMR618A-2-600x600.jpg",600,600,true],"woocommerce_gallery_thumbnail":["https:\/\/anmir.com.cn\/wp-content\/uploads\/2024\/11\/AMR618A-2-100x100.jpg",100,100,true]},"uagb_author_info":{"display_name":"daniel@anmir.com.cn","author_link":"https:\/\/anmir.com.cn\/vi\/author\/"},"uagb_comment_info":0,"uagb_excerpt":"Model NO.: AMR618A-2 \u2013 Blender Juicer Specifications: 220-240V~ 50\/60Hz, 300W Discover the perfect combination of retro style and modern functionality with the AMR618A-2 Blender Juicer. Designed with a sleek chrome-plated decoration ring, this appliance not only blends effortlessly but also adds a touch of vintage elegance to your kitchen. Its powerful 300W motor ensures smooth&hellip;","_links":{"self":[{"href":"https:\/\/anmir.com.cn\/vi\/wp-json\/wp\/v2\/product\/2152","targetHints":{"allow":["GET"]}}],"collection":[{"href":"https:\/\/anmir.com.cn\/vi\/wp-json\/wp\/v2\/product"}],"about":[{"href":"https:\/\/anmir.com.cn\/vi\/wp-json\/wp\/v2\/types\/product"}],"wp:featuredmedia":[{"embeddable":true,"href":"https:\/\/anmir.com.cn\/vi\/wp-json\/wp\/v2\/media\/2144"}],"wp:attachment":[{"href":"https:\/\/anmir.com.cn\/vi\/wp-json\/wp\/v2\/media?parent=2152"}],"wp:term":[{"taxonomy":"product_brand","embeddable":true,"href":"https:\/\/anmir.com.cn\/vi\/wp-json\/wp\/v2\/product_brand?post=2152"},{"taxonomy":"product_cat","embeddable":true,"href":"https:\/\/anmir.com.cn\/vi\/wp-json\/wp\/v2\/product_cat?post=2152"},{"taxonomy":"product_tag","embeddable":true,"href":"https:\/\/anmir.com.cn\/vi\/wp-json\/wp\/v2\/product_tag?post=2152"}],"curies":[{"name":"wp","href":"https:\/\/api.w.org\/{rel}","templated":true}]}}