{"id":2161,"date":"2024-11-09T02:26:03","date_gmt":"2024-11-09T02:26:03","guid":{"rendered":"https:\/\/anmir.com.cn\/?post_type=product&#038;p=2161"},"modified":"2025-02-25T19:20:43","modified_gmt":"2025-02-26T02:20:43","slug":"fc-1503","status":"publish","type":"product","link":"https:\/\/anmir.com.cn\/vi\/products\/13-personal-blender\/fc-1503\/","title":{"rendered":"FC-1503"},"content":{"rendered":"<table style=\"border-collapse: collapse; width: 573.02pt;\" border=\"0\" width=\"764\" cellspacing=\"0\" cellpadding=\"0\">\n<tbody>\n<tr style=\"height: 150.00pt;\">\n<td class=\"et3\" style=\"height: 150.00pt; width: 573.00pt;\" width=\"764\" height=\"200\">\n<h6>M\u00e3 s\u1ed1: FC-1503<\/h6>\n<h6>Th\u00f4ng s\u1ed1 k\u1ef9 thu\u1eadt: DC7.4V 50W<\/h6>\n<p>\u00b7Thi\u1ebft k\u1ebf si\u00eau m\u1ecfng v\u00e0 di \u0111\u1ed9ng<br \/>\n\u00b7D\u1ec5 s\u1eed d\u1ee5ng b\u1eb1ng c\u00e1ch: Nh\u1ea5p \u0111\u00fap \u0111\u1ec3 b\u1eadt, nh\u1ea5p 1 l\u1ea7n \u0111\u1ec3 t\u1eaft<br \/>\n\u00b7\u0110\u01b0\u1ee3c thi\u1ebft k\u1ebf v\u1edbi tay c\u1ea7m ch\u1ed1ng tr\u01b0\u1ee3t \u0111\u1ec3 t\u1ea1o s\u1ef1 \u1ed5n \u0111\u1ecbnh<br \/>\n\u00b7Ph\u00edch c\u1eafm chu\u1ea9n USB v\u1edbi giao di\u1ec7n s\u1ea1c t\u1eeb t\u00ednh, c\u1ed1c xay sinh t\u1ed1 dung t\u00edch 350ml<br \/>\n\u00b7L\u01b0\u1ee1i dao b\u1eb1ng th\u00e9p kh\u00f4ng g\u1ec9 cao c\u1ea5p 2 chi\u1ebfc<br \/>\n\u00b7C\u1ed1c xay c\u00f3 th\u1ec3 th\u00e1o r\u1eddi v\u00e0 an to\u00e0n v\u1edbi m\u00e1y r\u1eeda ch\u00e9n<br \/>\n\u00b7C\u1ed1c PCTG c\u1ea5p th\u1ef1c ph\u1ea9m kh\u00f4ng ch\u1ee9a BPA<br \/>\n\u00b7\u0110\u1ed9ng c\u01a1 m\u1ea1nh m\u1ebd<\/td>\n<\/tr>\n<\/tbody>\n<\/table>","protected":false},"excerpt":{"rendered":"<p>Model NO.:FC-1503 Spec.:DC7.4V 50W \u00b7Ultra-slim and portable design \u00b7Easy to use by:Double click to switch on,1 click to switch off \u00b7Built with Non slip handgrip for stability \u00b7USB standard plug with magnetic charging interface 350ml capacity blender cup \u00b7Premium stainless steel 2pcs blade \u00b7Detachable blender cup and dishwasher safe \u00b7Food grade PCTG cup with BPA [&hellip;]<\/p>\n","protected":false},"featured_media":2142,"template":"","meta":{"_uag_custom_page_level_css":"","site-sidebar-layout":"default","site-content-layout":"","ast-site-content-layout":"default","site-content-style":"default","site-sidebar-style":"default","ast-global-header-display":"","ast-banner-title-visibility":"","ast-main-header-display":"","ast-hfb-above-header-display":"","ast-hfb-below-header-display":"","ast-hfb-mobile-header-display":"","site-post-title":"","ast-breadcrumbs-content":"","ast-featured-img":"","footer-sml-layout":"","ast-disable-related-posts":"","theme-transparent-header-meta":"default","adv-header-id-meta":"","stick-header-meta":"","header-above-stick-meta":"","header-main-stick-meta":"","header-below-stick-meta":"","astra-migrate-meta-layouts":"set","ast-page-background-enabled":"default","ast-page-background-meta":{"desktop":{"background-color":"","background-image":"","background-repeat":"repeat","background-position":"center center","background-size":"auto","background-attachment":"scroll","background-type":"","background-media":"","overlay-type":"","overlay-color":"","overlay-opacity":"","overlay-gradient":""},"tablet":{"background-color":"","background-image":"","background-repeat":"repeat","background-position":"center center","background-size":"auto","background-attachment":"scroll","background-type":"","background-media":"","overlay-type":"","overlay-color":"","overlay-opacity":"","overlay-gradient":""},"mobile":{"background-color":"","background-image":"","background-repeat":"repeat","background-position":"center center","background-size":"auto","background-attachment":"scroll","background-type":"","background-media":"","overlay-type":"","overlay-color":"","overlay-opacity":"","overlay-gradient":""}},"ast-content-background-meta":{"desktop":{"background-color":"var(--ast-global-color-5)","background-image":"","background-repeat":"repeat","background-position":"center center","background-size":"auto","background-attachment":"scroll","background-type":"","background-media":"","overlay-type":"","overlay-color":"","overlay-opacity":"","overlay-gradient":""},"tablet":{"background-color":"var(--ast-global-color-5)","background-image":"","background-repeat":"repeat","background-position":"center center","background-size":"auto","background-attachment":"scroll","background-type":"","background-media":"","overlay-type":"","overlay-color":"","overlay-opacity":"","overlay-gradient":""},"mobile":{"background-color":"var(--ast-global-color-5)","background-image":"","background-repeat":"repeat","background-position":"center center","background-size":"auto","background-attachment":"scroll","background-type":"","background-media":"","overlay-type":"","overlay-color":"","overlay-opacity":"","overlay-gradient":""}}},"product_brand":[],"product_cat":[41],"product_tag":[],"class_list":{"0":"post-2161","1":"product","2":"type-product","3":"status-publish","4":"has-post-thumbnail","6":"product_cat-13-personal-blender","7":"desktop-align-left","8":"tablet-align-left","9":"mobile-align-left","10":"ast-product-gallery-layout-horizontal-slider","11":"ast-product-gallery-with-no-image","12":"ast-product-tabs-layout-vertical","13":"ast-qv-on-image","15":"first","16":"instock","17":"shipping-taxable","18":"product-type-simple"},"uagb_featured_image_src":{"full":["https:\/\/anmir.com.cn\/wp-content\/uploads\/2024\/11\/FC-1503.jpg",800,800,false],"thumbnail":["https:\/\/anmir.com.cn\/wp-content\/uploads\/2024\/11\/FC-1503-150x150.jpg",150,150,true],"medium":["https:\/\/anmir.com.cn\/wp-content\/uploads\/2024\/11\/FC-1503-300x300.jpg",300,300,true],"medium_large":["https:\/\/anmir.com.cn\/wp-content\/uploads\/2024\/11\/FC-1503-768x768.jpg",768,768,true],"large":["https:\/\/anmir.com.cn\/wp-content\/uploads\/2024\/11\/FC-1503.jpg",800,800,false],"1536x1536":["https:\/\/anmir.com.cn\/wp-content\/uploads\/2024\/11\/FC-1503.jpg",800,800,false],"2048x2048":["https:\/\/anmir.com.cn\/wp-content\/uploads\/2024\/11\/FC-1503.jpg",800,800,false],"trp-custom-language-flag":["https:\/\/anmir.com.cn\/wp-content\/uploads\/2024\/11\/FC-1503.jpg",12,12,false],"woocommerce_thumbnail":["https:\/\/anmir.com.cn\/wp-content\/uploads\/2024\/11\/FC-1503-300x300.jpg",300,300,true],"woocommerce_single":["https:\/\/anmir.com.cn\/wp-content\/uploads\/2024\/11\/FC-1503-600x600.jpg",600,600,true],"woocommerce_gallery_thumbnail":["https:\/\/anmir.com.cn\/wp-content\/uploads\/2024\/11\/FC-1503-100x100.jpg",100,100,true]},"uagb_author_info":{"display_name":"daniel@anmir.com.cn","author_link":"https:\/\/anmir.com.cn\/vi\/author\/"},"uagb_comment_info":0,"uagb_excerpt":"Model NO.:FC-1503 Spec.:DC7.4V 50W \u00b7Ultra-slim and portable design \u00b7Easy to use by:Double click to switch on,1 click to switch off \u00b7Built with Non slip handgrip for stability \u00b7USB standard plug with magnetic charging interface 350ml capacity blender cup \u00b7Premium stainless steel 2pcs blade \u00b7Detachable blender cup and dishwasher safe \u00b7Food grade PCTG cup with BPA&hellip;","_links":{"self":[{"href":"https:\/\/anmir.com.cn\/vi\/wp-json\/wp\/v2\/product\/2161","targetHints":{"allow":["GET"]}}],"collection":[{"href":"https:\/\/anmir.com.cn\/vi\/wp-json\/wp\/v2\/product"}],"about":[{"href":"https:\/\/anmir.com.cn\/vi\/wp-json\/wp\/v2\/types\/product"}],"wp:featuredmedia":[{"embeddable":true,"href":"https:\/\/anmir.com.cn\/vi\/wp-json\/wp\/v2\/media\/2142"}],"wp:attachment":[{"href":"https:\/\/anmir.com.cn\/vi\/wp-json\/wp\/v2\/media?parent=2161"}],"wp:term":[{"taxonomy":"product_brand","embeddable":true,"href":"https:\/\/anmir.com.cn\/vi\/wp-json\/wp\/v2\/product_brand?post=2161"},{"taxonomy":"product_cat","embeddable":true,"href":"https:\/\/anmir.com.cn\/vi\/wp-json\/wp\/v2\/product_cat?post=2161"},{"taxonomy":"product_tag","embeddable":true,"href":"https:\/\/anmir.com.cn\/vi\/wp-json\/wp\/v2\/product_tag?post=2161"}],"curies":[{"name":"wp","href":"https:\/\/api.w.org\/{rel}","templated":true}]}}