{"id":2206,"date":"2024-11-09T02:40:32","date_gmt":"2024-11-09T02:40:32","guid":{"rendered":"https:\/\/anmir.com.cn\/?post_type=product&#038;p=2206"},"modified":"2025-02-25T18:50:10","modified_gmt":"2025-02-26T01:50:10","slug":"amr8801a","status":"publish","type":"product","link":"https:\/\/anmir.com.cn\/vi\/products\/03-normal-slow-juicer\/amr8801a\/","title":{"rendered":"AMR8801A"},"content":{"rendered":"<table style=\"border-collapse: collapse; width: 573.02pt;\" border=\"0\" width=\"764\" cellspacing=\"0\" cellpadding=\"0\">\n<tbody>\n<tr style=\"height: 150.00pt;\">\n<td class=\"et3\" style=\"height: 150.00pt; width: 573.00pt;\" width=\"764\" height=\"200\">\n<h6>M\u00e3 s\u1ed1: AMR8801A<\/h6>\n<h6>220-240V~50\/60Hz 120W<\/h6>\n<p>\u00b7Lo\u1ea1i tr\u1ee5c v\u00edt t\u1ed1c \u0111\u1ed9 ch\u1eadm \u0111\u1ec3 gi\u1eef nguy\u00ean ch\u1ea5t dinh d\u01b0\u1ee1ng c\u1ee7a n\u01b0\u1edbc \u00e9p.<br \/>\n\u00b7T\u1ed1c \u0111\u1ed9, 50-75 v\u00f2ng\/ph\u00fat<br \/>\n\u00b7K\u00edch th\u01b0\u1edbc m\u00e1ng n\u1ea1p l\u1edbn 80mm.<br \/>\n\u00b7\u0110\u1ed9ng c\u01a1 DC 120W c\u00f3 th\u1eddi gian ho\u1ea1t \u0111\u1ed9ng li\u00ean t\u1ee5c d\u00e0i (10 ph\u00fat)<br \/>\n\u00b7B\u00e1t \u0111\u1ef1ng n\u01b0\u1edbc \u00e9p c\u00f3 m\u1ed9t n\u1eafp \u0111\u1ec3 tr\u1ed9n nhi\u1ec1u lo\u1ea1i n\u01b0\u1edbc \u00e9p tr\u00e1i c\u00e2y kh\u00e1c nhau.<br \/>\n\u00b7T\u1ed1c \u0111\u1ed9 chi\u1ebft xu\u1ea5t n\u01b0\u1edbc \u00e9p cao.<br \/>\n\u00b7\u0110\u1ed9 \u1ed3n th\u1ea5p d\u01b0\u1edbi 65db, \u0111\u1ed9 rung th\u1ea5p h\u01a1n.<br \/>\n\u00b7L\u1ecdc SUS.<br \/>\n\u00b7V\u1edbi hai c\u1ed1c, 900ML.<br \/>\n\u00b7B\u1ea3o v\u1ec7 an to\u00e0n khi qu\u00e1 nhi\u1ec7t.<br \/>\n\u00b7D\u1ec5 d\u00e0ng th\u00e1o r\u1eddi c\u00e1c b\u1ed9 ph\u1eadn \u0111\u1ec3 v\u1ec7 sinh.<br \/>\n\u00b7KH\u00d4NG CH\u1ee8A BPA.<br \/>\n\u00b7Hai m\u1ea3nh v\u00edt c\u00f3 b\u1eb1ng s\u00e1ng ch\u1ebf ri\u00eang.<\/td>\n<\/tr>\n<\/tbody>\n<\/table>","protected":false},"excerpt":{"rendered":"<p>Model NO.:AMR8801A 220-240V~50\/60Hz 120W \u00b7Slow speed screw type to keep nutrition of the juice. \u00b7Speed,50-75rpm\/min \u00b7Big size of feeding chute of 80mm. \u00b7120W DC motor that has long continious working time (10mins) \u00b7Juice bowl with one cap to mix different kind of fruit juice. \u00b7High juice extracting rate. \u00b7Low noise level less than 65db,lower vibration. [&hellip;]<\/p>\n","protected":false},"featured_media":2207,"template":"","meta":{"_uag_custom_page_level_css":"","site-sidebar-layout":"default","site-content-layout":"","ast-site-content-layout":"default","site-content-style":"default","site-sidebar-style":"default","ast-global-header-display":"","ast-banner-title-visibility":"","ast-main-header-display":"","ast-hfb-above-header-display":"","ast-hfb-below-header-display":"","ast-hfb-mobile-header-display":"","site-post-title":"","ast-breadcrumbs-content":"","ast-featured-img":"","footer-sml-layout":"","ast-disable-related-posts":"","theme-transparent-header-meta":"default","adv-header-id-meta":"","stick-header-meta":"","header-above-stick-meta":"","header-main-stick-meta":"","header-below-stick-meta":"","astra-migrate-meta-layouts":"set","ast-page-background-enabled":"default","ast-page-background-meta":{"desktop":{"background-color":"","background-image":"","background-repeat":"repeat","background-position":"center center","background-size":"auto","background-attachment":"scroll","background-type":"","background-media":"","overlay-type":"","overlay-color":"","overlay-opacity":"","overlay-gradient":""},"tablet":{"background-color":"","background-image":"","background-repeat":"repeat","background-position":"center center","background-size":"auto","background-attachment":"scroll","background-type":"","background-media":"","overlay-type":"","overlay-color":"","overlay-opacity":"","overlay-gradient":""},"mobile":{"background-color":"","background-image":"","background-repeat":"repeat","background-position":"center center","background-size":"auto","background-attachment":"scroll","background-type":"","background-media":"","overlay-type":"","overlay-color":"","overlay-opacity":"","overlay-gradient":""}},"ast-content-background-meta":{"desktop":{"background-color":"var(--ast-global-color-5)","background-image":"","background-repeat":"repeat","background-position":"center center","background-size":"auto","background-attachment":"scroll","background-type":"","background-media":"","overlay-type":"","overlay-color":"","overlay-opacity":"","overlay-gradient":""},"tablet":{"background-color":"var(--ast-global-color-5)","background-image":"","background-repeat":"repeat","background-position":"center center","background-size":"auto","background-attachment":"scroll","background-type":"","background-media":"","overlay-type":"","overlay-color":"","overlay-opacity":"","overlay-gradient":""},"mobile":{"background-color":"var(--ast-global-color-5)","background-image":"","background-repeat":"repeat","background-position":"center center","background-size":"auto","background-attachment":"scroll","background-type":"","background-media":"","overlay-type":"","overlay-color":"","overlay-opacity":"","overlay-gradient":""}}},"product_brand":[],"product_cat":[31],"product_tag":[],"class_list":{"0":"post-2206","1":"product","2":"type-product","3":"status-publish","4":"has-post-thumbnail","6":"product_cat-03-normal-slow-juicer","7":"desktop-align-left","8":"tablet-align-left","9":"mobile-align-left","10":"ast-product-gallery-layout-horizontal-slider","11":"ast-product-gallery-with-no-image","12":"ast-product-tabs-layout-vertical","13":"ast-qv-on-image","15":"first","16":"instock","17":"shipping-taxable","18":"product-type-simple"},"uagb_featured_image_src":{"full":["https:\/\/anmir.com.cn\/wp-content\/uploads\/2024\/11\/AMR8801A.webp",800,800,false],"thumbnail":["https:\/\/anmir.com.cn\/wp-content\/uploads\/2024\/11\/AMR8801A-150x150.webp",150,150,true],"medium":["https:\/\/anmir.com.cn\/wp-content\/uploads\/2024\/11\/AMR8801A-300x300.webp",300,300,true],"medium_large":["https:\/\/anmir.com.cn\/wp-content\/uploads\/2024\/11\/AMR8801A-768x768.webp",768,768,true],"large":["https:\/\/anmir.com.cn\/wp-content\/uploads\/2024\/11\/AMR8801A.webp",800,800,false],"1536x1536":["https:\/\/anmir.com.cn\/wp-content\/uploads\/2024\/11\/AMR8801A.webp",800,800,false],"2048x2048":["https:\/\/anmir.com.cn\/wp-content\/uploads\/2024\/11\/AMR8801A.webp",800,800,false],"trp-custom-language-flag":["https:\/\/anmir.com.cn\/wp-content\/uploads\/2024\/11\/AMR8801A.webp",12,12,false],"woocommerce_thumbnail":["https:\/\/anmir.com.cn\/wp-content\/uploads\/2024\/11\/AMR8801A-300x300.webp",300,300,true],"woocommerce_single":["https:\/\/anmir.com.cn\/wp-content\/uploads\/2024\/11\/AMR8801A-600x600.webp",600,600,true],"woocommerce_gallery_thumbnail":["https:\/\/anmir.com.cn\/wp-content\/uploads\/2024\/11\/AMR8801A-100x100.webp",100,100,true]},"uagb_author_info":{"display_name":"daniel@anmir.com.cn","author_link":"https:\/\/anmir.com.cn\/vi\/author\/"},"uagb_comment_info":0,"uagb_excerpt":"Model NO.:AMR8801A 220-240V~50\/60Hz 120W \u00b7Slow speed screw type to keep nutrition of the juice. \u00b7Speed,50-75rpm\/min \u00b7Big size of feeding chute of 80mm. \u00b7120W DC motor that has long continious working time (10mins) \u00b7Juice bowl with one cap to mix different kind of fruit juice. \u00b7High juice extracting rate. \u00b7Low noise level less than 65db,lower vibration.&hellip;","_links":{"self":[{"href":"https:\/\/anmir.com.cn\/vi\/wp-json\/wp\/v2\/product\/2206","targetHints":{"allow":["GET"]}}],"collection":[{"href":"https:\/\/anmir.com.cn\/vi\/wp-json\/wp\/v2\/product"}],"about":[{"href":"https:\/\/anmir.com.cn\/vi\/wp-json\/wp\/v2\/types\/product"}],"wp:featuredmedia":[{"embeddable":true,"href":"https:\/\/anmir.com.cn\/vi\/wp-json\/wp\/v2\/media\/2207"}],"wp:attachment":[{"href":"https:\/\/anmir.com.cn\/vi\/wp-json\/wp\/v2\/media?parent=2206"}],"wp:term":[{"taxonomy":"product_brand","embeddable":true,"href":"https:\/\/anmir.com.cn\/vi\/wp-json\/wp\/v2\/product_brand?post=2206"},{"taxonomy":"product_cat","embeddable":true,"href":"https:\/\/anmir.com.cn\/vi\/wp-json\/wp\/v2\/product_cat?post=2206"},{"taxonomy":"product_tag","embeddable":true,"href":"https:\/\/anmir.com.cn\/vi\/wp-json\/wp\/v2\/product_tag?post=2206"}],"curies":[{"name":"wp","href":"https:\/\/api.w.org\/{rel}","templated":true}]}}