{"id":2241,"date":"2024-11-09T05:16:19","date_gmt":"2024-11-09T05:16:19","guid":{"rendered":"https:\/\/anmir.com.cn\/?post_type=product&#038;p=2241"},"modified":"2025-08-23T17:19:13","modified_gmt":"2025-08-23T09:19:13","slug":"kc211","status":"publish","type":"product","link":"https:\/\/anmir.com.cn\/vi\/products\/01-coffee-maker-coffee-bean-grinder\/kc211\/","title":{"rendered":"C\u1ed1c KC211-k"},"content":{"rendered":"<table style=\"border-collapse: collapse; width: 573.02pt;\" border=\"0\" width=\"764\" cellspacing=\"0\" cellpadding=\"0\">\n<tbody>\n<tr style=\"height: 150.00pt;\">\n<td class=\"et3\" style=\"height: 150.00pt; width: 573.00pt;\" width=\"764\" height=\"200\">\n<h6>M\u00e3 s\u1ed1 m\u1eabu: C\u1ed1c KC211-k<\/h6>\n<h6>120V~60Hz 1000W<\/h6>\n<p>\u00b7Th\u00edch h\u1ee3p cho vi\u00ean n\u00e9n American K-Cup (h\u1ed9p vi\u00ean n\u00e9n c\u00f3 th\u1ec3 th\u00e1o r\u1eddi, d\u1ec5 v\u1ec7 sinh v\u00e0 s\u1eed d\u1ee5ng \u0111\u01b0\u1ee3c v\u1edbi m\u00e1y r\u1eeda ch\u00e9n), c\u00f3 h\u1ed9p \u0111\u1ef1ng b\u1ed9t c\u00e0 ph\u00ea \u0111\u1ec3 thay th\u1ebf tr\u1ef1c ti\u1ebfp vi\u00ean n\u00e9n.<br \/>\n\u00b7C\u1eeda s\u1ed5 ch\u1ee9a n\u01b0\u1edbc c\u00f3 th\u1ec3 nh\u00ecn th\u1ea5y -T\u1ed0I \u0110A- dung t\u00edch 12oz;<br \/>\n\u00b7Th\u1eddi gian ph\u1ea3n \u1ee9ng ki\u1ec3m so\u00e1t nhi\u1ec7t \u0111\u1ed9 NTC nh\u1ecf h\u01a1n 2 gi\u00e2y, nhi\u1ec7t \u0111\u1ed9 c\u00e0 ph\u00ea l\u00e0 80\u2103\u00b15\u2103, ph\u00f9 h\u1ee3p v\u1edbi nhi\u1ec7t \u0111\u1ed9 n\u01b0\u1edbc \u226518\u2103.<br \/>\n\u00b7Chi\u1ec1u cao c\u1ed1c ph\u00f9 h\u1ee3p l\u00e0 \u2264145mm.<br \/>\n\u00b7B\u1ed9 ph\u1eadn ki\u1ec3m so\u00e1t nhi\u1ec7t b\u1eb1ng nh\u00f4m h\u00ecnh ch\u1eef U. \u0110\u1ed9 \u1ed3n khi pha c\u00e0 ph\u00ea nh\u1ecf h\u01a1n 60dB.<br \/>\n\u00b7T\u1ef1 \u0111\u1ed9ng ph\u00e1t hi\u1ec7n c\u1ea3nh b\u00e1o thi\u1ebfu n\u01b0\u1edbc v\u00e0 c\u1ea3nh b\u00e1o b\u1ea3o v\u1ec7 ch\u00e1y kh\u00f4 b\u1ea5t th\u01b0\u1eddng. L\u01b0\u1ee3ng b\u1ed9t t\u1ed1i \u0111a l\u00e0 20g.<\/td>\n<\/tr>\n<\/tbody>\n<\/table>","protected":false},"excerpt":{"rendered":"<p data-start=\"161\" data-end=\"568\">C\u00e1c <strong data-start=\"165\" data-end=\"194\">M\u00e1y pha c\u00e0 ph\u00ea KC211-K Cup<\/strong> l\u00e0 gi\u1ea3i ph\u00e1p pha ch\u1ebf ti\u1ec7n l\u1ee3i v\u00e0 \u0111a n\u0103ng d\u00e0nh cho nh\u1eefng ng\u01b0\u1eddi y\u00eau th\u00edch c\u00e0 ph\u00ea th\u00edch c\u1ea3 hai <strong data-start=\"275\" data-end=\"302\">Vi\u00ean nang K-Cup c\u1ee7a M\u1ef9<\/strong> v\u00e0 c\u00e0 ph\u00ea xay. \u0110\u01b0\u1ee3c thi\u1ebft k\u1ebf v\u1edbi h\u1ed9p \u0111\u1ef1ng vi\u00ean n\u00e9n c\u00f3 th\u1ec3 th\u00e1o r\u1eddi, d\u1ec5 d\u00e0ng v\u1ec7 sinh v\u00e0 an to\u00e0n v\u1edbi m\u00e1y r\u1eeda ch\u00e9n, trong khi h\u1ed9p \u0111\u1ef1ng b\u1ed9t c\u00e0 ph\u00ea cho ph\u00e9p pha tr\u1ef1c ti\u1ebfp m\u00e0 kh\u00f4ng c\u1ea7n vi\u00ean n\u00e9n. C\u1eeda s\u1ed5 n\u01b0\u1edbc hi\u1ec3n th\u1ecb v\u1edbi dung t\u00edch t\u1ed1i \u0111a 300ml gi\u00fap vi\u1ec7c ch\u00e2m n\u01b0\u1edbc tr\u1edf n\u00ean \u0111\u01a1n gi\u1ea3n v\u00e0 ti\u1ec7n l\u1ee3i.<\/p>\n<p data-start=\"570\" data-end=\"992\">\u0110\u01b0\u1ee3c trang b\u1ecb h\u1ec7 th\u1ed1ng ki\u1ec3m so\u00e1t nhi\u1ec7t \u0111\u1ed9 NTC ph\u1ea3n \u1ee9ng nhanh, KC211 \u0111\u1ea3m b\u1ea3o c\u00e0 ph\u00ea c\u1ee7a b\u1ea1n \u0111\u01b0\u1ee3c pha \u1edf nhi\u1ec7t \u0111\u1ed9 l\u00fd t\u01b0\u1edfng 80\u00b0C \u00b15\u00b0C ch\u1ec9 trong v\u00e0i gi\u00e2y, ph\u00f9 h\u1ee3p v\u1edbi nhi\u1ec7t \u0111\u1ed9 n\u01b0\u1edbc tr\u00ean 18\u00b0C. Thanh gia nhi\u1ec7t b\u1eb1ng nh\u00f4m h\u00ecnh ch\u1eef U mang l\u1ea1i hi\u1ec7u qu\u1ea3 l\u00e0m n\u00f3ng \u0111\u1ec1u v\u00e0 \u1ed5n \u0111\u1ecbnh, \u0111\u1ed3ng th\u1eddi gi\u1eef \u0111\u1ed9 \u1ed3n khi pha c\u00e0 ph\u00ea d\u01b0\u1edbi 60dB. M\u00e1y c\u00f3 th\u1ec3 ch\u1ee9a c\u00e1c c\u1ed1c c\u00f3 chi\u1ec1u cao l\u00ean \u0111\u1ebfn 145mm, gi\u00fap b\u1ea1n linh ho\u1ea1t l\u1ef1a ch\u1ecdn k\u00edch c\u1ee1 c\u1ed1c kh\u00e1c nhau.<\/p>\n<p data-start=\"994\" data-end=\"1475\">An to\u00e0n v\u00e0 ti\u1ec7n l\u1ee3i \u0111\u01b0\u1ee3c \u01b0u ti\u00ean h\u00e0ng \u0111\u1ea7u v\u1edbi c\u00e1c t\u00ednh n\u0103ng bao g\u1ed3m t\u1ef1 \u0111\u1ed9ng ph\u00e1t hi\u1ec7n thi\u1ebfu n\u01b0\u1edbc, b\u1ea3o v\u1ec7 ch\u1ed1ng ch\u00e1y kh\u00f4 v\u00e0 dung t\u00edch ch\u1ee9a b\u1ed9t c\u00e0 ph\u00ea t\u1ed1i \u0111a 20g. Nh\u1ecf g\u1ecdn, d\u1ec5 s\u1eed d\u1ee5ng v\u00e0 \u0111\u00e1ng tin c\u1eady, m\u00e1y pha c\u00e0 ph\u00ea KC211-K Cups k\u1ebft h\u1ee3p hi\u1ec7u qu\u1ea3, an to\u00e0n v\u00e0 ch\u1ea5t l\u01b0\u1ee3ng, ho\u00e0n h\u1ea3o cho gia \u0111\u00ecnh ho\u1eb7c v\u0103n ph\u00f2ng. D\u00f9 b\u1ea1n th\u00edch K-Cup hay b\u1ed9t c\u00e0 ph\u00ea t\u01b0\u01a1i, chi\u1ebfc m\u00e1y n\u00e0y lu\u00f4n mang \u0111\u1ebfn nh\u1eefng ly c\u00e0 ph\u00ea \u0111\u1eadm \u0111\u00e0, th\u01a1m ngon, l\u00e0 v\u1eadt d\u1ee5ng kh\u00f4ng th\u1ec3 thi\u1ebfu cho b\u1ea5t k\u1ef3 ai. <strong data-start=\"1451\" data-end=\"1461\">C\u1ed1c K<\/strong> ng\u01b0\u1eddi \u0111am m\u00ea.<\/p>","protected":false},"featured_media":2242,"template":"","meta":{"_uag_custom_page_level_css":"","site-sidebar-layout":"default","site-content-layout":"","ast-site-content-layout":"default","site-content-style":"default","site-sidebar-style":"default","ast-global-header-display":"","ast-banner-title-visibility":"","ast-main-header-display":"","ast-hfb-above-header-display":"","ast-hfb-below-header-display":"","ast-hfb-mobile-header-display":"","site-post-title":"","ast-breadcrumbs-content":"","ast-featured-img":"","footer-sml-layout":"","ast-disable-related-posts":"","theme-transparent-header-meta":"default","adv-header-id-meta":"","stick-header-meta":"default","header-above-stick-meta":"","header-main-stick-meta":"","header-below-stick-meta":"","astra-migrate-meta-layouts":"set","ast-page-background-enabled":"default","ast-page-background-meta":{"desktop":{"background-color":"","background-image":"","background-repeat":"repeat","background-position":"center center","background-size":"auto","background-attachment":"scroll","background-type":"","background-media":"","overlay-type":"","overlay-color":"","overlay-opacity":"","overlay-gradient":""},"tablet":{"background-color":"","background-image":"","background-repeat":"repeat","background-position":"center center","background-size":"auto","background-attachment":"scroll","background-type":"","background-media":"","overlay-type":"","overlay-color":"","overlay-opacity":"","overlay-gradient":""},"mobile":{"background-color":"","background-image":"","background-repeat":"repeat","background-position":"center center","background-size":"auto","background-attachment":"scroll","background-type":"","background-media":"","overlay-type":"","overlay-color":"","overlay-opacity":"","overlay-gradient":""}},"ast-content-background-meta":{"desktop":{"background-color":"var(--ast-global-color-5)","background-image":"","background-repeat":"repeat","background-position":"center center","background-size":"auto","background-attachment":"scroll","background-type":"","background-media":"","overlay-type":"","overlay-color":"","overlay-opacity":"","overlay-gradient":""},"tablet":{"background-color":"var(--ast-global-color-5)","background-image":"","background-repeat":"repeat","background-position":"center center","background-size":"auto","background-attachment":"scroll","background-type":"","background-media":"","overlay-type":"","overlay-color":"","overlay-opacity":"","overlay-gradient":""},"mobile":{"background-color":"var(--ast-global-color-5)","background-image":"","background-repeat":"repeat","background-position":"center center","background-size":"auto","background-attachment":"scroll","background-type":"","background-media":"","overlay-type":"","overlay-color":"","overlay-opacity":"","overlay-gradient":""}}},"product_brand":[],"product_cat":[29],"product_tag":[166],"class_list":{"0":"post-2241","1":"product","2":"type-product","3":"status-publish","4":"has-post-thumbnail","6":"product_cat-01-coffee-maker-coffee-bean-grinder","7":"product_tag-anmir-kc211-k-cup-coffee-maker","8":"desktop-align-left","9":"tablet-align-left","10":"mobile-align-left","11":"ast-product-gallery-layout-horizontal-slider","12":"ast-product-gallery-with-no-image","13":"ast-product-tabs-layout-vertical","14":"ast-qv-on-image","16":"first","17":"instock","18":"shipping-taxable","19":"product-type-simple"},"uagb_featured_image_src":{"full":["https:\/\/anmir.com.cn\/wp-content\/uploads\/2024\/11\/KC211.webp",800,800,false],"thumbnail":["https:\/\/anmir.com.cn\/wp-content\/uploads\/2024\/11\/KC211-150x150.webp",150,150,true],"medium":["https:\/\/anmir.com.cn\/wp-content\/uploads\/2024\/11\/KC211-300x300.webp",300,300,true],"medium_large":["https:\/\/anmir.com.cn\/wp-content\/uploads\/2024\/11\/KC211-768x768.webp",768,768,true],"large":["https:\/\/anmir.com.cn\/wp-content\/uploads\/2024\/11\/KC211.webp",800,800,false],"1536x1536":["https:\/\/anmir.com.cn\/wp-content\/uploads\/2024\/11\/KC211.webp",800,800,false],"2048x2048":["https:\/\/anmir.com.cn\/wp-content\/uploads\/2024\/11\/KC211.webp",800,800,false],"trp-custom-language-flag":["https:\/\/anmir.com.cn\/wp-content\/uploads\/2024\/11\/KC211.webp",12,12,false],"woocommerce_thumbnail":["https:\/\/anmir.com.cn\/wp-content\/uploads\/2024\/11\/KC211-300x300.webp",300,300,true],"woocommerce_single":["https:\/\/anmir.com.cn\/wp-content\/uploads\/2024\/11\/KC211-600x600.webp",600,600,true],"woocommerce_gallery_thumbnail":["https:\/\/anmir.com.cn\/wp-content\/uploads\/2024\/11\/KC211-100x100.webp",100,100,true]},"uagb_author_info":{"display_name":"daniel@anmir.com.cn","author_link":"https:\/\/anmir.com.cn\/vi\/author\/"},"uagb_comment_info":0,"uagb_excerpt":"The KC211-K Cups Coffee Maker is a convenient and versatile brewing solution for coffee lovers who enjoy both American K-Cup capsules and ground coffee. Designed with a removable capsule box, it is easy to clean and dishwasher-safe, while the coffee powder box allows direct brewing without a capsule. The visible water window with a maximum&hellip;","_links":{"self":[{"href":"https:\/\/anmir.com.cn\/vi\/wp-json\/wp\/v2\/product\/2241","targetHints":{"allow":["GET"]}}],"collection":[{"href":"https:\/\/anmir.com.cn\/vi\/wp-json\/wp\/v2\/product"}],"about":[{"href":"https:\/\/anmir.com.cn\/vi\/wp-json\/wp\/v2\/types\/product"}],"wp:featuredmedia":[{"embeddable":true,"href":"https:\/\/anmir.com.cn\/vi\/wp-json\/wp\/v2\/media\/2242"}],"wp:attachment":[{"href":"https:\/\/anmir.com.cn\/vi\/wp-json\/wp\/v2\/media?parent=2241"}],"wp:term":[{"taxonomy":"product_brand","embeddable":true,"href":"https:\/\/anmir.com.cn\/vi\/wp-json\/wp\/v2\/product_brand?post=2241"},{"taxonomy":"product_cat","embeddable":true,"href":"https:\/\/anmir.com.cn\/vi\/wp-json\/wp\/v2\/product_cat?post=2241"},{"taxonomy":"product_tag","embeddable":true,"href":"https:\/\/anmir.com.cn\/vi\/wp-json\/wp\/v2\/product_tag?post=2241"}],"curies":[{"name":"wp","href":"https:\/\/api.w.org\/{rel}","templated":true}]}}