{"id":2935,"date":"2024-12-29T17:58:24","date_gmt":"2024-12-30T00:58:24","guid":{"rendered":"https:\/\/anmir.com.cn\/?post_type=product&#038;p=2935"},"modified":"2025-08-23T17:12:22","modified_gmt":"2025-08-23T09:12:22","slug":"hpm601g","status":"publish","type":"product","link":"https:\/\/anmir.com.cn\/vi\/products\/01-coffee-maker-coffee-bean-grinder\/hpm601g\/","title":{"rendered":"M\u00e1y pha c\u00e0 ph\u00ea espresso HPM601G"},"content":{"rendered":"<h6>M\u00e3 s\u1ed1 model: HPM601G - m\u00e1y pha c\u00e0 ph\u00ea espresso<\/h6>\n<h6>120V~60Hz 1200W<\/h6>\n<h6>220V~50Hz 1400W<\/h6>\n<p>\u00b7Th\u00edch h\u1ee3p cho m\u00e1y pha c\u00e0 ph\u00ea espresso d\u1ea1ng b\u1ed9t, c\u00f3 b\u1ed9 l\u1ecdc \u0111\u01a1n v\u00e0 \u0111\u00f4i.<br \/>\n\u00b7\u00c1P SU\u1ea4T CAO 20BAR.<br \/>\n\u00b7B\u1ea3ng \u0111i\u1ec1u khi\u1ec3n c\u1ea3m \u1ee9ng: ph\u00edm ngu\u1ed3n, ph\u00edm c\u1ed1c \u0111\u01a1n\/c\u1ed1c \u0111\u00f4i, ph\u00edm h\u01a1i n\u01b0\u1edbc, ph\u00edm n\u01b0\u1edbc n\u00f3ng.<br \/>\n\u00b7Dung t\u00edch b\u00ecnh ch\u1ee9a n\u01b0\u1edbc c\u00f3 th\u1ec3 th\u00e1o r\u1eddi l\u00e0 1,5L.<br \/>\n\u00b7K\u00cdCH TH\u01af\u1edaC \u0110\u01a0N V\u1eca: 28,2\u00d717,5\u00d729,7CM, NW: 4KGS<br \/>\n\u00b7B\u1ed9 \u0111i\u1ec1u khi\u1ec3n nhi\u1ec7t \u0111\u1ed9 c\u01a1 h\u1ecdc, c\u1ea7u ch\u00ec b\u1ea3o v\u1ec7.<br \/>\n\u00b7Khay c\u00f3 th\u1ec3 th\u00e1o r\u1eddi, Th\u00e1o khay \u0111\u1ec3 \u0111\u1eb7t c\u00e1c c\u1ed1c c\u00e0 ph\u00ea c\u00f3 chi\u1ec1u cao kh\u00e1c nhau.<br \/>\n\u00b7S\u1eed d\u1ee5ng n\u1ed3i h\u01a1i \u0111\u00fac khu\u00f4n \u1ed1ng n\u01b0\u1edbc b\u1eb1ng th\u00e9p kh\u00f4ng g\u1ec9 lo\u1ea1i gia nhi\u1ec7t t\u1ee9c th\u1eddi, ki\u1ec3m so\u00e1t nhi\u1ec7t \u0111\u1ed9 n\u1ed3i h\u01a1i \u0111\u00f4i \u0111\u1ec3 \u0111un h\u01a1i n\u01b0\u1edbc v\u00e0 pha c\u00e0 ph\u00ea; Sau khi \u0111un h\u01a1i n\u01b0\u1edbc, kh\u00f4ng c\u1ea7n ph\u1ea3i \u0111\u1ee3i pha c\u00e0 ph\u00ea, t\u00e1ch c\u00e0 ph\u00ea \u0111\u1ea7u ti\u00ean c\u00f3 th\u1ec3 \u0111\u1ea1t t\u1edbi 80 \u0111\u1ed9.<br \/>\n\u00b7C\u00f3 ch\u1ee9c n\u0103ng b\u1ea3o v\u1ec7 an to\u00e0n khi qu\u00e1 \u00e1p; Ki\u1ec3m so\u00e1t l\u01b0u l\u01b0\u1ee3ng ch\u00ednh x\u00e1c.<\/p>\n<div id=\"ag-1755940255529\"><\/div>","protected":false},"excerpt":{"rendered":"<p data-start=\"158\" data-end=\"640\">C\u00e1c <strong data-start=\"162\" data-end=\"188\">M\u00e1y pha c\u00e0 ph\u00ea espresso HPM601G<\/strong> l\u00e0 m\u00e1y pha c\u00e0 ph\u00ea hi\u1ec7u su\u1ea5t cao \u0111\u01b0\u1ee3c thi\u1ebft k\u1ebf d\u00e0nh cho nh\u1eefng ng\u01b0\u1eddi y\u00eau th\u00edch c\u00e0 ph\u00ea espresso mu\u1ed1n c\u00f3 \u0111\u1ed3 u\u1ed1ng ch\u1ea5t l\u01b0\u1ee3ng nh\u01b0 qu\u00e1n c\u00e0 ph\u00ea t\u1ea1i nh\u00e0. \u0110\u01b0\u1ee3c trang b\u1ecb \u0111\u1ed9ng c\u01a1 m\u1ea1nh m\u1ebd <strong data-start=\"318\" data-end=\"348\">H\u1ec7 th\u1ed1ng \u00e1p su\u1ea5t cao 20BAR<\/strong>M\u00e1y pha c\u00e0 ph\u00ea espresso n\u00e0y ho\u1ea1t \u0111\u1ed9ng v\u1edbi b\u1ed9t c\u00e0 ph\u00ea espresso v\u00e0 \u0111\u01b0\u1ee3c trang b\u1ecb c\u1ea3 b\u1ed9 l\u1ecdc \u0111\u01a1n v\u00e0 \u0111\u00f4i, cho ph\u00e9p b\u1ea1n pha ch\u1ebf m\u1ed9t shot c\u00e0 ph\u00ea \u0111\u01a1n ho\u1eb7c \u0111\u00f4i m\u1ed9t c\u00e1ch ch\u00ednh x\u00e1c. B\u1ea3ng \u0111i\u1ec1u khi\u1ec3n c\u1ea3m \u1ee9ng tr\u1ef1c quan v\u1edbi c\u00e1c n\u00fat \u0111i\u1ec1u khi\u1ec3n ngu\u1ed3n, t\u00e1ch \u0111\u01a1n, t\u00e1ch \u0111\u00f4i, h\u01a1i n\u01b0\u1edbc v\u00e0 n\u01b0\u1edbc n\u00f3ng, gi\u00fap thao t\u00e1c d\u1ec5 d\u00e0ng v\u00e0 hi\u1ec7u qu\u1ea3.<\/p>\n<p data-start=\"642\" data-end=\"1285\">B\u00ecnh ch\u1ee9a n\u01b0\u1edbc 1,5 l\u00edt c\u00f3 th\u1ec3 th\u00e1o r\u1eddi mang \u0111\u1ebfn s\u1ef1 ti\u1ec7n l\u1ee3i cho vi\u1ec7c pha ch\u1ebf nhi\u1ec1u l\u1ea7n, trong khi b\u1ed9 \u0111i\u1ec1u khi\u1ec3n nhi\u1ec7t \u0111\u1ed9 c\u01a1 h\u1ecdc v\u00e0 b\u1ed9 b\u1ea3o v\u1ec7 c\u1ea7u ch\u00ec \u0111\u1ea3m b\u1ea3o an to\u00e0n \u0111\u00e1ng tin c\u1eady trong qu\u00e1 tr\u00ecnh s\u1eed d\u1ee5ng. Khay c\u00f3 th\u1ec3 \u0111i\u1ec1u ch\u1ec9nh cho ph\u00e9p \u0111\u1eb7t c\u00e1c c\u1ed1c c\u00f3 chi\u1ec1u cao kh\u00e1c nhau m\u1ed9t c\u00e1ch tho\u1ea3i m\u00e1i, mang \u0111\u1ebfn s\u1ef1 linh ho\u1ea1t cho b\u1ea1n khi pha ch\u1ebf nhi\u1ec1u lo\u1ea1i espresso kh\u00e1c nhau. HPM601G s\u1eed d\u1ee5ng n\u1ed3i h\u01a1i \u1ed1ng n\u01b0\u1edbc b\u1eb1ng th\u00e9p kh\u00f4ng g\u1ec9 \u0111\u00fac khu\u00f4n, l\u00e0m n\u00f3ng t\u1ee9c th\u00ec v\u1edbi h\u1ec7 th\u1ed1ng n\u1ed3i h\u01a1i \u0111\u00f4i, ki\u1ec3m so\u00e1t h\u01a1i n\u01b0\u1edbc v\u00e0 c\u00e0 ph\u00ea \u0111\u1ed9c l\u1eadp. \u0110i\u1ec1u n\u00e0y c\u00f3 ngh\u0129a l\u00e0 b\u1ea1n c\u00f3 th\u1ec3 pha t\u00e1ch \u0111\u1ea7u ti\u00ean \u1edf nhi\u1ec7t \u0111\u1ed9 80\u00b0C ngay sau khi \u0111\u00e1nh h\u01a1i m\u00e0 kh\u00f4ng c\u1ea7n ch\u1edd \u0111\u1ee3i. H\u1ec7 th\u1ed1ng b\u1ea3o v\u1ec7 qu\u00e1 \u00e1p an to\u00e0n v\u00e0 ki\u1ec3m so\u00e1t d\u00f2ng ch\u1ea3y ch\u00ednh x\u00e1c gi\u00fap \u0111\u1ea3m b\u1ea3o ch\u1ea5t l\u01b0\u1ee3ng pha ch\u1ebf t\u1ed1i \u01b0u m\u1ed7i l\u1ea7n.<\/p>\n<p data-start=\"1287\" data-end=\"1579\">Nh\u1ecf g\u1ecdn nh\u01b0ng m\u1ea1nh m\u1ebd, v\u1edbi k\u00edch th\u01b0\u1edbc 28,2 \u00d7 17,5 \u00d7 29,7 cm v\u00e0 tr\u1ecdng l\u01b0\u1ee3ng 4 kg, M\u00e1y pha c\u00e0 ph\u00ea Espresso HPM601G ho\u00e0n h\u1ea3o cho gia \u0111\u00ecnh ho\u1eb7c v\u0103n ph\u00f2ng. M\u00e1y pha c\u00e0 ph\u00ea espresso, cappuccino v\u00e0 latte ch\u1ea5t l\u01b0\u1ee3ng barista \u0111\u1ed3ng \u0111\u1ec1u, l\u00e0 l\u1ef1a ch\u1ecdn l\u00fd t\u01b0\u1edfng cho b\u1ea5t k\u1ef3 ai \u0111ang t\u00ecm ki\u1ebfm m\u1ed9t m\u00e1y pha c\u00e0 ph\u00ea \u0111\u00e1ng tin c\u1eady. <strong data-start=\"1558\" data-end=\"1576\">m\u00e1y pha c\u00e0 ph\u00ea espresso<\/strong>.<\/p>","protected":false},"featured_media":2936,"template":"","meta":{"_uag_custom_page_level_css":"","site-sidebar-layout":"default","site-content-layout":"","ast-site-content-layout":"default","site-content-style":"default","site-sidebar-style":"default","ast-global-header-display":"","ast-banner-title-visibility":"","ast-main-header-display":"","ast-hfb-above-header-display":"","ast-hfb-below-header-display":"","ast-hfb-mobile-header-display":"","site-post-title":"","ast-breadcrumbs-content":"","ast-featured-img":"","footer-sml-layout":"","ast-disable-related-posts":"","theme-transparent-header-meta":"default","adv-header-id-meta":"","stick-header-meta":"default","header-above-stick-meta":"","header-main-stick-meta":"","header-below-stick-meta":"","astra-migrate-meta-layouts":"set","ast-page-background-enabled":"default","ast-page-background-meta":{"desktop":{"background-color":"","background-image":"","background-repeat":"repeat","background-position":"center center","background-size":"auto","background-attachment":"scroll","background-type":"","background-media":"","overlay-type":"","overlay-color":"","overlay-opacity":"","overlay-gradient":""},"tablet":{"background-color":"","background-image":"","background-repeat":"repeat","background-position":"center center","background-size":"auto","background-attachment":"scroll","background-type":"","background-media":"","overlay-type":"","overlay-color":"","overlay-opacity":"","overlay-gradient":""},"mobile":{"background-color":"","background-image":"","background-repeat":"repeat","background-position":"center center","background-size":"auto","background-attachment":"scroll","background-type":"","background-media":"","overlay-type":"","overlay-color":"","overlay-opacity":"","overlay-gradient":""}},"ast-content-background-meta":{"desktop":{"background-color":"var(--ast-global-color-5)","background-image":"","background-repeat":"repeat","background-position":"center center","background-size":"auto","background-attachment":"scroll","background-type":"","background-media":"","overlay-type":"","overlay-color":"","overlay-opacity":"","overlay-gradient":""},"tablet":{"background-color":"var(--ast-global-color-5)","background-image":"","background-repeat":"repeat","background-position":"center center","background-size":"auto","background-attachment":"scroll","background-type":"","background-media":"","overlay-type":"","overlay-color":"","overlay-opacity":"","overlay-gradient":""},"mobile":{"background-color":"var(--ast-global-color-5)","background-image":"","background-repeat":"repeat","background-position":"center center","background-size":"auto","background-attachment":"scroll","background-type":"","background-media":"","overlay-type":"","overlay-color":"","overlay-opacity":"","overlay-gradient":""}}},"product_brand":[],"product_cat":[29],"product_tag":[189],"class_list":{"0":"post-2935","1":"product","2":"type-product","3":"status-publish","4":"has-post-thumbnail","6":"product_cat-01-coffee-maker-coffee-bean-grinder","7":"product_tag-amazing-hpm601g-golden-espresso-coffee-maker","8":"desktop-align-left","9":"tablet-align-left","10":"mobile-align-left","11":"ast-product-gallery-layout-horizontal-slider","12":"ast-product-gallery-with-no-image","13":"ast-product-tabs-layout-vertical","14":"ast-qv-on-image","16":"first","17":"instock","18":"featured","19":"shipping-taxable","20":"product-type-simple"},"uagb_featured_image_src":{"full":["https:\/\/anmir.com.cn\/wp-content\/uploads\/2024\/12\/HPM601G.jpg",800,800,false],"thumbnail":["https:\/\/anmir.com.cn\/wp-content\/uploads\/2024\/12\/HPM601G-150x150.jpg",150,150,true],"medium":["https:\/\/anmir.com.cn\/wp-content\/uploads\/2024\/12\/HPM601G-300x300.jpg",300,300,true],"medium_large":["https:\/\/anmir.com.cn\/wp-content\/uploads\/2024\/12\/HPM601G-768x768.jpg",768,768,true],"large":["https:\/\/anmir.com.cn\/wp-content\/uploads\/2024\/12\/HPM601G.jpg",800,800,false],"1536x1536":["https:\/\/anmir.com.cn\/wp-content\/uploads\/2024\/12\/HPM601G.jpg",800,800,false],"2048x2048":["https:\/\/anmir.com.cn\/wp-content\/uploads\/2024\/12\/HPM601G.jpg",800,800,false],"trp-custom-language-flag":["https:\/\/anmir.com.cn\/wp-content\/uploads\/2024\/12\/HPM601G.jpg",12,12,false],"woocommerce_thumbnail":["https:\/\/anmir.com.cn\/wp-content\/uploads\/2024\/12\/HPM601G-300x300.jpg",300,300,true],"woocommerce_single":["https:\/\/anmir.com.cn\/wp-content\/uploads\/2024\/12\/HPM601G-600x600.jpg",600,600,true],"woocommerce_gallery_thumbnail":["https:\/\/anmir.com.cn\/wp-content\/uploads\/2024\/12\/HPM601G-100x100.jpg",100,100,true]},"uagb_author_info":{"display_name":"daniel@anmir.com.cn","author_link":"https:\/\/anmir.com.cn\/vi\/author\/"},"uagb_comment_info":0,"uagb_excerpt":"The HPM601G Espresso Maker is a high-performance coffee machine designed for espresso lovers who want caf\u00e9-quality drinks at home. Equipped with a powerful 20BAR high-pressure system, it works with espresso powder and includes both single and double strainers, allowing you to brew a single shot or a double shot with precision. The intuitive touch control&hellip;","_links":{"self":[{"href":"https:\/\/anmir.com.cn\/vi\/wp-json\/wp\/v2\/product\/2935","targetHints":{"allow":["GET"]}}],"collection":[{"href":"https:\/\/anmir.com.cn\/vi\/wp-json\/wp\/v2\/product"}],"about":[{"href":"https:\/\/anmir.com.cn\/vi\/wp-json\/wp\/v2\/types\/product"}],"wp:featuredmedia":[{"embeddable":true,"href":"https:\/\/anmir.com.cn\/vi\/wp-json\/wp\/v2\/media\/2936"}],"wp:attachment":[{"href":"https:\/\/anmir.com.cn\/vi\/wp-json\/wp\/v2\/media?parent=2935"}],"wp:term":[{"taxonomy":"product_brand","embeddable":true,"href":"https:\/\/anmir.com.cn\/vi\/wp-json\/wp\/v2\/product_brand?post=2935"},{"taxonomy":"product_cat","embeddable":true,"href":"https:\/\/anmir.com.cn\/vi\/wp-json\/wp\/v2\/product_cat?post=2935"},{"taxonomy":"product_tag","embeddable":true,"href":"https:\/\/anmir.com.cn\/vi\/wp-json\/wp\/v2\/product_tag?post=2935"}],"curies":[{"name":"wp","href":"https:\/\/api.w.org\/{rel}","templated":true}]}}