{"id":3609,"date":"2025-08-11T17:24:26","date_gmt":"2025-08-11T09:24:26","guid":{"rendered":"https:\/\/anmir.com.cn\/?post_type=product&#038;p=3609"},"modified":"2025-08-27T13:28:09","modified_gmt":"2025-08-27T05:28:09","slug":"amr618a","status":"publish","type":"product","link":"https:\/\/anmir.com.cn\/vi\/products\/13-personal-blender\/amr618a\/","title":{"rendered":"M\u00e1y xay sinh t\u1ed1 AMR618A"},"content":{"rendered":"<table style=\"border-collapse: collapse; width: 573.02pt;\" border=\"0\" width=\"764\" cellspacing=\"0\" cellpadding=\"0\">\n<tbody>\n<tr style=\"height: 150.00pt;\">\n<td class=\"et3\" style=\"height: 150.00pt; width: 573.00pt;\" width=\"764\" height=\"200\">\n<h6>M\u00e3 s\u1ed1: AMR618A-M\u00e1y xay sinh t\u1ed1<\/h6>\n<h6>Th\u00f4ng s\u1ed1 k\u1ef9 thu\u1eadt: 220-240V 50\/60Hz 300W<\/h6>\n<p>\u00b7Thi\u1ebft k\u1ebf c\u1ed5 \u0111i\u1ec3n v\u1edbi v\u00f2ng trang tr\u00ed m\u1ea1 cr\u00f4m<br \/>\n\u00b7Tr\u1ed9n sinh t\u1ed1 y\u00eau th\u00edch c\u1ee7a b\u1ea1n ho\u1eb7c l\u1eafc tr\u1ef1c ti\u1ebfp trong b\u00ecnh th\u1ec3 thao<br \/>\n\u00b7B\u00ecnh \u0111\u1ef1ng n\u01b0\u1edbc th\u1ec3 thao TRITAN 500ml ch\u1ecbu \u0111\u01b0\u1ee3c m\u00e1y r\u1eeda ch\u00e9n<br \/>\n\u00b7\u0110a ch\u1ee9c n\u0103ng v\u1edbi c\u1ed1i xay sinh t\u1ed1 1L<br \/>\n\u00b7 Tr\u1ed9n m\u1ea1nh m\u1ebd v\u1edbi n\u00fat \u0111i\u1ec1u khi\u1ec3n Nh\u1ea5n<br \/>\n\u00b7B\u1ea3o v\u1ec7 v\u00e0 thi\u1ebft k\u1ebf an to\u00e0n<\/td>\n<\/tr>\n<\/tbody>\n<\/table>\n<div id=\"ag-1754903977504\"><\/div>","protected":false},"excerpt":{"rendered":"<p>M\u00e1y xay sinh t\u1ed1 AMR618A \u2013 Phong c\u00e1ch c\u1ed5 \u0111i\u1ec3n, Hi\u1ec7u su\u1ea5t m\u1ea1nh m\u1ebd, Ti\u1ec7n l\u1ee3i h\u00e0ng ng\u00e0y<\/p>\n<p>M\u00e1y xay sinh t\u1ed1 AMR618A k\u1ebft h\u1ee3p phong c\u00e1ch c\u1ed5 \u0111i\u1ec3n v\u01b0\u1ee3t th\u1eddi gian v\u1edbi hi\u1ec7u su\u1ea5t xay hi\u1ec7n \u0111\u1ea1i, tr\u1edf th\u00e0nh ng\u01b0\u1eddi b\u1ea1n \u0111\u1ed3ng h\u00e0nh ho\u00e0n h\u1ea3o trong nh\u00e0 b\u1ebfp cho sinh t\u1ed1, s\u1eefa l\u1eafc, v.v. V\u00f2ng trang tr\u00ed m\u1ea1 cr\u00f4m t\u1ea1o \u0111i\u1ec3m nh\u1ea5n thanh l\u1ecbch, trong khi thi\u1ebft k\u1ebf nh\u1ecf g\u1ecdn \u0111\u1ea3m b\u1ea3o m\u00e1y ph\u00f9 h\u1ee3p ho\u00e0n h\u1ea3o v\u1edbi m\u1ecdi kh\u00f4ng gian b\u1ebfp.<\/p>\n<p>\u0110\u01b0\u1ee3c trang b\u1ecb \u0111\u1ed9ng c\u01a1 300W m\u1ea1nh m\u1ebd, m\u00e1y xay sinh t\u1ed1 n\u00e0y lu\u00f4n cho ra k\u1ebft qu\u1ea3 xay nhuy\u1ec5n m\u1ecbn v\u00e0 \u0111\u1ed3ng \u0111\u1ec1u. N\u00fat \u0111i\u1ec1u khi\u1ec3n d\u1ea1ng nh\u1ea5n mang \u0111\u1ebfn thao t\u00e1c \u0111\u01a1n gi\u1ea3n, tr\u1ef1c quan, cho ph\u00e9p b\u1ea1n xay nhuy\u1ec5n c\u00e1c c\u00f4ng th\u1ee9c y\u00eau th\u00edch ch\u1ec9 trong v\u00e0i gi\u00e2y. \u0110\u1ec3 thu\u1eadn ti\u1ec7n t\u1ed1i \u0111a, b\u1ea1n c\u00f3 th\u1ec3 pha ch\u1ebf \u0111\u1ed3 u\u1ed1ng tr\u1ef1c ti\u1ebfp trong b\u00ecnh th\u1ee7y tinh th\u1ec3 thao TRITAN 500ml, c\u00f3 th\u1ec3 r\u1eeda b\u1eb1ng m\u00e1y r\u1eeda ch\u00e9n \u0111\u1ec3 d\u1ec5 d\u00e0ng v\u1ec7 sinh.<\/p>\n<p>AMR618A c\u00f2n \u0111i k\u00e8m c\u1ed1i xay sinh t\u1ed1 \u0111a n\u0103ng 1L, ho\u00e0n h\u1ea3o cho c\u00e1c kh\u1ea9u ph\u1ea7n \u0103n l\u1edbn h\u01a1n ho\u1eb7c c\u00e1c c\u00f4ng th\u1ee9c ph\u1ee9c t\u1ea1p h\u01a1n. D\u00f9 b\u1ea1n \u0111ang l\u00e0m sinh t\u1ed1 bu\u1ed5i s\u00e1ng, s\u1eefa l\u1eafc b\u00e9o ng\u1eady hay xay nhuy\u1ec5n nguy\u00ean li\u1ec7u t\u01b0\u01a1i \u0111\u1ec3 n\u1ea5u \u0103n, thi\u1ebft b\u1ecb \u0111a n\u0103ng n\u00e0y \u0111\u1ec1u c\u00f3 th\u1ec3 \u0111\u00e1p \u1ee9ng t\u1ea5t c\u1ea3.<\/p>\n<p>\u0110\u01b0\u1ee3c thi\u1ebft k\u1ebf v\u1edbi c\u00e1c t\u00ednh n\u0103ng b\u1ea3o v\u1ec7 an to\u00e0n, AMR618A \u0111\u1ea3m b\u1ea3o s\u1eed d\u1ee5ng an to\u00e0n, trong khi k\u1ebft c\u1ea5u b\u1ec1n b\u1ec9 \u0111\u1ea3m b\u1ea3o hi\u1ec7u su\u1ea5t l\u00e2u d\u00e0i. V\u1edbi s\u1ef1 k\u1ebft h\u1ee3p gi\u1eefa phong c\u00e1ch, s\u1ef1 ti\u1ec7n l\u1ee3i v\u00e0 s\u1ee9c m\u1ea1nh, \u0111\u00e2y l\u00e0 m\u1ed9t d\u1ee5ng c\u1ee5 thi\u1ebft y\u1ebfu cho b\u1ea5t k\u1ef3 nh\u00e0 b\u1ebfp hi\u1ec7n \u0111\u1ea1i n\u00e0o.<\/p>\n<p>T\u1eeb kh\u00f3a: AMR618A, m\u00e1y xay sinh t\u1ed1, m\u00e1y xay sinh t\u1ed1 c\u1ed5 \u0111i\u1ec3n, m\u00e1y l\u00e0m sinh t\u1ed1, m\u00e1y xay sinh t\u1ed1 b\u00ecnh th\u1ec3 thao TRITAN, c\u1ed1i xay sinh t\u1ed1 1L, thi\u1ebft k\u1ebf m\u1ea1 cr\u00f4m, m\u00e1y xay sinh t\u1ed1 n\u00fat nh\u1ea5n, d\u1ec5 v\u1ec7 sinh.<\/p>","protected":false},"featured_media":3610,"template":"","meta":{"_uag_custom_page_level_css":"","site-sidebar-layout":"default","site-content-layout":"","ast-site-content-layout":"default","site-content-style":"default","site-sidebar-style":"default","ast-global-header-display":"","ast-banner-title-visibility":"","ast-main-header-display":"","ast-hfb-above-header-display":"","ast-hfb-below-header-display":"","ast-hfb-mobile-header-display":"","site-post-title":"","ast-breadcrumbs-content":"","ast-featured-img":"","footer-sml-layout":"","ast-disable-related-posts":"","theme-transparent-header-meta":"default","adv-header-id-meta":"","stick-header-meta":"default","header-above-stick-meta":"","header-main-stick-meta":"","header-below-stick-meta":"","astra-migrate-meta-layouts":"set","ast-page-background-enabled":"default","ast-page-background-meta":{"desktop":{"background-color":"","background-image":"","background-repeat":"repeat","background-position":"center center","background-size":"auto","background-attachment":"scroll","background-type":"","background-media":"","overlay-type":"","overlay-color":"","overlay-opacity":"","overlay-gradient":""},"tablet":{"background-color":"","background-image":"","background-repeat":"repeat","background-position":"center center","background-size":"auto","background-attachment":"scroll","background-type":"","background-media":"","overlay-type":"","overlay-color":"","overlay-opacity":"","overlay-gradient":""},"mobile":{"background-color":"","background-image":"","background-repeat":"repeat","background-position":"center center","background-size":"auto","background-attachment":"scroll","background-type":"","background-media":"","overlay-type":"","overlay-color":"","overlay-opacity":"","overlay-gradient":""}},"ast-content-background-meta":{"desktop":{"background-color":"var(--ast-global-color-5)","background-image":"","background-repeat":"repeat","background-position":"center center","background-size":"auto","background-attachment":"scroll","background-type":"","background-media":"","overlay-type":"","overlay-color":"","overlay-opacity":"","overlay-gradient":""},"tablet":{"background-color":"var(--ast-global-color-5)","background-image":"","background-repeat":"repeat","background-position":"center center","background-size":"auto","background-attachment":"scroll","background-type":"","background-media":"","overlay-type":"","overlay-color":"","overlay-opacity":"","overlay-gradient":""},"mobile":{"background-color":"var(--ast-global-color-5)","background-image":"","background-repeat":"repeat","background-position":"center center","background-size":"auto","background-attachment":"scroll","background-type":"","background-media":"","overlay-type":"","overlay-color":"","overlay-opacity":"","overlay-gradient":""}}},"product_brand":[],"product_cat":[41],"product_tag":[],"class_list":{"0":"post-3609","1":"product","2":"type-product","3":"status-publish","4":"has-post-thumbnail","6":"product_cat-13-personal-blender","7":"desktop-align-left","8":"tablet-align-left","9":"mobile-align-left","10":"ast-product-gallery-layout-horizontal-slider","11":"ast-product-gallery-with-no-image","12":"ast-product-tabs-layout-vertical","13":"ast-qv-on-image","15":"first","16":"instock","17":"shipping-taxable","18":"product-type-simple"},"uagb_featured_image_src":{"full":["https:\/\/anmir.com.cn\/wp-content\/uploads\/2025\/08\/AMR618A.jpg",800,800,false],"thumbnail":["https:\/\/anmir.com.cn\/wp-content\/uploads\/2025\/08\/AMR618A-150x150.jpg",150,150,true],"medium":["https:\/\/anmir.com.cn\/wp-content\/uploads\/2025\/08\/AMR618A-300x300.jpg",300,300,true],"medium_large":["https:\/\/anmir.com.cn\/wp-content\/uploads\/2025\/08\/AMR618A-768x768.jpg",768,768,true],"large":["https:\/\/anmir.com.cn\/wp-content\/uploads\/2025\/08\/AMR618A.jpg",800,800,false],"1536x1536":["https:\/\/anmir.com.cn\/wp-content\/uploads\/2025\/08\/AMR618A.jpg",800,800,false],"2048x2048":["https:\/\/anmir.com.cn\/wp-content\/uploads\/2025\/08\/AMR618A.jpg",800,800,false],"trp-custom-language-flag":["https:\/\/anmir.com.cn\/wp-content\/uploads\/2025\/08\/AMR618A-12x12.jpg",12,12,true],"woocommerce_thumbnail":["https:\/\/anmir.com.cn\/wp-content\/uploads\/2025\/08\/AMR618A-300x300.jpg",300,300,true],"woocommerce_single":["https:\/\/anmir.com.cn\/wp-content\/uploads\/2025\/08\/AMR618A-600x600.jpg",600,600,true],"woocommerce_gallery_thumbnail":["https:\/\/anmir.com.cn\/wp-content\/uploads\/2025\/08\/AMR618A-100x100.jpg",100,100,true]},"uagb_author_info":{"display_name":"daniel@anmir.com.cn","author_link":"https:\/\/anmir.com.cn\/vi\/author\/"},"uagb_comment_info":0,"uagb_excerpt":"AMR618A Blender \u2013 Retro Style, Powerful Performance, Everyday Convenience The AMR618A Blender combines timeless retro styling with modern blending performance, making it the perfect kitchen companion for smoothies, shakes, and more. Its chrome-plated decoration ring adds a touch of elegance, while the compact design ensures it fits seamlessly into any kitchen space. Equipped with a&hellip;","_links":{"self":[{"href":"https:\/\/anmir.com.cn\/vi\/wp-json\/wp\/v2\/product\/3609","targetHints":{"allow":["GET"]}}],"collection":[{"href":"https:\/\/anmir.com.cn\/vi\/wp-json\/wp\/v2\/product"}],"about":[{"href":"https:\/\/anmir.com.cn\/vi\/wp-json\/wp\/v2\/types\/product"}],"wp:featuredmedia":[{"embeddable":true,"href":"https:\/\/anmir.com.cn\/vi\/wp-json\/wp\/v2\/media\/3610"}],"wp:attachment":[{"href":"https:\/\/anmir.com.cn\/vi\/wp-json\/wp\/v2\/media?parent=3609"}],"wp:term":[{"taxonomy":"product_brand","embeddable":true,"href":"https:\/\/anmir.com.cn\/vi\/wp-json\/wp\/v2\/product_brand?post=3609"},{"taxonomy":"product_cat","embeddable":true,"href":"https:\/\/anmir.com.cn\/vi\/wp-json\/wp\/v2\/product_cat?post=3609"},{"taxonomy":"product_tag","embeddable":true,"href":"https:\/\/anmir.com.cn\/vi\/wp-json\/wp\/v2\/product_tag?post=3609"}],"curies":[{"name":"wp","href":"https:\/\/api.w.org\/{rel}","templated":true}]}}