{"id":3677,"date":"2025-11-11T17:31:46","date_gmt":"2025-11-11T09:31:46","guid":{"rendered":"https:\/\/anmir.com.cn\/?post_type=product&#038;p=3677"},"modified":"2025-11-11T17:31:46","modified_gmt":"2025-11-11T09:31:46","slug":"kc101c-k-cup","status":"publish","type":"product","link":"https:\/\/anmir.com.cn\/vi\/products\/01-coffee-maker-coffee-bean-grinder\/kc101c-k-cup\/","title":{"rendered":"C\u1ed1c KC101C-k"},"content":{"rendered":"<p>\u00b7Th\u00edch h\u1ee3p cho vi\u00ean nang K-Cup c\u1ee7a M\u1ef9, b\u1ed9t c\u00e0 ph\u00ea v\u00e0 tr\u00e0.<br \/>\n\u00b7B\u1ea3ng \u0111i\u1ec1u khi\u1ec3n IMD, \u0111i\u1ec1u khi\u1ec3n c\u1ea3m \u1ee9ng, c\u00f3 ch\u1ebf \u0111\u1ed9 c\u1ed1c nh\u1ecf, c\u1ed1c v\u1eeba, c\u1ed1c l\u1edbn. B\u00ecnh ch\u1ee9a n\u01b0\u1edbc trong su\u1ed1t di \u0111\u1ed9ng - Dung t\u00edch T\u1ed0I \u0110A 1,5L.<br \/>\n\u00b7Th\u1eddi gian ph\u1ea3n \u1ee9ng ki\u1ec3m so\u00e1t nhi\u1ec7t \u0111\u1ed9 NTC nh\u1ecf h\u01a1n 2 gi\u00e2y.<br \/>\n\u00b7Khay \u0111\u1ef1ng n\u01b0\u1edbc c\u00f3 th\u1ec3 di chuy\u1ec3n, ph\u00f9 h\u1ee3p v\u1edbi c\u1ed1c cao ho\u1eb7c c\u1ed1c th\u1ea5p \u0111\u1ec3 \u0111\u1ef1ng c\u00e0 ph\u00ea.<br \/>\n\u00b7S\u1eed d\u1ee5ng thanh gia nhi\u1ec7t lo\u1ea1i micro SUS304.<br \/>\n\u00b7\u0110\u1ed9 \u1ed3n khi pha c\u00e0 ph\u00ea nh\u1ecf h\u01a1n 60dB.<br \/>\n\u00b7T\u1ef1 \u0111\u1ed9ng ph\u00e1t hi\u1ec7n c\u1ea3nh b\u00e1o thi\u1ebfu n\u01b0\u1edbc v\u00e0 c\u1ea3nh b\u00e1o b\u1ea3o v\u1ec7 ch\u00e1y kh\u00f4 b\u1ea5t th\u01b0\u1eddng, ch\u1ee9c n\u0103ng t\u1ef1 \u0111\u1ed9ng t\u1eaft ngu\u1ed3n sau 1 ph\u00fat.<br \/>\n\u00b7C\u00f3 ch\u1ee9c n\u0103ng nh\u1eafc nh\u1edf t\u1ea9y c\u1eb7n.C\u00f3 ch\u1ee9c n\u0103ng c\u1ea5t gi\u1eef d\u00e2y \u0111i\u1ec7n.<\/p>","protected":false},"excerpt":{"rendered":"<p>\u00b7Th\u00edch h\u1ee3p cho vi\u00ean nang K-Cup c\u1ee7a M\u1ef9, b\u1ed9t c\u00e0 ph\u00ea v\u00e0 tr\u00e0.<br \/>\n\u00b7B\u1ea3ng \u0111i\u1ec1u khi\u1ec3n IMD, \u0111i\u1ec1u khi\u1ec3n c\u1ea3m \u1ee9ng, c\u00f3 ch\u1ebf \u0111\u1ed9 c\u1ed1c nh\u1ecf, c\u1ed1c v\u1eeba, c\u1ed1c l\u1edbn. B\u00ecnh ch\u1ee9a n\u01b0\u1edbc trong su\u1ed1t di \u0111\u1ed9ng - Dung t\u00edch T\u1ed0I \u0110A 1,5L.<br \/>\n\u00b7Th\u1eddi gian ph\u1ea3n \u1ee9ng ki\u1ec3m so\u00e1t nhi\u1ec7t \u0111\u1ed9 NTC nh\u1ecf h\u01a1n 2 gi\u00e2y.<br \/>\n\u00b7Khay \u0111\u1ef1ng n\u01b0\u1edbc c\u00f3 th\u1ec3 di chuy\u1ec3n, ph\u00f9 h\u1ee3p v\u1edbi c\u1ed1c cao ho\u1eb7c c\u1ed1c th\u1ea5p \u0111\u1ec3 \u0111\u1ef1ng c\u00e0 ph\u00ea.<br \/>\n\u00b7S\u1eed d\u1ee5ng thanh gia nhi\u1ec7t lo\u1ea1i micro SUS304.<br \/>\n\u00b7\u0110\u1ed9 \u1ed3n khi pha c\u00e0 ph\u00ea nh\u1ecf h\u01a1n 60dB.<br \/>\n\u00b7T\u1ef1 \u0111\u1ed9ng ph\u00e1t hi\u1ec7n c\u1ea3nh b\u00e1o thi\u1ebfu n\u01b0\u1edbc v\u00e0 c\u1ea3nh b\u00e1o b\u1ea3o v\u1ec7 ch\u00e1y kh\u00f4 b\u1ea5t th\u01b0\u1eddng, ch\u1ee9c n\u0103ng t\u1ef1 \u0111\u1ed9ng t\u1eaft ngu\u1ed3n sau 1 ph\u00fat.<br \/>\n\u00b7C\u00f3 ch\u1ee9c n\u0103ng nh\u1eafc nh\u1edf t\u1ea9y c\u1eb7n.C\u00f3 ch\u1ee9c n\u0103ng c\u1ea5t gi\u1eef d\u00e2y \u0111i\u1ec7n.<\/p>","protected":false},"featured_media":3678,"template":"","meta":{"_uag_custom_page_level_css":"","site-sidebar-layout":"default","site-content-layout":"","ast-site-content-layout":"default","site-content-style":"default","site-sidebar-style":"default","ast-global-header-display":"","ast-banner-title-visibility":"","ast-main-header-display":"","ast-hfb-above-header-display":"","ast-hfb-below-header-display":"","ast-hfb-mobile-header-display":"","site-post-title":"","ast-breadcrumbs-content":"","ast-featured-img":"","footer-sml-layout":"","ast-disable-related-posts":"","theme-transparent-header-meta":"default","adv-header-id-meta":"","stick-header-meta":"default","header-above-stick-meta":"","header-main-stick-meta":"","header-below-stick-meta":"","astra-migrate-meta-layouts":"set","ast-page-background-enabled":"default","ast-page-background-meta":{"desktop":{"background-color":"","background-image":"","background-repeat":"repeat","background-position":"center center","background-size":"auto","background-attachment":"scroll","background-type":"","background-media":"","overlay-type":"","overlay-color":"","overlay-opacity":"","overlay-gradient":""},"tablet":{"background-color":"","background-image":"","background-repeat":"repeat","background-position":"center center","background-size":"auto","background-attachment":"scroll","background-type":"","background-media":"","overlay-type":"","overlay-color":"","overlay-opacity":"","overlay-gradient":""},"mobile":{"background-color":"","background-image":"","background-repeat":"repeat","background-position":"center center","background-size":"auto","background-attachment":"scroll","background-type":"","background-media":"","overlay-type":"","overlay-color":"","overlay-opacity":"","overlay-gradient":""}},"ast-content-background-meta":{"desktop":{"background-color":"var(--ast-global-color-5)","background-image":"","background-repeat":"repeat","background-position":"center center","background-size":"auto","background-attachment":"scroll","background-type":"","background-media":"","overlay-type":"","overlay-color":"","overlay-opacity":"","overlay-gradient":""},"tablet":{"background-color":"var(--ast-global-color-5)","background-image":"","background-repeat":"repeat","background-position":"center center","background-size":"auto","background-attachment":"scroll","background-type":"","background-media":"","overlay-type":"","overlay-color":"","overlay-opacity":"","overlay-gradient":""},"mobile":{"background-color":"var(--ast-global-color-5)","background-image":"","background-repeat":"repeat","background-position":"center center","background-size":"auto","background-attachment":"scroll","background-type":"","background-media":"","overlay-type":"","overlay-color":"","overlay-opacity":"","overlay-gradient":""}}},"product_brand":[],"product_cat":[29],"product_tag":[],"class_list":{"0":"post-3677","1":"product","2":"type-product","3":"status-publish","4":"has-post-thumbnail","6":"product_cat-01-coffee-maker-coffee-bean-grinder","7":"desktop-align-left","8":"tablet-align-left","9":"mobile-align-left","10":"ast-product-gallery-layout-horizontal-slider","11":"ast-product-gallery-with-no-image","12":"ast-product-tabs-layout-vertical","13":"ast-qv-on-image","15":"first","16":"instock","17":"shipping-taxable","18":"product-type-simple"},"uagb_featured_image_src":{"full":["https:\/\/anmir.com.cn\/wp-content\/uploads\/2025\/11\/KC101C.jpg",800,800,false],"thumbnail":["https:\/\/anmir.com.cn\/wp-content\/uploads\/2025\/11\/KC101C-150x150.jpg",150,150,true],"medium":["https:\/\/anmir.com.cn\/wp-content\/uploads\/2025\/11\/KC101C-300x300.jpg",300,300,true],"medium_large":["https:\/\/anmir.com.cn\/wp-content\/uploads\/2025\/11\/KC101C-768x768.jpg",768,768,true],"large":["https:\/\/anmir.com.cn\/wp-content\/uploads\/2025\/11\/KC101C.jpg",800,800,false],"1536x1536":["https:\/\/anmir.com.cn\/wp-content\/uploads\/2025\/11\/KC101C.jpg",800,800,false],"2048x2048":["https:\/\/anmir.com.cn\/wp-content\/uploads\/2025\/11\/KC101C.jpg",800,800,false],"trp-custom-language-flag":["https:\/\/anmir.com.cn\/wp-content\/uploads\/2025\/11\/KC101C-12x12.jpg",12,12,true],"woocommerce_thumbnail":["https:\/\/anmir.com.cn\/wp-content\/uploads\/2025\/11\/KC101C-300x300.jpg",300,300,true],"woocommerce_single":["https:\/\/anmir.com.cn\/wp-content\/uploads\/2025\/11\/KC101C-600x600.jpg",600,600,true],"woocommerce_gallery_thumbnail":["https:\/\/anmir.com.cn\/wp-content\/uploads\/2025\/11\/KC101C-100x100.jpg",100,100,true]},"uagb_author_info":{"display_name":"daniel@anmir.com.cn","author_link":"https:\/\/anmir.com.cn\/vi\/author\/"},"uagb_comment_info":0,"uagb_excerpt":"\u00b7Suitable for American K-Cup capsule,coffee powder and tea. \u00b7IMD operation panel,touch control,with small cup,medium cup,large cup mode.Portable transparent water tank -MAX-capacity 1.5L. \u00b7NTC temperature control reaction time is less than 2s. \u00b7The water tray can be moved,suitable for high or low cup to receive coffee. \u00b7The use of micro SUS304 heat type heating element. \u00b7Coffee&hellip;","_links":{"self":[{"href":"https:\/\/anmir.com.cn\/vi\/wp-json\/wp\/v2\/product\/3677","targetHints":{"allow":["GET"]}}],"collection":[{"href":"https:\/\/anmir.com.cn\/vi\/wp-json\/wp\/v2\/product"}],"about":[{"href":"https:\/\/anmir.com.cn\/vi\/wp-json\/wp\/v2\/types\/product"}],"wp:featuredmedia":[{"embeddable":true,"href":"https:\/\/anmir.com.cn\/vi\/wp-json\/wp\/v2\/media\/3678"}],"wp:attachment":[{"href":"https:\/\/anmir.com.cn\/vi\/wp-json\/wp\/v2\/media?parent=3677"}],"wp:term":[{"taxonomy":"product_brand","embeddable":true,"href":"https:\/\/anmir.com.cn\/vi\/wp-json\/wp\/v2\/product_brand?post=3677"},{"taxonomy":"product_cat","embeddable":true,"href":"https:\/\/anmir.com.cn\/vi\/wp-json\/wp\/v2\/product_cat?post=3677"},{"taxonomy":"product_tag","embeddable":true,"href":"https:\/\/anmir.com.cn\/vi\/wp-json\/wp\/v2\/product_tag?post=3677"}],"curies":[{"name":"wp","href":"https:\/\/api.w.org\/{rel}","templated":true}]}}